{"id":40950,"date":"2024-08-22T22:58:51","date_gmt":"2024-08-22T20:58:51","guid":{"rendered":"https:\/\/schoenstatt.com\/em-missao\/juventude\/schoenstatt-em-saida\/"},"modified":"2025-05-29T18:12:57","modified_gmt":"2025-05-29T16:12:57","slug":"schoenstatt-em-saida","status":"publish","type":"page","link":"https:\/\/schoenstatt.com\/pt-pt\/em-missao\/juventude\/schoenstatt-em-saida\/","title":{"rendered":"Schoenstatt em sa\u00edda"},"content":{"rendered":"\t\t<div data-elementor-type=\"wp-page\" data-elementor-id=\"40950\" class=\"elementor elementor-40950 elementor-40703\" data-elementor-post-type=\"page\">\n\t\t\t\t<div class=\"elementor-element elementor-element-3828dbe e-flex e-con-boxed e-con e-parent\" data-id=\"3828dbe\" data-element_type=\"container\" data-e-type=\"container\" data-settings=\"{&quot;background_background&quot;:&quot;classic&quot;}\">\n\t\t\t\t\t<div class=\"e-con-inner\">\n\t\t<div class=\"elementor-element elementor-element-2f97c65 e-flex e-con-boxed e-con e-child\" data-id=\"2f97c65\" data-element_type=\"container\" data-e-type=\"container\">\n\t\t\t\t\t<div class=\"e-con-inner\">\n\t\t\t\t<div class=\"elementor-element elementor-element-1a50261 elementor-widget elementor-widget-heading\" data-id=\"1a50261\" data-element_type=\"widget\" data-e-type=\"widget\" data-widget_type=\"heading.default\">\n\t\t\t\t<div class=\"elementor-widget-container\">\n\t\t\t\t\t<h1 class=\"elementor-heading-title elementor-size-default\">Schoenstatt em sa\u00edda<\/h1>\t\t\t\t<\/div>\n\t\t\t\t<\/div>\n\t\t\t\t\t<\/div>\n\t\t\t\t<\/div>\n\t\t\t\t\t<\/div>\n\t\t\t\t<\/div>\n\t\t<div class=\"elementor-element elementor-element-383e157 e-flex e-con-boxed e-con e-parent\" data-id=\"383e157\" data-element_type=\"container\" data-e-type=\"container\">\n\t\t\t\t\t<div class=\"e-con-inner\">\n\t\t<div class=\"elementor-element elementor-element-2cb54ca e-con-full e-flex e-con e-child\" data-id=\"2cb54ca\" data-element_type=\"container\" data-e-type=\"container\">\n\t\t<div class=\"elementor-element elementor-element-37254ca e-con-full e-flex e-con e-child\" data-id=\"37254ca\" data-element_type=\"container\" data-e-type=\"container\">\n\t\t\t\t<div class=\"elementor-element elementor-element-228e427 elementor-widget elementor-widget-image\" data-id=\"228e427\" data-element_type=\"widget\" data-e-type=\"widget\" data-widget_type=\"image.default\">\n\t\t\t\t<div class=\"elementor-widget-container\">\n\t\t\t\t\t\t\t\t\t\t\t\t\t\t\t<img fetchpriority=\"high\" decoding=\"async\" width=\"1600\" height=\"1200\" src=\"https:\/\/schoenstatt.com\/wp-content\/uploads\/2024\/08\/projecto-schoenstatt-en-salida-ecuador-3-1.jpg\" class=\"attachment-large size-large wp-image-58748\" alt=\"\" srcset=\"https:\/\/schoenstatt.com\/wp-content\/uploads\/2024\/08\/projecto-schoenstatt-en-salida-ecuador-3-1.jpg 1600w, https:\/\/schoenstatt.com\/wp-content\/uploads\/2024\/08\/projecto-schoenstatt-en-salida-ecuador-3-1-768x576.jpg 768w, https:\/\/schoenstatt.com\/wp-content\/uploads\/2024\/08\/projecto-schoenstatt-en-salida-ecuador-3-1-1536x1152.jpg 1536w\" sizes=\"(max-width: 1600px) 100vw, 1600px\" \/>\t\t\t\t\t\t\t\t\t\t\t\t\t\t\t<\/div>\n\t\t\t\t<\/div>\n\t\t\t\t<\/div>\n\t\t<div class=\"elementor-element elementor-element-21d2ca6 e-con-full e-flex e-con e-child\" data-id=\"21d2ca6\" data-element_type=\"container\" data-e-type=\"container\">\n\t\t\t\t<div class=\"elementor-element elementor-element-0a8c3e1 elementor-widget elementor-widget-heading\" data-id=\"0a8c3e1\" data-element_type=\"widget\" data-e-type=\"widget\" data-widget_type=\"heading.default\">\n\t\t\t\t<div class=\"elementor-widget-container\">\n\t\t\t\t\t<h2 class=\"elementor-heading-title elementor-size-default\">Schoenstatt em sa\u00edda<\/h2>\t\t\t\t<\/div>\n\t\t\t\t<\/div>\n\t\t\t\t<div class=\"elementor-element elementor-element-1405459 elementor-widget elementor-widget-text-editor\" data-id=\"1405459\" data-element_type=\"widget\" data-e-type=\"widget\" data-widget_type=\"text-editor.default\">\n\t\t\t\t<div class=\"elementor-widget-container\">\n\t\t\t\t\t\t\t\t\t<p>o apostolado da Alian\u00e7a de Amor<\/p>\t\t\t\t\t\t\t\t<\/div>\n\t\t\t\t<\/div>\n\t\t\t\t<div class=\"elementor-element elementor-element-10636a7 elementor-widget elementor-widget-text-editor\" data-id=\"10636a7\" data-element_type=\"widget\" data-e-type=\"widget\" data-widget_type=\"text-editor.default\">\n\t\t\t\t<div class=\"elementor-widget-container\">\n\t\t\t\t\t\t\t\t\t<p>Este apostolado nasceu na Liga das M\u00e3es, em Guayaquil, Equador, com a ajuda das gra\u00e7as recebidas no jubileu dos 100 anos de Schoenstatt. Uma de nossas integrantes tamb\u00e9m \u00e9 membro de uma Sociedade Beneficente de Senhoras, que tem sete escolas sob sua administra\u00e7\u00e3o. <\/p><p>O nome do nosso grupo na Liga de M\u00e3es \u00e9 \u201cCom Maria, peregrinos fi\u00e9is, rumo ao c\u00e9u\u201d. No Ramo de Fam\u00edlias, nosso nome de grupo \u00e9: \u201cCom Maria, peregrinos fi\u00e9is, como fam\u00edlia, rumo ao c\u00e9u\u201d. <\/p><p>Atualmente, somos 22 participantes deste apostolado e a oficina sobre a Alian\u00e7a de Amor \u00e9 realizada pelas senhoras respons\u00e1veis das sete escolas da Sociedade Beneficente de Guayaquil.<\/p><p>Todas n\u00f3s trabalhamos como volunt\u00e1rias e financiamos tudo com doa\u00e7\u00f5es de cada uma do grupo. <\/p>\t\t\t\t\t\t\t\t<\/div>\n\t\t\t\t<\/div>\n\t\t\t\t<\/div>\n\t\t\t\t<\/div>\n\t\t\t\t\t<\/div>\n\t\t\t\t<\/div>\n\t\t<div class=\"elementor-element elementor-element-50ec533 e-flex e-con-boxed e-con e-parent\" data-id=\"50ec533\" data-element_type=\"container\" data-e-type=\"container\">\n\t\t\t\t\t<div class=\"e-con-inner\">\n\t\t<div class=\"elementor-element elementor-element-77bdd07 e-con-full e-flex e-con e-child\" data-id=\"77bdd07\" data-element_type=\"container\" data-e-type=\"container\">\n\t\t<div class=\"elementor-element elementor-element-15872fa e-con-full e-flex e-con e-child\" data-id=\"15872fa\" data-element_type=\"container\" data-e-type=\"container\">\n\t\t\t\t<div class=\"elementor-element elementor-element-3fd9699 elementor-widget elementor-widget-text-editor\" data-id=\"3fd9699\" data-element_type=\"widget\" data-e-type=\"widget\" data-widget_type=\"text-editor.default\">\n\t\t\t\t<div class=\"elementor-widget-container\">\n\t\t\t\t\t\t\t\t\t<p>Tudo come\u00e7ou quando uma senhora do grupo de mulheres nos disse que queria unir muitos cora\u00e7\u00f5es ao que havia de especial em seu pr\u00f3prio. Assim, ela nos deu a ideia de dar esses workshops sobre a Alian\u00e7a de Amor aos jovens das escolas, e todos n\u00f3s aceitamos com alegria. <\/p><p>Como experi\u00eancia anterior, j\u00e1 est\u00e1vamos preparando algumas de nossas pr\u00f3prias equipes de servi\u00e7o com essas oficinas, com pessoas que trabalham em nossas casas, com nossas fam\u00edlias e amigos. Uma vez abertas as portas para esta oportunidade, no ano de 2014, pudemos preparar 600 estudantes do 10\u00ba ano (equivalente ao 1\u00ba ano do Ensino M\u00e9dio brasileiro) para a Alian\u00e7a de Amor.<\/p><p>Passaram-se seis anos desde que pudemos levar a Alian\u00e7a de Amor a esses jovens e a resposta deles \u00e9 incr\u00edvel! Vemos isso como uma b\u00ean\u00e7\u00e3o de Deus e como um desejo da M\u00e3e de Deus. Cada ano, podemos preparar entre 500 e 600 estudantes para selar a Alian\u00e7a de Amor.   <\/p>\t\t\t\t\t\t\t\t<\/div>\n\t\t\t\t<\/div>\n\t\t\t\t<\/div>\n\t\t<div class=\"elementor-element elementor-element-3939443 e-con-full e-flex e-con e-child\" data-id=\"3939443\" data-element_type=\"container\" data-e-type=\"container\">\n\t\t\t\t<div class=\"elementor-element elementor-element-ff1d9f6 elementor-widget elementor-widget-image\" data-id=\"ff1d9f6\" data-element_type=\"widget\" data-e-type=\"widget\" data-widget_type=\"image.default\">\n\t\t\t\t<div class=\"elementor-widget-container\">\n\t\t\t\t\t\t\t\t\t\t\t\t\t\t\t<img decoding=\"async\" width=\"1190\" height=\"697\" src=\"https:\/\/schoenstatt.com\/wp-content\/uploads\/2024\/08\/projecto-schoenstatt-en-salida-ecuador-4-1.jpg\" class=\"attachment-large size-large wp-image-58749\" alt=\"\" srcset=\"https:\/\/schoenstatt.com\/wp-content\/uploads\/2024\/08\/projecto-schoenstatt-en-salida-ecuador-4-1.jpg 1190w, https:\/\/schoenstatt.com\/wp-content\/uploads\/2024\/08\/projecto-schoenstatt-en-salida-ecuador-4-1-768x450.jpg 768w\" sizes=\"(max-width: 1190px) 100vw, 1190px\" \/>\t\t\t\t\t\t\t\t\t\t\t\t\t\t\t<\/div>\n\t\t\t\t<\/div>\n\t\t\t\t<\/div>\n\t\t\t\t<\/div>\n\t\t\t\t\t<\/div>\n\t\t\t\t<\/div>\n\t\t<div class=\"elementor-element elementor-element-abe58a2 e-flex e-con-boxed e-con e-parent\" data-id=\"abe58a2\" data-element_type=\"container\" data-e-type=\"container\">\n\t\t\t\t\t<div class=\"e-con-inner\">\n\t\t<div class=\"elementor-element elementor-element-d741fcd e-con-full e-flex e-con e-child\" data-id=\"d741fcd\" data-element_type=\"container\" data-e-type=\"container\">\n\t\t<div class=\"elementor-element elementor-element-b4de01c e-con-full e-flex e-con e-child\" data-id=\"b4de01c\" data-element_type=\"container\" data-e-type=\"container\">\n\t\t\t\t<div class=\"elementor-element elementor-element-6e6f2ec elementor-widget elementor-widget-image\" data-id=\"6e6f2ec\" data-element_type=\"widget\" data-e-type=\"widget\" data-widget_type=\"image.default\">\n\t\t\t\t<div class=\"elementor-widget-container\">\n\t\t\t\t\t\t\t\t\t\t\t\t\t\t\t<img decoding=\"async\" width=\"768\" height=\"858\" src=\"https:\/\/schoenstatt.com\/wp-content\/uploads\/2024\/08\/projecto-schoenstatt-en-salida-ecuador-5-1-768x858.jpg\" class=\"attachment-medium_large size-medium_large wp-image-58750\" alt=\"\" srcset=\"https:\/\/schoenstatt.com\/wp-content\/uploads\/2024\/08\/projecto-schoenstatt-en-salida-ecuador-5-1-768x858.jpg 768w, https:\/\/schoenstatt.com\/wp-content\/uploads\/2024\/08\/projecto-schoenstatt-en-salida-ecuador-5-1.jpg 1200w\" sizes=\"(max-width: 768px) 100vw, 768px\" \/>\t\t\t\t\t\t\t\t\t\t\t\t\t\t\t<\/div>\n\t\t\t\t<\/div>\n\t\t\t\t<\/div>\n\t\t<div class=\"elementor-element elementor-element-ee09612 e-con-full e-flex e-con e-child\" data-id=\"ee09612\" data-element_type=\"container\" data-e-type=\"container\">\n\t\t\t\t<div class=\"elementor-element elementor-element-bffcfd0 elementor-widget elementor-widget-text-editor\" data-id=\"bffcfd0\" data-element_type=\"widget\" data-e-type=\"widget\" data-widget_type=\"text-editor.default\">\n\t\t\t\t<div class=\"elementor-widget-container\">\n\t\t\t\t\t\t\t\t\t<p>Durante esses workshops, trabalhamos arduamente para criar uma bela atmosfera, trazendo conosco fotos da MTA, do Padre Kentenich, do Santu\u00e1rio, da Cruz da Unidade, de uma vela, flores, apresenta\u00e7\u00f5es em slides, um lanche, etc.<\/p><p>Desde o come\u00e7o, quando vamos \u00e0 escola e damos nossa primeira palestra, at\u00e9 o dia de sua Alian\u00e7a de Amor, esses alunos se emocionam com o que aprendem. Voc\u00ea pode sentir o amor da M\u00e3e de Deus vivo em seus cora\u00e7\u00f5es. Muitos se identificam com o Padre Kentenich e muitas vezes se emocionam com l\u00e1grimas quando t\u00eam a oportunidade de escrever sua carta \u00e0 M\u00e3e de Deus.   <\/p><p>O dia da Alian\u00e7a de Amor \u00e9 cheio de alegria e a Santa Missa em que se realiza o rito \u00e9 um momento em que muitos ficam especialmente comovidos. <br>Muitos Padres de Schoenstatt e Irm\u00e3s de Maria est\u00e3o muito felizes com o resultado e concordam que esta \u00e9 a vontade de Deus.<\/p><p>Unidos pelo amor \u00e0 nossa M\u00e3e de Deus e \u00e0 miss\u00e3o que nos foi dada pelo nosso Pai e Fundador. <\/p><p><strong>\u201cMaria sinal de luz, sinal de luta, sinal de vit\u00f3ria!\u201d<\/strong> PJK<\/p>\t\t\t\t\t\t\t\t<\/div>\n\t\t\t\t<\/div>\n\t\t\t\t<\/div>\n\t\t\t\t<\/div>\n\t\t\t\t\t<\/div>\n\t\t\t\t<\/div>\n\t\t\t\t<\/div>\n\t\t","protected":false},"excerpt":{"rendered":"<p>Schoenstatt em sa\u00edda Schoenstatt em sa\u00edda o apostolado da Alian\u00e7a de Amor Este apostolado nasceu na Liga das M\u00e3es, em Guayaquil, Equador, com a ajuda das gra\u00e7as recebidas no jubileu dos 100 anos de Schoenstatt. Uma de nossas integrantes tamb\u00e9m \u00e9 membro de uma Sociedade Beneficente de Senhoras, que tem sete escolas sob sua administra\u00e7\u00e3o. [&hellip;]<\/p>\n","protected":false},"author":3,"featured_media":0,"parent":40949,"menu_order":0,"comment_status":"closed","ping_status":"closed","template":"","meta":{"footnotes":""},"class_list":["post-40950","page","type-page","status-publish","hentry"],"yoast_head":"<!-- This site is optimized with the Yoast SEO Premium plugin v27.4 (Yoast SEO v27.4) - https:\/\/yoast.com\/product\/yoast-seo-premium-wordpress\/ -->\n<title>Schoenstatt em sa\u00edda - Schoenstatt<\/title>\n<meta name=\"robots\" content=\"index, follow, max-snippet:-1, max-image-preview:large, max-video-preview:-1\" \/>\n<link rel=\"canonical\" href=\"https:\/\/schoenstatt.com\/pt-pt\/em-missao\/juventude\/schoenstatt-em-saida\/\" \/>\n<meta property=\"og:locale\" content=\"pt_PT\" \/>\n<meta property=\"og:type\" content=\"article\" \/>\n<meta property=\"og:title\" content=\"Schoenstatt em sa\u00edda\" \/>\n<meta property=\"og:description\" content=\"Schoenstatt em sa\u00edda Schoenstatt em sa\u00edda o apostolado da Alian\u00e7a de Amor Este apostolado nasceu na Liga das M\u00e3es, em Guayaquil, Equador, com a ajuda das gra\u00e7as recebidas no jubileu dos 100 anos de Schoenstatt. Uma de nossas integrantes tamb\u00e9m \u00e9 membro de uma Sociedade Beneficente de Senhoras, que tem sete escolas sob sua administra\u00e7\u00e3o. [&hellip;]\" \/>\n<meta property=\"og:url\" content=\"https:\/\/schoenstatt.com\/pt-pt\/em-missao\/juventude\/schoenstatt-em-saida\/\" \/>\n<meta property=\"og:site_name\" content=\"Schoenstatt\" \/>\n<meta property=\"article:modified_time\" content=\"2025-05-29T16:12:57+00:00\" \/>\n<meta property=\"og:image\" content=\"https:\/\/schoenstatt.com\/wp-content\/uploads\/2024\/08\/projecto-schoenstatt-en-salida-ecuador-3-1.jpg\" \/>\n\t<meta property=\"og:image:width\" content=\"1600\" \/>\n\t<meta property=\"og:image:height\" content=\"1200\" \/>\n\t<meta property=\"og:image:type\" content=\"image\/jpeg\" \/>\n<meta name=\"twitter:card\" content=\"summary_large_image\" \/>\n<meta name=\"twitter:label1\" content=\"Tempo estimado de leitura\" \/>\n\t<meta name=\"twitter:data1\" content=\"3 minutos\" \/>\n<script type=\"application\/ld+json\" class=\"yoast-schema-graph\">{\"@context\":\"https:\\\/\\\/schema.org\",\"@graph\":[{\"@type\":\"WebPage\",\"@id\":\"https:\\\/\\\/schoenstatt.com\\\/pt-pt\\\/em-missao\\\/juventude\\\/schoenstatt-em-saida\\\/\",\"url\":\"https:\\\/\\\/schoenstatt.com\\\/pt-pt\\\/em-missao\\\/juventude\\\/schoenstatt-em-saida\\\/\",\"name\":\"Schoenstatt em sa\u00edda - Schoenstatt\",\"isPartOf\":{\"@id\":\"https:\\\/\\\/schoenstatt.com\\\/pt-pt\\\/#website\"},\"primaryImageOfPage\":{\"@id\":\"https:\\\/\\\/schoenstatt.com\\\/pt-pt\\\/em-missao\\\/juventude\\\/schoenstatt-em-saida\\\/#primaryimage\"},\"image\":{\"@id\":\"https:\\\/\\\/schoenstatt.com\\\/pt-pt\\\/em-missao\\\/juventude\\\/schoenstatt-em-saida\\\/#primaryimage\"},\"thumbnailUrl\":\"https:\\\/\\\/schoenstatt.com\\\/wp-content\\\/uploads\\\/2024\\\/08\\\/projecto-schoenstatt-en-salida-ecuador-3-1.jpg\",\"datePublished\":\"2024-08-22T20:58:51+00:00\",\"dateModified\":\"2025-05-29T16:12:57+00:00\",\"breadcrumb\":{\"@id\":\"https:\\\/\\\/schoenstatt.com\\\/pt-pt\\\/em-missao\\\/juventude\\\/schoenstatt-em-saida\\\/#breadcrumb\"},\"inLanguage\":\"pt-PT\",\"potentialAction\":[{\"@type\":\"ReadAction\",\"target\":[\"https:\\\/\\\/schoenstatt.com\\\/pt-pt\\\/em-missao\\\/juventude\\\/schoenstatt-em-saida\\\/\"]}]},{\"@type\":\"ImageObject\",\"inLanguage\":\"pt-PT\",\"@id\":\"https:\\\/\\\/schoenstatt.com\\\/pt-pt\\\/em-missao\\\/juventude\\\/schoenstatt-em-saida\\\/#primaryimage\",\"url\":\"https:\\\/\\\/schoenstatt.com\\\/wp-content\\\/uploads\\\/2024\\\/08\\\/projecto-schoenstatt-en-salida-ecuador-3-1.jpg\",\"contentUrl\":\"https:\\\/\\\/schoenstatt.com\\\/wp-content\\\/uploads\\\/2024\\\/08\\\/projecto-schoenstatt-en-salida-ecuador-3-1.jpg\"},{\"@type\":\"BreadcrumbList\",\"@id\":\"https:\\\/\\\/schoenstatt.com\\\/pt-pt\\\/em-missao\\\/juventude\\\/schoenstatt-em-saida\\\/#breadcrumb\",\"itemListElement\":[{\"@type\":\"ListItem\",\"position\":1,\"name\":\"Portada\",\"item\":\"https:\\\/\\\/schoenstatt.com\\\/pt-pt\\\/home\\\/\"},{\"@type\":\"ListItem\",\"position\":2,\"name\":\"Em miss\u00e3o\",\"item\":\"https:\\\/\\\/schoenstatt.com\\\/pt-pt\\\/in-mission\\\/\"},{\"@type\":\"ListItem\",\"position\":3,\"name\":\"Juventude\",\"item\":\"https:\\\/\\\/schoenstatt.com\\\/pt-pt\\\/em-missao\\\/juventude\\\/\"},{\"@type\":\"ListItem\",\"position\":4,\"name\":\"Schoenstatt em sa\u00edda\"}]},{\"@type\":\"WebSite\",\"@id\":\"https:\\\/\\\/schoenstatt.com\\\/pt-pt\\\/#website\",\"url\":\"https:\\\/\\\/schoenstatt.com\\\/pt-pt\\\/\",\"name\":\"Schoenstatt\",\"description\":\"Apostolic Movement\",\"publisher\":{\"@id\":\"https:\\\/\\\/schoenstatt.com\\\/pt-pt\\\/#organization\"},\"potentialAction\":[{\"@type\":\"SearchAction\",\"target\":{\"@type\":\"EntryPoint\",\"urlTemplate\":\"https:\\\/\\\/schoenstatt.com\\\/pt-pt\\\/?s={search_term_string}\"},\"query-input\":{\"@type\":\"PropertyValueSpecification\",\"valueRequired\":true,\"valueName\":\"search_term_string\"}}],\"inLanguage\":\"pt-PT\"},{\"@type\":\"Organization\",\"@id\":\"https:\\\/\\\/schoenstatt.com\\\/pt-pt\\\/#organization\",\"name\":\"Schoenstatt\",\"url\":\"https:\\\/\\\/schoenstatt.com\\\/pt-pt\\\/\",\"logo\":{\"@type\":\"ImageObject\",\"inLanguage\":\"pt-PT\",\"@id\":\"https:\\\/\\\/schoenstatt.com\\\/pt-pt\\\/#\\\/schema\\\/logo\\\/image\\\/\",\"url\":\"https:\\\/\\\/schoenstatt.com\\\/wp-content\\\/uploads\\\/2025\\\/04\\\/logo-schoenstatt-white-696x696-1.png\",\"contentUrl\":\"https:\\\/\\\/schoenstatt.com\\\/wp-content\\\/uploads\\\/2025\\\/04\\\/logo-schoenstatt-white-696x696-1.png\",\"width\":696,\"height\":694,\"caption\":\"Schoenstatt\"},\"image\":{\"@id\":\"https:\\\/\\\/schoenstatt.com\\\/pt-pt\\\/#\\\/schema\\\/logo\\\/image\\\/\"}}]}<\/script>\n<!-- \/ Yoast SEO Premium plugin. -->","yoast_head_json":{"title":"Schoenstatt em sa\u00edda - Schoenstatt","robots":{"index":"index","follow":"follow","max-snippet":"max-snippet:-1","max-image-preview":"max-image-preview:large","max-video-preview":"max-video-preview:-1"},"canonical":"https:\/\/schoenstatt.com\/pt-pt\/em-missao\/juventude\/schoenstatt-em-saida\/","og_locale":"pt_PT","og_type":"article","og_title":"Schoenstatt em sa\u00edda","og_description":"Schoenstatt em sa\u00edda Schoenstatt em sa\u00edda o apostolado da Alian\u00e7a de Amor Este apostolado nasceu na Liga das M\u00e3es, em Guayaquil, Equador, com a ajuda das gra\u00e7as recebidas no jubileu dos 100 anos de Schoenstatt. Uma de nossas integrantes tamb\u00e9m \u00e9 membro de uma Sociedade Beneficente de Senhoras, que tem sete escolas sob sua administra\u00e7\u00e3o. [&hellip;]","og_url":"https:\/\/schoenstatt.com\/pt-pt\/em-missao\/juventude\/schoenstatt-em-saida\/","og_site_name":"Schoenstatt","article_modified_time":"2025-05-29T16:12:57+00:00","og_image":[{"width":1600,"height":1200,"url":"https:\/\/schoenstatt.com\/wp-content\/uploads\/2024\/08\/projecto-schoenstatt-en-salida-ecuador-3-1.jpg","type":"image\/jpeg"}],"twitter_card":"summary_large_image","twitter_misc":{"Tempo estimado de leitura":"3 minutos"},"schema":{"@context":"https:\/\/schema.org","@graph":[{"@type":"WebPage","@id":"https:\/\/schoenstatt.com\/pt-pt\/em-missao\/juventude\/schoenstatt-em-saida\/","url":"https:\/\/schoenstatt.com\/pt-pt\/em-missao\/juventude\/schoenstatt-em-saida\/","name":"Schoenstatt em sa\u00edda - Schoenstatt","isPartOf":{"@id":"https:\/\/schoenstatt.com\/pt-pt\/#website"},"primaryImageOfPage":{"@id":"https:\/\/schoenstatt.com\/pt-pt\/em-missao\/juventude\/schoenstatt-em-saida\/#primaryimage"},"image":{"@id":"https:\/\/schoenstatt.com\/pt-pt\/em-missao\/juventude\/schoenstatt-em-saida\/#primaryimage"},"thumbnailUrl":"https:\/\/schoenstatt.com\/wp-content\/uploads\/2024\/08\/projecto-schoenstatt-en-salida-ecuador-3-1.jpg","datePublished":"2024-08-22T20:58:51+00:00","dateModified":"2025-05-29T16:12:57+00:00","breadcrumb":{"@id":"https:\/\/schoenstatt.com\/pt-pt\/em-missao\/juventude\/schoenstatt-em-saida\/#breadcrumb"},"inLanguage":"pt-PT","potentialAction":[{"@type":"ReadAction","target":["https:\/\/schoenstatt.com\/pt-pt\/em-missao\/juventude\/schoenstatt-em-saida\/"]}]},{"@type":"ImageObject","inLanguage":"pt-PT","@id":"https:\/\/schoenstatt.com\/pt-pt\/em-missao\/juventude\/schoenstatt-em-saida\/#primaryimage","url":"https:\/\/schoenstatt.com\/wp-content\/uploads\/2024\/08\/projecto-schoenstatt-en-salida-ecuador-3-1.jpg","contentUrl":"https:\/\/schoenstatt.com\/wp-content\/uploads\/2024\/08\/projecto-schoenstatt-en-salida-ecuador-3-1.jpg"},{"@type":"BreadcrumbList","@id":"https:\/\/schoenstatt.com\/pt-pt\/em-missao\/juventude\/schoenstatt-em-saida\/#breadcrumb","itemListElement":[{"@type":"ListItem","position":1,"name":"Portada","item":"https:\/\/schoenstatt.com\/pt-pt\/home\/"},{"@type":"ListItem","position":2,"name":"Em miss\u00e3o","item":"https:\/\/schoenstatt.com\/pt-pt\/in-mission\/"},{"@type":"ListItem","position":3,"name":"Juventude","item":"https:\/\/schoenstatt.com\/pt-pt\/em-missao\/juventude\/"},{"@type":"ListItem","position":4,"name":"Schoenstatt em sa\u00edda"}]},{"@type":"WebSite","@id":"https:\/\/schoenstatt.com\/pt-pt\/#website","url":"https:\/\/schoenstatt.com\/pt-pt\/","name":"Schoenstatt","description":"Apostolic Movement","publisher":{"@id":"https:\/\/schoenstatt.com\/pt-pt\/#organization"},"potentialAction":[{"@type":"SearchAction","target":{"@type":"EntryPoint","urlTemplate":"https:\/\/schoenstatt.com\/pt-pt\/?s={search_term_string}"},"query-input":{"@type":"PropertyValueSpecification","valueRequired":true,"valueName":"search_term_string"}}],"inLanguage":"pt-PT"},{"@type":"Organization","@id":"https:\/\/schoenstatt.com\/pt-pt\/#organization","name":"Schoenstatt","url":"https:\/\/schoenstatt.com\/pt-pt\/","logo":{"@type":"ImageObject","inLanguage":"pt-PT","@id":"https:\/\/schoenstatt.com\/pt-pt\/#\/schema\/logo\/image\/","url":"https:\/\/schoenstatt.com\/wp-content\/uploads\/2025\/04\/logo-schoenstatt-white-696x696-1.png","contentUrl":"https:\/\/schoenstatt.com\/wp-content\/uploads\/2025\/04\/logo-schoenstatt-white-696x696-1.png","width":696,"height":694,"caption":"Schoenstatt"},"image":{"@id":"https:\/\/schoenstatt.com\/pt-pt\/#\/schema\/logo\/image\/"}}]}},"_links":{"self":[{"href":"https:\/\/schoenstatt.com\/pt-pt\/wp-json\/wp\/v2\/pages\/40950","targetHints":{"allow":["GET"]}}],"collection":[{"href":"https:\/\/schoenstatt.com\/pt-pt\/wp-json\/wp\/v2\/pages"}],"about":[{"href":"https:\/\/schoenstatt.com\/pt-pt\/wp-json\/wp\/v2\/types\/page"}],"author":[{"embeddable":true,"href":"https:\/\/schoenstatt.com\/pt-pt\/wp-json\/wp\/v2\/users\/3"}],"replies":[{"embeddable":true,"href":"https:\/\/schoenstatt.com\/pt-pt\/wp-json\/wp\/v2\/comments?post=40950"}],"version-history":[{"count":2,"href":"https:\/\/schoenstatt.com\/pt-pt\/wp-json\/wp\/v2\/pages\/40950\/revisions"}],"predecessor-version":[{"id":58751,"href":"https:\/\/schoenstatt.com\/pt-pt\/wp-json\/wp\/v2\/pages\/40950\/revisions\/58751"}],"up":[{"embeddable":true,"href":"https:\/\/schoenstatt.com\/pt-pt\/wp-json\/wp\/v2\/pages\/40949"}],"wp:attachment":[{"href":"https:\/\/schoenstatt.com\/pt-pt\/wp-json\/wp\/v2\/media?parent=40950"}],"curies":[{"name":"wp","href":"https:\/\/api.w.org\/{rel}","templated":true}]}}