{"id":40197,"date":"2024-06-29T22:21:30","date_gmt":"2024-06-29T20:21:30","guid":{"rendered":"https:\/\/schoenstatt.com\/?page_id=40197"},"modified":"2025-05-28T02:07:28","modified_gmt":"2025-05-28T00:07:28","slug":"universidade-st-augustine","status":"publish","type":"page","link":"https:\/\/schoenstatt.com\/pt-pt\/em-missao\/educacao\/universidade-st-augustine\/","title":{"rendered":"Universidade St. Augustine"},"content":{"rendered":"\t\t<div data-elementor-type=\"wp-page\" data-elementor-id=\"40197\" class=\"elementor elementor-40197 elementor-39247\" data-elementor-post-type=\"page\">\n\t\t\t\t<div class=\"elementor-element elementor-element-47d81a22 e-flex e-con-boxed e-con e-parent\" data-id=\"47d81a22\" data-element_type=\"container\" data-e-type=\"container\" data-settings=\"{&quot;background_background&quot;:&quot;classic&quot;}\">\n\t\t\t\t\t<div class=\"e-con-inner\">\n\t\t<div class=\"elementor-element elementor-element-2d47b2b e-flex e-con-boxed e-con e-child\" data-id=\"2d47b2b\" data-element_type=\"container\" data-e-type=\"container\">\n\t\t\t\t\t<div class=\"e-con-inner\">\n\t\t\t\t\t<\/div>\n\t\t\t\t<\/div>\n\t\t\t\t\t<\/div>\n\t\t\t\t<\/div>\n\t\t<div class=\"elementor-element elementor-element-4d54c9c e-flex e-con-boxed e-con e-parent\" data-id=\"4d54c9c\" data-element_type=\"container\" data-e-type=\"container\">\n\t\t\t\t\t<div class=\"e-con-inner\">\n\t\t<div class=\"elementor-element elementor-element-fea68d2 e-con-full e-flex e-con e-child\" data-id=\"fea68d2\" data-element_type=\"container\" data-e-type=\"container\">\n\t\t\t\t<div class=\"elementor-element elementor-element-18dce02 elementor-widget elementor-widget-image\" data-id=\"18dce02\" data-element_type=\"widget\" data-e-type=\"widget\" data-widget_type=\"image.default\">\n\t\t\t\t<div class=\"elementor-widget-container\">\n\t\t\t\t\t\t\t\t\t\t\t\t\t\t\t<img decoding=\"async\" src=\"https:\/\/schoenstatt.com\/wp-content\/uploads\/2024\/06\/University-of-St-Augustine.jpg\" title=\"\" alt=\"\" loading=\"lazy\" \/>\t\t\t\t\t\t\t\t\t\t\t\t\t\t\t<\/div>\n\t\t\t\t<\/div>\n\t\t\t\t<\/div>\n\t\t<div class=\"elementor-element elementor-element-80e8806 e-con-full e-flex e-con e-child\" data-id=\"80e8806\" data-element_type=\"container\" data-e-type=\"container\">\n\t\t\t\t<div class=\"elementor-element elementor-element-fa97fe6 elementor-widget elementor-widget-text-editor\" data-id=\"fa97fe6\" data-element_type=\"widget\" data-e-type=\"widget\" data-widget_type=\"text-editor.default\">\n\t\t\t\t<div class=\"elementor-widget-container\">\n\t\t\t\t\t\t\t\t\t<p>Na sociedade atual, os valores s\u00e3o cada vez mais dif\u00edceis de serem firmados na vida cotidiana e no trabalho. A cidade sul-africana de Joanesburgo reagiu a essas exig\u00eancias e a Universidade St. Augustine (Santo Agostinho) est\u00e1 respondendo a essas necessidades, oferecendo um curso de gest\u00e3o empresarial crist\u00e3 durante dois finais de semana. O curso \u00e9 baseado no ensino, filosofia e pedagogia do Padre Jos\u00e9 Kentenich e \u00e9 aplicado ao mundo empresarial como um estilo adequado de lideran\u00e7a. Centenas de empres\u00e1rios j\u00e1 participaram do curso at\u00e9 agora. O curso foi concebido para satisfazer as necessidades de gestores, CEOs, assim como de diretores de empresas, gerentes de RH e formadores. Participam funcion\u00e1rios p\u00fablicos das organiza\u00e7\u00f5es de educa\u00e7\u00e3o, sa\u00fade e assist\u00eancia social, assim como jovens l\u00edderes em potencial.     <\/p>\t\t\t\t\t\t\t\t<\/div>\n\t\t\t\t<\/div>\n\t\t\t\t<\/div>\n\t\t\t\t\t<\/div>\n\t\t\t\t<\/div>\n\t\t<div class=\"elementor-element elementor-element-5c71089 e-flex e-con-boxed e-con e-parent\" data-id=\"5c71089\" data-element_type=\"container\" data-e-type=\"container\">\n\t\t\t\t\t<div class=\"e-con-inner\">\n\t\t\t\t<div class=\"elementor-element elementor-element-4f8a57a elementor-widget elementor-widget-text-editor\" data-id=\"4f8a57a\" data-element_type=\"widget\" data-e-type=\"widget\" data-widget_type=\"text-editor.default\">\n\t\t\t\t<div class=\"elementor-widget-container\">\n\t\t\t\t\t\t\t\t\t<p>Os conte\u00fados incluem a aplica\u00e7\u00e3o do ensino social-crist\u00e3o \u00e0 situa\u00e7\u00e3o concreta de um pa\u00eds com seus problemas s\u00f3cio-pol\u00edticos, multinacionais e multiculturais e a busca de solu\u00e7\u00f5es adequadas. Desde 1982 o curso \u00e9 oferecido na \u00c1frica do Sul, posteriormente tamb\u00e9m na Argentina, Brasil, Chile, Alemanha, Equador, Su\u00ed\u00e7a e Espanha. Assim, o curso n\u00e3o s\u00f3 aborda os problemas e circunst\u00e2ncias da \u00c1frica do Sul, mas tamb\u00e9m aborda a gest\u00e3o, os valores e a sociedade de uma forma espec\u00edfica para cada pa\u00eds.  <\/p><p>Outros conte\u00fados s\u00e3o os ensinamentos do Pe. Kentenich sobre lideran\u00e7a e como as empresas contribuem para o bem comum. Tamb\u00e9m s\u00e3o tratadas normas \u00e9ticas para a vida econ\u00f4mica e a integra\u00e7\u00e3o de valores na gest\u00e3o di\u00e1ria. <\/p><p>O curso foi concebido pela professora Edith Raidt e \u00e9 conduzido por Tony de Gouveia, psic\u00f3logo cl\u00ednico, e Francis Graham, di\u00e1cono cat\u00f3lico e empres\u00e1rio de recursos humanos.<\/p><p>A Universidade St. Augustine foi fundada em 1999, em Joanesburgo, \u00c1frica do Sul, que oferece educa\u00e7\u00e3o de qualidade, baseada em valores. Todos os diplomas e certificados s\u00e3o reconhecidos pelo South African Council on Higher Education e pela South African Qualifications Authority. St. Augustine \u00e9 tamb\u00e9m canonicamente reconhecida como uma \u201cUniversidade\u201d Cat\u00f3lica tanto pela Confer\u00eancia Episcopal Cat\u00f3lica Sul Africana (SACBC) como pela Congrega\u00e7\u00e3o para a Educa\u00e7\u00e3o Cat\u00f3lica no Vaticano e \u00e9 membro da IFCU (Federa\u00e7\u00e3o Internacional de Universidades Cat\u00f3licas). Inspirada na tradi\u00e7\u00e3o intelectual cat\u00f3lica, a miss\u00e3o de St. Augustine \u00e9 a de gerar graduados que tenham aprendido a \u201cpensar consistentemente para fazer o bem e servir melhor a humanidade\u201d.   <\/p>\t\t\t\t\t\t\t\t<\/div>\n\t\t\t\t<\/div>\n\t\t\t\t\t<\/div>\n\t\t\t\t<\/div>\n\t\t\t\t<\/div>\n\t\t","protected":false},"excerpt":{"rendered":"<p>Na sociedade atual, os valores s\u00e3o cada vez mais dif\u00edceis de serem firmados na vida cotidiana e no trabalho. A cidade sul-africana de Joanesburgo reagiu a essas exig\u00eancias e a Universidade St. Augustine (Santo Agostinho) est\u00e1 respondendo a essas necessidades, oferecendo um curso de gest\u00e3o empresarial crist\u00e3 durante dois finais de semana. O curso \u00e9 [&hellip;]<\/p>\n","protected":false},"author":3,"featured_media":58330,"parent":40198,"menu_order":0,"comment_status":"closed","ping_status":"closed","template":"","meta":{"footnotes":""},"class_list":["post-40197","page","type-page","status-publish","has-post-thumbnail","hentry"],"yoast_head":"<!-- This site is optimized with the Yoast SEO Premium plugin v27.4 (Yoast SEO v27.4) - https:\/\/yoast.com\/product\/yoast-seo-premium-wordpress\/ -->\n<title>Universidade St. Augustine - Schoenstatt<\/title>\n<meta name=\"description\" content=\"Um curso crist\u00e3o de gerenciamento de neg\u00f3cios baseado nos ensinamentos, na filosofia e na pedagogia de Kentenich aplicados ao mundo dos neg\u00f3cios.\" \/>\n<meta name=\"robots\" content=\"index, follow, max-snippet:-1, max-image-preview:large, max-video-preview:-1\" \/>\n<link rel=\"canonical\" href=\"https:\/\/schoenstatt.com\/pt-pt\/em-missao\/educacao\/universidade-st-augustine\/\" \/>\n<meta property=\"og:locale\" content=\"pt_PT\" \/>\n<meta property=\"og:type\" content=\"article\" \/>\n<meta property=\"og:title\" content=\"Universidade St. Augustine\" \/>\n<meta property=\"og:description\" content=\"Um curso crist\u00e3o de gerenciamento de neg\u00f3cios baseado nos ensinamentos, na filosofia e na pedagogia de Kentenich aplicados ao mundo dos neg\u00f3cios.\" \/>\n<meta property=\"og:url\" content=\"https:\/\/schoenstatt.com\/pt-pt\/em-missao\/educacao\/universidade-st-augustine\/\" \/>\n<meta property=\"og:site_name\" content=\"Schoenstatt\" \/>\n<meta property=\"article:modified_time\" content=\"2025-05-28T00:07:28+00:00\" \/>\n<meta property=\"og:image\" content=\"https:\/\/schoenstatt.com\/wp-content\/uploads\/2024\/06\/University-1.jpg\" \/>\n\t<meta property=\"og:image:width\" content=\"2048\" \/>\n\t<meta property=\"og:image:height\" content=\"624\" \/>\n\t<meta property=\"og:image:type\" content=\"image\/jpeg\" \/>\n<meta name=\"twitter:card\" content=\"summary_large_image\" \/>\n<meta name=\"twitter:label1\" content=\"Tempo estimado de leitura\" \/>\n\t<meta name=\"twitter:data1\" content=\"2 minutos\" \/>\n<script type=\"application\/ld+json\" class=\"yoast-schema-graph\">{\"@context\":\"https:\\\/\\\/schema.org\",\"@graph\":[{\"@type\":\"WebPage\",\"@id\":\"https:\\\/\\\/schoenstatt.com\\\/pt-pt\\\/em-missao\\\/educacao\\\/universidade-st-augustine\\\/\",\"url\":\"https:\\\/\\\/schoenstatt.com\\\/pt-pt\\\/em-missao\\\/educacao\\\/universidade-st-augustine\\\/\",\"name\":\"Universidade St. Augustine - Schoenstatt\",\"isPartOf\":{\"@id\":\"https:\\\/\\\/schoenstatt.com\\\/pt-pt\\\/#website\"},\"primaryImageOfPage\":{\"@id\":\"https:\\\/\\\/schoenstatt.com\\\/pt-pt\\\/em-missao\\\/educacao\\\/universidade-st-augustine\\\/#primaryimage\"},\"image\":{\"@id\":\"https:\\\/\\\/schoenstatt.com\\\/pt-pt\\\/em-missao\\\/educacao\\\/universidade-st-augustine\\\/#primaryimage\"},\"thumbnailUrl\":\"https:\\\/\\\/schoenstatt.com\\\/wp-content\\\/uploads\\\/2024\\\/06\\\/University-1.jpg\",\"datePublished\":\"2024-06-29T20:21:30+00:00\",\"dateModified\":\"2025-05-28T00:07:28+00:00\",\"description\":\"Um curso crist\u00e3o de gerenciamento de neg\u00f3cios baseado nos ensinamentos, na filosofia e na pedagogia de Kentenich aplicados ao mundo dos neg\u00f3cios.\",\"breadcrumb\":{\"@id\":\"https:\\\/\\\/schoenstatt.com\\\/pt-pt\\\/em-missao\\\/educacao\\\/universidade-st-augustine\\\/#breadcrumb\"},\"inLanguage\":\"pt-PT\",\"potentialAction\":[{\"@type\":\"ReadAction\",\"target\":[\"https:\\\/\\\/schoenstatt.com\\\/pt-pt\\\/em-missao\\\/educacao\\\/universidade-st-augustine\\\/\"]}]},{\"@type\":\"ImageObject\",\"inLanguage\":\"pt-PT\",\"@id\":\"https:\\\/\\\/schoenstatt.com\\\/pt-pt\\\/em-missao\\\/educacao\\\/universidade-st-augustine\\\/#primaryimage\",\"url\":\"https:\\\/\\\/schoenstatt.com\\\/wp-content\\\/uploads\\\/2024\\\/06\\\/University-1.jpg\",\"contentUrl\":\"https:\\\/\\\/schoenstatt.com\\\/wp-content\\\/uploads\\\/2024\\\/06\\\/University-1.jpg\",\"width\":2048,\"height\":624,\"caption\":\"university of st. augustine\"},{\"@type\":\"BreadcrumbList\",\"@id\":\"https:\\\/\\\/schoenstatt.com\\\/pt-pt\\\/em-missao\\\/educacao\\\/universidade-st-augustine\\\/#breadcrumb\",\"itemListElement\":[{\"@type\":\"ListItem\",\"position\":1,\"name\":\"Portada\",\"item\":\"https:\\\/\\\/schoenstatt.com\\\/pt-pt\\\/home\\\/\"},{\"@type\":\"ListItem\",\"position\":2,\"name\":\"Em miss\u00e3o\",\"item\":\"https:\\\/\\\/schoenstatt.com\\\/pt-pt\\\/in-mission\\\/\"},{\"@type\":\"ListItem\",\"position\":3,\"name\":\"Educa\u00e7\u00e3o\",\"item\":\"https:\\\/\\\/schoenstatt.com\\\/pt-pt\\\/em-missao\\\/educacao\\\/\"},{\"@type\":\"ListItem\",\"position\":4,\"name\":\"Universidade St. Augustine\"}]},{\"@type\":\"WebSite\",\"@id\":\"https:\\\/\\\/schoenstatt.com\\\/pt-pt\\\/#website\",\"url\":\"https:\\\/\\\/schoenstatt.com\\\/pt-pt\\\/\",\"name\":\"Schoenstatt\",\"description\":\"Apostolic Movement\",\"publisher\":{\"@id\":\"https:\\\/\\\/schoenstatt.com\\\/pt-pt\\\/#organization\"},\"potentialAction\":[{\"@type\":\"SearchAction\",\"target\":{\"@type\":\"EntryPoint\",\"urlTemplate\":\"https:\\\/\\\/schoenstatt.com\\\/pt-pt\\\/?s={search_term_string}\"},\"query-input\":{\"@type\":\"PropertyValueSpecification\",\"valueRequired\":true,\"valueName\":\"search_term_string\"}}],\"inLanguage\":\"pt-PT\"},{\"@type\":\"Organization\",\"@id\":\"https:\\\/\\\/schoenstatt.com\\\/pt-pt\\\/#organization\",\"name\":\"Schoenstatt\",\"url\":\"https:\\\/\\\/schoenstatt.com\\\/pt-pt\\\/\",\"logo\":{\"@type\":\"ImageObject\",\"inLanguage\":\"pt-PT\",\"@id\":\"https:\\\/\\\/schoenstatt.com\\\/pt-pt\\\/#\\\/schema\\\/logo\\\/image\\\/\",\"url\":\"https:\\\/\\\/schoenstatt.com\\\/wp-content\\\/uploads\\\/2025\\\/04\\\/logo-schoenstatt-white-696x696-1.png\",\"contentUrl\":\"https:\\\/\\\/schoenstatt.com\\\/wp-content\\\/uploads\\\/2025\\\/04\\\/logo-schoenstatt-white-696x696-1.png\",\"width\":696,\"height\":694,\"caption\":\"Schoenstatt\"},\"image\":{\"@id\":\"https:\\\/\\\/schoenstatt.com\\\/pt-pt\\\/#\\\/schema\\\/logo\\\/image\\\/\"}}]}<\/script>\n<!-- \/ Yoast SEO Premium plugin. -->","yoast_head_json":{"title":"Universidade St. Augustine - Schoenstatt","description":"Um curso crist\u00e3o de gerenciamento de neg\u00f3cios baseado nos ensinamentos, na filosofia e na pedagogia de Kentenich aplicados ao mundo dos neg\u00f3cios.","robots":{"index":"index","follow":"follow","max-snippet":"max-snippet:-1","max-image-preview":"max-image-preview:large","max-video-preview":"max-video-preview:-1"},"canonical":"https:\/\/schoenstatt.com\/pt-pt\/em-missao\/educacao\/universidade-st-augustine\/","og_locale":"pt_PT","og_type":"article","og_title":"Universidade St. Augustine","og_description":"Um curso crist\u00e3o de gerenciamento de neg\u00f3cios baseado nos ensinamentos, na filosofia e na pedagogia de Kentenich aplicados ao mundo dos neg\u00f3cios.","og_url":"https:\/\/schoenstatt.com\/pt-pt\/em-missao\/educacao\/universidade-st-augustine\/","og_site_name":"Schoenstatt","article_modified_time":"2025-05-28T00:07:28+00:00","og_image":[{"width":2048,"height":624,"url":"https:\/\/schoenstatt.com\/wp-content\/uploads\/2024\/06\/University-1.jpg","type":"image\/jpeg"}],"twitter_card":"summary_large_image","twitter_misc":{"Tempo estimado de leitura":"2 minutos"},"schema":{"@context":"https:\/\/schema.org","@graph":[{"@type":"WebPage","@id":"https:\/\/schoenstatt.com\/pt-pt\/em-missao\/educacao\/universidade-st-augustine\/","url":"https:\/\/schoenstatt.com\/pt-pt\/em-missao\/educacao\/universidade-st-augustine\/","name":"Universidade St. Augustine - Schoenstatt","isPartOf":{"@id":"https:\/\/schoenstatt.com\/pt-pt\/#website"},"primaryImageOfPage":{"@id":"https:\/\/schoenstatt.com\/pt-pt\/em-missao\/educacao\/universidade-st-augustine\/#primaryimage"},"image":{"@id":"https:\/\/schoenstatt.com\/pt-pt\/em-missao\/educacao\/universidade-st-augustine\/#primaryimage"},"thumbnailUrl":"https:\/\/schoenstatt.com\/wp-content\/uploads\/2024\/06\/University-1.jpg","datePublished":"2024-06-29T20:21:30+00:00","dateModified":"2025-05-28T00:07:28+00:00","description":"Um curso crist\u00e3o de gerenciamento de neg\u00f3cios baseado nos ensinamentos, na filosofia e na pedagogia de Kentenich aplicados ao mundo dos neg\u00f3cios.","breadcrumb":{"@id":"https:\/\/schoenstatt.com\/pt-pt\/em-missao\/educacao\/universidade-st-augustine\/#breadcrumb"},"inLanguage":"pt-PT","potentialAction":[{"@type":"ReadAction","target":["https:\/\/schoenstatt.com\/pt-pt\/em-missao\/educacao\/universidade-st-augustine\/"]}]},{"@type":"ImageObject","inLanguage":"pt-PT","@id":"https:\/\/schoenstatt.com\/pt-pt\/em-missao\/educacao\/universidade-st-augustine\/#primaryimage","url":"https:\/\/schoenstatt.com\/wp-content\/uploads\/2024\/06\/University-1.jpg","contentUrl":"https:\/\/schoenstatt.com\/wp-content\/uploads\/2024\/06\/University-1.jpg","width":2048,"height":624,"caption":"university of st. augustine"},{"@type":"BreadcrumbList","@id":"https:\/\/schoenstatt.com\/pt-pt\/em-missao\/educacao\/universidade-st-augustine\/#breadcrumb","itemListElement":[{"@type":"ListItem","position":1,"name":"Portada","item":"https:\/\/schoenstatt.com\/pt-pt\/home\/"},{"@type":"ListItem","position":2,"name":"Em miss\u00e3o","item":"https:\/\/schoenstatt.com\/pt-pt\/in-mission\/"},{"@type":"ListItem","position":3,"name":"Educa\u00e7\u00e3o","item":"https:\/\/schoenstatt.com\/pt-pt\/em-missao\/educacao\/"},{"@type":"ListItem","position":4,"name":"Universidade St. Augustine"}]},{"@type":"WebSite","@id":"https:\/\/schoenstatt.com\/pt-pt\/#website","url":"https:\/\/schoenstatt.com\/pt-pt\/","name":"Schoenstatt","description":"Apostolic Movement","publisher":{"@id":"https:\/\/schoenstatt.com\/pt-pt\/#organization"},"potentialAction":[{"@type":"SearchAction","target":{"@type":"EntryPoint","urlTemplate":"https:\/\/schoenstatt.com\/pt-pt\/?s={search_term_string}"},"query-input":{"@type":"PropertyValueSpecification","valueRequired":true,"valueName":"search_term_string"}}],"inLanguage":"pt-PT"},{"@type":"Organization","@id":"https:\/\/schoenstatt.com\/pt-pt\/#organization","name":"Schoenstatt","url":"https:\/\/schoenstatt.com\/pt-pt\/","logo":{"@type":"ImageObject","inLanguage":"pt-PT","@id":"https:\/\/schoenstatt.com\/pt-pt\/#\/schema\/logo\/image\/","url":"https:\/\/schoenstatt.com\/wp-content\/uploads\/2025\/04\/logo-schoenstatt-white-696x696-1.png","contentUrl":"https:\/\/schoenstatt.com\/wp-content\/uploads\/2025\/04\/logo-schoenstatt-white-696x696-1.png","width":696,"height":694,"caption":"Schoenstatt"},"image":{"@id":"https:\/\/schoenstatt.com\/pt-pt\/#\/schema\/logo\/image\/"}}]}},"_links":{"self":[{"href":"https:\/\/schoenstatt.com\/pt-pt\/wp-json\/wp\/v2\/pages\/40197","targetHints":{"allow":["GET"]}}],"collection":[{"href":"https:\/\/schoenstatt.com\/pt-pt\/wp-json\/wp\/v2\/pages"}],"about":[{"href":"https:\/\/schoenstatt.com\/pt-pt\/wp-json\/wp\/v2\/types\/page"}],"author":[{"embeddable":true,"href":"https:\/\/schoenstatt.com\/pt-pt\/wp-json\/wp\/v2\/users\/3"}],"replies":[{"embeddable":true,"href":"https:\/\/schoenstatt.com\/pt-pt\/wp-json\/wp\/v2\/comments?post=40197"}],"version-history":[{"count":3,"href":"https:\/\/schoenstatt.com\/pt-pt\/wp-json\/wp\/v2\/pages\/40197\/revisions"}],"predecessor-version":[{"id":58338,"href":"https:\/\/schoenstatt.com\/pt-pt\/wp-json\/wp\/v2\/pages\/40197\/revisions\/58338"}],"up":[{"embeddable":true,"href":"https:\/\/schoenstatt.com\/pt-pt\/wp-json\/wp\/v2\/pages\/40198"}],"wp:featuredmedia":[{"embeddable":true,"href":"https:\/\/schoenstatt.com\/pt-pt\/wp-json\/wp\/v2\/media\/58330"}],"wp:attachment":[{"href":"https:\/\/schoenstatt.com\/pt-pt\/wp-json\/wp\/v2\/media?parent=40197"}],"curies":[{"name":"wp","href":"https:\/\/api.w.org\/{rel}","templated":true}]}}