{"id":40196,"date":"2024-06-29T22:17:22","date_gmt":"2024-06-29T20:17:22","guid":{"rendered":"https:\/\/schoenstatt.com\/?page_id=40196"},"modified":"2025-05-28T01:55:10","modified_gmt":"2025-05-27T23:55:10","slug":"escola-jose-kentenich-em-kempten","status":"publish","type":"page","link":"https:\/\/schoenstatt.com\/pt-pt\/em-missao\/educacao\/escola-jose-kentenich-em-kempten\/","title":{"rendered":"Escola Jos\u00e9 Kentenich em Kempten"},"content":{"rendered":"\t\t<div data-elementor-type=\"wp-page\" data-elementor-id=\"40196\" class=\"elementor elementor-40196 elementor-39226\" data-elementor-post-type=\"page\">\n\t\t\t\t<div class=\"elementor-element elementor-element-75a8bb7a e-flex e-con-boxed e-con e-parent\" data-id=\"75a8bb7a\" data-element_type=\"container\" data-e-type=\"container\" data-settings=\"{&quot;background_background&quot;:&quot;classic&quot;}\">\n\t\t\t\t\t<div class=\"e-con-inner\">\n\t\t<div class=\"elementor-element elementor-element-234cfdf5 e-flex e-con-boxed e-con e-child\" data-id=\"234cfdf5\" data-element_type=\"container\" data-e-type=\"container\">\n\t\t\t\t\t<div class=\"e-con-inner\">\n\t\t\t\t\t<\/div>\n\t\t\t\t<\/div>\n\t\t\t\t\t<\/div>\n\t\t\t\t<\/div>\n\t\t<div class=\"elementor-element elementor-element-c7bcb79 e-flex e-con-boxed e-con e-parent\" data-id=\"c7bcb79\" data-element_type=\"container\" data-e-type=\"container\">\n\t\t\t\t\t<div class=\"e-con-inner\">\n\t\t<div class=\"elementor-element elementor-element-07ad31b e-con-full e-flex e-con e-child\" data-id=\"07ad31b\" data-element_type=\"container\" data-e-type=\"container\">\n\t\t\t\t<div class=\"elementor-element elementor-element-8b19540 elementor-widget__width-initial elementor-widget elementor-widget-image\" data-id=\"8b19540\" data-element_type=\"widget\" data-e-type=\"widget\" data-widget_type=\"image.default\">\n\t\t\t\t<div class=\"elementor-widget-container\">\n\t\t\t\t\t\t\t\t\t\t\t\t\t\t\t<img decoding=\"async\" src=\"https:\/\/schoenstatt.com\/wp-content\/uploads\/2024\/06\/school-escola-kempten-2.jpg\" title=\"\" alt=\"\" loading=\"lazy\" \/>\t\t\t\t\t\t\t\t\t\t\t\t\t\t\t<\/div>\n\t\t\t\t<\/div>\n\t\t\t\t<\/div>\n\t\t<div class=\"elementor-element elementor-element-0289cb8 e-con-full e-flex e-con e-child\" data-id=\"0289cb8\" data-element_type=\"container\" data-e-type=\"container\">\n\t\t\t\t<div class=\"elementor-element elementor-element-fac3ebe elementor-widget elementor-widget-heading\" data-id=\"fac3ebe\" data-element_type=\"widget\" data-e-type=\"widget\" data-widget_type=\"heading.default\">\n\t\t\t\t<div class=\"elementor-widget-container\">\n\t\t\t\t\t<h2 class=\"elementor-heading-title elementor-size-default\">Escola Jos\u00e9 Kentenich em Kempten, Alemanha<\/h2>\t\t\t\t<\/div>\n\t\t\t\t<\/div>\n\t\t\t\t<div class=\"elementor-element elementor-element-a47bac8 elementor-widget elementor-widget-text-editor\" data-id=\"a47bac8\" data-element_type=\"widget\" data-e-type=\"widget\" data-widget_type=\"text-editor.default\">\n\t\t\t\t<div class=\"elementor-widget-container\">\n\t\t\t\t\t\t\t\t\t<p>A escola prim\u00e1ria em Kempten consiste em quatro turmas com aproximadamente 70 alunos (s\u00e3o aceitos no m\u00e1ximo 80 alunos, 20 por turma) e esta escola \u00e9 reconhecida pelo estado. A Escola Jos\u00e9 Kentenich \u00e9 uma institui\u00e7\u00e3o particular na qual \u00e9 aplicada a pedagogia do Pe. Kentenich. O trabalho educacional se beneficia de salas de aula bonitas e bem equipadas e de m\u00e9todos de ensino modernos, como trabalho livre silencioso e ensino interdisciplinarrealista. Dessa maneira, os funcion\u00e1rios cumprem o \u201cLehrplanPLUS\u201d (curriculum PLUS).   <\/p><p>As crian\u00e7as devem passar pela experi\u00eancia da aprecia\u00e7\u00e3o, adquirir conhecimento abrangente, desenvolver seus talentos e amadurecer em personalidades autoconfiantes. Os professores levam a s\u00e9rio cada crian\u00e7a e seu car\u00e1ter, acompanham, orientam, promovem e as desafiam em benef\u00edcio de seu melhor desenvolvimento poss\u00edvel. Isso cria uma base valiosa para uma educa\u00e7\u00e3o cont\u00ednua.   <\/p>\t\t\t\t\t\t\t\t<\/div>\n\t\t\t\t<\/div>\n\t\t\t\t<\/div>\n\t\t\t\t\t<\/div>\n\t\t\t\t<\/div>\n\t\t<div class=\"elementor-element elementor-element-67ff9a3 e-flex e-con-boxed e-con e-parent\" data-id=\"67ff9a3\" data-element_type=\"container\" data-e-type=\"container\">\n\t\t\t\t\t<div class=\"e-con-inner\">\n\t\t\t\t<div class=\"elementor-element elementor-element-cada169 elementor-widget-divider--view-line elementor-widget elementor-widget-divider\" data-id=\"cada169\" data-element_type=\"widget\" data-e-type=\"widget\" data-widget_type=\"divider.default\">\n\t\t\t\t<div class=\"elementor-widget-container\">\n\t\t\t\t\t\t\t<div class=\"elementor-divider\">\n\t\t\t<span class=\"elementor-divider-separator\">\n\t\t\t\t\t\t<\/span>\n\t\t<\/div>\n\t\t\t\t\t\t<\/div>\n\t\t\t\t<\/div>\n\t\t\t\t\t<\/div>\n\t\t\t\t<\/div>\n\t\t<div class=\"elementor-element elementor-element-fb10d30 e-flex e-con-boxed e-con e-parent\" data-id=\"fb10d30\" data-element_type=\"container\" data-e-type=\"container\">\n\t\t\t\t\t<div class=\"e-con-inner\">\n\t\t<div class=\"elementor-element elementor-element-f2c4ebb e-con-full e-flex e-con e-child\" data-id=\"f2c4ebb\" data-element_type=\"container\" data-e-type=\"container\">\n\t\t\t\t<div class=\"elementor-element elementor-element-b5529cf elementor-widget elementor-widget-text-editor\" data-id=\"b5529cf\" data-element_type=\"widget\" data-e-type=\"widget\" data-widget_type=\"text-editor.default\">\n\t\t\t\t<div class=\"elementor-widget-container\">\n\t\t\t\t\t\t\t\t\t<p>A escola foi fundada por Harald M. Knes (Instituto dos Irm\u00e3os de Maria de Schoenstatt), Luitgard e Bernhard Hyneck, al\u00e9m de Renate e Christian Immler (Uni\u00e3o de Fam\u00edlias de Schoenstatt), juntamente com pedagogos experientes, fam\u00edlias e empreendedores comprometidos que compartilharam um grande sonho:<\/p><p>\u25aa Repensar o sistema educacional;<\/p><p>\u25aa Criar uma grade escolar, adaptada para cada crian\u00e7a individualmente, cujo desenvolvimento ideal coloca-a em foco;<\/p><p>\u25aa Oferecer um lugar onde a crian\u00e7a aprenda para a vida e se torne e capaz de viv\u00ea-la com autonomia;<\/p><p>\u25aa Projetar uma escola integrada ao sistema escolar da Baviera, mas inovadora.<\/p>\t\t\t\t\t\t\t\t<\/div>\n\t\t\t\t<\/div>\n\t\t\t\t<\/div>\n\t\t<div class=\"elementor-element elementor-element-6820d68 e-con-full e-flex e-con e-child\" data-id=\"6820d68\" data-element_type=\"container\" data-e-type=\"container\">\n\t\t\t\t<div class=\"elementor-element elementor-element-436a7fa elementor-widget__width-initial elementor-widget elementor-widget-image\" data-id=\"436a7fa\" data-element_type=\"widget\" data-e-type=\"widget\" data-widget_type=\"image.default\">\n\t\t\t\t<div class=\"elementor-widget-container\">\n\t\t\t\t\t\t\t\t\t\t\t\t\t\t\t<img decoding=\"async\" src=\"https:\/\/schoenstatt.com\/wp-content\/uploads\/2024\/06\/school-escola-kempten-3.jpg\" title=\"\" alt=\"\" loading=\"lazy\" \/>\t\t\t\t\t\t\t\t\t\t\t\t\t\t\t<\/div>\n\t\t\t\t<\/div>\n\t\t\t\t<\/div>\n\t\t\t\t\t<\/div>\n\t\t\t\t<\/div>\n\t\t<div class=\"elementor-element elementor-element-26f9514 e-flex e-con-boxed e-con e-parent\" data-id=\"26f9514\" data-element_type=\"container\" data-e-type=\"container\">\n\t\t\t\t\t<div class=\"e-con-inner\">\n\t\t\t\t<div class=\"elementor-element elementor-element-c4c7a78 elementor-widget-divider--view-line elementor-widget elementor-widget-divider\" data-id=\"c4c7a78\" data-element_type=\"widget\" data-e-type=\"widget\" data-widget_type=\"divider.default\">\n\t\t\t\t<div class=\"elementor-widget-container\">\n\t\t\t\t\t\t\t<div class=\"elementor-divider\">\n\t\t\t<span class=\"elementor-divider-separator\">\n\t\t\t\t\t\t<\/span>\n\t\t<\/div>\n\t\t\t\t\t\t<\/div>\n\t\t\t\t<\/div>\n\t\t\t\t\t<\/div>\n\t\t\t\t<\/div>\n\t\t<div class=\"elementor-element elementor-element-6a163b5 e-flex e-con-boxed e-con e-parent\" data-id=\"6a163b5\" data-element_type=\"container\" data-e-type=\"container\">\n\t\t\t\t\t<div class=\"e-con-inner\">\n\t\t<div class=\"elementor-element elementor-element-535cf8a e-con-full e-flex e-con e-child\" data-id=\"535cf8a\" data-element_type=\"container\" data-e-type=\"container\">\n\t\t\t\t<div class=\"elementor-element elementor-element-c45ea5f elementor-widget__width-initial elementor-widget elementor-widget-image\" data-id=\"c45ea5f\" data-element_type=\"widget\" data-e-type=\"widget\" data-widget_type=\"image.default\">\n\t\t\t\t<div class=\"elementor-widget-container\">\n\t\t\t\t\t\t\t\t\t\t\t\t\t\t\t<img decoding=\"async\" src=\"https:\/\/schoenstatt.com\/wp-content\/uploads\/2024\/06\/school-escola-kempten-4.jpg\" title=\"\" alt=\"\" loading=\"lazy\" \/>\t\t\t\t\t\t\t\t\t\t\t\t\t\t\t<\/div>\n\t\t\t\t<\/div>\n\t\t\t\t<\/div>\n\t\t<div class=\"elementor-element elementor-element-3087bb4 e-con-full e-flex e-con e-child\" data-id=\"3087bb4\" data-element_type=\"container\" data-e-type=\"container\">\n\t\t\t\t<div class=\"elementor-element elementor-element-2ac68a1 elementor-widget elementor-widget-text-editor\" data-id=\"2ac68a1\" data-element_type=\"widget\" data-e-type=\"widget\" data-widget_type=\"text-editor.default\">\n\t\t\t\t<div class=\"elementor-widget-container\">\n\t\t\t\t\t\t\t\t\t<p>Muitos obst\u00e1culos foram superados antes que a escola pudesse come\u00e7ar a operar em 2012. Hoje, a escola est\u00e1 trabalhando com os pais dos alunos para disputar o pr\u00eamio \u201cEscola do Meio Ambiente na Europa \u2013 Escola Internacional de Sustentabilidade\u201d. Tamb\u00e9m foram organizados semin\u00e1rios nos quais os pais, professores e membros da associa\u00e7\u00e3o escolar trabalham juntos para desenvolver a escola. O novo site da escola tem como t\u00edtulo: \u201cA educa\u00e7\u00e3o \u00e9 mais\u201d.   <\/p><p>As portas da escola est\u00e3o sempre abertas aos visitantes. A Escola Jos\u00e9 Kentenich tem o prazer de contar com estagi\u00e1rios e professores do Movimento Schoenstatt que gostariam de trabalhar nesse col\u00e9gio por curto ou longo per\u00edodo. <\/p>\t\t\t\t\t\t\t\t<\/div>\n\t\t\t\t<\/div>\n\t\t\t\t<\/div>\n\t\t\t\t\t<\/div>\n\t\t\t\t<\/div>\n\t\t<div class=\"elementor-element elementor-element-8ee7982 e-flex e-con-boxed e-con e-parent\" data-id=\"8ee7982\" data-element_type=\"container\" data-e-type=\"container\">\n\t\t\t\t\t<div class=\"e-con-inner\">\n\t\t\t\t<div class=\"elementor-element elementor-element-1d6966b elementor-cta--layout-image-left elementor-cta--skin-classic elementor-animated-content elementor-bg-transform elementor-bg-transform-zoom-in elementor-widget elementor-widget-call-to-action\" data-id=\"1d6966b\" data-element_type=\"widget\" data-e-type=\"widget\" data-widget_type=\"call-to-action.default\">\n\t\t\t\t<div class=\"elementor-widget-container\">\n\t\t\t\t\t\t\t<div class=\"elementor-cta\">\n\t\t\t\t\t<div class=\"elementor-cta__bg-wrapper\">\n\t\t\t\t<div class=\"elementor-cta__bg elementor-bg\" style=\"background-image: url(https:\/\/schoenstatt.com\/wp-content\/uploads\/2024\/06\/school-escola-kempten-5.jpg);\" role=\"img\" aria-label=\"\"><\/div>\n\t\t\t\t<div class=\"elementor-cta__bg-overlay\"><\/div>\n\t\t\t<\/div>\n\t\t\t\t\t\t\t<div class=\"elementor-cta__content\">\n\t\t\t\t\n\t\t\t\t\t\t\t\t\t<h2 class=\"elementor-cta__title elementor-cta__content-item elementor-content-item\">\n\t\t\t\t\t\tPara mais informa\u00e7\u00f5es:\t\t\t\t\t<\/h2>\n\t\t\t\t\n\t\t\t\t\t\t\t\t\t<div class=\"elementor-cta__description elementor-cta__content-item elementor-content-item\">\n\t\t\t\t\t\tEscola Jos\u00e9 Kentenich\nFeldweg 1 |\n87437 Kempten, Alemanha\n\nTel: +49 831 512 565 30<br>www.kentenich-schule.de\t\t\t\t\t<\/div>\n\t\t\t\t\n\t\t\t\t\t\t\t\t\t<div class=\"elementor-cta__button-wrapper elementor-cta__content-item elementor-content-item \">\n\t\t\t\t\t<a class=\"elementor-cta__button elementor-button elementor-size-\" href=\"mailto:info@kentenich-schule.de\" target=\"_blank\">\n\t\t\t\t\t\tContato\t\t\t\t\t<\/a>\n\t\t\t\t\t<\/div>\n\t\t\t\t\t\t\t<\/div>\n\t\t\t\t\t\t<\/div>\n\t\t\t\t\t\t<\/div>\n\t\t\t\t<\/div>\n\t\t\t\t\t<\/div>\n\t\t\t\t<\/div>\n\t\t\t\t<\/div>\n\t\t","protected":false},"excerpt":{"rendered":"<p>Escola Jos\u00e9 Kentenich em Kempten, Alemanha A escola prim\u00e1ria em Kempten consiste em quatro turmas com aproximadamente 70 alunos (s\u00e3o aceitos no m\u00e1ximo 80 alunos, 20 por turma) e esta escola \u00e9 reconhecida pelo estado. A Escola Jos\u00e9 Kentenich \u00e9 uma institui\u00e7\u00e3o particular na qual \u00e9 aplicada a pedagogia do Pe. Kentenich. O trabalho educacional [&hellip;]<\/p>\n","protected":false},"author":3,"featured_media":58317,"parent":40198,"menu_order":0,"comment_status":"closed","ping_status":"closed","template":"","meta":{"footnotes":""},"class_list":["post-40196","page","type-page","status-publish","has-post-thumbnail","hentry"],"yoast_head":"<!-- This site is optimized with the Yoast SEO Premium plugin v27.4 (Yoast SEO v27.6) - https:\/\/yoast.com\/product\/yoast-seo-premium-wordpress\/ -->\n<title>Escola Jos\u00e9 Kentenich em Kempten - Schoenstatt<\/title>\n<meta name=\"description\" content=\"Aqui \u00e9 aplicada a pedagogia Kentenich, as crian\u00e7as experimentam aprecia\u00e7\u00e3o, desenvolvem seus talentos e amadurecem em personalidades autoconfiantes.\" \/>\n<meta name=\"robots\" content=\"index, follow, max-snippet:-1, max-image-preview:large, max-video-preview:-1\" \/>\n<link rel=\"canonical\" href=\"https:\/\/schoenstatt.com\/pt-pt\/em-missao\/educacao\/escola-jose-kentenich-em-kempten\/\" \/>\n<meta property=\"og:locale\" content=\"pt_PT\" \/>\n<meta property=\"og:type\" content=\"article\" \/>\n<meta property=\"og:title\" content=\"Escola Jos\u00e9 Kentenich em Kempten\" \/>\n<meta property=\"og:description\" content=\"Aqui \u00e9 aplicada a pedagogia Kentenich, as crian\u00e7as experimentam aprecia\u00e7\u00e3o, desenvolvem seus talentos e amadurecem em personalidades autoconfiantes.\" \/>\n<meta property=\"og:url\" content=\"https:\/\/schoenstatt.com\/pt-pt\/em-missao\/educacao\/escola-jose-kentenich-em-kempten\/\" \/>\n<meta property=\"og:site_name\" content=\"Schoenstatt\" \/>\n<meta property=\"article:modified_time\" content=\"2025-05-27T23:55:10+00:00\" \/>\n<meta property=\"og:image\" content=\"https:\/\/schoenstatt.com\/wp-content\/uploads\/2024\/06\/school-escola-kempten-1.jpg\" \/>\n\t<meta property=\"og:image:width\" content=\"2048\" \/>\n\t<meta property=\"og:image:height\" content=\"624\" \/>\n\t<meta property=\"og:image:type\" content=\"image\/jpeg\" \/>\n<meta name=\"twitter:card\" content=\"summary_large_image\" \/>\n<meta name=\"twitter:label1\" content=\"Tempo estimado de leitura\" \/>\n\t<meta name=\"twitter:data1\" content=\"2 minutos\" \/>\n<script type=\"application\/ld+json\" class=\"yoast-schema-graph\">{\"@context\":\"https:\\\/\\\/schema.org\",\"@graph\":[{\"@type\":\"WebPage\",\"@id\":\"https:\\\/\\\/schoenstatt.com\\\/pt-pt\\\/em-missao\\\/educacao\\\/escola-jose-kentenich-em-kempten\\\/\",\"url\":\"https:\\\/\\\/schoenstatt.com\\\/pt-pt\\\/em-missao\\\/educacao\\\/escola-jose-kentenich-em-kempten\\\/\",\"name\":\"Escola Jos\u00e9 Kentenich em Kempten - Schoenstatt\",\"isPartOf\":{\"@id\":\"https:\\\/\\\/schoenstatt.com\\\/pt-pt\\\/#website\"},\"primaryImageOfPage\":{\"@id\":\"https:\\\/\\\/schoenstatt.com\\\/pt-pt\\\/em-missao\\\/educacao\\\/escola-jose-kentenich-em-kempten\\\/#primaryimage\"},\"image\":{\"@id\":\"https:\\\/\\\/schoenstatt.com\\\/pt-pt\\\/em-missao\\\/educacao\\\/escola-jose-kentenich-em-kempten\\\/#primaryimage\"},\"thumbnailUrl\":\"https:\\\/\\\/schoenstatt.com\\\/wp-content\\\/uploads\\\/2024\\\/06\\\/school-escola-kempten-1.jpg\",\"datePublished\":\"2024-06-29T20:17:22+00:00\",\"dateModified\":\"2025-05-27T23:55:10+00:00\",\"description\":\"Aqui \u00e9 aplicada a pedagogia Kentenich, as crian\u00e7as experimentam aprecia\u00e7\u00e3o, desenvolvem seus talentos e amadurecem em personalidades autoconfiantes.\",\"breadcrumb\":{\"@id\":\"https:\\\/\\\/schoenstatt.com\\\/pt-pt\\\/em-missao\\\/educacao\\\/escola-jose-kentenich-em-kempten\\\/#breadcrumb\"},\"inLanguage\":\"pt-PT\",\"potentialAction\":[{\"@type\":\"ReadAction\",\"target\":[\"https:\\\/\\\/schoenstatt.com\\\/pt-pt\\\/em-missao\\\/educacao\\\/escola-jose-kentenich-em-kempten\\\/\"]}]},{\"@type\":\"ImageObject\",\"inLanguage\":\"pt-PT\",\"@id\":\"https:\\\/\\\/schoenstatt.com\\\/pt-pt\\\/em-missao\\\/educacao\\\/escola-jose-kentenich-em-kempten\\\/#primaryimage\",\"url\":\"https:\\\/\\\/schoenstatt.com\\\/wp-content\\\/uploads\\\/2024\\\/06\\\/school-escola-kempten-1.jpg\",\"contentUrl\":\"https:\\\/\\\/schoenstatt.com\\\/wp-content\\\/uploads\\\/2024\\\/06\\\/school-escola-kempten-1.jpg\",\"width\":2048,\"height\":624},{\"@type\":\"BreadcrumbList\",\"@id\":\"https:\\\/\\\/schoenstatt.com\\\/pt-pt\\\/em-missao\\\/educacao\\\/escola-jose-kentenich-em-kempten\\\/#breadcrumb\",\"itemListElement\":[{\"@type\":\"ListItem\",\"position\":1,\"name\":\"Portada\",\"item\":\"https:\\\/\\\/schoenstatt.com\\\/pt-pt\\\/home\\\/\"},{\"@type\":\"ListItem\",\"position\":2,\"name\":\"Em miss\u00e3o\",\"item\":\"https:\\\/\\\/schoenstatt.com\\\/pt-pt\\\/in-mission\\\/\"},{\"@type\":\"ListItem\",\"position\":3,\"name\":\"Educa\u00e7\u00e3o\",\"item\":\"https:\\\/\\\/schoenstatt.com\\\/pt-pt\\\/em-missao\\\/educacao\\\/\"},{\"@type\":\"ListItem\",\"position\":4,\"name\":\"Escola Jos\u00e9 Kentenich em Kempten\"}]},{\"@type\":\"WebSite\",\"@id\":\"https:\\\/\\\/schoenstatt.com\\\/pt-pt\\\/#website\",\"url\":\"https:\\\/\\\/schoenstatt.com\\\/pt-pt\\\/\",\"name\":\"Schoenstatt\",\"description\":\"Apostolic Movement\",\"publisher\":{\"@id\":\"https:\\\/\\\/schoenstatt.com\\\/pt-pt\\\/#organization\"},\"potentialAction\":[{\"@type\":\"SearchAction\",\"target\":{\"@type\":\"EntryPoint\",\"urlTemplate\":\"https:\\\/\\\/schoenstatt.com\\\/pt-pt\\\/?s={search_term_string}\"},\"query-input\":{\"@type\":\"PropertyValueSpecification\",\"valueRequired\":true,\"valueName\":\"search_term_string\"}}],\"inLanguage\":\"pt-PT\"},{\"@type\":\"Organization\",\"@id\":\"https:\\\/\\\/schoenstatt.com\\\/pt-pt\\\/#organization\",\"name\":\"Schoenstatt\",\"url\":\"https:\\\/\\\/schoenstatt.com\\\/pt-pt\\\/\",\"logo\":{\"@type\":\"ImageObject\",\"inLanguage\":\"pt-PT\",\"@id\":\"https:\\\/\\\/schoenstatt.com\\\/pt-pt\\\/#\\\/schema\\\/logo\\\/image\\\/\",\"url\":\"https:\\\/\\\/schoenstatt.com\\\/wp-content\\\/uploads\\\/2025\\\/04\\\/logo-schoenstatt-white-696x696-1.png\",\"contentUrl\":\"https:\\\/\\\/schoenstatt.com\\\/wp-content\\\/uploads\\\/2025\\\/04\\\/logo-schoenstatt-white-696x696-1.png\",\"width\":696,\"height\":694,\"caption\":\"Schoenstatt\"},\"image\":{\"@id\":\"https:\\\/\\\/schoenstatt.com\\\/pt-pt\\\/#\\\/schema\\\/logo\\\/image\\\/\"}}]}<\/script>\n<!-- \/ Yoast SEO Premium plugin. -->","yoast_head_json":{"title":"Escola Jos\u00e9 Kentenich em Kempten - Schoenstatt","description":"Aqui \u00e9 aplicada a pedagogia Kentenich, as crian\u00e7as experimentam aprecia\u00e7\u00e3o, desenvolvem seus talentos e amadurecem em personalidades autoconfiantes.","robots":{"index":"index","follow":"follow","max-snippet":"max-snippet:-1","max-image-preview":"max-image-preview:large","max-video-preview":"max-video-preview:-1"},"canonical":"https:\/\/schoenstatt.com\/pt-pt\/em-missao\/educacao\/escola-jose-kentenich-em-kempten\/","og_locale":"pt_PT","og_type":"article","og_title":"Escola Jos\u00e9 Kentenich em Kempten","og_description":"Aqui \u00e9 aplicada a pedagogia Kentenich, as crian\u00e7as experimentam aprecia\u00e7\u00e3o, desenvolvem seus talentos e amadurecem em personalidades autoconfiantes.","og_url":"https:\/\/schoenstatt.com\/pt-pt\/em-missao\/educacao\/escola-jose-kentenich-em-kempten\/","og_site_name":"Schoenstatt","article_modified_time":"2025-05-27T23:55:10+00:00","og_image":[{"width":2048,"height":624,"url":"https:\/\/schoenstatt.com\/wp-content\/uploads\/2024\/06\/school-escola-kempten-1.jpg","type":"image\/jpeg"}],"twitter_card":"summary_large_image","twitter_misc":{"Tempo estimado de leitura":"2 minutos"},"schema":{"@context":"https:\/\/schema.org","@graph":[{"@type":"WebPage","@id":"https:\/\/schoenstatt.com\/pt-pt\/em-missao\/educacao\/escola-jose-kentenich-em-kempten\/","url":"https:\/\/schoenstatt.com\/pt-pt\/em-missao\/educacao\/escola-jose-kentenich-em-kempten\/","name":"Escola Jos\u00e9 Kentenich em Kempten - Schoenstatt","isPartOf":{"@id":"https:\/\/schoenstatt.com\/pt-pt\/#website"},"primaryImageOfPage":{"@id":"https:\/\/schoenstatt.com\/pt-pt\/em-missao\/educacao\/escola-jose-kentenich-em-kempten\/#primaryimage"},"image":{"@id":"https:\/\/schoenstatt.com\/pt-pt\/em-missao\/educacao\/escola-jose-kentenich-em-kempten\/#primaryimage"},"thumbnailUrl":"https:\/\/schoenstatt.com\/wp-content\/uploads\/2024\/06\/school-escola-kempten-1.jpg","datePublished":"2024-06-29T20:17:22+00:00","dateModified":"2025-05-27T23:55:10+00:00","description":"Aqui \u00e9 aplicada a pedagogia Kentenich, as crian\u00e7as experimentam aprecia\u00e7\u00e3o, desenvolvem seus talentos e amadurecem em personalidades autoconfiantes.","breadcrumb":{"@id":"https:\/\/schoenstatt.com\/pt-pt\/em-missao\/educacao\/escola-jose-kentenich-em-kempten\/#breadcrumb"},"inLanguage":"pt-PT","potentialAction":[{"@type":"ReadAction","target":["https:\/\/schoenstatt.com\/pt-pt\/em-missao\/educacao\/escola-jose-kentenich-em-kempten\/"]}]},{"@type":"ImageObject","inLanguage":"pt-PT","@id":"https:\/\/schoenstatt.com\/pt-pt\/em-missao\/educacao\/escola-jose-kentenich-em-kempten\/#primaryimage","url":"https:\/\/schoenstatt.com\/wp-content\/uploads\/2024\/06\/school-escola-kempten-1.jpg","contentUrl":"https:\/\/schoenstatt.com\/wp-content\/uploads\/2024\/06\/school-escola-kempten-1.jpg","width":2048,"height":624},{"@type":"BreadcrumbList","@id":"https:\/\/schoenstatt.com\/pt-pt\/em-missao\/educacao\/escola-jose-kentenich-em-kempten\/#breadcrumb","itemListElement":[{"@type":"ListItem","position":1,"name":"Portada","item":"https:\/\/schoenstatt.com\/pt-pt\/home\/"},{"@type":"ListItem","position":2,"name":"Em miss\u00e3o","item":"https:\/\/schoenstatt.com\/pt-pt\/in-mission\/"},{"@type":"ListItem","position":3,"name":"Educa\u00e7\u00e3o","item":"https:\/\/schoenstatt.com\/pt-pt\/em-missao\/educacao\/"},{"@type":"ListItem","position":4,"name":"Escola Jos\u00e9 Kentenich em Kempten"}]},{"@type":"WebSite","@id":"https:\/\/schoenstatt.com\/pt-pt\/#website","url":"https:\/\/schoenstatt.com\/pt-pt\/","name":"Schoenstatt","description":"Apostolic Movement","publisher":{"@id":"https:\/\/schoenstatt.com\/pt-pt\/#organization"},"potentialAction":[{"@type":"SearchAction","target":{"@type":"EntryPoint","urlTemplate":"https:\/\/schoenstatt.com\/pt-pt\/?s={search_term_string}"},"query-input":{"@type":"PropertyValueSpecification","valueRequired":true,"valueName":"search_term_string"}}],"inLanguage":"pt-PT"},{"@type":"Organization","@id":"https:\/\/schoenstatt.com\/pt-pt\/#organization","name":"Schoenstatt","url":"https:\/\/schoenstatt.com\/pt-pt\/","logo":{"@type":"ImageObject","inLanguage":"pt-PT","@id":"https:\/\/schoenstatt.com\/pt-pt\/#\/schema\/logo\/image\/","url":"https:\/\/schoenstatt.com\/wp-content\/uploads\/2025\/04\/logo-schoenstatt-white-696x696-1.png","contentUrl":"https:\/\/schoenstatt.com\/wp-content\/uploads\/2025\/04\/logo-schoenstatt-white-696x696-1.png","width":696,"height":694,"caption":"Schoenstatt"},"image":{"@id":"https:\/\/schoenstatt.com\/pt-pt\/#\/schema\/logo\/image\/"}}]}},"_links":{"self":[{"href":"https:\/\/schoenstatt.com\/pt-pt\/wp-json\/wp\/v2\/pages\/40196","targetHints":{"allow":["GET"]}}],"collection":[{"href":"https:\/\/schoenstatt.com\/pt-pt\/wp-json\/wp\/v2\/pages"}],"about":[{"href":"https:\/\/schoenstatt.com\/pt-pt\/wp-json\/wp\/v2\/types\/page"}],"author":[{"embeddable":true,"href":"https:\/\/schoenstatt.com\/pt-pt\/wp-json\/wp\/v2\/users\/3"}],"replies":[{"embeddable":true,"href":"https:\/\/schoenstatt.com\/pt-pt\/wp-json\/wp\/v2\/comments?post=40196"}],"version-history":[{"count":3,"href":"https:\/\/schoenstatt.com\/pt-pt\/wp-json\/wp\/v2\/pages\/40196\/revisions"}],"predecessor-version":[{"id":58328,"href":"https:\/\/schoenstatt.com\/pt-pt\/wp-json\/wp\/v2\/pages\/40196\/revisions\/58328"}],"up":[{"embeddable":true,"href":"https:\/\/schoenstatt.com\/pt-pt\/wp-json\/wp\/v2\/pages\/40198"}],"wp:featuredmedia":[{"embeddable":true,"href":"https:\/\/schoenstatt.com\/pt-pt\/wp-json\/wp\/v2\/media\/58317"}],"wp:attachment":[{"href":"https:\/\/schoenstatt.com\/pt-pt\/wp-json\/wp\/v2\/media?parent=40196"}],"curies":[{"name":"wp","href":"https:\/\/api.w.org\/{rel}","templated":true}]}}