{"id":40071,"date":"2024-06-27T01:30:16","date_gmt":"2024-06-26T23:30:16","guid":{"rendered":"https:\/\/schoenstatt.com\/terco-dos-homens-mae-rainha\/"},"modified":"2025-05-27T04:28:53","modified_gmt":"2025-05-27T02:28:53","slug":"terco-dos-homens-mae-rainha","status":"publish","type":"page","link":"https:\/\/schoenstatt.com\/pt-pt\/em-missao\/igreja\/terco-dos-homens-mae-rainha\/","title":{"rendered":"Ter\u00e7o dos Homens M\u00e3e Rainha"},"content":{"rendered":"\t\t<div data-elementor-type=\"wp-page\" data-elementor-id=\"40071\" class=\"elementor elementor-40071 elementor-39137\" data-elementor-post-type=\"page\">\n\t\t\t\t<div class=\"elementor-element elementor-element-1bdd3cee e-flex e-con-boxed e-con e-parent\" data-id=\"1bdd3cee\" data-element_type=\"container\" data-e-type=\"container\" data-settings=\"{&quot;background_background&quot;:&quot;classic&quot;}\">\n\t\t\t\t\t<div class=\"e-con-inner\">\n\t\t<div class=\"elementor-element elementor-element-24cd956e e-flex e-con-boxed e-con e-child\" data-id=\"24cd956e\" data-element_type=\"container\" data-e-type=\"container\">\n\t\t\t\t\t<div class=\"e-con-inner\">\n\t\t\t\t\t<\/div>\n\t\t\t\t<\/div>\n\t\t\t\t\t<\/div>\n\t\t\t\t<\/div>\n\t\t<div class=\"elementor-element elementor-element-49f0b6d e-flex e-con-boxed e-con e-parent\" data-id=\"49f0b6d\" data-element_type=\"container\" data-e-type=\"container\">\n\t\t\t\t\t<div class=\"e-con-inner\">\n\t\t<div class=\"elementor-element elementor-element-b882a06 e-con-full e-flex e-con e-child\" data-id=\"b882a06\" data-element_type=\"container\" data-e-type=\"container\">\n\t\t\t\t<div class=\"elementor-element elementor-element-d05b4dc elementor-widget elementor-widget-image\" data-id=\"d05b4dc\" data-element_type=\"widget\" data-e-type=\"widget\" data-widget_type=\"image.default\">\n\t\t\t\t<div class=\"elementor-widget-container\">\n\t\t\t\t\t\t\t\t\t\t\t\t\t\t\t<img fetchpriority=\"high\" decoding=\"async\" width=\"2048\" height=\"1365\" src=\"https:\/\/schoenstatt.com\/wp-content\/uploads\/2024\/06\/mens-rosary-terco-dos-homens-rosario-de-hombres-4-1.jpg\" class=\"attachment-large size-large wp-image-58129\" alt=\"\" srcset=\"https:\/\/schoenstatt.com\/wp-content\/uploads\/2024\/06\/mens-rosary-terco-dos-homens-rosario-de-hombres-4-1.jpg 2048w, https:\/\/schoenstatt.com\/wp-content\/uploads\/2024\/06\/mens-rosary-terco-dos-homens-rosario-de-hombres-4-1-768x512.jpg 768w, https:\/\/schoenstatt.com\/wp-content\/uploads\/2024\/06\/mens-rosary-terco-dos-homens-rosario-de-hombres-4-1-1536x1024.jpg 1536w\" sizes=\"(max-width: 2048px) 100vw, 2048px\" \/>\t\t\t\t\t\t\t\t\t\t\t\t\t\t\t<\/div>\n\t\t\t\t<\/div>\n\t\t\t\t<\/div>\n\t\t<div class=\"elementor-element elementor-element-a8ff26b e-con-full e-flex e-con e-child\" data-id=\"a8ff26b\" data-element_type=\"container\" data-e-type=\"container\">\n\t\t\t\t<div class=\"elementor-element elementor-element-76e9971 elementor-widget elementor-widget-heading\" data-id=\"76e9971\" data-element_type=\"widget\" data-e-type=\"widget\" data-widget_type=\"heading.default\">\n\t\t\t\t<div class=\"elementor-widget-container\">\n\t\t\t\t\t<h2 class=\"elementor-heading-title elementor-size-default\">Ter\u00e7o dos Homens<\/h2>\t\t\t\t<\/div>\n\t\t\t\t<\/div>\n\t\t\t\t<div class=\"elementor-element elementor-element-cc93646 elementor-widget elementor-widget-text-editor\" data-id=\"cc93646\" data-element_type=\"widget\" data-e-type=\"widget\" data-widget_type=\"text-editor.default\">\n\t\t\t\t<div class=\"elementor-widget-container\">\n\t\t\t\t\t\t\t\t\t<p>O Ter\u00e7o dos Homens M\u00e3e Rainha \u00e9 um apostolado que surgiu no Brasil, em 1997, e re\u00fane uma multid\u00e3o de homens, todas as semanas, para rezar o Ter\u00e7o. Eles se encontram em pequenos e grandes grupos presentes em in\u00fameras comunidades espalhadas pelo pa\u00eds. Os dados da Secretaria Nacional indicam que mais de 1 milh\u00e3o de integrantes fazem parte do Ter\u00e7o dos Homens M\u00e3e Rainha no Brasil.  <\/p><p>O objetivo deste apostolado \u00e9 reunir os homens para rezarem o Ter\u00e7o pela santifica\u00e7\u00e3o da fam\u00edlia; tamb\u00e9m ser um instrumento de evangeliza\u00e7\u00e3o pessoal, ou seja, de pessoa a pessoa; e servir a Igreja local, em comunh\u00e3o com os demais minist\u00e9rios e pastorais das par\u00f3quias.<\/p>\t\t\t\t\t\t\t\t<\/div>\n\t\t\t\t<\/div>\n\t\t\t\t<\/div>\n\t\t\t\t\t<\/div>\n\t\t\t\t<\/div>\n\t\t<div class=\"elementor-element elementor-element-a16a7df e-flex e-con-boxed e-con e-parent\" data-id=\"a16a7df\" data-element_type=\"container\" data-e-type=\"container\">\n\t\t\t\t\t<div class=\"e-con-inner\">\n\t\t\t\t<div class=\"elementor-element elementor-element-f62f7d7 elementor-widget-divider--view-line elementor-widget elementor-widget-divider\" data-id=\"f62f7d7\" data-element_type=\"widget\" data-e-type=\"widget\" data-widget_type=\"divider.default\">\n\t\t\t\t<div class=\"elementor-widget-container\">\n\t\t\t\t\t\t\t<div class=\"elementor-divider\">\n\t\t\t<span class=\"elementor-divider-separator\">\n\t\t\t\t\t\t<\/span>\n\t\t<\/div>\n\t\t\t\t\t\t<\/div>\n\t\t\t\t<\/div>\n\t\t\t\t\t<\/div>\n\t\t\t\t<\/div>\n\t\t<div class=\"elementor-element elementor-element-29f7917 e-flex e-con-boxed e-con e-parent\" data-id=\"29f7917\" data-element_type=\"container\" data-e-type=\"container\">\n\t\t\t\t\t<div class=\"e-con-inner\">\n\t\t<div class=\"elementor-element elementor-element-5fc6ea8 e-con-full e-flex e-con e-child\" data-id=\"5fc6ea8\" data-element_type=\"container\" data-e-type=\"container\">\n\t\t\t\t<div class=\"elementor-element elementor-element-512cadc elementor-widget elementor-widget-text-editor\" data-id=\"512cadc\" data-element_type=\"widget\" data-e-type=\"widget\" data-widget_type=\"text-editor.default\">\n\t\t\t\t<div class=\"elementor-widget-container\">\n\t\t\t\t\t\t\t\t\t<p>Os dados e testemunhos levantados mostram muitas fam\u00edlias transformadas, pois existe uma renova\u00e7\u00e3o nos lares. Isso ocorre porque v\u00e1rios homens retornaram \u00e0 vida da Igreja e assumiram o compromisso de crist\u00e3os. V\u00e1rios se afastaram dos v\u00edcios, como \u00e1lcool e drogas, e se tornaram protagonistas na vida da Igreja.  <\/p>\t\t\t\t\t\t\t\t<\/div>\n\t\t\t\t<\/div>\n\t\t\t\t<\/div>\n\t\t<div class=\"elementor-element elementor-element-a2ac17d e-con-full e-flex e-con e-child\" data-id=\"a2ac17d\" data-element_type=\"container\" data-e-type=\"container\">\n\t\t\t\t<div class=\"elementor-element elementor-element-f734b20 elementor-widget elementor-widget-image\" data-id=\"f734b20\" data-element_type=\"widget\" data-e-type=\"widget\" data-widget_type=\"image.default\">\n\t\t\t\t<div class=\"elementor-widget-container\">\n\t\t\t\t\t\t\t\t\t\t\t\t\t\t\t<img decoding=\"async\" width=\"2048\" height=\"1152\" src=\"https:\/\/schoenstatt.com\/wp-content\/uploads\/2024\/06\/mens-rosary-terco-dos-homens-rosario-de-hombres-7-scaled-1.jpg\" class=\"attachment-large size-large wp-image-58132\" alt=\"\" srcset=\"https:\/\/schoenstatt.com\/wp-content\/uploads\/2024\/06\/mens-rosary-terco-dos-homens-rosario-de-hombres-7-scaled-1.jpg 2048w, https:\/\/schoenstatt.com\/wp-content\/uploads\/2024\/06\/mens-rosary-terco-dos-homens-rosario-de-hombres-7-scaled-1-768x432.jpg 768w, https:\/\/schoenstatt.com\/wp-content\/uploads\/2024\/06\/mens-rosary-terco-dos-homens-rosario-de-hombres-7-scaled-1-1536x864.jpg 1536w\" sizes=\"(max-width: 2048px) 100vw, 2048px\" \/>\t\t\t\t\t\t\t\t\t\t\t\t\t\t\t<\/div>\n\t\t\t\t<\/div>\n\t\t\t\t<\/div>\n\t\t\t\t\t<\/div>\n\t\t\t\t<\/div>\n\t\t<div class=\"elementor-element elementor-element-8234976 e-flex e-con-boxed e-con e-parent\" data-id=\"8234976\" data-element_type=\"container\" data-e-type=\"container\">\n\t\t\t\t\t<div class=\"e-con-inner\">\n\t\t<div class=\"elementor-element elementor-element-59a3bff e-con-full e-flex e-con e-child\" data-id=\"59a3bff\" data-element_type=\"container\" data-e-type=\"container\">\n\t\t\t\t<div class=\"elementor-element elementor-element-b562479 elementor-widget elementor-widget-image\" data-id=\"b562479\" data-element_type=\"widget\" data-e-type=\"widget\" data-widget_type=\"image.default\">\n\t\t\t\t<div class=\"elementor-widget-container\">\n\t\t\t\t\t\t\t\t\t\t\t\t\t\t\t<img decoding=\"async\" width=\"2048\" height=\"1152\" src=\"https:\/\/schoenstatt.com\/wp-content\/uploads\/2024\/06\/mens-rosary-terco-dos-homens-rosario-de-hombres-6-scaled-1.jpg\" class=\"attachment-large size-large wp-image-58131\" alt=\"\" srcset=\"https:\/\/schoenstatt.com\/wp-content\/uploads\/2024\/06\/mens-rosary-terco-dos-homens-rosario-de-hombres-6-scaled-1.jpg 2048w, https:\/\/schoenstatt.com\/wp-content\/uploads\/2024\/06\/mens-rosary-terco-dos-homens-rosario-de-hombres-6-scaled-1-768x432.jpg 768w, https:\/\/schoenstatt.com\/wp-content\/uploads\/2024\/06\/mens-rosary-terco-dos-homens-rosario-de-hombres-6-scaled-1-1536x864.jpg 1536w\" sizes=\"(max-width: 2048px) 100vw, 2048px\" \/>\t\t\t\t\t\t\t\t\t\t\t\t\t\t\t<\/div>\n\t\t\t\t<\/div>\n\t\t\t\t<div class=\"elementor-element elementor-element-f8c48cb elementor-widget elementor-widget-image\" data-id=\"f8c48cb\" data-element_type=\"widget\" data-e-type=\"widget\" data-widget_type=\"image.default\">\n\t\t\t\t<div class=\"elementor-widget-container\">\n\t\t\t\t\t\t\t\t\t\t\t\t\t\t\t<img loading=\"lazy\" decoding=\"async\" width=\"960\" height=\"640\" src=\"https:\/\/schoenstatt.com\/wp-content\/uploads\/2024\/06\/mens-rosary-terco-dos-homens-rosario-de-hombres-5-1.jpg\" class=\"attachment-large size-large wp-image-58130\" alt=\"\" srcset=\"https:\/\/schoenstatt.com\/wp-content\/uploads\/2024\/06\/mens-rosary-terco-dos-homens-rosario-de-hombres-5-1.jpg 960w, https:\/\/schoenstatt.com\/wp-content\/uploads\/2024\/06\/mens-rosary-terco-dos-homens-rosario-de-hombres-5-1-768x512.jpg 768w\" sizes=\"(max-width: 960px) 100vw, 960px\" \/>\t\t\t\t\t\t\t\t\t\t\t\t\t\t\t<\/div>\n\t\t\t\t<\/div>\n\t\t\t\t<\/div>\n\t\t<div class=\"elementor-element elementor-element-1bc5e3a e-con-full e-flex e-con e-child\" data-id=\"1bc5e3a\" data-element_type=\"container\" data-e-type=\"container\">\n\t\t\t\t<div class=\"elementor-element elementor-element-835b3a5 elementor-widget elementor-widget-heading\" data-id=\"835b3a5\" data-element_type=\"widget\" data-e-type=\"widget\" data-widget_type=\"heading.default\">\n\t\t\t\t<div class=\"elementor-widget-container\">\n\t\t\t\t\t<h2 class=\"elementor-heading-title elementor-size-default\">Como surgiu?<\/h2>\t\t\t\t<\/div>\n\t\t\t\t<\/div>\n\t\t\t\t<div class=\"elementor-element elementor-element-e44b74f elementor-widget elementor-widget-text-editor\" data-id=\"e44b74f\" data-element_type=\"widget\" data-e-type=\"widget\" data-widget_type=\"text-editor.default\">\n\t\t\t\t<div class=\"elementor-widget-container\">\n\t\t\t\t\t\t\t\t\t<p>Um pequeno grupo de homens rezava o Ter\u00e7o na rua, enquanto suas esposas participavam de reuni\u00f5es da Campanha da M\u00e3e Peregrina de Schoenstatt: Esse foi o aceno da Provid\u00eancia Divina para o in\u00edcio de tudo. Esse grupo n\u00e3o teve continuidade, mas inspirou o come\u00e7o do Ter\u00e7o dos Homens no Brasil. <\/p><p>A primeira semente do Ter\u00e7o dos Homens M\u00e3e Rainha, em n\u00edvel paroquial, surgiu no munic\u00edpio de Jaboat\u00e3o dos Guararapes, estado de Pernambuco. Padre Jos\u00e9 Pontes, do Instituto Secular dos Padres de Schoenstatt, tendo conhecimento dessa iniciativa, resolveu experiment\u00e1-la no Santu\u00e1rio da Nova Evangeliza\u00e7\u00e3o, na Diocese de Olinda-Recife\/PE e o Ter\u00e7o come\u00e7a a ter seu grande desenvolvimento, integrando-se nas atividades do Santu\u00e1rio e aumentando, com isso, a sua fecundidade e a for\u00e7a do carisma de Schoenstatt. <\/p><p>Essa iniciativa conquistou multid\u00f5es, irradiando suas gra\u00e7as de uma maneira in\u00e9dita, enchendo as igrejas e capelas de homens, atingindo um n\u00famero incont\u00e1vel de membros, que semanalmente se juntam para rezar ter\u00e7o e aprender a viver os mist\u00e9rios do Ros\u00e1rio na vida de todos os dias.<\/p><p>O mais importante \u00e9 que no THMR o homem aprende a desenvolver o jeito masculino de se relacionar com Deus.<\/p>\t\t\t\t\t\t\t\t<\/div>\n\t\t\t\t<\/div>\n\t\t\t\t<\/div>\n\t\t\t\t\t<\/div>\n\t\t\t\t<\/div>\n\t\t\t\t<\/div>\n\t\t","protected":false},"excerpt":{"rendered":"<p>Ter\u00e7o dos Homens O Ter\u00e7o dos Homens M\u00e3e Rainha \u00e9 um apostolado que surgiu no Brasil, em 1997, e re\u00fane uma multid\u00e3o de homens, todas as semanas, para rezar o Ter\u00e7o. Eles se encontram em pequenos e grandes grupos presentes em in\u00fameras comunidades espalhadas pelo pa\u00eds. Os dados da Secretaria Nacional indicam que mais de [&hellip;]<\/p>\n","protected":false},"author":3,"featured_media":39146,"parent":40104,"menu_order":0,"comment_status":"closed","ping_status":"closed","template":"","meta":{"footnotes":""},"class_list":["post-40071","page","type-page","status-publish","has-post-thumbnail","hentry"],"yoast_head":"<!-- This site is optimized with the Yoast SEO Premium plugin v27.4 (Yoast SEO v27.4) - https:\/\/yoast.com\/product\/yoast-seo-premium-wordpress\/ -->\n<title>Ter\u00e7o dos Homens M\u00e3e Rainha - Schoenstatt<\/title>\n<meta name=\"description\" content=\"Um apostolado que come\u00e7ou no Brasil em 1997 e toda semana re\u00fane um grande n\u00famero de homens para rezar o ter\u00e7o.\" \/>\n<meta name=\"robots\" content=\"index, follow, max-snippet:-1, max-image-preview:large, max-video-preview:-1\" \/>\n<link rel=\"canonical\" href=\"https:\/\/schoenstatt.com\/pt-pt\/em-missao\/igreja\/terco-dos-homens-mae-rainha\/\" \/>\n<meta property=\"og:locale\" content=\"pt_PT\" \/>\n<meta property=\"og:type\" content=\"article\" \/>\n<meta property=\"og:title\" content=\"Ter\u00e7o dos Homens M\u00e3e Rainha\" \/>\n<meta property=\"og:description\" content=\"Um apostolado que come\u00e7ou no Brasil em 1997 e toda semana re\u00fane um grande n\u00famero de homens para rezar o ter\u00e7o.\" \/>\n<meta property=\"og:url\" content=\"https:\/\/schoenstatt.com\/pt-pt\/em-missao\/igreja\/terco-dos-homens-mae-rainha\/\" \/>\n<meta property=\"og:site_name\" content=\"Schoenstatt\" \/>\n<meta property=\"article:modified_time\" content=\"2025-05-27T02:28:53+00:00\" \/>\n<meta property=\"og:image\" content=\"https:\/\/schoenstatt.com\/wp-content\/uploads\/2024\/06\/mens-rosary-terco-dos-homens-rosario-de-hombres-3-1.jpg\" \/>\n\t<meta property=\"og:image:width\" content=\"2048\" \/>\n\t<meta property=\"og:image:height\" content=\"774\" \/>\n\t<meta property=\"og:image:type\" content=\"image\/jpeg\" \/>\n<meta name=\"twitter:card\" content=\"summary_large_image\" \/>\n<meta name=\"twitter:label1\" content=\"Tempo estimado de leitura\" \/>\n\t<meta name=\"twitter:data1\" content=\"2 minutos\" \/>\n<script type=\"application\/ld+json\" class=\"yoast-schema-graph\">{\"@context\":\"https:\\\/\\\/schema.org\",\"@graph\":[{\"@type\":\"WebPage\",\"@id\":\"https:\\\/\\\/schoenstatt.com\\\/pt-pt\\\/em-missao\\\/igreja\\\/terco-dos-homens-mae-rainha\\\/\",\"url\":\"https:\\\/\\\/schoenstatt.com\\\/pt-pt\\\/em-missao\\\/igreja\\\/terco-dos-homens-mae-rainha\\\/\",\"name\":\"Ter\u00e7o dos Homens M\u00e3e Rainha - Schoenstatt\",\"isPartOf\":{\"@id\":\"https:\\\/\\\/schoenstatt.com\\\/pt-pt\\\/#website\"},\"primaryImageOfPage\":{\"@id\":\"https:\\\/\\\/schoenstatt.com\\\/pt-pt\\\/em-missao\\\/igreja\\\/terco-dos-homens-mae-rainha\\\/#primaryimage\"},\"image\":{\"@id\":\"https:\\\/\\\/schoenstatt.com\\\/pt-pt\\\/em-missao\\\/igreja\\\/terco-dos-homens-mae-rainha\\\/#primaryimage\"},\"thumbnailUrl\":\"https:\\\/\\\/schoenstatt.com\\\/wp-content\\\/uploads\\\/2024\\\/06\\\/mens-rosary-terco-dos-homens-rosario-de-hombres-3-1.jpg\",\"datePublished\":\"2024-06-26T23:30:16+00:00\",\"dateModified\":\"2025-05-27T02:28:53+00:00\",\"description\":\"Um apostolado que come\u00e7ou no Brasil em 1997 e toda semana re\u00fane um grande n\u00famero de homens para rezar o ter\u00e7o.\",\"breadcrumb\":{\"@id\":\"https:\\\/\\\/schoenstatt.com\\\/pt-pt\\\/em-missao\\\/igreja\\\/terco-dos-homens-mae-rainha\\\/#breadcrumb\"},\"inLanguage\":\"pt-PT\",\"potentialAction\":[{\"@type\":\"ReadAction\",\"target\":[\"https:\\\/\\\/schoenstatt.com\\\/pt-pt\\\/em-missao\\\/igreja\\\/terco-dos-homens-mae-rainha\\\/\"]}]},{\"@type\":\"ImageObject\",\"inLanguage\":\"pt-PT\",\"@id\":\"https:\\\/\\\/schoenstatt.com\\\/pt-pt\\\/em-missao\\\/igreja\\\/terco-dos-homens-mae-rainha\\\/#primaryimage\",\"url\":\"https:\\\/\\\/schoenstatt.com\\\/wp-content\\\/uploads\\\/2024\\\/06\\\/mens-rosary-terco-dos-homens-rosario-de-hombres-3-1.jpg\",\"contentUrl\":\"https:\\\/\\\/schoenstatt.com\\\/wp-content\\\/uploads\\\/2024\\\/06\\\/mens-rosary-terco-dos-homens-rosario-de-hombres-3-1.jpg\",\"width\":2048,\"height\":774,\"caption\":\"AC Bscale(2.0) Dscale(2.0) enhenced_level(-6) isOutdoor(0) result(0) FM0 FC100110011:zzzzzz012 82 00 0 05f02fe45031e1040 92410a21a 14 0256105242 0 0 0 0 0 0 0 0242c181c164 06b 0231c17fc186 06b 0220c17dc171 0 c 020fc17cc146 06e 01fec17bc12c 06b 01edc170c11a 06b 01dcc150c0f0 06b 01edc130c0cc 06b 01fec15cc0e1 06b 020fc178c0f4 06b 0230c182c101 06b 0236c17bc105 06b 023cc17dc10a 06b 0242c180c113 06b 0248c184c115 06b 024ec18ac115 06b 0248c18ac113 06b 0248c18bc10e 06b 0\"},{\"@type\":\"BreadcrumbList\",\"@id\":\"https:\\\/\\\/schoenstatt.com\\\/pt-pt\\\/em-missao\\\/igreja\\\/terco-dos-homens-mae-rainha\\\/#breadcrumb\",\"itemListElement\":[{\"@type\":\"ListItem\",\"position\":1,\"name\":\"Portada\",\"item\":\"https:\\\/\\\/schoenstatt.com\\\/pt-pt\\\/home\\\/\"},{\"@type\":\"ListItem\",\"position\":2,\"name\":\"Em miss\u00e3o\",\"item\":\"https:\\\/\\\/schoenstatt.com\\\/pt-pt\\\/in-mission\\\/\"},{\"@type\":\"ListItem\",\"position\":3,\"name\":\"Igreja\",\"item\":\"https:\\\/\\\/schoenstatt.com\\\/pt-pt\\\/em-missao\\\/igreja\\\/\"},{\"@type\":\"ListItem\",\"position\":4,\"name\":\"Ter\u00e7o dos Homens M\u00e3e Rainha\"}]},{\"@type\":\"WebSite\",\"@id\":\"https:\\\/\\\/schoenstatt.com\\\/pt-pt\\\/#website\",\"url\":\"https:\\\/\\\/schoenstatt.com\\\/pt-pt\\\/\",\"name\":\"Schoenstatt\",\"description\":\"Apostolic Movement\",\"publisher\":{\"@id\":\"https:\\\/\\\/schoenstatt.com\\\/pt-pt\\\/#organization\"},\"potentialAction\":[{\"@type\":\"SearchAction\",\"target\":{\"@type\":\"EntryPoint\",\"urlTemplate\":\"https:\\\/\\\/schoenstatt.com\\\/pt-pt\\\/?s={search_term_string}\"},\"query-input\":{\"@type\":\"PropertyValueSpecification\",\"valueRequired\":true,\"valueName\":\"search_term_string\"}}],\"inLanguage\":\"pt-PT\"},{\"@type\":\"Organization\",\"@id\":\"https:\\\/\\\/schoenstatt.com\\\/pt-pt\\\/#organization\",\"name\":\"Schoenstatt\",\"url\":\"https:\\\/\\\/schoenstatt.com\\\/pt-pt\\\/\",\"logo\":{\"@type\":\"ImageObject\",\"inLanguage\":\"pt-PT\",\"@id\":\"https:\\\/\\\/schoenstatt.com\\\/pt-pt\\\/#\\\/schema\\\/logo\\\/image\\\/\",\"url\":\"https:\\\/\\\/schoenstatt.com\\\/wp-content\\\/uploads\\\/2025\\\/04\\\/logo-schoenstatt-white-696x696-1.png\",\"contentUrl\":\"https:\\\/\\\/schoenstatt.com\\\/wp-content\\\/uploads\\\/2025\\\/04\\\/logo-schoenstatt-white-696x696-1.png\",\"width\":696,\"height\":694,\"caption\":\"Schoenstatt\"},\"image\":{\"@id\":\"https:\\\/\\\/schoenstatt.com\\\/pt-pt\\\/#\\\/schema\\\/logo\\\/image\\\/\"}}]}<\/script>\n<!-- \/ Yoast SEO Premium plugin. -->","yoast_head_json":{"title":"Ter\u00e7o dos Homens M\u00e3e Rainha - Schoenstatt","description":"Um apostolado que come\u00e7ou no Brasil em 1997 e toda semana re\u00fane um grande n\u00famero de homens para rezar o ter\u00e7o.","robots":{"index":"index","follow":"follow","max-snippet":"max-snippet:-1","max-image-preview":"max-image-preview:large","max-video-preview":"max-video-preview:-1"},"canonical":"https:\/\/schoenstatt.com\/pt-pt\/em-missao\/igreja\/terco-dos-homens-mae-rainha\/","og_locale":"pt_PT","og_type":"article","og_title":"Ter\u00e7o dos Homens M\u00e3e Rainha","og_description":"Um apostolado que come\u00e7ou no Brasil em 1997 e toda semana re\u00fane um grande n\u00famero de homens para rezar o ter\u00e7o.","og_url":"https:\/\/schoenstatt.com\/pt-pt\/em-missao\/igreja\/terco-dos-homens-mae-rainha\/","og_site_name":"Schoenstatt","article_modified_time":"2025-05-27T02:28:53+00:00","og_image":[{"width":2048,"height":774,"url":"https:\/\/schoenstatt.com\/wp-content\/uploads\/2024\/06\/mens-rosary-terco-dos-homens-rosario-de-hombres-3-1.jpg","type":"image\/jpeg"}],"twitter_card":"summary_large_image","twitter_misc":{"Tempo estimado de leitura":"2 minutos"},"schema":{"@context":"https:\/\/schema.org","@graph":[{"@type":"WebPage","@id":"https:\/\/schoenstatt.com\/pt-pt\/em-missao\/igreja\/terco-dos-homens-mae-rainha\/","url":"https:\/\/schoenstatt.com\/pt-pt\/em-missao\/igreja\/terco-dos-homens-mae-rainha\/","name":"Ter\u00e7o dos Homens M\u00e3e Rainha - Schoenstatt","isPartOf":{"@id":"https:\/\/schoenstatt.com\/pt-pt\/#website"},"primaryImageOfPage":{"@id":"https:\/\/schoenstatt.com\/pt-pt\/em-missao\/igreja\/terco-dos-homens-mae-rainha\/#primaryimage"},"image":{"@id":"https:\/\/schoenstatt.com\/pt-pt\/em-missao\/igreja\/terco-dos-homens-mae-rainha\/#primaryimage"},"thumbnailUrl":"https:\/\/schoenstatt.com\/wp-content\/uploads\/2024\/06\/mens-rosary-terco-dos-homens-rosario-de-hombres-3-1.jpg","datePublished":"2024-06-26T23:30:16+00:00","dateModified":"2025-05-27T02:28:53+00:00","description":"Um apostolado que come\u00e7ou no Brasil em 1997 e toda semana re\u00fane um grande n\u00famero de homens para rezar o ter\u00e7o.","breadcrumb":{"@id":"https:\/\/schoenstatt.com\/pt-pt\/em-missao\/igreja\/terco-dos-homens-mae-rainha\/#breadcrumb"},"inLanguage":"pt-PT","potentialAction":[{"@type":"ReadAction","target":["https:\/\/schoenstatt.com\/pt-pt\/em-missao\/igreja\/terco-dos-homens-mae-rainha\/"]}]},{"@type":"ImageObject","inLanguage":"pt-PT","@id":"https:\/\/schoenstatt.com\/pt-pt\/em-missao\/igreja\/terco-dos-homens-mae-rainha\/#primaryimage","url":"https:\/\/schoenstatt.com\/wp-content\/uploads\/2024\/06\/mens-rosary-terco-dos-homens-rosario-de-hombres-3-1.jpg","contentUrl":"https:\/\/schoenstatt.com\/wp-content\/uploads\/2024\/06\/mens-rosary-terco-dos-homens-rosario-de-hombres-3-1.jpg","width":2048,"height":774,"caption":"AC Bscale(2.0) Dscale(2.0) enhenced_level(-6) isOutdoor(0) result(0) FM0 FC100110011:zzzzzz012 82 00 0 05f02fe45031e1040 92410a21a 14 0256105242 0 0 0 0 0 0 0 0242c181c164 06b 0231c17fc186 06b 0220c17dc171 0 c 020fc17cc146 06e 01fec17bc12c 06b 01edc170c11a 06b 01dcc150c0f0 06b 01edc130c0cc 06b 01fec15cc0e1 06b 020fc178c0f4 06b 0230c182c101 06b 0236c17bc105 06b 023cc17dc10a 06b 0242c180c113 06b 0248c184c115 06b 024ec18ac115 06b 0248c18ac113 06b 0248c18bc10e 06b 0"},{"@type":"BreadcrumbList","@id":"https:\/\/schoenstatt.com\/pt-pt\/em-missao\/igreja\/terco-dos-homens-mae-rainha\/#breadcrumb","itemListElement":[{"@type":"ListItem","position":1,"name":"Portada","item":"https:\/\/schoenstatt.com\/pt-pt\/home\/"},{"@type":"ListItem","position":2,"name":"Em miss\u00e3o","item":"https:\/\/schoenstatt.com\/pt-pt\/in-mission\/"},{"@type":"ListItem","position":3,"name":"Igreja","item":"https:\/\/schoenstatt.com\/pt-pt\/em-missao\/igreja\/"},{"@type":"ListItem","position":4,"name":"Ter\u00e7o dos Homens M\u00e3e Rainha"}]},{"@type":"WebSite","@id":"https:\/\/schoenstatt.com\/pt-pt\/#website","url":"https:\/\/schoenstatt.com\/pt-pt\/","name":"Schoenstatt","description":"Apostolic Movement","publisher":{"@id":"https:\/\/schoenstatt.com\/pt-pt\/#organization"},"potentialAction":[{"@type":"SearchAction","target":{"@type":"EntryPoint","urlTemplate":"https:\/\/schoenstatt.com\/pt-pt\/?s={search_term_string}"},"query-input":{"@type":"PropertyValueSpecification","valueRequired":true,"valueName":"search_term_string"}}],"inLanguage":"pt-PT"},{"@type":"Organization","@id":"https:\/\/schoenstatt.com\/pt-pt\/#organization","name":"Schoenstatt","url":"https:\/\/schoenstatt.com\/pt-pt\/","logo":{"@type":"ImageObject","inLanguage":"pt-PT","@id":"https:\/\/schoenstatt.com\/pt-pt\/#\/schema\/logo\/image\/","url":"https:\/\/schoenstatt.com\/wp-content\/uploads\/2025\/04\/logo-schoenstatt-white-696x696-1.png","contentUrl":"https:\/\/schoenstatt.com\/wp-content\/uploads\/2025\/04\/logo-schoenstatt-white-696x696-1.png","width":696,"height":694,"caption":"Schoenstatt"},"image":{"@id":"https:\/\/schoenstatt.com\/pt-pt\/#\/schema\/logo\/image\/"}}]}},"_links":{"self":[{"href":"https:\/\/schoenstatt.com\/pt-pt\/wp-json\/wp\/v2\/pages\/40071","targetHints":{"allow":["GET"]}}],"collection":[{"href":"https:\/\/schoenstatt.com\/pt-pt\/wp-json\/wp\/v2\/pages"}],"about":[{"href":"https:\/\/schoenstatt.com\/pt-pt\/wp-json\/wp\/v2\/types\/page"}],"author":[{"embeddable":true,"href":"https:\/\/schoenstatt.com\/pt-pt\/wp-json\/wp\/v2\/users\/3"}],"replies":[{"embeddable":true,"href":"https:\/\/schoenstatt.com\/pt-pt\/wp-json\/wp\/v2\/comments?post=40071"}],"version-history":[{"count":3,"href":"https:\/\/schoenstatt.com\/pt-pt\/wp-json\/wp\/v2\/pages\/40071\/revisions"}],"predecessor-version":[{"id":58151,"href":"https:\/\/schoenstatt.com\/pt-pt\/wp-json\/wp\/v2\/pages\/40071\/revisions\/58151"}],"up":[{"embeddable":true,"href":"https:\/\/schoenstatt.com\/pt-pt\/wp-json\/wp\/v2\/pages\/40104"}],"wp:featuredmedia":[{"embeddable":true,"href":"https:\/\/schoenstatt.com\/pt-pt\/wp-json\/wp\/v2\/media\/39146"}],"wp:attachment":[{"href":"https:\/\/schoenstatt.com\/pt-pt\/wp-json\/wp\/v2\/media?parent=40071"}],"curies":[{"name":"wp","href":"https:\/\/api.w.org\/{rel}","templated":true}]}}