{"id":34407,"date":"2023-12-13T14:10:12","date_gmt":"2023-12-13T13:10:12","guid":{"rendered":"https:\/\/schoenstatt.com\/jubileo-75-anos-del-31-de-mayo\/"},"modified":"2025-04-20T20:28:25","modified_gmt":"2025-04-20T18:28:25","slug":"jubileu-75-anos-do-31-de-maio","status":"publish","type":"page","link":"https:\/\/schoenstatt.com\/pt-pt\/jubileu-75-anos-do-31-de-maio\/","title":{"rendered":"Jubileu: 75 anos do 31 de Maio"},"content":{"rendered":"<p>[vc_row][vc_column width=&#8221;1\/1&#8243;][vc_single_image media=&#8221;33755&#8243; media_width_percent=&#8221;100&#8243;][\/vc_column][\/vc_row][vc_row][vc_column width=&#8221;1\/1&#8243;][vc_column_text]<em>Nesta p\u00e1gina voc\u00ea encontra informa\u00e7\u00f5es sobre a <strong>celebra\u00e7\u00e3o dos 75 anos do III Marco Hist\u00f3rico da Obra de Schoenstatt<\/strong>, o ato de \u201c31 de Maio de 1949\u201d.<\/em><\/p>\n<p>Em 2024 completam-se 75 anos do Terceiro Marco da hist\u00f3ria de nosso Movimento. Naquele 31 de maio de 1949, implorando as gra\u00e7as de Pentecostes, o Pe. Kentenich confiou \u201c<strong>a miss\u00e3o de Schoenstatt<\/strong>\u201d \u00e0 M\u00e3e de Deus, o desejo de que nosso carisma se abrisse \u00e0 Igreja com toda a sua riqueza, presenteando a todos a Alian\u00e7a de Amor com Maria, que nos ajuda a unir vitalmente o natural com o sobrenatural na vida cotidiana.<\/p>\n<p>Em agradecimento por toda a vida e a corrente mission\u00e1ria que surgiu desde esse momento da hist\u00f3ria de Schoenstatt, a Fam\u00edlia do Chile convida para uma grande <strong>celebra\u00e7\u00e3o internacional<\/strong> nos dias 31 de maio, 1 e 2 de junho de 2024, aberta a todos os peregrinos do Chile e do mundo, para que possam fazer parte desta celebra\u00e7\u00e3o jubilar.[\/vc_column_text][\/vc_column][\/vc_row][vc_row][vc_column width=&#8221;1\/1&#8243;][vc_column_text]<\/p>\n<h2>Materiais Importantes:<\/h2>\n<p>[\/vc_column_text][\/vc_column][\/vc_row][vc_row][vc_column width=&#8221;1\/2&#8243;][vc_column_text]<\/p>\n<ul>\n<li><a href=\"https:\/\/schoenstatt.com\/wp-content\/uploads\/2024\/01\/Logo-31-de-mayo.png\" target=\"_blank\" rel=\"noopener\"><strong>Logomarca do jubileu para download<\/strong><\/a><\/li>\n<li><a href=\"https:\/\/ch8ds.r.sp1-brevo.net\/mk\/mr\/sh\/1f8JAEjGcfF860xntMLpTMF66Z\/eNneeVxPkQF6\" target=\"_blank\" rel=\"noopener\"><strong>Ora\u00e7\u00e3o oficial<\/strong><\/a><\/li>\n<li><a href=\"https:\/\/schoenstatt.com\/wp-content\/uploads\/2023\/11\/PT-Convocatoria-Jubileo-75-anos-31-de-mayo.pdf\" target=\"_blank\" rel=\"noopener\"><strong>Carta del Director Nacional de Chile<\/strong><\/a><\/li>\n<li><a href=\"http:\/\/www.schoenstatt.cl\/prontus_schoenstatt\/site\/artic\/20231124\/asocfile\/20231124202459\/20231016_respuesta_a_chile____celebracio__n_31_de_mayo_2024__1_.pdf\" target=\"_blank\" rel=\"noopener\"><strong>Carta da Presid\u00eancia Internacional de Schoenstatt (ES)<\/strong><\/a><\/li>\n<li><a href=\"https:\/\/maps.app.goo.gl\/MG9Dp7GDotGGMrqt7\" target=\"_blank\" rel=\"noopener\"><strong>Localiza\u00e7\u00e3o do Santu\u00e1rio de Bellavista<\/strong><\/a><\/li>\n<\/ul>\n<p>[\/vc_column_text][\/vc_column][vc_column width=&#8221;1\/2&#8243;][vc_single_image media=&#8221;34045&#8243; media_width_percent=&#8221;65&#8243;][\/vc_column][\/vc_row][vc_row][vc_column width=&#8221;1\/1&#8243;][vc_column_text]<\/p>\n<h2>Not\u00edcias:<\/h2>\n<p>[\/vc_column_text][vc_column_text]<\/p>\n<ul>\n<li><a href=\"https:\/\/schoenstatt.com\/pt-pt\/eventos-pt\/um-convite-a-toda-familia-de-schoenstatt-75-anos-do-31-de-maio\/\"><strong>Convite para o Jubileu<\/strong><\/a><\/li>\n<li><a href=\"https:\/\/ch8ds.r.sp1-brevo.net\/mk\/mr\/sh\/1f8JAEjGcfF860xntMLpTMF66Z\/eNneeVxPkQF6\" target=\"_blank\" rel=\"noopener\"><strong>Nota comunicacio\u0301n 1<\/strong><\/a><\/li>\n<\/ul>\n<p>[\/vc_column_text][\/vc_column][\/vc_row][vc_row][vc_column width=&#8221;1\/1&#8243;][\/vc_column][\/vc_row][vc_row][vc_column width=&#8221;1\/1&#8243;][vc_column_text]<\/p>\n<p style=\"text-align: center;\"><a class=\"fasc-button fasc-size-medium fasc-type-flat fasc-rounded-medium fasc-style-bold\" style=\"background-color: #10217d; color: #ffffff;\" href=\"https:\/\/schoenstatt.com\/es\/tag\/31-de-mayo\/\">M\u00e1s noticias<\/a><\/p>\n<p>[\/vc_column_text][vc_empty_space empty_h=&#8221;2&#8243;][\/vc_column][\/vc_row]<\/p>\n","protected":false},"excerpt":{"rendered":"<p>[vc_row][vc_column width=&#8221;1\/1&#8243;][vc_single_image media=&#8221;33755&#8243; media_width_percent=&#8221;100&#8243;][\/vc_column][\/vc_row][vc_row][vc_column width=&#8221;1\/1&#8243;][vc_column_text]Nesta p\u00e1gina voc\u00ea encontra informa\u00e7\u00f5es sobre a celebra\u00e7\u00e3o dos 75 anos do III Marco Hist\u00f3rico da Obra de Schoenstatt, o ato de \u201c31 de Maio de 1949\u201d. Em 2024 completam-se 75 anos do Terceiro Marco da hist\u00f3ria de nosso Movimento. Naquele 31 de maio de 1949, implorando as gra\u00e7as de Pentecostes, [&hellip;]<\/p>\n","protected":false},"author":3,"featured_media":33752,"parent":0,"menu_order":0,"comment_status":"closed","ping_status":"closed","template":"","meta":{"footnotes":""},"class_list":["post-34407","page","type-page","status-publish","has-post-thumbnail","hentry"],"yoast_head":"<!-- This site is optimized with the Yoast SEO Premium plugin v27.1 (Yoast SEO v27.3) - https:\/\/yoast.com\/product\/yoast-seo-premium-wordpress\/ -->\n<title>Jubileu: 75 anos do 31 de Maio - Schoenstatt<\/title>\n<meta name=\"description\" content=\"Nesta p\u00e1gina voc\u00ea encontra informa\u00e7\u00f5es sobre a celebra\u00e7\u00e3o dos 75 anos do Terceiro Marco de Schoenstatt, o ato do &quot;31 de Maio&quot;.\" \/>\n<meta name=\"robots\" content=\"index, follow, max-snippet:-1, max-image-preview:large, max-video-preview:-1\" \/>\n<link rel=\"canonical\" href=\"https:\/\/schoenstatt.com\/pt-pt\/jubileu-75-anos-do-31-de-maio\/\" \/>\n<meta property=\"og:locale\" content=\"pt_PT\" \/>\n<meta property=\"og:type\" content=\"article\" \/>\n<meta property=\"og:title\" content=\"Jubileu: 75 anos do 31 de Maio\" \/>\n<meta property=\"og:description\" content=\"Nesta p\u00e1gina voc\u00ea encontra informa\u00e7\u00f5es sobre a celebra\u00e7\u00e3o dos 75 anos do Terceiro Marco de Schoenstatt, o ato do &quot;31 de Maio&quot;.\" \/>\n<meta property=\"og:url\" content=\"https:\/\/schoenstatt.com\/pt-pt\/jubileu-75-anos-do-31-de-maio\/\" \/>\n<meta property=\"og:site_name\" content=\"Schoenstatt\" \/>\n<meta property=\"article:modified_time\" content=\"2025-04-20T18:28:25+00:00\" \/>\n<meta property=\"og:image\" content=\"https:\/\/schoenstatt.com\/wp-content\/uploads\/2023\/11\/jubileu-31-de-mayo-2024-logo-1.jpg\" \/>\n\t<meta property=\"og:image:width\" content=\"2048\" \/>\n\t<meta property=\"og:image:height\" content=\"1065\" \/>\n\t<meta property=\"og:image:type\" content=\"image\/jpeg\" \/>\n<meta name=\"twitter:card\" content=\"summary_large_image\" \/>\n<meta name=\"twitter:label1\" content=\"Tempo estimado de leitura\" \/>\n\t<meta name=\"twitter:data1\" content=\"1 minuto\" \/>\n<script type=\"application\/ld+json\" class=\"yoast-schema-graph\">{\"@context\":\"https:\\\/\\\/schema.org\",\"@graph\":[{\"@type\":\"WebPage\",\"@id\":\"https:\\\/\\\/schoenstatt.com\\\/pt-pt\\\/jubileu-75-anos-do-31-de-maio\\\/\",\"url\":\"https:\\\/\\\/schoenstatt.com\\\/pt-pt\\\/jubileu-75-anos-do-31-de-maio\\\/\",\"name\":\"Jubileu: 75 anos do 31 de Maio - Schoenstatt\",\"isPartOf\":{\"@id\":\"https:\\\/\\\/schoenstatt.com\\\/pt-pt\\\/#website\"},\"primaryImageOfPage\":{\"@id\":\"https:\\\/\\\/schoenstatt.com\\\/pt-pt\\\/jubileu-75-anos-do-31-de-maio\\\/#primaryimage\"},\"image\":{\"@id\":\"https:\\\/\\\/schoenstatt.com\\\/pt-pt\\\/jubileu-75-anos-do-31-de-maio\\\/#primaryimage\"},\"thumbnailUrl\":\"https:\\\/\\\/schoenstatt.com\\\/wp-content\\\/uploads\\\/2023\\\/11\\\/jubileu-31-de-mayo-2024-logo-1.jpg\",\"datePublished\":\"2023-12-13T13:10:12+00:00\",\"dateModified\":\"2025-04-20T18:28:25+00:00\",\"description\":\"Nesta p\u00e1gina voc\u00ea encontra informa\u00e7\u00f5es sobre a celebra\u00e7\u00e3o dos 75 anos do Terceiro Marco de Schoenstatt, o ato do \\\"31 de Maio\\\".\",\"breadcrumb\":{\"@id\":\"https:\\\/\\\/schoenstatt.com\\\/pt-pt\\\/jubileu-75-anos-do-31-de-maio\\\/#breadcrumb\"},\"inLanguage\":\"pt-PT\",\"potentialAction\":[{\"@type\":\"ReadAction\",\"target\":[\"https:\\\/\\\/schoenstatt.com\\\/pt-pt\\\/jubileu-75-anos-do-31-de-maio\\\/\"]}]},{\"@type\":\"ImageObject\",\"inLanguage\":\"pt-PT\",\"@id\":\"https:\\\/\\\/schoenstatt.com\\\/pt-pt\\\/jubileu-75-anos-do-31-de-maio\\\/#primaryimage\",\"url\":\"https:\\\/\\\/schoenstatt.com\\\/wp-content\\\/uploads\\\/2023\\\/11\\\/jubileu-31-de-mayo-2024-logo-1.jpg\",\"contentUrl\":\"https:\\\/\\\/schoenstatt.com\\\/wp-content\\\/uploads\\\/2023\\\/11\\\/jubileu-31-de-mayo-2024-logo-1.jpg\",\"width\":2048,\"height\":1065},{\"@type\":\"BreadcrumbList\",\"@id\":\"https:\\\/\\\/schoenstatt.com\\\/pt-pt\\\/jubileu-75-anos-do-31-de-maio\\\/#breadcrumb\",\"itemListElement\":[{\"@type\":\"ListItem\",\"position\":1,\"name\":\"Portada\",\"item\":\"https:\\\/\\\/schoenstatt.com\\\/pt-pt\\\/home\\\/\"},{\"@type\":\"ListItem\",\"position\":2,\"name\":\"Jubileu: 75 anos do 31 de Maio\"}]},{\"@type\":\"WebSite\",\"@id\":\"https:\\\/\\\/schoenstatt.com\\\/pt-pt\\\/#website\",\"url\":\"https:\\\/\\\/schoenstatt.com\\\/pt-pt\\\/\",\"name\":\"Schoenstatt\",\"description\":\"Apostolic Movement\",\"publisher\":{\"@id\":\"https:\\\/\\\/schoenstatt.com\\\/pt-pt\\\/#organization\"},\"potentialAction\":[{\"@type\":\"SearchAction\",\"target\":{\"@type\":\"EntryPoint\",\"urlTemplate\":\"https:\\\/\\\/schoenstatt.com\\\/pt-pt\\\/?s={search_term_string}\"},\"query-input\":{\"@type\":\"PropertyValueSpecification\",\"valueRequired\":true,\"valueName\":\"search_term_string\"}}],\"inLanguage\":\"pt-PT\"},{\"@type\":\"Organization\",\"@id\":\"https:\\\/\\\/schoenstatt.com\\\/pt-pt\\\/#organization\",\"name\":\"Schoenstatt\",\"url\":\"https:\\\/\\\/schoenstatt.com\\\/pt-pt\\\/\",\"logo\":{\"@type\":\"ImageObject\",\"inLanguage\":\"pt-PT\",\"@id\":\"https:\\\/\\\/schoenstatt.com\\\/pt-pt\\\/#\\\/schema\\\/logo\\\/image\\\/\",\"url\":\"https:\\\/\\\/schoenstatt.com\\\/wp-content\\\/uploads\\\/2025\\\/04\\\/logo-schoenstatt-white-696x696-1.png\",\"contentUrl\":\"https:\\\/\\\/schoenstatt.com\\\/wp-content\\\/uploads\\\/2025\\\/04\\\/logo-schoenstatt-white-696x696-1.png\",\"width\":696,\"height\":694,\"caption\":\"Schoenstatt\"},\"image\":{\"@id\":\"https:\\\/\\\/schoenstatt.com\\\/pt-pt\\\/#\\\/schema\\\/logo\\\/image\\\/\"}}]}<\/script>\n<!-- \/ Yoast SEO Premium plugin. -->","yoast_head_json":{"title":"Jubileu: 75 anos do 31 de Maio - Schoenstatt","description":"Nesta p\u00e1gina voc\u00ea encontra informa\u00e7\u00f5es sobre a celebra\u00e7\u00e3o dos 75 anos do Terceiro Marco de Schoenstatt, o ato do \"31 de Maio\".","robots":{"index":"index","follow":"follow","max-snippet":"max-snippet:-1","max-image-preview":"max-image-preview:large","max-video-preview":"max-video-preview:-1"},"canonical":"https:\/\/schoenstatt.com\/pt-pt\/jubileu-75-anos-do-31-de-maio\/","og_locale":"pt_PT","og_type":"article","og_title":"Jubileu: 75 anos do 31 de Maio","og_description":"Nesta p\u00e1gina voc\u00ea encontra informa\u00e7\u00f5es sobre a celebra\u00e7\u00e3o dos 75 anos do Terceiro Marco de Schoenstatt, o ato do \"31 de Maio\".","og_url":"https:\/\/schoenstatt.com\/pt-pt\/jubileu-75-anos-do-31-de-maio\/","og_site_name":"Schoenstatt","article_modified_time":"2025-04-20T18:28:25+00:00","og_image":[{"width":2048,"height":1065,"url":"https:\/\/schoenstatt.com\/wp-content\/uploads\/2023\/11\/jubileu-31-de-mayo-2024-logo-1.jpg","type":"image\/jpeg"}],"twitter_card":"summary_large_image","twitter_misc":{"Tempo estimado de leitura":"1 minuto"},"schema":{"@context":"https:\/\/schema.org","@graph":[{"@type":"WebPage","@id":"https:\/\/schoenstatt.com\/pt-pt\/jubileu-75-anos-do-31-de-maio\/","url":"https:\/\/schoenstatt.com\/pt-pt\/jubileu-75-anos-do-31-de-maio\/","name":"Jubileu: 75 anos do 31 de Maio - Schoenstatt","isPartOf":{"@id":"https:\/\/schoenstatt.com\/pt-pt\/#website"},"primaryImageOfPage":{"@id":"https:\/\/schoenstatt.com\/pt-pt\/jubileu-75-anos-do-31-de-maio\/#primaryimage"},"image":{"@id":"https:\/\/schoenstatt.com\/pt-pt\/jubileu-75-anos-do-31-de-maio\/#primaryimage"},"thumbnailUrl":"https:\/\/schoenstatt.com\/wp-content\/uploads\/2023\/11\/jubileu-31-de-mayo-2024-logo-1.jpg","datePublished":"2023-12-13T13:10:12+00:00","dateModified":"2025-04-20T18:28:25+00:00","description":"Nesta p\u00e1gina voc\u00ea encontra informa\u00e7\u00f5es sobre a celebra\u00e7\u00e3o dos 75 anos do Terceiro Marco de Schoenstatt, o ato do \"31 de Maio\".","breadcrumb":{"@id":"https:\/\/schoenstatt.com\/pt-pt\/jubileu-75-anos-do-31-de-maio\/#breadcrumb"},"inLanguage":"pt-PT","potentialAction":[{"@type":"ReadAction","target":["https:\/\/schoenstatt.com\/pt-pt\/jubileu-75-anos-do-31-de-maio\/"]}]},{"@type":"ImageObject","inLanguage":"pt-PT","@id":"https:\/\/schoenstatt.com\/pt-pt\/jubileu-75-anos-do-31-de-maio\/#primaryimage","url":"https:\/\/schoenstatt.com\/wp-content\/uploads\/2023\/11\/jubileu-31-de-mayo-2024-logo-1.jpg","contentUrl":"https:\/\/schoenstatt.com\/wp-content\/uploads\/2023\/11\/jubileu-31-de-mayo-2024-logo-1.jpg","width":2048,"height":1065},{"@type":"BreadcrumbList","@id":"https:\/\/schoenstatt.com\/pt-pt\/jubileu-75-anos-do-31-de-maio\/#breadcrumb","itemListElement":[{"@type":"ListItem","position":1,"name":"Portada","item":"https:\/\/schoenstatt.com\/pt-pt\/home\/"},{"@type":"ListItem","position":2,"name":"Jubileu: 75 anos do 31 de Maio"}]},{"@type":"WebSite","@id":"https:\/\/schoenstatt.com\/pt-pt\/#website","url":"https:\/\/schoenstatt.com\/pt-pt\/","name":"Schoenstatt","description":"Apostolic Movement","publisher":{"@id":"https:\/\/schoenstatt.com\/pt-pt\/#organization"},"potentialAction":[{"@type":"SearchAction","target":{"@type":"EntryPoint","urlTemplate":"https:\/\/schoenstatt.com\/pt-pt\/?s={search_term_string}"},"query-input":{"@type":"PropertyValueSpecification","valueRequired":true,"valueName":"search_term_string"}}],"inLanguage":"pt-PT"},{"@type":"Organization","@id":"https:\/\/schoenstatt.com\/pt-pt\/#organization","name":"Schoenstatt","url":"https:\/\/schoenstatt.com\/pt-pt\/","logo":{"@type":"ImageObject","inLanguage":"pt-PT","@id":"https:\/\/schoenstatt.com\/pt-pt\/#\/schema\/logo\/image\/","url":"https:\/\/schoenstatt.com\/wp-content\/uploads\/2025\/04\/logo-schoenstatt-white-696x696-1.png","contentUrl":"https:\/\/schoenstatt.com\/wp-content\/uploads\/2025\/04\/logo-schoenstatt-white-696x696-1.png","width":696,"height":694,"caption":"Schoenstatt"},"image":{"@id":"https:\/\/schoenstatt.com\/pt-pt\/#\/schema\/logo\/image\/"}}]}},"_links":{"self":[{"href":"https:\/\/schoenstatt.com\/pt-pt\/wp-json\/wp\/v2\/pages\/34407","targetHints":{"allow":["GET"]}}],"collection":[{"href":"https:\/\/schoenstatt.com\/pt-pt\/wp-json\/wp\/v2\/pages"}],"about":[{"href":"https:\/\/schoenstatt.com\/pt-pt\/wp-json\/wp\/v2\/types\/page"}],"author":[{"embeddable":true,"href":"https:\/\/schoenstatt.com\/pt-pt\/wp-json\/wp\/v2\/users\/3"}],"replies":[{"embeddable":true,"href":"https:\/\/schoenstatt.com\/pt-pt\/wp-json\/wp\/v2\/comments?post=34407"}],"version-history":[{"count":1,"href":"https:\/\/schoenstatt.com\/pt-pt\/wp-json\/wp\/v2\/pages\/34407\/revisions"}],"predecessor-version":[{"id":48130,"href":"https:\/\/schoenstatt.com\/pt-pt\/wp-json\/wp\/v2\/pages\/34407\/revisions\/48130"}],"wp:featuredmedia":[{"embeddable":true,"href":"https:\/\/schoenstatt.com\/pt-pt\/wp-json\/wp\/v2\/media\/33752"}],"wp:attachment":[{"href":"https:\/\/schoenstatt.com\/pt-pt\/wp-json\/wp\/v2\/media?parent=34407"}],"curies":[{"name":"wp","href":"https:\/\/api.w.org\/{rel}","templated":true}]}}