{"id":65893,"date":"2024-08-22T22:58:51","date_gmt":"2024-08-22T20:58:51","guid":{"rendered":"https:\/\/schoenstatt.com\/in-missione\/gioventu\/schoenstatt-in-cammino\/"},"modified":"2025-11-03T15:12:19","modified_gmt":"2025-11-03T14:12:19","slug":"schoenstatt-in-cammino","status":"publish","type":"page","link":"https:\/\/schoenstatt.com\/it\/in-missione\/gioventu\/schoenstatt-in-cammino\/","title":{"rendered":"Schoenstatt in cammino"},"content":{"rendered":"\t\t<div data-elementor-type=\"wp-page\" data-elementor-id=\"65893\" class=\"elementor elementor-65893 elementor-40703\" data-elementor-post-type=\"page\">\n\t\t\t\t<div class=\"elementor-element elementor-element-3828dbe e-flex e-con-boxed e-con e-parent\" data-id=\"3828dbe\" data-element_type=\"container\" data-e-type=\"container\" data-settings=\"{&quot;background_background&quot;:&quot;classic&quot;}\">\n\t\t\t\t\t<div class=\"e-con-inner\">\n\t\t<div class=\"elementor-element elementor-element-2f97c65 e-flex e-con-boxed e-con e-child\" data-id=\"2f97c65\" data-element_type=\"container\" data-e-type=\"container\">\n\t\t\t\t\t<div class=\"e-con-inner\">\n\t\t\t\t<div class=\"elementor-element elementor-element-1a50261 elementor-widget elementor-widget-heading\" data-id=\"1a50261\" data-element_type=\"widget\" data-e-type=\"widget\" data-widget_type=\"heading.default\">\n\t\t\t\t<div class=\"elementor-widget-container\">\n\t\t\t\t\t<h1 class=\"elementor-heading-title elementor-size-default\">Schoenstatt in cammino<\/h1>\t\t\t\t<\/div>\n\t\t\t\t<\/div>\n\t\t\t\t\t<\/div>\n\t\t\t\t<\/div>\n\t\t\t\t\t<\/div>\n\t\t\t\t<\/div>\n\t\t<div class=\"elementor-element elementor-element-383e157 e-flex e-con-boxed e-con e-parent\" data-id=\"383e157\" data-element_type=\"container\" data-e-type=\"container\">\n\t\t\t\t\t<div class=\"e-con-inner\">\n\t\t<div class=\"elementor-element elementor-element-2cb54ca e-con-full e-flex e-con e-child\" data-id=\"2cb54ca\" data-element_type=\"container\" data-e-type=\"container\">\n\t\t<div class=\"elementor-element elementor-element-37254ca e-con-full e-flex e-con e-child\" data-id=\"37254ca\" data-element_type=\"container\" data-e-type=\"container\">\n\t\t\t\t<div class=\"elementor-element elementor-element-228e427 elementor-widget elementor-widget-image\" data-id=\"228e427\" data-element_type=\"widget\" data-e-type=\"widget\" data-widget_type=\"image.default\">\n\t\t\t\t<div class=\"elementor-widget-container\">\n\t\t\t\t\t\t\t\t\t\t\t\t\t\t\t<img fetchpriority=\"high\" decoding=\"async\" width=\"1600\" height=\"1200\" src=\"https:\/\/schoenstatt.com\/wp-content\/uploads\/2024\/08\/projecto-schoenstatt-en-salida-ecuador-3-1.jpg\" class=\"attachment-large size-large wp-image-65895\" alt=\"\" srcset=\"https:\/\/schoenstatt.com\/wp-content\/uploads\/2024\/08\/projecto-schoenstatt-en-salida-ecuador-3-1.jpg 1600w, https:\/\/schoenstatt.com\/wp-content\/uploads\/2024\/08\/projecto-schoenstatt-en-salida-ecuador-3-1-768x576.jpg 768w, https:\/\/schoenstatt.com\/wp-content\/uploads\/2024\/08\/projecto-schoenstatt-en-salida-ecuador-3-1-1536x1152.jpg 1536w\" sizes=\"(max-width: 1600px) 100vw, 1600px\" \/>\t\t\t\t\t\t\t\t\t\t\t\t\t\t\t<\/div>\n\t\t\t\t<\/div>\n\t\t\t\t<\/div>\n\t\t<div class=\"elementor-element elementor-element-21d2ca6 e-con-full e-flex e-con e-child\" data-id=\"21d2ca6\" data-element_type=\"container\" data-e-type=\"container\">\n\t\t\t\t<div class=\"elementor-element elementor-element-0a8c3e1 elementor-widget elementor-widget-heading\" data-id=\"0a8c3e1\" data-element_type=\"widget\" data-e-type=\"widget\" data-widget_type=\"heading.default\">\n\t\t\t\t<div class=\"elementor-widget-container\">\n\t\t\t\t\t<h2 class=\"elementor-heading-title elementor-size-default\">Schoenstatt in cammino<\/h2>\t\t\t\t<\/div>\n\t\t\t\t<\/div>\n\t\t\t\t<div class=\"elementor-element elementor-element-1405459 elementor-widget elementor-widget-text-editor\" data-id=\"1405459\" data-element_type=\"widget\" data-e-type=\"widget\" data-widget_type=\"text-editor.default\">\n\t\t\t\t<div class=\"elementor-widget-container\">\n\t\t\t\t\t\t\t\t\t<p>l\u2019apostolato dell\u2019Alleanza d\u2019Amore<\/p>\t\t\t\t\t\t\t\t<\/div>\n\t\t\t\t<\/div>\n\t\t\t\t<div class=\"elementor-element elementor-element-10636a7 elementor-widget elementor-widget-text-editor\" data-id=\"10636a7\" data-element_type=\"widget\" data-e-type=\"widget\" data-widget_type=\"text-editor.default\">\n\t\t\t\t<div class=\"elementor-widget-container\">\n\t\t\t\t\t\t\t\t\t<p>Questo apostolato \u00e8 nato nel Ramo Donne di Guayaquil, in Ecuador, con l\u2019aiuto delle grazie ricevute in occasione del Giubileo dei 100 anni di Schoenstatt. Una delle componenti del Ramo Donne fa anche parte di una Societ\u00e0 Benefica di Signore, che ha sotto la propria amministrazione sette scuole. <\/p><p>Il nome del nostro gruppo nel Ramo Donne \u00e8: \u201cCon Maria, pellegrine fedeli, verso il cielo.\u201d<br>Nel Ramo delle Famiglie, il nostro gruppo si chiama: \u201cCon Maria, pellegrini fedeli, come famiglia, verso il cielo.\u201d <\/p><p>Attualmente siamo 22 persone che partecipano a questo apostolato, e il laboratorio sull\u2019Alleanza d\u2019Amore \u00e8 condotto dalle signore responsabili delle sette scuole della Societ\u00e0 Benefica di Guayaquil.<\/p><p>Tutte noi lavoriamo come volontarie e ci autofinanziamo tramite donazioni dei membri del gruppo. <\/p>\t\t\t\t\t\t\t\t<\/div>\n\t\t\t\t<\/div>\n\t\t\t\t<\/div>\n\t\t\t\t<\/div>\n\t\t\t\t\t<\/div>\n\t\t\t\t<\/div>\n\t\t<div class=\"elementor-element elementor-element-50ec533 e-flex e-con-boxed e-con e-parent\" data-id=\"50ec533\" data-element_type=\"container\" data-e-type=\"container\">\n\t\t\t\t\t<div class=\"e-con-inner\">\n\t\t<div class=\"elementor-element elementor-element-77bdd07 e-con-full e-flex e-con e-child\" data-id=\"77bdd07\" data-element_type=\"container\" data-e-type=\"container\">\n\t\t<div class=\"elementor-element elementor-element-15872fa e-con-full e-flex e-con e-child\" data-id=\"15872fa\" data-element_type=\"container\" data-e-type=\"container\">\n\t\t\t\t<div class=\"elementor-element elementor-element-3fd9699 elementor-widget elementor-widget-text-editor\" data-id=\"3fd9699\" data-element_type=\"widget\" data-e-type=\"widget\" data-widget_type=\"text-editor.default\">\n\t\t\t\t<div class=\"elementor-widget-container\">\n\t\t\t\t\t\t\t\t\t<p>Tutto \u00e8 cominciato quando una componente del gruppo delle Donne ci disse che desiderava unire molti cuori a ci\u00f2 che era speciale nel suo cuore. Cos\u00ec, ci diede l\u2019idea di offrire questi laboratori al Patto d\u2019Amore ai giovani nelle scuole, noi accogliemmo con gioia questa proposta. <\/p><p>Come esperienza precedente, avevamo gi\u00e0 preparato parte del nostro personale di servizio con questi stessi laboratori: persone che lavorano nelle nostre case, con le nostre famiglie e amici.<br>Quando si \u00e8 presentata questa opportunit\u00e0, nel 2014, siamo riusciti a preparare 600 studenti del decimo anno per l\u2019Alleanza d\u2019Amore.<\/p><p>Sono passati sei anni durante i quali abbiamo potuto portare l\u2019Alleanza d\u2019Amore a questi giovani, e la loro risposta \u00e8 stata incredibile! Vediamo in tutto questo una benedizione di Dio e la volont\u00e0 della Madonna. Ogni anno riusciamo a preparare tra i 500 e i 600 studenti a suggellare il Patto d\u2019Amore.   <\/p>\t\t\t\t\t\t\t\t<\/div>\n\t\t\t\t<\/div>\n\t\t\t\t<\/div>\n\t\t<div class=\"elementor-element elementor-element-3939443 e-con-full e-flex e-con e-child\" data-id=\"3939443\" data-element_type=\"container\" data-e-type=\"container\">\n\t\t\t\t<div class=\"elementor-element elementor-element-ff1d9f6 elementor-widget elementor-widget-image\" data-id=\"ff1d9f6\" data-element_type=\"widget\" data-e-type=\"widget\" data-widget_type=\"image.default\">\n\t\t\t\t<div class=\"elementor-widget-container\">\n\t\t\t\t\t\t\t\t\t\t\t\t\t\t\t<img decoding=\"async\" width=\"1190\" height=\"697\" src=\"https:\/\/schoenstatt.com\/wp-content\/uploads\/2024\/08\/projecto-schoenstatt-en-salida-ecuador-4-1.jpg\" class=\"attachment-large size-large wp-image-65896\" alt=\"\" srcset=\"https:\/\/schoenstatt.com\/wp-content\/uploads\/2024\/08\/projecto-schoenstatt-en-salida-ecuador-4-1.jpg 1190w, https:\/\/schoenstatt.com\/wp-content\/uploads\/2024\/08\/projecto-schoenstatt-en-salida-ecuador-4-1-768x450.jpg 768w\" sizes=\"(max-width: 1190px) 100vw, 1190px\" \/>\t\t\t\t\t\t\t\t\t\t\t\t\t\t\t<\/div>\n\t\t\t\t<\/div>\n\t\t\t\t<\/div>\n\t\t\t\t<\/div>\n\t\t\t\t\t<\/div>\n\t\t\t\t<\/div>\n\t\t<div class=\"elementor-element elementor-element-abe58a2 e-flex e-con-boxed e-con e-parent\" data-id=\"abe58a2\" data-element_type=\"container\" data-e-type=\"container\">\n\t\t\t\t\t<div class=\"e-con-inner\">\n\t\t<div class=\"elementor-element elementor-element-d741fcd e-con-full e-flex e-con e-child\" data-id=\"d741fcd\" data-element_type=\"container\" data-e-type=\"container\">\n\t\t<div class=\"elementor-element elementor-element-b4de01c e-con-full e-flex e-con e-child\" data-id=\"b4de01c\" data-element_type=\"container\" data-e-type=\"container\">\n\t\t\t\t<div class=\"elementor-element elementor-element-6e6f2ec elementor-widget elementor-widget-image\" data-id=\"6e6f2ec\" data-element_type=\"widget\" data-e-type=\"widget\" data-widget_type=\"image.default\">\n\t\t\t\t<div class=\"elementor-widget-container\">\n\t\t\t\t\t\t\t\t\t\t\t\t\t\t\t<img decoding=\"async\" width=\"768\" height=\"858\" src=\"https:\/\/schoenstatt.com\/wp-content\/uploads\/2024\/08\/projecto-schoenstatt-en-salida-ecuador-5-1-768x858.jpg\" class=\"attachment-medium_large size-medium_large wp-image-65897\" alt=\"\" srcset=\"https:\/\/schoenstatt.com\/wp-content\/uploads\/2024\/08\/projecto-schoenstatt-en-salida-ecuador-5-1-768x858.jpg 768w, https:\/\/schoenstatt.com\/wp-content\/uploads\/2024\/08\/projecto-schoenstatt-en-salida-ecuador-5-1.jpg 1200w\" sizes=\"(max-width: 768px) 100vw, 768px\" \/>\t\t\t\t\t\t\t\t\t\t\t\t\t\t\t<\/div>\n\t\t\t\t<\/div>\n\t\t\t\t<\/div>\n\t\t<div class=\"elementor-element elementor-element-ee09612 e-con-full e-flex e-con e-child\" data-id=\"ee09612\" data-element_type=\"container\" data-e-type=\"container\">\n\t\t\t\t<div class=\"elementor-element elementor-element-bffcfd0 elementor-widget elementor-widget-text-editor\" data-id=\"bffcfd0\" data-element_type=\"widget\" data-e-type=\"widget\" data-widget_type=\"text-editor.default\">\n\t\t\t\t<div class=\"elementor-widget-container\">\n\t\t\t\t\t\t\t\t\t<p>Durante questi laboratori lavoriamo intensamente per creare un\u2019atmosfera bella e accogliente, portando con noi: immagini della nostra MTA, di Padre Kentenich, del Santuario, della Croce dell\u2019Unit\u00e0, una candela, dei fiori, presentazioni PowerPoint, uno spuntino, ecc.<\/p><p>Dal momento in cui andiamo a scuola per tenere il nostro primo incontro, fino al giorno della loro Alleanza d\u2019Amore, questi studenti vengono profondamente toccati da ci\u00f2 che imparano. Si pu\u00f2 percepire l\u2019amore della Madonna vivo nei loro cuori. Molti si identificano con Padre Kentenich e spesso si commuovono fino alle lacrime quando hanno la possibilit\u00e0 di scrivere la loro lettera alla Madre Benedetta.   <\/p><p>Il giorno della loro Alleanza d\u2019Amore \u00e8 colmo di gioia, e la Santa Messa durante la quale l\u2019Alleanza viene celebrata \u00e8 un momento in cui molti sono particolarmente toccati. <br>Molti Padri di Schoenstatt e Suore di Maria sono molto felici dei risultati e concordano che tutto ci\u00f2 \u00e8 la volont\u00e0 di Dio.<\/p><p>Uniti dall\u2019amore per la nostra Madre Benedetta e per la missione che ci \u00e8 stata affidata dal nostro Padre e Fondatore. <\/p><p><strong>\u201cMaria, segno di luce, segno di lotta, segno di vittoria\u201d<\/strong> JK<\/p>\t\t\t\t\t\t\t\t<\/div>\n\t\t\t\t<\/div>\n\t\t\t\t<\/div>\n\t\t\t\t<\/div>\n\t\t\t\t\t<\/div>\n\t\t\t\t<\/div>\n\t\t\t\t<\/div>\n\t\t","protected":false},"excerpt":{"rendered":"<p>Schoenstatt in cammino Schoenstatt in cammino l\u2019apostolato dell\u2019Alleanza d\u2019Amore Questo apostolato \u00e8 nato nel Ramo Donne di Guayaquil, in Ecuador, con l\u2019aiuto delle grazie ricevute in occasione del Giubileo dei 100 anni di Schoenstatt. Una delle componenti del Ramo Donne fa anche parte di una Societ\u00e0 Benefica di Signore, che ha sotto la propria amministrazione [&hellip;]<\/p>\n","protected":false},"author":3,"featured_media":0,"parent":65886,"menu_order":0,"comment_status":"closed","ping_status":"closed","template":"","meta":{"footnotes":""},"class_list":["post-65893","page","type-page","status-publish","hentry"],"yoast_head":"<!-- This site is optimized with the Yoast SEO Premium plugin v27.1 (Yoast SEO v27.4) - https:\/\/yoast.com\/product\/yoast-seo-premium-wordpress\/ -->\n<title>Schoenstatt in cammino - Schoenstatt<\/title>\n<meta name=\"robots\" content=\"index, follow, max-snippet:-1, max-image-preview:large, max-video-preview:-1\" \/>\n<link rel=\"canonical\" href=\"https:\/\/schoenstatt.com\/it\/in-missione\/gioventu\/schoenstatt-in-cammino\/\" \/>\n<meta property=\"og:locale\" content=\"it_IT\" \/>\n<meta property=\"og:type\" content=\"article\" \/>\n<meta property=\"og:title\" content=\"Schoenstatt in cammino\" \/>\n<meta property=\"og:description\" content=\"Schoenstatt in cammino Schoenstatt in cammino l\u2019apostolato dell\u2019Alleanza d\u2019Amore Questo apostolato \u00e8 nato nel Ramo Donne di Guayaquil, in Ecuador, con l\u2019aiuto delle grazie ricevute in occasione del Giubileo dei 100 anni di Schoenstatt. Una delle componenti del Ramo Donne fa anche parte di una Societ\u00e0 Benefica di Signore, che ha sotto la propria amministrazione [&hellip;]\" \/>\n<meta property=\"og:url\" content=\"https:\/\/schoenstatt.com\/it\/in-missione\/gioventu\/schoenstatt-in-cammino\/\" \/>\n<meta property=\"og:site_name\" content=\"Schoenstatt\" \/>\n<meta property=\"article:modified_time\" content=\"2025-11-03T14:12:19+00:00\" \/>\n<meta property=\"og:image\" content=\"https:\/\/schoenstatt.com\/wp-content\/uploads\/2024\/08\/projecto-schoenstatt-en-salida-ecuador-3-1.jpg\" \/>\n\t<meta property=\"og:image:width\" content=\"1600\" \/>\n\t<meta property=\"og:image:height\" content=\"1200\" \/>\n\t<meta property=\"og:image:type\" content=\"image\/jpeg\" \/>\n<meta name=\"twitter:card\" content=\"summary_large_image\" \/>\n<meta name=\"twitter:label1\" content=\"Tempo di lettura stimato\" \/>\n\t<meta name=\"twitter:data1\" content=\"2 minuti\" \/>\n<script type=\"application\/ld+json\" class=\"yoast-schema-graph\">{\"@context\":\"https:\\\/\\\/schema.org\",\"@graph\":[{\"@type\":\"WebPage\",\"@id\":\"https:\\\/\\\/schoenstatt.com\\\/it\\\/in-missione\\\/gioventu\\\/schoenstatt-in-cammino\\\/\",\"url\":\"https:\\\/\\\/schoenstatt.com\\\/it\\\/in-missione\\\/gioventu\\\/schoenstatt-in-cammino\\\/\",\"name\":\"Schoenstatt in cammino - Schoenstatt\",\"isPartOf\":{\"@id\":\"https:\\\/\\\/schoenstatt.com\\\/it\\\/#website\"},\"primaryImageOfPage\":{\"@id\":\"https:\\\/\\\/schoenstatt.com\\\/it\\\/in-missione\\\/gioventu\\\/schoenstatt-in-cammino\\\/#primaryimage\"},\"image\":{\"@id\":\"https:\\\/\\\/schoenstatt.com\\\/it\\\/in-missione\\\/gioventu\\\/schoenstatt-in-cammino\\\/#primaryimage\"},\"thumbnailUrl\":\"https:\\\/\\\/schoenstatt.com\\\/wp-content\\\/uploads\\\/2024\\\/08\\\/projecto-schoenstatt-en-salida-ecuador-3-1.jpg\",\"datePublished\":\"2024-08-22T20:58:51+00:00\",\"dateModified\":\"2025-11-03T14:12:19+00:00\",\"breadcrumb\":{\"@id\":\"https:\\\/\\\/schoenstatt.com\\\/it\\\/in-missione\\\/gioventu\\\/schoenstatt-in-cammino\\\/#breadcrumb\"},\"inLanguage\":\"it-IT\",\"potentialAction\":[{\"@type\":\"ReadAction\",\"target\":[\"https:\\\/\\\/schoenstatt.com\\\/it\\\/in-missione\\\/gioventu\\\/schoenstatt-in-cammino\\\/\"]}]},{\"@type\":\"ImageObject\",\"inLanguage\":\"it-IT\",\"@id\":\"https:\\\/\\\/schoenstatt.com\\\/it\\\/in-missione\\\/gioventu\\\/schoenstatt-in-cammino\\\/#primaryimage\",\"url\":\"https:\\\/\\\/schoenstatt.com\\\/wp-content\\\/uploads\\\/2024\\\/08\\\/projecto-schoenstatt-en-salida-ecuador-3-1.jpg\",\"contentUrl\":\"https:\\\/\\\/schoenstatt.com\\\/wp-content\\\/uploads\\\/2024\\\/08\\\/projecto-schoenstatt-en-salida-ecuador-3-1.jpg\"},{\"@type\":\"BreadcrumbList\",\"@id\":\"https:\\\/\\\/schoenstatt.com\\\/it\\\/in-missione\\\/gioventu\\\/schoenstatt-in-cammino\\\/#breadcrumb\",\"itemListElement\":[{\"@type\":\"ListItem\",\"position\":1,\"name\":\"Portada\",\"item\":\"https:\\\/\\\/schoenstatt.com\\\/it\\\/\"},{\"@type\":\"ListItem\",\"position\":2,\"name\":\"In Missione\",\"item\":\"https:\\\/\\\/schoenstatt.com\\\/it\\\/in-missione\\\/\"},{\"@type\":\"ListItem\",\"position\":3,\"name\":\"Giovent\u00f9\",\"item\":\"https:\\\/\\\/schoenstatt.com\\\/it\\\/in-missione\\\/gioventu\\\/\"},{\"@type\":\"ListItem\",\"position\":4,\"name\":\"Schoenstatt in cammino\"}]},{\"@type\":\"WebSite\",\"@id\":\"https:\\\/\\\/schoenstatt.com\\\/it\\\/#website\",\"url\":\"https:\\\/\\\/schoenstatt.com\\\/it\\\/\",\"name\":\"Schoenstatt\",\"description\":\"Apostolic Movement\",\"publisher\":{\"@id\":\"https:\\\/\\\/schoenstatt.com\\\/it\\\/#organization\"},\"potentialAction\":[{\"@type\":\"SearchAction\",\"target\":{\"@type\":\"EntryPoint\",\"urlTemplate\":\"https:\\\/\\\/schoenstatt.com\\\/it\\\/?s={search_term_string}\"},\"query-input\":{\"@type\":\"PropertyValueSpecification\",\"valueRequired\":true,\"valueName\":\"search_term_string\"}}],\"inLanguage\":\"it-IT\"},{\"@type\":\"Organization\",\"@id\":\"https:\\\/\\\/schoenstatt.com\\\/it\\\/#organization\",\"name\":\"Schoenstatt\",\"url\":\"https:\\\/\\\/schoenstatt.com\\\/it\\\/\",\"logo\":{\"@type\":\"ImageObject\",\"inLanguage\":\"it-IT\",\"@id\":\"https:\\\/\\\/schoenstatt.com\\\/it\\\/#\\\/schema\\\/logo\\\/image\\\/\",\"url\":\"https:\\\/\\\/schoenstatt.com\\\/wp-content\\\/uploads\\\/2025\\\/04\\\/logo-schoenstatt-white-696x696-1.png\",\"contentUrl\":\"https:\\\/\\\/schoenstatt.com\\\/wp-content\\\/uploads\\\/2025\\\/04\\\/logo-schoenstatt-white-696x696-1.png\",\"width\":696,\"height\":694,\"caption\":\"Schoenstatt\"},\"image\":{\"@id\":\"https:\\\/\\\/schoenstatt.com\\\/it\\\/#\\\/schema\\\/logo\\\/image\\\/\"}}]}<\/script>\n<!-- \/ Yoast SEO Premium plugin. -->","yoast_head_json":{"title":"Schoenstatt in cammino - Schoenstatt","robots":{"index":"index","follow":"follow","max-snippet":"max-snippet:-1","max-image-preview":"max-image-preview:large","max-video-preview":"max-video-preview:-1"},"canonical":"https:\/\/schoenstatt.com\/it\/in-missione\/gioventu\/schoenstatt-in-cammino\/","og_locale":"it_IT","og_type":"article","og_title":"Schoenstatt in cammino","og_description":"Schoenstatt in cammino Schoenstatt in cammino l\u2019apostolato dell\u2019Alleanza d\u2019Amore Questo apostolato \u00e8 nato nel Ramo Donne di Guayaquil, in Ecuador, con l\u2019aiuto delle grazie ricevute in occasione del Giubileo dei 100 anni di Schoenstatt. Una delle componenti del Ramo Donne fa anche parte di una Societ\u00e0 Benefica di Signore, che ha sotto la propria amministrazione [&hellip;]","og_url":"https:\/\/schoenstatt.com\/it\/in-missione\/gioventu\/schoenstatt-in-cammino\/","og_site_name":"Schoenstatt","article_modified_time":"2025-11-03T14:12:19+00:00","og_image":[{"width":1600,"height":1200,"url":"https:\/\/schoenstatt.com\/wp-content\/uploads\/2024\/08\/projecto-schoenstatt-en-salida-ecuador-3-1.jpg","type":"image\/jpeg"}],"twitter_card":"summary_large_image","twitter_misc":{"Tempo di lettura stimato":"2 minuti"},"schema":{"@context":"https:\/\/schema.org","@graph":[{"@type":"WebPage","@id":"https:\/\/schoenstatt.com\/it\/in-missione\/gioventu\/schoenstatt-in-cammino\/","url":"https:\/\/schoenstatt.com\/it\/in-missione\/gioventu\/schoenstatt-in-cammino\/","name":"Schoenstatt in cammino - Schoenstatt","isPartOf":{"@id":"https:\/\/schoenstatt.com\/it\/#website"},"primaryImageOfPage":{"@id":"https:\/\/schoenstatt.com\/it\/in-missione\/gioventu\/schoenstatt-in-cammino\/#primaryimage"},"image":{"@id":"https:\/\/schoenstatt.com\/it\/in-missione\/gioventu\/schoenstatt-in-cammino\/#primaryimage"},"thumbnailUrl":"https:\/\/schoenstatt.com\/wp-content\/uploads\/2024\/08\/projecto-schoenstatt-en-salida-ecuador-3-1.jpg","datePublished":"2024-08-22T20:58:51+00:00","dateModified":"2025-11-03T14:12:19+00:00","breadcrumb":{"@id":"https:\/\/schoenstatt.com\/it\/in-missione\/gioventu\/schoenstatt-in-cammino\/#breadcrumb"},"inLanguage":"it-IT","potentialAction":[{"@type":"ReadAction","target":["https:\/\/schoenstatt.com\/it\/in-missione\/gioventu\/schoenstatt-in-cammino\/"]}]},{"@type":"ImageObject","inLanguage":"it-IT","@id":"https:\/\/schoenstatt.com\/it\/in-missione\/gioventu\/schoenstatt-in-cammino\/#primaryimage","url":"https:\/\/schoenstatt.com\/wp-content\/uploads\/2024\/08\/projecto-schoenstatt-en-salida-ecuador-3-1.jpg","contentUrl":"https:\/\/schoenstatt.com\/wp-content\/uploads\/2024\/08\/projecto-schoenstatt-en-salida-ecuador-3-1.jpg"},{"@type":"BreadcrumbList","@id":"https:\/\/schoenstatt.com\/it\/in-missione\/gioventu\/schoenstatt-in-cammino\/#breadcrumb","itemListElement":[{"@type":"ListItem","position":1,"name":"Portada","item":"https:\/\/schoenstatt.com\/it\/"},{"@type":"ListItem","position":2,"name":"In Missione","item":"https:\/\/schoenstatt.com\/it\/in-missione\/"},{"@type":"ListItem","position":3,"name":"Giovent\u00f9","item":"https:\/\/schoenstatt.com\/it\/in-missione\/gioventu\/"},{"@type":"ListItem","position":4,"name":"Schoenstatt in cammino"}]},{"@type":"WebSite","@id":"https:\/\/schoenstatt.com\/it\/#website","url":"https:\/\/schoenstatt.com\/it\/","name":"Schoenstatt","description":"Apostolic Movement","publisher":{"@id":"https:\/\/schoenstatt.com\/it\/#organization"},"potentialAction":[{"@type":"SearchAction","target":{"@type":"EntryPoint","urlTemplate":"https:\/\/schoenstatt.com\/it\/?s={search_term_string}"},"query-input":{"@type":"PropertyValueSpecification","valueRequired":true,"valueName":"search_term_string"}}],"inLanguage":"it-IT"},{"@type":"Organization","@id":"https:\/\/schoenstatt.com\/it\/#organization","name":"Schoenstatt","url":"https:\/\/schoenstatt.com\/it\/","logo":{"@type":"ImageObject","inLanguage":"it-IT","@id":"https:\/\/schoenstatt.com\/it\/#\/schema\/logo\/image\/","url":"https:\/\/schoenstatt.com\/wp-content\/uploads\/2025\/04\/logo-schoenstatt-white-696x696-1.png","contentUrl":"https:\/\/schoenstatt.com\/wp-content\/uploads\/2025\/04\/logo-schoenstatt-white-696x696-1.png","width":696,"height":694,"caption":"Schoenstatt"},"image":{"@id":"https:\/\/schoenstatt.com\/it\/#\/schema\/logo\/image\/"}}]}},"_links":{"self":[{"href":"https:\/\/schoenstatt.com\/it\/wp-json\/wp\/v2\/pages\/65893","targetHints":{"allow":["GET"]}}],"collection":[{"href":"https:\/\/schoenstatt.com\/it\/wp-json\/wp\/v2\/pages"}],"about":[{"href":"https:\/\/schoenstatt.com\/it\/wp-json\/wp\/v2\/types\/page"}],"author":[{"embeddable":true,"href":"https:\/\/schoenstatt.com\/it\/wp-json\/wp\/v2\/users\/3"}],"replies":[{"embeddable":true,"href":"https:\/\/schoenstatt.com\/it\/wp-json\/wp\/v2\/comments?post=65893"}],"version-history":[{"count":1,"href":"https:\/\/schoenstatt.com\/it\/wp-json\/wp\/v2\/pages\/65893\/revisions"}],"predecessor-version":[{"id":65898,"href":"https:\/\/schoenstatt.com\/it\/wp-json\/wp\/v2\/pages\/65893\/revisions\/65898"}],"up":[{"embeddable":true,"href":"https:\/\/schoenstatt.com\/it\/wp-json\/wp\/v2\/pages\/65886"}],"wp:attachment":[{"href":"https:\/\/schoenstatt.com\/it\/wp-json\/wp\/v2\/media?parent=65893"}],"curies":[{"name":"wp","href":"https:\/\/api.w.org\/{rel}","templated":true}]}}