{"id":61123,"date":"2024-06-29T22:21:30","date_gmt":"2024-06-29T20:21:30","guid":{"rendered":"https:\/\/schoenstatt.com\/in-missione\/educazione\/universita-di-st-augustine\/"},"modified":"2025-07-28T16:33:21","modified_gmt":"2025-07-28T14:33:21","slug":"universita-di-st-augustine","status":"publish","type":"page","link":"https:\/\/schoenstatt.com\/it\/in-missione\/educazione\/universita-di-st-augustine\/","title":{"rendered":"Universit\u00e0 di St. Augustine"},"content":{"rendered":"\t\t<div data-elementor-type=\"wp-page\" data-elementor-id=\"61123\" class=\"elementor elementor-61123 elementor-39247\" data-elementor-post-type=\"page\">\n\t\t\t\t<div class=\"elementor-element elementor-element-47d81a22 e-flex e-con-boxed e-con e-parent\" data-id=\"47d81a22\" data-element_type=\"container\" data-e-type=\"container\" data-settings=\"{&quot;background_background&quot;:&quot;classic&quot;}\">\n\t\t\t\t\t<div class=\"e-con-inner\">\n\t\t<div class=\"elementor-element elementor-element-2d47b2b e-flex e-con-boxed e-con e-child\" data-id=\"2d47b2b\" data-element_type=\"container\" data-e-type=\"container\">\n\t\t\t\t\t<div class=\"e-con-inner\">\n\t\t\t\t\t<\/div>\n\t\t\t\t<\/div>\n\t\t\t\t\t<\/div>\n\t\t\t\t<\/div>\n\t\t<div class=\"elementor-element elementor-element-4d54c9c e-flex e-con-boxed e-con e-parent\" data-id=\"4d54c9c\" data-element_type=\"container\" data-e-type=\"container\">\n\t\t\t\t\t<div class=\"e-con-inner\">\n\t\t<div class=\"elementor-element elementor-element-fea68d2 e-con-full e-flex e-con e-child\" data-id=\"fea68d2\" data-element_type=\"container\" data-e-type=\"container\">\n\t\t\t\t<div class=\"elementor-element elementor-element-18dce02 elementor-widget elementor-widget-image\" data-id=\"18dce02\" data-element_type=\"widget\" data-e-type=\"widget\" data-widget_type=\"image.default\">\n\t\t\t\t<div class=\"elementor-widget-container\">\n\t\t\t\t\t\t\t\t\t\t\t\t\t\t\t<img decoding=\"async\" src=\"https:\/\/schoenstatt.com\/wp-content\/uploads\/2024\/06\/University-of-St-Augustine.jpg\" title=\"\" alt=\"\" loading=\"lazy\" \/>\t\t\t\t\t\t\t\t\t\t\t\t\t\t\t<\/div>\n\t\t\t\t<\/div>\n\t\t\t\t<\/div>\n\t\t<div class=\"elementor-element elementor-element-80e8806 e-con-full e-flex e-con e-child\" data-id=\"80e8806\" data-element_type=\"container\" data-e-type=\"container\">\n\t\t\t\t<div class=\"elementor-element elementor-element-fa97fe6 elementor-widget elementor-widget-text-editor\" data-id=\"fa97fe6\" data-element_type=\"widget\" data-e-type=\"widget\" data-widget_type=\"text-editor.default\">\n\t\t\t\t<div class=\"elementor-widget-container\">\n\t\t\t\t\t\t\t\t\t<p>Nella societ\u00e0 odierna, \u00e8 sempre pi\u00f9 difficile affermare i valori nella vita quotidiana e nel lavoro. La citt\u00e0 sudafricana di Johannesburg ha reagito a queste esigenze: l&#8217;Universit\u00e0 di St. Augustine (Sant&#8217;Agostino) sta rispondendo a tali bisogni offrendo un corso di gestione aziendale cristiana durante due fine settimana. Il corso si basa sull\u2019insegnamento, la filosofia e la pedagogia di Kentenich ed \u00e8 applicato al mondo degli affari come uno stile di leadership adeguato. Finora, centinaia di imprenditori hanno partecipato al corso. \u00c8 progettato per soddisfare le esigenze di dirigenti, amministratori delegati, direttori aziendali, responsabili delle risorse umane e formatori. Vi partecipano anche funzionari pubblici attivi nei settori dell\u2019istruzione, della sanit\u00e0 e del welfare, cos\u00ec come giovani potenziali leader.     <\/p>\t\t\t\t\t\t\t\t<\/div>\n\t\t\t\t<\/div>\n\t\t\t\t<\/div>\n\t\t\t\t\t<\/div>\n\t\t\t\t<\/div>\n\t\t<div class=\"elementor-element elementor-element-5c71089 e-flex e-con-boxed e-con e-parent\" data-id=\"5c71089\" data-element_type=\"container\" data-e-type=\"container\">\n\t\t\t\t\t<div class=\"e-con-inner\">\n\t\t\t\t<div class=\"elementor-element elementor-element-4f8a57a elementor-widget elementor-widget-text-editor\" data-id=\"4f8a57a\" data-element_type=\"widget\" data-e-type=\"widget\" data-widget_type=\"text-editor.default\">\n\t\t\t\t<div class=\"elementor-widget-container\">\n\t\t\t\t\t\t\t\t\t<p>I contenuti includono l&#8217;applicazione della dottrina sociale cristiana alla situazione concreta di un paese, con i suoi problemi socio-politici, multinazionali e multiculturali, e la ricerca di soluzioni adeguate. Dal 1982 il corso \u00e8 stato offerto in Sudafrica, e successivamente anche in Argentina, Brasile, Cile, Germania, Ecuador, Svizzera e Spagna. Pertanto, il corso non si limita ad affrontare problemi e circostanze del Sudafrica, ma tratta anche di gestione, valori e societ\u00e0 in modo specifico per ogni paese.  <\/p><p>Tra gli ulteriori contenuti vi sono l&#8217;insegnamento di Padre Kentenich sulla leadership e su come le aziende contribuiscano al bene comune. Vengono inoltre trattate le norme etiche per la vita economica e l&#8217;integrazione dei valori nella gestione quotidiana. <\/p><p>Il corso \u00e8 stato progettato dalla Professoressa Edith Raidt ed \u00e8 condotto da Tony de Gouveia, psicologo clinico, e Francis Graham, diacono cattolico e imprenditore nel settore delle risorse umane.<\/p><p>St. Augustine \u00e8 stata fondata nel 1999 ed \u00e8 un&#8217;universit\u00e0 situata a Johannesburg, in Sudafrica, che offre un\u2019istruzione di qualit\u00e0 e basata sui valori cristiani. Tutti i titoli di studio e i certificati sono riconosciuti dal Consiglio sudafricano per l\u2019istruzione superiore (South African Council on Higher Education) e dall\u2019Autorit\u00e0 sudafricana per le qualifiche (South African Qualifications Authority). St. Augustine \u00e8 anche riconosciuta canonicamente come \u201cUniversit\u00e0\u201d cattolica sia dalla Conferenza Episcopale Cattolica del Sudafrica (SACBC), sia dalla Congregazione per l\u2019Educazione Cattolica in Vaticano, ed \u00e8 membro della FIUC (Federazione Internazionale delle Universit\u00e0 Cattoliche). Ispirata alla tradizione intellettuale cattolica, la missione di St. Augustine \u00e8 formare laureati che abbiano imparato a \u201cpensare con coerenza per agire rettamente e servire meglio l\u2019umanit\u00e0\u201d.   <\/p>\t\t\t\t\t\t\t\t<\/div>\n\t\t\t\t<\/div>\n\t\t\t\t\t<\/div>\n\t\t\t\t<\/div>\n\t\t\t\t<\/div>\n\t\t","protected":false},"excerpt":{"rendered":"<p>Nella societ\u00e0 odierna, \u00e8 sempre pi\u00f9 difficile affermare i valori nella vita quotidiana e nel lavoro. La citt\u00e0 sudafricana di Johannesburg ha reagito a queste esigenze: l&#8217;Universit\u00e0 di St. Augustine (Sant&#8217;Agostino) sta rispondendo a tali bisogni offrendo un corso di gestione aziendale cristiana durante due fine settimana. Il corso si basa sull\u2019insegnamento, la filosofia e [&hellip;]<\/p>\n","protected":false},"author":3,"featured_media":61124,"parent":61117,"menu_order":0,"comment_status":"closed","ping_status":"closed","template":"","meta":{"footnotes":""},"class_list":["post-61123","page","type-page","status-publish","has-post-thumbnail","hentry"],"yoast_head":"<!-- This site is optimized with the Yoast SEO Premium plugin v27.4 (Yoast SEO v27.4) - https:\/\/yoast.com\/product\/yoast-seo-premium-wordpress\/ -->\n<title>Universit\u00e0 di St. Augustine - Schoenstatt<\/title>\n<meta name=\"description\" content=\"Un corso di gestione aziendale cristiana basato sull&#039;insegnamento, la filosofia e la pedagogia di Kentenich applicati al mondo degli affari.\" \/>\n<meta name=\"robots\" content=\"index, follow, max-snippet:-1, max-image-preview:large, max-video-preview:-1\" \/>\n<link rel=\"canonical\" href=\"https:\/\/schoenstatt.com\/it\/in-missione\/educazione\/universita-di-st-augustine\/\" \/>\n<meta property=\"og:locale\" content=\"it_IT\" \/>\n<meta property=\"og:type\" content=\"article\" \/>\n<meta property=\"og:title\" content=\"Universit\u00e0 di St. Augustine\" \/>\n<meta property=\"og:description\" content=\"Un corso di gestione aziendale cristiana basato sull&#039;insegnamento, la filosofia e la pedagogia di Kentenich applicati al mondo degli affari.\" \/>\n<meta property=\"og:url\" content=\"https:\/\/schoenstatt.com\/it\/in-missione\/educazione\/universita-di-st-augustine\/\" \/>\n<meta property=\"og:site_name\" content=\"Schoenstatt\" \/>\n<meta property=\"article:modified_time\" content=\"2025-07-28T14:33:21+00:00\" \/>\n<meta property=\"og:image\" content=\"https:\/\/schoenstatt.com\/wp-content\/uploads\/2024\/06\/University-1.jpg\" \/>\n\t<meta property=\"og:image:width\" content=\"2048\" \/>\n\t<meta property=\"og:image:height\" content=\"624\" \/>\n\t<meta property=\"og:image:type\" content=\"image\/jpeg\" \/>\n<meta name=\"twitter:card\" content=\"summary_large_image\" \/>\n<meta name=\"twitter:label1\" content=\"Tempo di lettura stimato\" \/>\n\t<meta name=\"twitter:data1\" content=\"2 minuti\" \/>\n<script type=\"application\/ld+json\" class=\"yoast-schema-graph\">{\"@context\":\"https:\\\/\\\/schema.org\",\"@graph\":[{\"@type\":\"WebPage\",\"@id\":\"https:\\\/\\\/schoenstatt.com\\\/it\\\/in-missione\\\/educazione\\\/universita-di-st-augustine\\\/\",\"url\":\"https:\\\/\\\/schoenstatt.com\\\/it\\\/in-missione\\\/educazione\\\/universita-di-st-augustine\\\/\",\"name\":\"Universit\u00e0 di St. Augustine - Schoenstatt\",\"isPartOf\":{\"@id\":\"https:\\\/\\\/schoenstatt.com\\\/it\\\/#website\"},\"primaryImageOfPage\":{\"@id\":\"https:\\\/\\\/schoenstatt.com\\\/it\\\/in-missione\\\/educazione\\\/universita-di-st-augustine\\\/#primaryimage\"},\"image\":{\"@id\":\"https:\\\/\\\/schoenstatt.com\\\/it\\\/in-missione\\\/educazione\\\/universita-di-st-augustine\\\/#primaryimage\"},\"thumbnailUrl\":\"https:\\\/\\\/schoenstatt.com\\\/wp-content\\\/uploads\\\/2024\\\/06\\\/University-1.jpg\",\"datePublished\":\"2024-06-29T20:21:30+00:00\",\"dateModified\":\"2025-07-28T14:33:21+00:00\",\"description\":\"Un corso di gestione aziendale cristiana basato sull'insegnamento, la filosofia e la pedagogia di Kentenich applicati al mondo degli affari.\",\"breadcrumb\":{\"@id\":\"https:\\\/\\\/schoenstatt.com\\\/it\\\/in-missione\\\/educazione\\\/universita-di-st-augustine\\\/#breadcrumb\"},\"inLanguage\":\"it-IT\",\"potentialAction\":[{\"@type\":\"ReadAction\",\"target\":[\"https:\\\/\\\/schoenstatt.com\\\/it\\\/in-missione\\\/educazione\\\/universita-di-st-augustine\\\/\"]}]},{\"@type\":\"ImageObject\",\"inLanguage\":\"it-IT\",\"@id\":\"https:\\\/\\\/schoenstatt.com\\\/it\\\/in-missione\\\/educazione\\\/universita-di-st-augustine\\\/#primaryimage\",\"url\":\"https:\\\/\\\/schoenstatt.com\\\/wp-content\\\/uploads\\\/2024\\\/06\\\/University-1.jpg\",\"contentUrl\":\"https:\\\/\\\/schoenstatt.com\\\/wp-content\\\/uploads\\\/2024\\\/06\\\/University-1.jpg\",\"width\":2048,\"height\":624,\"caption\":\"university of st. augustine\"},{\"@type\":\"BreadcrumbList\",\"@id\":\"https:\\\/\\\/schoenstatt.com\\\/it\\\/in-missione\\\/educazione\\\/universita-di-st-augustine\\\/#breadcrumb\",\"itemListElement\":[{\"@type\":\"ListItem\",\"position\":1,\"name\":\"Portada\",\"item\":\"https:\\\/\\\/schoenstatt.com\\\/it\\\/home\\\/\"},{\"@type\":\"ListItem\",\"position\":2,\"name\":\"In Missione\",\"item\":\"https:\\\/\\\/schoenstatt.com\\\/it\\\/in-missione\\\/\"},{\"@type\":\"ListItem\",\"position\":3,\"name\":\"Educazione\",\"item\":\"https:\\\/\\\/schoenstatt.com\\\/it\\\/in-missione\\\/educazione\\\/\"},{\"@type\":\"ListItem\",\"position\":4,\"name\":\"Universit\u00e0 di St. Augustine\"}]},{\"@type\":\"WebSite\",\"@id\":\"https:\\\/\\\/schoenstatt.com\\\/it\\\/#website\",\"url\":\"https:\\\/\\\/schoenstatt.com\\\/it\\\/\",\"name\":\"Schoenstatt\",\"description\":\"Apostolic Movement\",\"publisher\":{\"@id\":\"https:\\\/\\\/schoenstatt.com\\\/it\\\/#organization\"},\"potentialAction\":[{\"@type\":\"SearchAction\",\"target\":{\"@type\":\"EntryPoint\",\"urlTemplate\":\"https:\\\/\\\/schoenstatt.com\\\/it\\\/?s={search_term_string}\"},\"query-input\":{\"@type\":\"PropertyValueSpecification\",\"valueRequired\":true,\"valueName\":\"search_term_string\"}}],\"inLanguage\":\"it-IT\"},{\"@type\":\"Organization\",\"@id\":\"https:\\\/\\\/schoenstatt.com\\\/it\\\/#organization\",\"name\":\"Schoenstatt\",\"url\":\"https:\\\/\\\/schoenstatt.com\\\/it\\\/\",\"logo\":{\"@type\":\"ImageObject\",\"inLanguage\":\"it-IT\",\"@id\":\"https:\\\/\\\/schoenstatt.com\\\/it\\\/#\\\/schema\\\/logo\\\/image\\\/\",\"url\":\"https:\\\/\\\/schoenstatt.com\\\/wp-content\\\/uploads\\\/2025\\\/04\\\/logo-schoenstatt-white-696x696-1.png\",\"contentUrl\":\"https:\\\/\\\/schoenstatt.com\\\/wp-content\\\/uploads\\\/2025\\\/04\\\/logo-schoenstatt-white-696x696-1.png\",\"width\":696,\"height\":694,\"caption\":\"Schoenstatt\"},\"image\":{\"@id\":\"https:\\\/\\\/schoenstatt.com\\\/it\\\/#\\\/schema\\\/logo\\\/image\\\/\"}}]}<\/script>\n<!-- \/ Yoast SEO Premium plugin. -->","yoast_head_json":{"title":"Universit\u00e0 di St. Augustine - Schoenstatt","description":"Un corso di gestione aziendale cristiana basato sull'insegnamento, la filosofia e la pedagogia di Kentenich applicati al mondo degli affari.","robots":{"index":"index","follow":"follow","max-snippet":"max-snippet:-1","max-image-preview":"max-image-preview:large","max-video-preview":"max-video-preview:-1"},"canonical":"https:\/\/schoenstatt.com\/it\/in-missione\/educazione\/universita-di-st-augustine\/","og_locale":"it_IT","og_type":"article","og_title":"Universit\u00e0 di St. Augustine","og_description":"Un corso di gestione aziendale cristiana basato sull'insegnamento, la filosofia e la pedagogia di Kentenich applicati al mondo degli affari.","og_url":"https:\/\/schoenstatt.com\/it\/in-missione\/educazione\/universita-di-st-augustine\/","og_site_name":"Schoenstatt","article_modified_time":"2025-07-28T14:33:21+00:00","og_image":[{"width":2048,"height":624,"url":"https:\/\/schoenstatt.com\/wp-content\/uploads\/2024\/06\/University-1.jpg","type":"image\/jpeg"}],"twitter_card":"summary_large_image","twitter_misc":{"Tempo di lettura stimato":"2 minuti"},"schema":{"@context":"https:\/\/schema.org","@graph":[{"@type":"WebPage","@id":"https:\/\/schoenstatt.com\/it\/in-missione\/educazione\/universita-di-st-augustine\/","url":"https:\/\/schoenstatt.com\/it\/in-missione\/educazione\/universita-di-st-augustine\/","name":"Universit\u00e0 di St. Augustine - Schoenstatt","isPartOf":{"@id":"https:\/\/schoenstatt.com\/it\/#website"},"primaryImageOfPage":{"@id":"https:\/\/schoenstatt.com\/it\/in-missione\/educazione\/universita-di-st-augustine\/#primaryimage"},"image":{"@id":"https:\/\/schoenstatt.com\/it\/in-missione\/educazione\/universita-di-st-augustine\/#primaryimage"},"thumbnailUrl":"https:\/\/schoenstatt.com\/wp-content\/uploads\/2024\/06\/University-1.jpg","datePublished":"2024-06-29T20:21:30+00:00","dateModified":"2025-07-28T14:33:21+00:00","description":"Un corso di gestione aziendale cristiana basato sull'insegnamento, la filosofia e la pedagogia di Kentenich applicati al mondo degli affari.","breadcrumb":{"@id":"https:\/\/schoenstatt.com\/it\/in-missione\/educazione\/universita-di-st-augustine\/#breadcrumb"},"inLanguage":"it-IT","potentialAction":[{"@type":"ReadAction","target":["https:\/\/schoenstatt.com\/it\/in-missione\/educazione\/universita-di-st-augustine\/"]}]},{"@type":"ImageObject","inLanguage":"it-IT","@id":"https:\/\/schoenstatt.com\/it\/in-missione\/educazione\/universita-di-st-augustine\/#primaryimage","url":"https:\/\/schoenstatt.com\/wp-content\/uploads\/2024\/06\/University-1.jpg","contentUrl":"https:\/\/schoenstatt.com\/wp-content\/uploads\/2024\/06\/University-1.jpg","width":2048,"height":624,"caption":"university of st. augustine"},{"@type":"BreadcrumbList","@id":"https:\/\/schoenstatt.com\/it\/in-missione\/educazione\/universita-di-st-augustine\/#breadcrumb","itemListElement":[{"@type":"ListItem","position":1,"name":"Portada","item":"https:\/\/schoenstatt.com\/it\/home\/"},{"@type":"ListItem","position":2,"name":"In Missione","item":"https:\/\/schoenstatt.com\/it\/in-missione\/"},{"@type":"ListItem","position":3,"name":"Educazione","item":"https:\/\/schoenstatt.com\/it\/in-missione\/educazione\/"},{"@type":"ListItem","position":4,"name":"Universit\u00e0 di St. Augustine"}]},{"@type":"WebSite","@id":"https:\/\/schoenstatt.com\/it\/#website","url":"https:\/\/schoenstatt.com\/it\/","name":"Schoenstatt","description":"Apostolic Movement","publisher":{"@id":"https:\/\/schoenstatt.com\/it\/#organization"},"potentialAction":[{"@type":"SearchAction","target":{"@type":"EntryPoint","urlTemplate":"https:\/\/schoenstatt.com\/it\/?s={search_term_string}"},"query-input":{"@type":"PropertyValueSpecification","valueRequired":true,"valueName":"search_term_string"}}],"inLanguage":"it-IT"},{"@type":"Organization","@id":"https:\/\/schoenstatt.com\/it\/#organization","name":"Schoenstatt","url":"https:\/\/schoenstatt.com\/it\/","logo":{"@type":"ImageObject","inLanguage":"it-IT","@id":"https:\/\/schoenstatt.com\/it\/#\/schema\/logo\/image\/","url":"https:\/\/schoenstatt.com\/wp-content\/uploads\/2025\/04\/logo-schoenstatt-white-696x696-1.png","contentUrl":"https:\/\/schoenstatt.com\/wp-content\/uploads\/2025\/04\/logo-schoenstatt-white-696x696-1.png","width":696,"height":694,"caption":"Schoenstatt"},"image":{"@id":"https:\/\/schoenstatt.com\/it\/#\/schema\/logo\/image\/"}}]}},"_links":{"self":[{"href":"https:\/\/schoenstatt.com\/it\/wp-json\/wp\/v2\/pages\/61123","targetHints":{"allow":["GET"]}}],"collection":[{"href":"https:\/\/schoenstatt.com\/it\/wp-json\/wp\/v2\/pages"}],"about":[{"href":"https:\/\/schoenstatt.com\/it\/wp-json\/wp\/v2\/types\/page"}],"author":[{"embeddable":true,"href":"https:\/\/schoenstatt.com\/it\/wp-json\/wp\/v2\/users\/3"}],"replies":[{"embeddable":true,"href":"https:\/\/schoenstatt.com\/it\/wp-json\/wp\/v2\/comments?post=61123"}],"version-history":[{"count":1,"href":"https:\/\/schoenstatt.com\/it\/wp-json\/wp\/v2\/pages\/61123\/revisions"}],"predecessor-version":[{"id":61125,"href":"https:\/\/schoenstatt.com\/it\/wp-json\/wp\/v2\/pages\/61123\/revisions\/61125"}],"up":[{"embeddable":true,"href":"https:\/\/schoenstatt.com\/it\/wp-json\/wp\/v2\/pages\/61117"}],"wp:featuredmedia":[{"embeddable":true,"href":"https:\/\/schoenstatt.com\/it\/wp-json\/wp\/v2\/media\/61124"}],"wp:attachment":[{"href":"https:\/\/schoenstatt.com\/it\/wp-json\/wp\/v2\/media?parent=61123"}],"curies":[{"name":"wp","href":"https:\/\/api.w.org\/{rel}","templated":true}]}}