{"id":61120,"date":"2024-06-29T22:17:22","date_gmt":"2024-06-29T20:17:22","guid":{"rendered":"https:\/\/schoenstatt.com\/in-missione\/educazione\/scuola-josef-kentenich-di-kempten\/"},"modified":"2025-07-28T16:30:51","modified_gmt":"2025-07-28T14:30:51","slug":"scuola-josef-kentenich-di-kempten","status":"publish","type":"page","link":"https:\/\/schoenstatt.com\/it\/in-missione\/educazione\/scuola-josef-kentenich-di-kempten\/","title":{"rendered":"Scuola Josef Kentenich di Kempten"},"content":{"rendered":"\t\t<div data-elementor-type=\"wp-page\" data-elementor-id=\"61120\" class=\"elementor elementor-61120 elementor-39226\" data-elementor-post-type=\"page\">\n\t\t\t\t<div class=\"elementor-element elementor-element-75a8bb7a e-flex e-con-boxed e-con e-parent\" data-id=\"75a8bb7a\" data-element_type=\"container\" data-e-type=\"container\" data-settings=\"{&quot;background_background&quot;:&quot;classic&quot;}\">\n\t\t\t\t\t<div class=\"e-con-inner\">\n\t\t<div class=\"elementor-element elementor-element-234cfdf5 e-flex e-con-boxed e-con e-child\" data-id=\"234cfdf5\" data-element_type=\"container\" data-e-type=\"container\">\n\t\t\t\t\t<div class=\"e-con-inner\">\n\t\t\t\t\t<\/div>\n\t\t\t\t<\/div>\n\t\t\t\t\t<\/div>\n\t\t\t\t<\/div>\n\t\t<div class=\"elementor-element elementor-element-c7bcb79 e-flex e-con-boxed e-con e-parent\" data-id=\"c7bcb79\" data-element_type=\"container\" data-e-type=\"container\">\n\t\t\t\t\t<div class=\"e-con-inner\">\n\t\t<div class=\"elementor-element elementor-element-07ad31b e-con-full e-flex e-con e-child\" data-id=\"07ad31b\" data-element_type=\"container\" data-e-type=\"container\">\n\t\t\t\t<div class=\"elementor-element elementor-element-8b19540 elementor-widget__width-initial elementor-widget elementor-widget-image\" data-id=\"8b19540\" data-element_type=\"widget\" data-e-type=\"widget\" data-widget_type=\"image.default\">\n\t\t\t\t<div class=\"elementor-widget-container\">\n\t\t\t\t\t\t\t\t\t\t\t\t\t\t\t<img decoding=\"async\" src=\"https:\/\/schoenstatt.com\/wp-content\/uploads\/2024\/06\/school-escola-kempten-2.jpg\" title=\"\" alt=\"\" loading=\"lazy\" \/>\t\t\t\t\t\t\t\t\t\t\t\t\t\t\t<\/div>\n\t\t\t\t<\/div>\n\t\t\t\t<\/div>\n\t\t<div class=\"elementor-element elementor-element-0289cb8 e-con-full e-flex e-con e-child\" data-id=\"0289cb8\" data-element_type=\"container\" data-e-type=\"container\">\n\t\t\t\t<div class=\"elementor-element elementor-element-fac3ebe elementor-widget elementor-widget-heading\" data-id=\"fac3ebe\" data-element_type=\"widget\" data-e-type=\"widget\" data-widget_type=\"heading.default\">\n\t\t\t\t<div class=\"elementor-widget-container\">\n\t\t\t\t\t<h2 class=\"elementor-heading-title elementor-size-default\">Scuola Josef Kentenich a Kempten, Germania<\/h2>\t\t\t\t<\/div>\n\t\t\t\t<\/div>\n\t\t\t\t<div class=\"elementor-element elementor-element-a47bac8 elementor-widget elementor-widget-text-editor\" data-id=\"a47bac8\" data-element_type=\"widget\" data-e-type=\"widget\" data-widget_type=\"text-editor.default\">\n\t\t\t\t<div class=\"elementor-widget-container\">\n\t\t\t\t\t\t\t\t\t<p>La scuola primaria di Kempten \u00e8 composta da quattro classi con circa 70 alunni (viene accettato un massimo di 80 alunni, 20 per classe) ed \u00e8 riconosciuta dallo Stato. La Josef-Kentenich-Schule \u00e8 una scuola cattolica privata in cui viene applicata la pedagogia di Kentenich. Il lavoro educativo trae beneficio da aule belle e ben attrezzate e da metodi di insegnamento moderni, come il lavoro libero in silenzio e l\u2019insegnamento realistico e interdisciplinare. In questo modo, il personale scolastico rispetta il \u201cLehrplanPLUS\u201d (curriculumPLUS) statale.   <\/p><p>I bambini devono sperimentare l\u2019apprezzamento, acquisire conoscenze approfondite, sviluppare i propri talenti e crescere come personalit\u00e0 sicure di s\u00e9. Gli insegnanti prendono sul serio ogni bambino e il suo carattere, lo accompagnano, lo guidano, lo promuovono e lo stimolano per favorire al meglio il suo sviluppo. In questo modo si crea una base preziosa per la loro formazione futura.   <\/p>\t\t\t\t\t\t\t\t<\/div>\n\t\t\t\t<\/div>\n\t\t\t\t<\/div>\n\t\t\t\t\t<\/div>\n\t\t\t\t<\/div>\n\t\t<div class=\"elementor-element elementor-element-67ff9a3 e-flex e-con-boxed e-con e-parent\" data-id=\"67ff9a3\" data-element_type=\"container\" data-e-type=\"container\">\n\t\t\t\t\t<div class=\"e-con-inner\">\n\t\t\t\t<div class=\"elementor-element elementor-element-cada169 elementor-widget-divider--view-line elementor-widget elementor-widget-divider\" data-id=\"cada169\" data-element_type=\"widget\" data-e-type=\"widget\" data-widget_type=\"divider.default\">\n\t\t\t\t<div class=\"elementor-widget-container\">\n\t\t\t\t\t\t\t<div class=\"elementor-divider\">\n\t\t\t<span class=\"elementor-divider-separator\">\n\t\t\t\t\t\t<\/span>\n\t\t<\/div>\n\t\t\t\t\t\t<\/div>\n\t\t\t\t<\/div>\n\t\t\t\t\t<\/div>\n\t\t\t\t<\/div>\n\t\t<div class=\"elementor-element elementor-element-fb10d30 e-flex e-con-boxed e-con e-parent\" data-id=\"fb10d30\" data-element_type=\"container\" data-e-type=\"container\">\n\t\t\t\t\t<div class=\"e-con-inner\">\n\t\t<div class=\"elementor-element elementor-element-f2c4ebb e-con-full e-flex e-con e-child\" data-id=\"f2c4ebb\" data-element_type=\"container\" data-e-type=\"container\">\n\t\t\t\t<div class=\"elementor-element elementor-element-b5529cf elementor-widget elementor-widget-text-editor\" data-id=\"b5529cf\" data-element_type=\"widget\" data-e-type=\"widget\" data-widget_type=\"text-editor.default\">\n\t\t\t\t<div class=\"elementor-widget-container\">\n\t\t\t\t\t\t\t\t\t<p>La scuola \u00e8 stata fondata da Harald M. Knes (Istituto di Schoenstatt dei Fratelli di Maria), Luitgard e Bernhard Hyneck, nonch\u00e9 da Renate e Christian Immler (Federazione delle Famiglie di Schoenstatt), insieme a pedagogisti esperti, famiglie e imprenditori impegnati che condividevano un grande sogno:<\/p><p>\u25aa ripensare il sistema scolastico<\/p><p>\u25aa creare una forma di scuola che sia al servizio del singolo bambino e metta al centro il suo sviluppo ottimale<\/p><p>\u25aa offrire un luogo dove si impara per la vita e i bambini diventano forti e capaci di vivere<\/p><p>\u25aa progettare una scuola integrata nel sistema scolastico bavarese e allo stesso tempo capace di percorrere nuove strade<\/p>\t\t\t\t\t\t\t\t<\/div>\n\t\t\t\t<\/div>\n\t\t\t\t<\/div>\n\t\t<div class=\"elementor-element elementor-element-6820d68 e-con-full e-flex e-con e-child\" data-id=\"6820d68\" data-element_type=\"container\" data-e-type=\"container\">\n\t\t\t\t<div class=\"elementor-element elementor-element-436a7fa elementor-widget__width-initial elementor-widget elementor-widget-image\" data-id=\"436a7fa\" data-element_type=\"widget\" data-e-type=\"widget\" data-widget_type=\"image.default\">\n\t\t\t\t<div class=\"elementor-widget-container\">\n\t\t\t\t\t\t\t\t\t\t\t\t\t\t\t<img decoding=\"async\" src=\"https:\/\/schoenstatt.com\/wp-content\/uploads\/2024\/06\/school-escola-kempten-3.jpg\" title=\"\" alt=\"\" loading=\"lazy\" \/>\t\t\t\t\t\t\t\t\t\t\t\t\t\t\t<\/div>\n\t\t\t\t<\/div>\n\t\t\t\t<\/div>\n\t\t\t\t\t<\/div>\n\t\t\t\t<\/div>\n\t\t<div class=\"elementor-element elementor-element-26f9514 e-flex e-con-boxed e-con e-parent\" data-id=\"26f9514\" data-element_type=\"container\" data-e-type=\"container\">\n\t\t\t\t\t<div class=\"e-con-inner\">\n\t\t\t\t<div class=\"elementor-element elementor-element-c4c7a78 elementor-widget-divider--view-line elementor-widget elementor-widget-divider\" data-id=\"c4c7a78\" data-element_type=\"widget\" data-e-type=\"widget\" data-widget_type=\"divider.default\">\n\t\t\t\t<div class=\"elementor-widget-container\">\n\t\t\t\t\t\t\t<div class=\"elementor-divider\">\n\t\t\t<span class=\"elementor-divider-separator\">\n\t\t\t\t\t\t<\/span>\n\t\t<\/div>\n\t\t\t\t\t\t<\/div>\n\t\t\t\t<\/div>\n\t\t\t\t\t<\/div>\n\t\t\t\t<\/div>\n\t\t<div class=\"elementor-element elementor-element-6a163b5 e-flex e-con-boxed e-con e-parent\" data-id=\"6a163b5\" data-element_type=\"container\" data-e-type=\"container\">\n\t\t\t\t\t<div class=\"e-con-inner\">\n\t\t<div class=\"elementor-element elementor-element-535cf8a e-con-full e-flex e-con e-child\" data-id=\"535cf8a\" data-element_type=\"container\" data-e-type=\"container\">\n\t\t\t\t<div class=\"elementor-element elementor-element-c45ea5f elementor-widget__width-initial elementor-widget elementor-widget-image\" data-id=\"c45ea5f\" data-element_type=\"widget\" data-e-type=\"widget\" data-widget_type=\"image.default\">\n\t\t\t\t<div class=\"elementor-widget-container\">\n\t\t\t\t\t\t\t\t\t\t\t\t\t\t\t<img decoding=\"async\" src=\"https:\/\/schoenstatt.com\/wp-content\/uploads\/2024\/06\/school-escola-kempten-4.jpg\" title=\"\" alt=\"\" loading=\"lazy\" \/>\t\t\t\t\t\t\t\t\t\t\t\t\t\t\t<\/div>\n\t\t\t\t<\/div>\n\t\t\t\t<\/div>\n\t\t<div class=\"elementor-element elementor-element-3087bb4 e-con-full e-flex e-con e-child\" data-id=\"3087bb4\" data-element_type=\"container\" data-e-type=\"container\">\n\t\t\t\t<div class=\"elementor-element elementor-element-2ac68a1 elementor-widget elementor-widget-text-editor\" data-id=\"2ac68a1\" data-element_type=\"widget\" data-e-type=\"widget\" data-widget_type=\"text-editor.default\">\n\t\t\t\t<div class=\"elementor-widget-container\">\n\t\t\t\t\t\t\t\t\t<p>Molti ostacoli hanno dovuto essere superati prima che la scuola potesse iniziare a funzionare nel 2012. Oggi, la scuola sta collaborando con i genitori per conquistare il premio \u201cScuola Ambientale in Europa \u2013 Scuola Internazionale di Sostenibilit\u00e0\u201d. Sono stati inoltre organizzati laboratori in cui genitori, insegnanti e membri dell&#8217;associazione scolastica lavorano insieme per sviluppare la scuola. Il nuovo sito web della scuola ha come motto: \u201cL\u2019educazione \u00e8 di pi\u00f9\u201d.   <\/p><p>Le porte della scuola sono aperte ai visitatori. La Josef Kentenich School \u00e8 lieta di accogliere tirocinanti e insegnanti del Movimento di Schoenstatt che desiderano lavorare nella scuola per un periodo pi\u00f9 o meno lungo. <\/p>\t\t\t\t\t\t\t\t<\/div>\n\t\t\t\t<\/div>\n\t\t\t\t<\/div>\n\t\t\t\t\t<\/div>\n\t\t\t\t<\/div>\n\t\t<div class=\"elementor-element elementor-element-8ee7982 e-flex e-con-boxed e-con e-parent\" data-id=\"8ee7982\" data-element_type=\"container\" data-e-type=\"container\">\n\t\t\t\t\t<div class=\"e-con-inner\">\n\t\t\t\t<div class=\"elementor-element elementor-element-1d6966b elementor-cta--layout-image-left elementor-cta--skin-classic elementor-animated-content elementor-bg-transform elementor-bg-transform-zoom-in elementor-widget elementor-widget-call-to-action\" data-id=\"1d6966b\" data-element_type=\"widget\" data-e-type=\"widget\" data-widget_type=\"call-to-action.default\">\n\t\t\t\t<div class=\"elementor-widget-container\">\n\t\t\t\t\t\t\t<div class=\"elementor-cta\">\n\t\t\t\t\t<div class=\"elementor-cta__bg-wrapper\">\n\t\t\t\t<div class=\"elementor-cta__bg elementor-bg\" style=\"background-image: url(https:\/\/schoenstatt.com\/wp-content\/uploads\/2024\/06\/school-escola-kempten-5.jpg);\" role=\"img\" aria-label=\"\"><\/div>\n\t\t\t\t<div class=\"elementor-cta__bg-overlay\"><\/div>\n\t\t\t<\/div>\n\t\t\t\t\t\t\t<div class=\"elementor-cta__content\">\n\t\t\t\t\n\t\t\t\t\t\t\t\t\t<h2 class=\"elementor-cta__title elementor-cta__content-item elementor-content-item\">\n\t\t\t\t\t\tUlteriori informazioni\t\t\t\t\t<\/h2>\n\t\t\t\t\n\t\t\t\t\t\t\t\t\t<div class=\"elementor-cta__description elementor-cta__content-item elementor-content-item\">\n\t\t\t\t\t\tJoseph Kentenich School |\nFeldweg 1 |\n87437 Kempten, Germania\n\nTel: +49 831 512 565 30<br>www.kentenich-schule.de\t\t\t\t\t<\/div>\n\t\t\t\t\n\t\t\t\t\t\t\t\t\t<div class=\"elementor-cta__button-wrapper elementor-cta__content-item elementor-content-item \">\n\t\t\t\t\t<a class=\"elementor-cta__button elementor-button elementor-size-\" href=\"mailto:info@kentenich-schule.de\" target=\"_blank\">\n\t\t\t\t\t\tContatti\t\t\t\t\t<\/a>\n\t\t\t\t\t<\/div>\n\t\t\t\t\t\t\t<\/div>\n\t\t\t\t\t\t<\/div>\n\t\t\t\t\t\t<\/div>\n\t\t\t\t<\/div>\n\t\t\t\t\t<\/div>\n\t\t\t\t<\/div>\n\t\t\t\t<\/div>\n\t\t","protected":false},"excerpt":{"rendered":"<p>Scuola Josef Kentenich a Kempten, Germania La scuola primaria di Kempten \u00e8 composta da quattro classi con circa 70 alunni (viene accettato un massimo di 80 alunni, 20 per classe) ed \u00e8 riconosciuta dallo Stato. La Josef-Kentenich-Schule \u00e8 una scuola cattolica privata in cui viene applicata la pedagogia di Kentenich. Il lavoro educativo trae beneficio [&hellip;]<\/p>\n","protected":false},"author":3,"featured_media":61121,"parent":61117,"menu_order":0,"comment_status":"closed","ping_status":"closed","template":"","meta":{"footnotes":""},"class_list":["post-61120","page","type-page","status-publish","has-post-thumbnail","hentry"],"yoast_head":"<!-- This site is optimized with the Yoast SEO Premium plugin v27.1 (Yoast SEO v27.3) - https:\/\/yoast.com\/product\/yoast-seo-premium-wordpress\/ -->\n<title>Scuola Josef Kentenich di Kempten - Schoenstatt<\/title>\n<meta name=\"description\" content=\"Qui viene applicata la pedagogia di Kentenich: i bambini ricevono apprezzamento, sviluppano i propri talenti e maturano fino a diventare personalit\u00e0 sicure di s\u00e9.\" \/>\n<meta name=\"robots\" content=\"index, follow, max-snippet:-1, max-image-preview:large, max-video-preview:-1\" \/>\n<link rel=\"canonical\" href=\"https:\/\/schoenstatt.com\/it\/in-missione\/educazione\/scuola-josef-kentenich-di-kempten\/\" \/>\n<meta property=\"og:locale\" content=\"it_IT\" \/>\n<meta property=\"og:type\" content=\"article\" \/>\n<meta property=\"og:title\" content=\"Scuola Josef Kentenich di Kempten\" \/>\n<meta property=\"og:description\" content=\"Qui viene applicata la pedagogia di Kentenich: i bambini ricevono apprezzamento, sviluppano i propri talenti e maturano fino a diventare personalit\u00e0 sicure di s\u00e9.\" \/>\n<meta property=\"og:url\" content=\"https:\/\/schoenstatt.com\/it\/in-missione\/educazione\/scuola-josef-kentenich-di-kempten\/\" \/>\n<meta property=\"og:site_name\" content=\"Schoenstatt\" \/>\n<meta property=\"article:modified_time\" content=\"2025-07-28T14:30:51+00:00\" \/>\n<meta property=\"og:image\" content=\"https:\/\/schoenstatt.com\/wp-content\/uploads\/2024\/06\/school-escola-kempten-1.jpg\" \/>\n\t<meta property=\"og:image:width\" content=\"2048\" \/>\n\t<meta property=\"og:image:height\" content=\"624\" \/>\n\t<meta property=\"og:image:type\" content=\"image\/jpeg\" \/>\n<meta name=\"twitter:card\" content=\"summary_large_image\" \/>\n<meta name=\"twitter:label1\" content=\"Tempo di lettura stimato\" \/>\n\t<meta name=\"twitter:data1\" content=\"2 minuti\" \/>\n<script type=\"application\/ld+json\" class=\"yoast-schema-graph\">{\"@context\":\"https:\\\/\\\/schema.org\",\"@graph\":[{\"@type\":\"WebPage\",\"@id\":\"https:\\\/\\\/schoenstatt.com\\\/it\\\/in-missione\\\/educazione\\\/scuola-josef-kentenich-di-kempten\\\/\",\"url\":\"https:\\\/\\\/schoenstatt.com\\\/it\\\/in-missione\\\/educazione\\\/scuola-josef-kentenich-di-kempten\\\/\",\"name\":\"Scuola Josef Kentenich di Kempten - Schoenstatt\",\"isPartOf\":{\"@id\":\"https:\\\/\\\/schoenstatt.com\\\/it\\\/#website\"},\"primaryImageOfPage\":{\"@id\":\"https:\\\/\\\/schoenstatt.com\\\/it\\\/in-missione\\\/educazione\\\/scuola-josef-kentenich-di-kempten\\\/#primaryimage\"},\"image\":{\"@id\":\"https:\\\/\\\/schoenstatt.com\\\/it\\\/in-missione\\\/educazione\\\/scuola-josef-kentenich-di-kempten\\\/#primaryimage\"},\"thumbnailUrl\":\"https:\\\/\\\/schoenstatt.com\\\/wp-content\\\/uploads\\\/2024\\\/06\\\/school-escola-kempten-1.jpg\",\"datePublished\":\"2024-06-29T20:17:22+00:00\",\"dateModified\":\"2025-07-28T14:30:51+00:00\",\"description\":\"Qui viene applicata la pedagogia di Kentenich: i bambini ricevono apprezzamento, sviluppano i propri talenti e maturano fino a diventare personalit\u00e0 sicure di s\u00e9.\",\"breadcrumb\":{\"@id\":\"https:\\\/\\\/schoenstatt.com\\\/it\\\/in-missione\\\/educazione\\\/scuola-josef-kentenich-di-kempten\\\/#breadcrumb\"},\"inLanguage\":\"it-IT\",\"potentialAction\":[{\"@type\":\"ReadAction\",\"target\":[\"https:\\\/\\\/schoenstatt.com\\\/it\\\/in-missione\\\/educazione\\\/scuola-josef-kentenich-di-kempten\\\/\"]}]},{\"@type\":\"ImageObject\",\"inLanguage\":\"it-IT\",\"@id\":\"https:\\\/\\\/schoenstatt.com\\\/it\\\/in-missione\\\/educazione\\\/scuola-josef-kentenich-di-kempten\\\/#primaryimage\",\"url\":\"https:\\\/\\\/schoenstatt.com\\\/wp-content\\\/uploads\\\/2024\\\/06\\\/school-escola-kempten-1.jpg\",\"contentUrl\":\"https:\\\/\\\/schoenstatt.com\\\/wp-content\\\/uploads\\\/2024\\\/06\\\/school-escola-kempten-1.jpg\",\"width\":2048,\"height\":624},{\"@type\":\"BreadcrumbList\",\"@id\":\"https:\\\/\\\/schoenstatt.com\\\/it\\\/in-missione\\\/educazione\\\/scuola-josef-kentenich-di-kempten\\\/#breadcrumb\",\"itemListElement\":[{\"@type\":\"ListItem\",\"position\":1,\"name\":\"Portada\",\"item\":\"https:\\\/\\\/schoenstatt.com\\\/it\\\/\"},{\"@type\":\"ListItem\",\"position\":2,\"name\":\"In Missione\",\"item\":\"https:\\\/\\\/schoenstatt.com\\\/it\\\/in-missione\\\/\"},{\"@type\":\"ListItem\",\"position\":3,\"name\":\"Educazione\",\"item\":\"https:\\\/\\\/schoenstatt.com\\\/it\\\/in-missione\\\/educazione\\\/\"},{\"@type\":\"ListItem\",\"position\":4,\"name\":\"Scuola Josef Kentenich di Kempten\"}]},{\"@type\":\"WebSite\",\"@id\":\"https:\\\/\\\/schoenstatt.com\\\/it\\\/#website\",\"url\":\"https:\\\/\\\/schoenstatt.com\\\/it\\\/\",\"name\":\"Schoenstatt\",\"description\":\"Apostolic Movement\",\"publisher\":{\"@id\":\"https:\\\/\\\/schoenstatt.com\\\/it\\\/#organization\"},\"potentialAction\":[{\"@type\":\"SearchAction\",\"target\":{\"@type\":\"EntryPoint\",\"urlTemplate\":\"https:\\\/\\\/schoenstatt.com\\\/it\\\/?s={search_term_string}\"},\"query-input\":{\"@type\":\"PropertyValueSpecification\",\"valueRequired\":true,\"valueName\":\"search_term_string\"}}],\"inLanguage\":\"it-IT\"},{\"@type\":\"Organization\",\"@id\":\"https:\\\/\\\/schoenstatt.com\\\/it\\\/#organization\",\"name\":\"Schoenstatt\",\"url\":\"https:\\\/\\\/schoenstatt.com\\\/it\\\/\",\"logo\":{\"@type\":\"ImageObject\",\"inLanguage\":\"it-IT\",\"@id\":\"https:\\\/\\\/schoenstatt.com\\\/it\\\/#\\\/schema\\\/logo\\\/image\\\/\",\"url\":\"https:\\\/\\\/schoenstatt.com\\\/wp-content\\\/uploads\\\/2025\\\/04\\\/logo-schoenstatt-white-696x696-1.png\",\"contentUrl\":\"https:\\\/\\\/schoenstatt.com\\\/wp-content\\\/uploads\\\/2025\\\/04\\\/logo-schoenstatt-white-696x696-1.png\",\"width\":696,\"height\":694,\"caption\":\"Schoenstatt\"},\"image\":{\"@id\":\"https:\\\/\\\/schoenstatt.com\\\/it\\\/#\\\/schema\\\/logo\\\/image\\\/\"}}]}<\/script>\n<!-- \/ Yoast SEO Premium plugin. -->","yoast_head_json":{"title":"Scuola Josef Kentenich di Kempten - Schoenstatt","description":"Qui viene applicata la pedagogia di Kentenich: i bambini ricevono apprezzamento, sviluppano i propri talenti e maturano fino a diventare personalit\u00e0 sicure di s\u00e9.","robots":{"index":"index","follow":"follow","max-snippet":"max-snippet:-1","max-image-preview":"max-image-preview:large","max-video-preview":"max-video-preview:-1"},"canonical":"https:\/\/schoenstatt.com\/it\/in-missione\/educazione\/scuola-josef-kentenich-di-kempten\/","og_locale":"it_IT","og_type":"article","og_title":"Scuola Josef Kentenich di Kempten","og_description":"Qui viene applicata la pedagogia di Kentenich: i bambini ricevono apprezzamento, sviluppano i propri talenti e maturano fino a diventare personalit\u00e0 sicure di s\u00e9.","og_url":"https:\/\/schoenstatt.com\/it\/in-missione\/educazione\/scuola-josef-kentenich-di-kempten\/","og_site_name":"Schoenstatt","article_modified_time":"2025-07-28T14:30:51+00:00","og_image":[{"width":2048,"height":624,"url":"https:\/\/schoenstatt.com\/wp-content\/uploads\/2024\/06\/school-escola-kempten-1.jpg","type":"image\/jpeg"}],"twitter_card":"summary_large_image","twitter_misc":{"Tempo di lettura stimato":"2 minuti"},"schema":{"@context":"https:\/\/schema.org","@graph":[{"@type":"WebPage","@id":"https:\/\/schoenstatt.com\/it\/in-missione\/educazione\/scuola-josef-kentenich-di-kempten\/","url":"https:\/\/schoenstatt.com\/it\/in-missione\/educazione\/scuola-josef-kentenich-di-kempten\/","name":"Scuola Josef Kentenich di Kempten - Schoenstatt","isPartOf":{"@id":"https:\/\/schoenstatt.com\/it\/#website"},"primaryImageOfPage":{"@id":"https:\/\/schoenstatt.com\/it\/in-missione\/educazione\/scuola-josef-kentenich-di-kempten\/#primaryimage"},"image":{"@id":"https:\/\/schoenstatt.com\/it\/in-missione\/educazione\/scuola-josef-kentenich-di-kempten\/#primaryimage"},"thumbnailUrl":"https:\/\/schoenstatt.com\/wp-content\/uploads\/2024\/06\/school-escola-kempten-1.jpg","datePublished":"2024-06-29T20:17:22+00:00","dateModified":"2025-07-28T14:30:51+00:00","description":"Qui viene applicata la pedagogia di Kentenich: i bambini ricevono apprezzamento, sviluppano i propri talenti e maturano fino a diventare personalit\u00e0 sicure di s\u00e9.","breadcrumb":{"@id":"https:\/\/schoenstatt.com\/it\/in-missione\/educazione\/scuola-josef-kentenich-di-kempten\/#breadcrumb"},"inLanguage":"it-IT","potentialAction":[{"@type":"ReadAction","target":["https:\/\/schoenstatt.com\/it\/in-missione\/educazione\/scuola-josef-kentenich-di-kempten\/"]}]},{"@type":"ImageObject","inLanguage":"it-IT","@id":"https:\/\/schoenstatt.com\/it\/in-missione\/educazione\/scuola-josef-kentenich-di-kempten\/#primaryimage","url":"https:\/\/schoenstatt.com\/wp-content\/uploads\/2024\/06\/school-escola-kempten-1.jpg","contentUrl":"https:\/\/schoenstatt.com\/wp-content\/uploads\/2024\/06\/school-escola-kempten-1.jpg","width":2048,"height":624},{"@type":"BreadcrumbList","@id":"https:\/\/schoenstatt.com\/it\/in-missione\/educazione\/scuola-josef-kentenich-di-kempten\/#breadcrumb","itemListElement":[{"@type":"ListItem","position":1,"name":"Portada","item":"https:\/\/schoenstatt.com\/it\/"},{"@type":"ListItem","position":2,"name":"In Missione","item":"https:\/\/schoenstatt.com\/it\/in-missione\/"},{"@type":"ListItem","position":3,"name":"Educazione","item":"https:\/\/schoenstatt.com\/it\/in-missione\/educazione\/"},{"@type":"ListItem","position":4,"name":"Scuola Josef Kentenich di Kempten"}]},{"@type":"WebSite","@id":"https:\/\/schoenstatt.com\/it\/#website","url":"https:\/\/schoenstatt.com\/it\/","name":"Schoenstatt","description":"Apostolic Movement","publisher":{"@id":"https:\/\/schoenstatt.com\/it\/#organization"},"potentialAction":[{"@type":"SearchAction","target":{"@type":"EntryPoint","urlTemplate":"https:\/\/schoenstatt.com\/it\/?s={search_term_string}"},"query-input":{"@type":"PropertyValueSpecification","valueRequired":true,"valueName":"search_term_string"}}],"inLanguage":"it-IT"},{"@type":"Organization","@id":"https:\/\/schoenstatt.com\/it\/#organization","name":"Schoenstatt","url":"https:\/\/schoenstatt.com\/it\/","logo":{"@type":"ImageObject","inLanguage":"it-IT","@id":"https:\/\/schoenstatt.com\/it\/#\/schema\/logo\/image\/","url":"https:\/\/schoenstatt.com\/wp-content\/uploads\/2025\/04\/logo-schoenstatt-white-696x696-1.png","contentUrl":"https:\/\/schoenstatt.com\/wp-content\/uploads\/2025\/04\/logo-schoenstatt-white-696x696-1.png","width":696,"height":694,"caption":"Schoenstatt"},"image":{"@id":"https:\/\/schoenstatt.com\/it\/#\/schema\/logo\/image\/"}}]}},"_links":{"self":[{"href":"https:\/\/schoenstatt.com\/it\/wp-json\/wp\/v2\/pages\/61120","targetHints":{"allow":["GET"]}}],"collection":[{"href":"https:\/\/schoenstatt.com\/it\/wp-json\/wp\/v2\/pages"}],"about":[{"href":"https:\/\/schoenstatt.com\/it\/wp-json\/wp\/v2\/types\/page"}],"author":[{"embeddable":true,"href":"https:\/\/schoenstatt.com\/it\/wp-json\/wp\/v2\/users\/3"}],"replies":[{"embeddable":true,"href":"https:\/\/schoenstatt.com\/it\/wp-json\/wp\/v2\/comments?post=61120"}],"version-history":[{"count":1,"href":"https:\/\/schoenstatt.com\/it\/wp-json\/wp\/v2\/pages\/61120\/revisions"}],"predecessor-version":[{"id":61122,"href":"https:\/\/schoenstatt.com\/it\/wp-json\/wp\/v2\/pages\/61120\/revisions\/61122"}],"up":[{"embeddable":true,"href":"https:\/\/schoenstatt.com\/it\/wp-json\/wp\/v2\/pages\/61117"}],"wp:featuredmedia":[{"embeddable":true,"href":"https:\/\/schoenstatt.com\/it\/wp-json\/wp\/v2\/media\/61121"}],"wp:attachment":[{"href":"https:\/\/schoenstatt.com\/it\/wp-json\/wp\/v2\/media?parent=61120"}],"curies":[{"name":"wp","href":"https:\/\/api.w.org\/{rel}","templated":true}]}}