{"id":60808,"date":"2024-06-27T01:30:16","date_gmt":"2024-06-26T23:30:16","guid":{"rendered":"https:\/\/schoenstatt.com\/in-missione\/chiesa\/il-rosario-degli-uomini\/"},"modified":"2025-07-17T19:36:28","modified_gmt":"2025-07-17T17:36:28","slug":"il-rosario-degli-uomini","status":"publish","type":"page","link":"https:\/\/schoenstatt.com\/it\/in-missione\/chiesa\/il-rosario-degli-uomini\/","title":{"rendered":"Il Rosario degli Uomini"},"content":{"rendered":"\t\t<div data-elementor-type=\"wp-page\" data-elementor-id=\"60808\" class=\"elementor elementor-60808 elementor-39137\" data-elementor-post-type=\"page\">\n\t\t\t\t<div class=\"elementor-element elementor-element-1bdd3cee e-flex e-con-boxed e-con e-parent\" data-id=\"1bdd3cee\" data-element_type=\"container\" data-e-type=\"container\" data-settings=\"{&quot;background_background&quot;:&quot;classic&quot;}\">\n\t\t\t\t\t<div class=\"e-con-inner\">\n\t\t<div class=\"elementor-element elementor-element-24cd956e e-flex e-con-boxed e-con e-child\" data-id=\"24cd956e\" data-element_type=\"container\" data-e-type=\"container\">\n\t\t\t\t\t<div class=\"e-con-inner\">\n\t\t\t\t\t<\/div>\n\t\t\t\t<\/div>\n\t\t\t\t\t<\/div>\n\t\t\t\t<\/div>\n\t\t<div class=\"elementor-element elementor-element-49f0b6d e-flex e-con-boxed e-con e-parent\" data-id=\"49f0b6d\" data-element_type=\"container\" data-e-type=\"container\">\n\t\t\t\t\t<div class=\"e-con-inner\">\n\t\t<div class=\"elementor-element elementor-element-b882a06 e-con-full e-flex e-con e-child\" data-id=\"b882a06\" data-element_type=\"container\" data-e-type=\"container\">\n\t\t\t\t<div class=\"elementor-element elementor-element-d05b4dc elementor-widget elementor-widget-image\" data-id=\"d05b4dc\" data-element_type=\"widget\" data-e-type=\"widget\" data-widget_type=\"image.default\">\n\t\t\t\t<div class=\"elementor-widget-container\">\n\t\t\t\t\t\t\t\t\t\t\t\t\t\t\t<img fetchpriority=\"high\" decoding=\"async\" width=\"2048\" height=\"1365\" src=\"https:\/\/schoenstatt.com\/wp-content\/uploads\/2024\/06\/mens-rosary-terco-dos-homens-rosario-de-hombres-4-1.jpg\" class=\"attachment-large size-large wp-image-60812\" alt=\"\" srcset=\"https:\/\/schoenstatt.com\/wp-content\/uploads\/2024\/06\/mens-rosary-terco-dos-homens-rosario-de-hombres-4-1.jpg 2048w, https:\/\/schoenstatt.com\/wp-content\/uploads\/2024\/06\/mens-rosary-terco-dos-homens-rosario-de-hombres-4-1-768x512.jpg 768w, https:\/\/schoenstatt.com\/wp-content\/uploads\/2024\/06\/mens-rosary-terco-dos-homens-rosario-de-hombres-4-1-1536x1024.jpg 1536w\" sizes=\"(max-width: 2048px) 100vw, 2048px\" \/>\t\t\t\t\t\t\t\t\t\t\t\t\t\t\t<\/div>\n\t\t\t\t<\/div>\n\t\t\t\t<\/div>\n\t\t<div class=\"elementor-element elementor-element-a8ff26b e-con-full e-flex e-con e-child\" data-id=\"a8ff26b\" data-element_type=\"container\" data-e-type=\"container\">\n\t\t\t\t<div class=\"elementor-element elementor-element-76e9971 elementor-widget elementor-widget-heading\" data-id=\"76e9971\" data-element_type=\"widget\" data-e-type=\"widget\" data-widget_type=\"heading.default\">\n\t\t\t\t<div class=\"elementor-widget-container\">\n\t\t\t\t\t<h2 class=\"elementor-heading-title elementor-size-default\">Il Rosario degli Uomini<\/h2>\t\t\t\t<\/div>\n\t\t\t\t<\/div>\n\t\t\t\t<div class=\"elementor-element elementor-element-cc93646 elementor-widget elementor-widget-text-editor\" data-id=\"cc93646\" data-element_type=\"widget\" data-e-type=\"widget\" data-widget_type=\"text-editor.default\">\n\t\t\t\t<div class=\"elementor-widget-container\">\n\t\t\t\t\t\t\t\t\t<p>Il Rosario degli Uomini \u201cMadre e Regina\u201d \u00e8 un apostolato nato in Brasile nel 1997 e che ogni settimana riunisce un gran numero di uomini per pregare il rosario. Si incontrano in piccoli e grandi gruppi, rappresentati in numerose congregazioni in tutto il paese.  I dati del Segretariato Nazionale indicano che oltre 1 milione di membri fanno parte del Rosario degli Uomini \u201cMadre e Regina\u201d in Brasile.<\/p><p>L\u2019obiettivo di questo apostolato \u00e8 riunire le persone per pregare il Rosario per la santificazione della famiglia; essere anche uno strumento di evangelizzazione personale, cio\u00e8 da persona a persona; e servire la Chiesa locale insieme agli altri ministeri e attivit\u00e0 pastorali delle parrocchie.<\/p>\t\t\t\t\t\t\t\t<\/div>\n\t\t\t\t<\/div>\n\t\t\t\t<\/div>\n\t\t\t\t\t<\/div>\n\t\t\t\t<\/div>\n\t\t<div class=\"elementor-element elementor-element-a16a7df e-flex e-con-boxed e-con e-parent\" data-id=\"a16a7df\" data-element_type=\"container\" data-e-type=\"container\">\n\t\t\t\t\t<div class=\"e-con-inner\">\n\t\t\t\t<div class=\"elementor-element elementor-element-f62f7d7 elementor-widget-divider--view-line elementor-widget elementor-widget-divider\" data-id=\"f62f7d7\" data-element_type=\"widget\" data-e-type=\"widget\" data-widget_type=\"divider.default\">\n\t\t\t\t<div class=\"elementor-widget-container\">\n\t\t\t\t\t\t\t<div class=\"elementor-divider\">\n\t\t\t<span class=\"elementor-divider-separator\">\n\t\t\t\t\t\t<\/span>\n\t\t<\/div>\n\t\t\t\t\t\t<\/div>\n\t\t\t\t<\/div>\n\t\t\t\t\t<\/div>\n\t\t\t\t<\/div>\n\t\t<div class=\"elementor-element elementor-element-29f7917 e-flex e-con-boxed e-con e-parent\" data-id=\"29f7917\" data-element_type=\"container\" data-e-type=\"container\">\n\t\t\t\t\t<div class=\"e-con-inner\">\n\t\t<div class=\"elementor-element elementor-element-5fc6ea8 e-con-full e-flex e-con e-child\" data-id=\"5fc6ea8\" data-element_type=\"container\" data-e-type=\"container\">\n\t\t\t\t<div class=\"elementor-element elementor-element-512cadc elementor-widget elementor-widget-text-editor\" data-id=\"512cadc\" data-element_type=\"widget\" data-e-type=\"widget\" data-widget_type=\"text-editor.default\">\n\t\t\t\t<div class=\"elementor-widget-container\">\n\t\t\t\t\t\t\t\t\t<p>Statistiche e testimonianze mostrano che molte famiglie sono cambiate perch\u00e9 c\u2019\u00e8 stato un rinnovamento nelle loro case. Molte persone sono tornate alla vita della Chiesa e hanno nuovamente accettato di essere cristiani impegnati. Molti si sono allontanati da dipendenze come l\u2019alcol e la droga e sono diventati protagonisti nella vita della Chiesa.  <\/p>\t\t\t\t\t\t\t\t<\/div>\n\t\t\t\t<\/div>\n\t\t\t\t<\/div>\n\t\t<div class=\"elementor-element elementor-element-a2ac17d e-con-full e-flex e-con e-child\" data-id=\"a2ac17d\" data-element_type=\"container\" data-e-type=\"container\">\n\t\t\t\t<div class=\"elementor-element elementor-element-f734b20 elementor-widget elementor-widget-image\" data-id=\"f734b20\" data-element_type=\"widget\" data-e-type=\"widget\" data-widget_type=\"image.default\">\n\t\t\t\t<div class=\"elementor-widget-container\">\n\t\t\t\t\t\t\t\t\t\t\t\t\t\t\t<img decoding=\"async\" width=\"2048\" height=\"1152\" src=\"https:\/\/schoenstatt.com\/wp-content\/uploads\/2024\/06\/mens-rosary-terco-dos-homens-rosario-de-hombres-7-scaled-1.jpg\" class=\"attachment-large size-large wp-image-60815\" alt=\"\" srcset=\"https:\/\/schoenstatt.com\/wp-content\/uploads\/2024\/06\/mens-rosary-terco-dos-homens-rosario-de-hombres-7-scaled-1.jpg 2048w, https:\/\/schoenstatt.com\/wp-content\/uploads\/2024\/06\/mens-rosary-terco-dos-homens-rosario-de-hombres-7-scaled-1-768x432.jpg 768w, https:\/\/schoenstatt.com\/wp-content\/uploads\/2024\/06\/mens-rosary-terco-dos-homens-rosario-de-hombres-7-scaled-1-1536x864.jpg 1536w\" sizes=\"(max-width: 2048px) 100vw, 2048px\" \/>\t\t\t\t\t\t\t\t\t\t\t\t\t\t\t<\/div>\n\t\t\t\t<\/div>\n\t\t\t\t<\/div>\n\t\t\t\t\t<\/div>\n\t\t\t\t<\/div>\n\t\t<div class=\"elementor-element elementor-element-8234976 e-flex e-con-boxed e-con e-parent\" data-id=\"8234976\" data-element_type=\"container\" data-e-type=\"container\">\n\t\t\t\t\t<div class=\"e-con-inner\">\n\t\t<div class=\"elementor-element elementor-element-59a3bff e-con-full e-flex e-con e-child\" data-id=\"59a3bff\" data-element_type=\"container\" data-e-type=\"container\">\n\t\t\t\t<div class=\"elementor-element elementor-element-b562479 elementor-widget elementor-widget-image\" data-id=\"b562479\" data-element_type=\"widget\" data-e-type=\"widget\" data-widget_type=\"image.default\">\n\t\t\t\t<div class=\"elementor-widget-container\">\n\t\t\t\t\t\t\t\t\t\t\t\t\t\t\t<img decoding=\"async\" width=\"2048\" height=\"1152\" src=\"https:\/\/schoenstatt.com\/wp-content\/uploads\/2024\/06\/mens-rosary-terco-dos-homens-rosario-de-hombres-6-scaled-1.jpg\" class=\"attachment-large size-large wp-image-60814\" alt=\"\" srcset=\"https:\/\/schoenstatt.com\/wp-content\/uploads\/2024\/06\/mens-rosary-terco-dos-homens-rosario-de-hombres-6-scaled-1.jpg 2048w, https:\/\/schoenstatt.com\/wp-content\/uploads\/2024\/06\/mens-rosary-terco-dos-homens-rosario-de-hombres-6-scaled-1-768x432.jpg 768w, https:\/\/schoenstatt.com\/wp-content\/uploads\/2024\/06\/mens-rosary-terco-dos-homens-rosario-de-hombres-6-scaled-1-1536x864.jpg 1536w\" sizes=\"(max-width: 2048px) 100vw, 2048px\" \/>\t\t\t\t\t\t\t\t\t\t\t\t\t\t\t<\/div>\n\t\t\t\t<\/div>\n\t\t\t\t<div class=\"elementor-element elementor-element-f8c48cb elementor-widget elementor-widget-image\" data-id=\"f8c48cb\" data-element_type=\"widget\" data-e-type=\"widget\" data-widget_type=\"image.default\">\n\t\t\t\t<div class=\"elementor-widget-container\">\n\t\t\t\t\t\t\t\t\t\t\t\t\t\t\t<img loading=\"lazy\" decoding=\"async\" width=\"960\" height=\"640\" src=\"https:\/\/schoenstatt.com\/wp-content\/uploads\/2024\/06\/mens-rosary-terco-dos-homens-rosario-de-hombres-5-1.jpg\" class=\"attachment-large size-large wp-image-60813\" alt=\"\" srcset=\"https:\/\/schoenstatt.com\/wp-content\/uploads\/2024\/06\/mens-rosary-terco-dos-homens-rosario-de-hombres-5-1.jpg 960w, https:\/\/schoenstatt.com\/wp-content\/uploads\/2024\/06\/mens-rosary-terco-dos-homens-rosario-de-hombres-5-1-768x512.jpg 768w\" sizes=\"(max-width: 960px) 100vw, 960px\" \/>\t\t\t\t\t\t\t\t\t\t\t\t\t\t\t<\/div>\n\t\t\t\t<\/div>\n\t\t\t\t<\/div>\n\t\t<div class=\"elementor-element elementor-element-1bc5e3a e-con-full e-flex e-con e-child\" data-id=\"1bc5e3a\" data-element_type=\"container\" data-e-type=\"container\">\n\t\t\t\t<div class=\"elementor-element elementor-element-835b3a5 elementor-widget elementor-widget-heading\" data-id=\"835b3a5\" data-element_type=\"widget\" data-e-type=\"widget\" data-widget_type=\"heading.default\">\n\t\t\t\t<div class=\"elementor-widget-container\">\n\t\t\t\t\t<h2 class=\"elementor-heading-title elementor-size-default\">Com'\u00e8 successo tutto questo?<\/h2>\t\t\t\t<\/div>\n\t\t\t\t<\/div>\n\t\t\t\t<div class=\"elementor-element elementor-element-e44b74f elementor-widget elementor-widget-text-editor\" data-id=\"e44b74f\" data-element_type=\"widget\" data-e-type=\"widget\" data-widget_type=\"text-editor.default\">\n\t\t\t\t<div class=\"elementor-widget-container\">\n\t\t\t\t\t\t\t\t\t<p>Un piccolo gruppo di uomini pregava il Rosario per strada mentre le loro mogli partecipavano agli incontri della Campagna del Rosario: questo fu il segno della Divina Provvidenza perch\u00e9 cominciasse tutto. Questo gruppo non ebbe continuit\u00e0, ma ispir\u00f2 l\u2019inizio del Rosario degli Uomini in Brasile. <\/p><p>Fu il primo seme del Rosario degli Uomini della Madre e Regina a livello parrocchiale, nella parrocchia di Jaboat\u00e3o dos Guararapes, nello stato di Pernambuco. Padre Jos\u00e9 Pontes, dell\u2019Istituto Secolare dei Padri di Schoenstatt, venuto a conoscenza di questa iniziativa, decise di provarla nel Santuario della Nuova Evangelizzazione nella diocesi di Olinda-Recife\/PE, e il Rosario cominci\u00f2 un grande sviluppo, integrandosi nelle attivit\u00e0 del Santuario e aumentando cos\u00ec la sua fecondit\u00e0 e la forza del carisma di Schoenstatt. <\/p><p>Questa iniziativa conquist\u00f2 le masse, irradi\u00f2 le sue grazie in modo mai sperimentato prima, riemp\u00ec chiese e cappelle di uomini e raggiunse un gran numero di membri che si riuniscono settimanalmente per pregare il Rosario e imparare a vivere i misteri del Rosario nella vita quotidiana.<\/p><p>La cosa pi\u00f9 importante \u00e8 che chi partecipa al Rosario degli Uomini della nostra Madre e Regina impara a sviluppare un modo maschile di relazionarsi con Dio.<\/p>\t\t\t\t\t\t\t\t<\/div>\n\t\t\t\t<\/div>\n\t\t\t\t<\/div>\n\t\t\t\t\t<\/div>\n\t\t\t\t<\/div>\n\t\t\t\t<\/div>\n\t\t","protected":false},"excerpt":{"rendered":"<p>Il Rosario degli Uomini Il Rosario degli Uomini \u201cMadre e Regina\u201d \u00e8 un apostolato nato in Brasile nel 1997 e che ogni settimana riunisce un gran numero di uomini per pregare il rosario. Si incontrano in piccoli e grandi gruppi, rappresentati in numerose congregazioni in tutto il paese. I dati del Segretariato Nazionale indicano che [&hellip;]<\/p>\n","protected":false},"author":3,"featured_media":60811,"parent":60796,"menu_order":0,"comment_status":"closed","ping_status":"closed","template":"","meta":{"footnotes":""},"class_list":["post-60808","page","type-page","status-publish","has-post-thumbnail","hentry"],"yoast_head":"<!-- This site is optimized with the Yoast SEO Premium plugin v27.4 (Yoast SEO v27.4) - https:\/\/yoast.com\/product\/yoast-seo-premium-wordpress\/ -->\n<title>Il Rosario degli Uomini - Schoenstatt<\/title>\n<meta name=\"description\" content=\"Un apostolato nato in Brasile nel 1997 che ogni settimana riunisce un gran numero di uomini per recitare il rosario.\" \/>\n<meta name=\"robots\" content=\"index, follow, max-snippet:-1, max-image-preview:large, max-video-preview:-1\" \/>\n<link rel=\"canonical\" href=\"https:\/\/schoenstatt.com\/it\/in-missione\/chiesa\/il-rosario-degli-uomini\/\" \/>\n<meta property=\"og:locale\" content=\"it_IT\" \/>\n<meta property=\"og:type\" content=\"article\" \/>\n<meta property=\"og:title\" content=\"Il Rosario degli Uomini\" \/>\n<meta property=\"og:description\" content=\"Un apostolato nato in Brasile nel 1997 che ogni settimana riunisce un gran numero di uomini per recitare il rosario.\" \/>\n<meta property=\"og:url\" content=\"https:\/\/schoenstatt.com\/it\/in-missione\/chiesa\/il-rosario-degli-uomini\/\" \/>\n<meta property=\"og:site_name\" content=\"Schoenstatt\" \/>\n<meta property=\"article:modified_time\" content=\"2025-07-17T17:36:28+00:00\" \/>\n<meta property=\"og:image\" content=\"https:\/\/schoenstatt.com\/wp-content\/uploads\/2024\/06\/mens-rosary-terco-dos-homens-rosario-de-hombres-3-1.jpg\" \/>\n\t<meta property=\"og:image:width\" content=\"2048\" \/>\n\t<meta property=\"og:image:height\" content=\"774\" \/>\n\t<meta property=\"og:image:type\" content=\"image\/jpeg\" \/>\n<meta name=\"twitter:card\" content=\"summary_large_image\" \/>\n<meta name=\"twitter:label1\" content=\"Tempo di lettura stimato\" \/>\n\t<meta name=\"twitter:data1\" content=\"2 minuti\" \/>\n<script type=\"application\/ld+json\" class=\"yoast-schema-graph\">{\"@context\":\"https:\\\/\\\/schema.org\",\"@graph\":[{\"@type\":\"WebPage\",\"@id\":\"https:\\\/\\\/schoenstatt.com\\\/it\\\/in-missione\\\/chiesa\\\/il-rosario-degli-uomini\\\/\",\"url\":\"https:\\\/\\\/schoenstatt.com\\\/it\\\/in-missione\\\/chiesa\\\/il-rosario-degli-uomini\\\/\",\"name\":\"Il Rosario degli Uomini - Schoenstatt\",\"isPartOf\":{\"@id\":\"https:\\\/\\\/schoenstatt.com\\\/it\\\/#website\"},\"primaryImageOfPage\":{\"@id\":\"https:\\\/\\\/schoenstatt.com\\\/it\\\/in-missione\\\/chiesa\\\/il-rosario-degli-uomini\\\/#primaryimage\"},\"image\":{\"@id\":\"https:\\\/\\\/schoenstatt.com\\\/it\\\/in-missione\\\/chiesa\\\/il-rosario-degli-uomini\\\/#primaryimage\"},\"thumbnailUrl\":\"https:\\\/\\\/schoenstatt.com\\\/wp-content\\\/uploads\\\/2024\\\/06\\\/mens-rosary-terco-dos-homens-rosario-de-hombres-3-1.jpg\",\"datePublished\":\"2024-06-26T23:30:16+00:00\",\"dateModified\":\"2025-07-17T17:36:28+00:00\",\"description\":\"Un apostolato nato in Brasile nel 1997 che ogni settimana riunisce un gran numero di uomini per recitare il rosario.\",\"breadcrumb\":{\"@id\":\"https:\\\/\\\/schoenstatt.com\\\/it\\\/in-missione\\\/chiesa\\\/il-rosario-degli-uomini\\\/#breadcrumb\"},\"inLanguage\":\"it-IT\",\"potentialAction\":[{\"@type\":\"ReadAction\",\"target\":[\"https:\\\/\\\/schoenstatt.com\\\/it\\\/in-missione\\\/chiesa\\\/il-rosario-degli-uomini\\\/\"]}]},{\"@type\":\"ImageObject\",\"inLanguage\":\"it-IT\",\"@id\":\"https:\\\/\\\/schoenstatt.com\\\/it\\\/in-missione\\\/chiesa\\\/il-rosario-degli-uomini\\\/#primaryimage\",\"url\":\"https:\\\/\\\/schoenstatt.com\\\/wp-content\\\/uploads\\\/2024\\\/06\\\/mens-rosary-terco-dos-homens-rosario-de-hombres-3-1.jpg\",\"contentUrl\":\"https:\\\/\\\/schoenstatt.com\\\/wp-content\\\/uploads\\\/2024\\\/06\\\/mens-rosary-terco-dos-homens-rosario-de-hombres-3-1.jpg\",\"width\":2048,\"height\":774,\"caption\":\"AC Bscale(2.0) Dscale(2.0) enhenced_level(-6) isOutdoor(0) result(0) FM0 FC100110011:zzzzzz012 82 00 0 05f02fe45031e1040 92410a21a 14 0256105242 0 0 0 0 0 0 0 0242c181c164 06b 0231c17fc186 06b 0220c17dc171 0 c 020fc17cc146 06e 01fec17bc12c 06b 01edc170c11a 06b 01dcc150c0f0 06b 01edc130c0cc 06b 01fec15cc0e1 06b 020fc178c0f4 06b 0230c182c101 06b 0236c17bc105 06b 023cc17dc10a 06b 0242c180c113 06b 0248c184c115 06b 024ec18ac115 06b 0248c18ac113 06b 0248c18bc10e 06b 0\"},{\"@type\":\"BreadcrumbList\",\"@id\":\"https:\\\/\\\/schoenstatt.com\\\/it\\\/in-missione\\\/chiesa\\\/il-rosario-degli-uomini\\\/#breadcrumb\",\"itemListElement\":[{\"@type\":\"ListItem\",\"position\":1,\"name\":\"Portada\",\"item\":\"https:\\\/\\\/schoenstatt.com\\\/it\\\/home\\\/\"},{\"@type\":\"ListItem\",\"position\":2,\"name\":\"In Missione\",\"item\":\"https:\\\/\\\/schoenstatt.com\\\/it\\\/in-missione\\\/\"},{\"@type\":\"ListItem\",\"position\":3,\"name\":\"Chiesa\",\"item\":\"https:\\\/\\\/schoenstatt.com\\\/it\\\/in-missione\\\/chiesa\\\/\"},{\"@type\":\"ListItem\",\"position\":4,\"name\":\"Il Rosario degli Uomini\"}]},{\"@type\":\"WebSite\",\"@id\":\"https:\\\/\\\/schoenstatt.com\\\/it\\\/#website\",\"url\":\"https:\\\/\\\/schoenstatt.com\\\/it\\\/\",\"name\":\"Schoenstatt\",\"description\":\"Apostolic Movement\",\"publisher\":{\"@id\":\"https:\\\/\\\/schoenstatt.com\\\/it\\\/#organization\"},\"potentialAction\":[{\"@type\":\"SearchAction\",\"target\":{\"@type\":\"EntryPoint\",\"urlTemplate\":\"https:\\\/\\\/schoenstatt.com\\\/it\\\/?s={search_term_string}\"},\"query-input\":{\"@type\":\"PropertyValueSpecification\",\"valueRequired\":true,\"valueName\":\"search_term_string\"}}],\"inLanguage\":\"it-IT\"},{\"@type\":\"Organization\",\"@id\":\"https:\\\/\\\/schoenstatt.com\\\/it\\\/#organization\",\"name\":\"Schoenstatt\",\"url\":\"https:\\\/\\\/schoenstatt.com\\\/it\\\/\",\"logo\":{\"@type\":\"ImageObject\",\"inLanguage\":\"it-IT\",\"@id\":\"https:\\\/\\\/schoenstatt.com\\\/it\\\/#\\\/schema\\\/logo\\\/image\\\/\",\"url\":\"https:\\\/\\\/schoenstatt.com\\\/wp-content\\\/uploads\\\/2025\\\/04\\\/logo-schoenstatt-white-696x696-1.png\",\"contentUrl\":\"https:\\\/\\\/schoenstatt.com\\\/wp-content\\\/uploads\\\/2025\\\/04\\\/logo-schoenstatt-white-696x696-1.png\",\"width\":696,\"height\":694,\"caption\":\"Schoenstatt\"},\"image\":{\"@id\":\"https:\\\/\\\/schoenstatt.com\\\/it\\\/#\\\/schema\\\/logo\\\/image\\\/\"}}]}<\/script>\n<!-- \/ Yoast SEO Premium plugin. -->","yoast_head_json":{"title":"Il Rosario degli Uomini - Schoenstatt","description":"Un apostolato nato in Brasile nel 1997 che ogni settimana riunisce un gran numero di uomini per recitare il rosario.","robots":{"index":"index","follow":"follow","max-snippet":"max-snippet:-1","max-image-preview":"max-image-preview:large","max-video-preview":"max-video-preview:-1"},"canonical":"https:\/\/schoenstatt.com\/it\/in-missione\/chiesa\/il-rosario-degli-uomini\/","og_locale":"it_IT","og_type":"article","og_title":"Il Rosario degli Uomini","og_description":"Un apostolato nato in Brasile nel 1997 che ogni settimana riunisce un gran numero di uomini per recitare il rosario.","og_url":"https:\/\/schoenstatt.com\/it\/in-missione\/chiesa\/il-rosario-degli-uomini\/","og_site_name":"Schoenstatt","article_modified_time":"2025-07-17T17:36:28+00:00","og_image":[{"width":2048,"height":774,"url":"https:\/\/schoenstatt.com\/wp-content\/uploads\/2024\/06\/mens-rosary-terco-dos-homens-rosario-de-hombres-3-1.jpg","type":"image\/jpeg"}],"twitter_card":"summary_large_image","twitter_misc":{"Tempo di lettura stimato":"2 minuti"},"schema":{"@context":"https:\/\/schema.org","@graph":[{"@type":"WebPage","@id":"https:\/\/schoenstatt.com\/it\/in-missione\/chiesa\/il-rosario-degli-uomini\/","url":"https:\/\/schoenstatt.com\/it\/in-missione\/chiesa\/il-rosario-degli-uomini\/","name":"Il Rosario degli Uomini - Schoenstatt","isPartOf":{"@id":"https:\/\/schoenstatt.com\/it\/#website"},"primaryImageOfPage":{"@id":"https:\/\/schoenstatt.com\/it\/in-missione\/chiesa\/il-rosario-degli-uomini\/#primaryimage"},"image":{"@id":"https:\/\/schoenstatt.com\/it\/in-missione\/chiesa\/il-rosario-degli-uomini\/#primaryimage"},"thumbnailUrl":"https:\/\/schoenstatt.com\/wp-content\/uploads\/2024\/06\/mens-rosary-terco-dos-homens-rosario-de-hombres-3-1.jpg","datePublished":"2024-06-26T23:30:16+00:00","dateModified":"2025-07-17T17:36:28+00:00","description":"Un apostolato nato in Brasile nel 1997 che ogni settimana riunisce un gran numero di uomini per recitare il rosario.","breadcrumb":{"@id":"https:\/\/schoenstatt.com\/it\/in-missione\/chiesa\/il-rosario-degli-uomini\/#breadcrumb"},"inLanguage":"it-IT","potentialAction":[{"@type":"ReadAction","target":["https:\/\/schoenstatt.com\/it\/in-missione\/chiesa\/il-rosario-degli-uomini\/"]}]},{"@type":"ImageObject","inLanguage":"it-IT","@id":"https:\/\/schoenstatt.com\/it\/in-missione\/chiesa\/il-rosario-degli-uomini\/#primaryimage","url":"https:\/\/schoenstatt.com\/wp-content\/uploads\/2024\/06\/mens-rosary-terco-dos-homens-rosario-de-hombres-3-1.jpg","contentUrl":"https:\/\/schoenstatt.com\/wp-content\/uploads\/2024\/06\/mens-rosary-terco-dos-homens-rosario-de-hombres-3-1.jpg","width":2048,"height":774,"caption":"AC Bscale(2.0) Dscale(2.0) enhenced_level(-6) isOutdoor(0) result(0) FM0 FC100110011:zzzzzz012 82 00 0 05f02fe45031e1040 92410a21a 14 0256105242 0 0 0 0 0 0 0 0242c181c164 06b 0231c17fc186 06b 0220c17dc171 0 c 020fc17cc146 06e 01fec17bc12c 06b 01edc170c11a 06b 01dcc150c0f0 06b 01edc130c0cc 06b 01fec15cc0e1 06b 020fc178c0f4 06b 0230c182c101 06b 0236c17bc105 06b 023cc17dc10a 06b 0242c180c113 06b 0248c184c115 06b 024ec18ac115 06b 0248c18ac113 06b 0248c18bc10e 06b 0"},{"@type":"BreadcrumbList","@id":"https:\/\/schoenstatt.com\/it\/in-missione\/chiesa\/il-rosario-degli-uomini\/#breadcrumb","itemListElement":[{"@type":"ListItem","position":1,"name":"Portada","item":"https:\/\/schoenstatt.com\/it\/home\/"},{"@type":"ListItem","position":2,"name":"In Missione","item":"https:\/\/schoenstatt.com\/it\/in-missione\/"},{"@type":"ListItem","position":3,"name":"Chiesa","item":"https:\/\/schoenstatt.com\/it\/in-missione\/chiesa\/"},{"@type":"ListItem","position":4,"name":"Il Rosario degli Uomini"}]},{"@type":"WebSite","@id":"https:\/\/schoenstatt.com\/it\/#website","url":"https:\/\/schoenstatt.com\/it\/","name":"Schoenstatt","description":"Apostolic Movement","publisher":{"@id":"https:\/\/schoenstatt.com\/it\/#organization"},"potentialAction":[{"@type":"SearchAction","target":{"@type":"EntryPoint","urlTemplate":"https:\/\/schoenstatt.com\/it\/?s={search_term_string}"},"query-input":{"@type":"PropertyValueSpecification","valueRequired":true,"valueName":"search_term_string"}}],"inLanguage":"it-IT"},{"@type":"Organization","@id":"https:\/\/schoenstatt.com\/it\/#organization","name":"Schoenstatt","url":"https:\/\/schoenstatt.com\/it\/","logo":{"@type":"ImageObject","inLanguage":"it-IT","@id":"https:\/\/schoenstatt.com\/it\/#\/schema\/logo\/image\/","url":"https:\/\/schoenstatt.com\/wp-content\/uploads\/2025\/04\/logo-schoenstatt-white-696x696-1.png","contentUrl":"https:\/\/schoenstatt.com\/wp-content\/uploads\/2025\/04\/logo-schoenstatt-white-696x696-1.png","width":696,"height":694,"caption":"Schoenstatt"},"image":{"@id":"https:\/\/schoenstatt.com\/it\/#\/schema\/logo\/image\/"}}]}},"_links":{"self":[{"href":"https:\/\/schoenstatt.com\/it\/wp-json\/wp\/v2\/pages\/60808","targetHints":{"allow":["GET"]}}],"collection":[{"href":"https:\/\/schoenstatt.com\/it\/wp-json\/wp\/v2\/pages"}],"about":[{"href":"https:\/\/schoenstatt.com\/it\/wp-json\/wp\/v2\/types\/page"}],"author":[{"embeddable":true,"href":"https:\/\/schoenstatt.com\/it\/wp-json\/wp\/v2\/users\/3"}],"replies":[{"embeddable":true,"href":"https:\/\/schoenstatt.com\/it\/wp-json\/wp\/v2\/comments?post=60808"}],"version-history":[{"count":1,"href":"https:\/\/schoenstatt.com\/it\/wp-json\/wp\/v2\/pages\/60808\/revisions"}],"predecessor-version":[{"id":60816,"href":"https:\/\/schoenstatt.com\/it\/wp-json\/wp\/v2\/pages\/60808\/revisions\/60816"}],"up":[{"embeddable":true,"href":"https:\/\/schoenstatt.com\/it\/wp-json\/wp\/v2\/pages\/60796"}],"wp:featuredmedia":[{"embeddable":true,"href":"https:\/\/schoenstatt.com\/it\/wp-json\/wp\/v2\/media\/60811"}],"wp:attachment":[{"href":"https:\/\/schoenstatt.com\/it\/wp-json\/wp\/v2\/media?parent=60808"}],"curies":[{"name":"wp","href":"https:\/\/api.w.org\/{rel}","templated":true}]}}