{"id":44193,"date":"2024-06-29T22:17:22","date_gmt":"2024-06-29T20:17:22","guid":{"rendered":"https:\/\/schoenstatt.com\/en-mision\/educacion\/escuela-joseph-kentenich-en-kempten\/"},"modified":"2025-05-28T01:58:32","modified_gmt":"2025-05-27T23:58:32","slug":"escuela-joseph-kentenich-en-kempten","status":"publish","type":"page","link":"https:\/\/schoenstatt.com\/es\/en-mision\/educacion\/escuela-joseph-kentenich-en-kempten\/","title":{"rendered":"Escuela Joseph Kentenich en Kempten"},"content":{"rendered":"\t\t<div data-elementor-type=\"wp-page\" data-elementor-id=\"44193\" class=\"elementor elementor-44193 elementor-39226\" data-elementor-post-type=\"page\">\n\t\t\t\t<div class=\"elementor-element elementor-element-75a8bb7a e-flex e-con-boxed e-con e-parent\" data-id=\"75a8bb7a\" data-element_type=\"container\" data-e-type=\"container\" data-settings=\"{&quot;background_background&quot;:&quot;classic&quot;}\">\n\t\t\t\t\t<div class=\"e-con-inner\">\n\t\t<div class=\"elementor-element elementor-element-234cfdf5 e-flex e-con-boxed e-con e-child\" data-id=\"234cfdf5\" data-element_type=\"container\" data-e-type=\"container\">\n\t\t\t\t\t<div class=\"e-con-inner\">\n\t\t\t\t\t<\/div>\n\t\t\t\t<\/div>\n\t\t\t\t\t<\/div>\n\t\t\t\t<\/div>\n\t\t<div class=\"elementor-element elementor-element-c7bcb79 e-flex e-con-boxed e-con e-parent\" data-id=\"c7bcb79\" data-element_type=\"container\" data-e-type=\"container\">\n\t\t\t\t\t<div class=\"e-con-inner\">\n\t\t<div class=\"elementor-element elementor-element-07ad31b e-con-full e-flex e-con e-child\" data-id=\"07ad31b\" data-element_type=\"container\" data-e-type=\"container\">\n\t\t\t\t<div class=\"elementor-element elementor-element-8b19540 elementor-widget__width-initial elementor-widget elementor-widget-image\" data-id=\"8b19540\" data-element_type=\"widget\" data-e-type=\"widget\" data-widget_type=\"image.default\">\n\t\t\t\t<div class=\"elementor-widget-container\">\n\t\t\t\t\t\t\t\t\t\t\t\t\t\t\t<img decoding=\"async\" src=\"https:\/\/schoenstatt.com\/wp-content\/uploads\/2024\/06\/school-escola-kempten-2.jpg\" title=\"\" alt=\"\" loading=\"lazy\" \/>\t\t\t\t\t\t\t\t\t\t\t\t\t\t\t<\/div>\n\t\t\t\t<\/div>\n\t\t\t\t<\/div>\n\t\t<div class=\"elementor-element elementor-element-0289cb8 e-con-full e-flex e-con e-child\" data-id=\"0289cb8\" data-element_type=\"container\" data-e-type=\"container\">\n\t\t\t\t<div class=\"elementor-element elementor-element-fac3ebe elementor-widget elementor-widget-heading\" data-id=\"fac3ebe\" data-element_type=\"widget\" data-e-type=\"widget\" data-widget_type=\"heading.default\">\n\t\t\t\t<div class=\"elementor-widget-container\">\n\t\t\t\t\t<h2 class=\"elementor-heading-title elementor-size-default\">Escuela Joseph Kentenich en Kempten, Alemania<\/h2>\t\t\t\t<\/div>\n\t\t\t\t<\/div>\n\t\t\t\t<div class=\"elementor-element elementor-element-a47bac8 elementor-widget elementor-widget-text-editor\" data-id=\"a47bac8\" data-element_type=\"widget\" data-e-type=\"widget\" data-widget_type=\"text-editor.default\">\n\t\t\t\t<div class=\"elementor-widget-container\">\n\t\t\t\t\t\t\t\t\t<p>La escuela primaria consta de cuatro clases con unos 70 alumnos (el m\u00e1ximo son 80 alumnos, 20 por clase) y est\u00e1 reconocida por el Estado. La escuela Josef-Kentenich es una escuela cat\u00f3lica privada que aplica la pedagog\u00eda del Padre Kentenich. El trabajo educativo se beneficia de aulas hermosas y bien equipadas y de m\u00e9todos de ense\u00f1anza modernos,como el trabajo sin silencio y la ense\u00f1anza realista e interdisciplinaria. De esta manera, el centro cumple con el \u00abLehrplanPLUS\u00bb (plan de estudiosPLUS) del estado.   <\/p><p>Los ni\u00f1os deben experimentar aprecio, adquirir amplios conocimientos, desarrollar sus talentos y madurar hasta convertirse en personas seguras. Los profesores se toman en serio a cada ni\u00f1o y su car\u00e1cter, y lo acompa\u00f1an, gu\u00edan, promueven y desaf\u00edan en beneficio de su mejor desarrollo posible. Esto sentar\u00e1 las bases para su educaci\u00f3n posterior.   <\/p>\t\t\t\t\t\t\t\t<\/div>\n\t\t\t\t<\/div>\n\t\t\t\t<\/div>\n\t\t\t\t\t<\/div>\n\t\t\t\t<\/div>\n\t\t<div class=\"elementor-element elementor-element-67ff9a3 e-flex e-con-boxed e-con e-parent\" data-id=\"67ff9a3\" data-element_type=\"container\" data-e-type=\"container\">\n\t\t\t\t\t<div class=\"e-con-inner\">\n\t\t\t\t<div class=\"elementor-element elementor-element-cada169 elementor-widget-divider--view-line elementor-widget elementor-widget-divider\" data-id=\"cada169\" data-element_type=\"widget\" data-e-type=\"widget\" data-widget_type=\"divider.default\">\n\t\t\t\t<div class=\"elementor-widget-container\">\n\t\t\t\t\t\t\t<div class=\"elementor-divider\">\n\t\t\t<span class=\"elementor-divider-separator\">\n\t\t\t\t\t\t<\/span>\n\t\t<\/div>\n\t\t\t\t\t\t<\/div>\n\t\t\t\t<\/div>\n\t\t\t\t\t<\/div>\n\t\t\t\t<\/div>\n\t\t<div class=\"elementor-element elementor-element-fb10d30 e-flex e-con-boxed e-con e-parent\" data-id=\"fb10d30\" data-element_type=\"container\" data-e-type=\"container\">\n\t\t\t\t\t<div class=\"e-con-inner\">\n\t\t<div class=\"elementor-element elementor-element-f2c4ebb e-con-full e-flex e-con e-child\" data-id=\"f2c4ebb\" data-element_type=\"container\" data-e-type=\"container\">\n\t\t\t\t<div class=\"elementor-element elementor-element-b5529cf elementor-widget elementor-widget-text-editor\" data-id=\"b5529cf\" data-element_type=\"widget\" data-e-type=\"widget\" data-widget_type=\"text-editor.default\">\n\t\t\t\t<div class=\"elementor-widget-container\">\n\t\t\t\t\t\t\t\t\t<p>La escuela fue fundada por Harald M. Knes (Instituto de los Hermanos de Mar\u00eda de Schoenstatt), Luitgard y Bernhard Hyneck, as\u00ed como Renate y Christian Immler (Federaci\u00f3n de Familias de Schoenstatt), junto con pedagogos experimentados, familias y empresarios comprometidos que compart\u00edan un gran sue\u00f1o:<\/p><p>\u25aa replanteamiento del sistema escolar<\/p><p>\u25aa crear un formulario escolar que est\u00e9 ah\u00ed para cada ni\u00f1o y cuyo desarrollo \u00f3ptimo ponga en el centro de atenci\u00f3n<\/p><p>\u25aa Ofrecer un lugar donde las ni\u00f1as y los ni\u00f1os aprendan para la vida y se vuelvan fuertes y capaces de vivir.<\/p><p>\u25aa dise\u00f1ar una escuela que se integre en el sistema escolar de Bavaria y, sin embargo, abra nuevos caminos<\/p>\t\t\t\t\t\t\t\t<\/div>\n\t\t\t\t<\/div>\n\t\t\t\t<\/div>\n\t\t<div class=\"elementor-element elementor-element-6820d68 e-con-full e-flex e-con e-child\" data-id=\"6820d68\" data-element_type=\"container\" data-e-type=\"container\">\n\t\t\t\t<div class=\"elementor-element elementor-element-436a7fa elementor-widget__width-initial elementor-widget elementor-widget-image\" data-id=\"436a7fa\" data-element_type=\"widget\" data-e-type=\"widget\" data-widget_type=\"image.default\">\n\t\t\t\t<div class=\"elementor-widget-container\">\n\t\t\t\t\t\t\t\t\t\t\t\t\t\t\t<img decoding=\"async\" src=\"https:\/\/schoenstatt.com\/wp-content\/uploads\/2024\/06\/school-escola-kempten-3.jpg\" title=\"\" alt=\"\" loading=\"lazy\" \/>\t\t\t\t\t\t\t\t\t\t\t\t\t\t\t<\/div>\n\t\t\t\t<\/div>\n\t\t\t\t<\/div>\n\t\t\t\t\t<\/div>\n\t\t\t\t<\/div>\n\t\t<div class=\"elementor-element elementor-element-26f9514 e-flex e-con-boxed e-con e-parent\" data-id=\"26f9514\" data-element_type=\"container\" data-e-type=\"container\">\n\t\t\t\t\t<div class=\"e-con-inner\">\n\t\t\t\t<div class=\"elementor-element elementor-element-c4c7a78 elementor-widget-divider--view-line elementor-widget elementor-widget-divider\" data-id=\"c4c7a78\" data-element_type=\"widget\" data-e-type=\"widget\" data-widget_type=\"divider.default\">\n\t\t\t\t<div class=\"elementor-widget-container\">\n\t\t\t\t\t\t\t<div class=\"elementor-divider\">\n\t\t\t<span class=\"elementor-divider-separator\">\n\t\t\t\t\t\t<\/span>\n\t\t<\/div>\n\t\t\t\t\t\t<\/div>\n\t\t\t\t<\/div>\n\t\t\t\t\t<\/div>\n\t\t\t\t<\/div>\n\t\t<div class=\"elementor-element elementor-element-6a163b5 e-flex e-con-boxed e-con e-parent\" data-id=\"6a163b5\" data-element_type=\"container\" data-e-type=\"container\">\n\t\t\t\t\t<div class=\"e-con-inner\">\n\t\t<div class=\"elementor-element elementor-element-535cf8a e-con-full e-flex e-con e-child\" data-id=\"535cf8a\" data-element_type=\"container\" data-e-type=\"container\">\n\t\t\t\t<div class=\"elementor-element elementor-element-c45ea5f elementor-widget__width-initial elementor-widget elementor-widget-image\" data-id=\"c45ea5f\" data-element_type=\"widget\" data-e-type=\"widget\" data-widget_type=\"image.default\">\n\t\t\t\t<div class=\"elementor-widget-container\">\n\t\t\t\t\t\t\t\t\t\t\t\t\t\t\t<img decoding=\"async\" src=\"https:\/\/schoenstatt.com\/wp-content\/uploads\/2024\/06\/school-escola-kempten-4.jpg\" title=\"\" alt=\"\" loading=\"lazy\" \/>\t\t\t\t\t\t\t\t\t\t\t\t\t\t\t<\/div>\n\t\t\t\t<\/div>\n\t\t\t\t<\/div>\n\t\t<div class=\"elementor-element elementor-element-3087bb4 e-con-full e-flex e-con e-child\" data-id=\"3087bb4\" data-element_type=\"container\" data-e-type=\"container\">\n\t\t\t\t<div class=\"elementor-element elementor-element-2ac68a1 elementor-widget elementor-widget-text-editor\" data-id=\"2ac68a1\" data-element_type=\"widget\" data-e-type=\"widget\" data-widget_type=\"text-editor.default\">\n\t\t\t\t<div class=\"elementor-widget-container\">\n\t\t\t\t\t\t\t\t\t<p>Antes de que la escuela pudiera empezar a funcionar en 2012, hubo que superar muchos obst\u00e1culos. En la actualidad, la escuela colabora con los padres para obtener el premio \u00abEscuela medioambiental en Europa \u2013 Escuela internacional de sostenibilidad\u00bb. Tambi\u00e9n se han creado talleres en los que padres, profesores y miembros de la asociaci\u00f3n escolar trabajan juntos para mejorar la escuela. La nueva p\u00e1gina web del centro tiene el lema \u00abLa educaci\u00f3n es m\u00e1s\u00bb.   <\/p><p>Las puertas de la escuela est\u00e1n abiertas a los visitantes. La Escuela Josef Kentenich se complace en recibir a estudiantes en pr\u00e1cticas y profesores del Movimiento de Schoenstatt que deseen trabajar en la escuela por un per\u00edodo de tiempo m\u00e1s corto o m\u00e1s largo. <\/p>\t\t\t\t\t\t\t\t<\/div>\n\t\t\t\t<\/div>\n\t\t\t\t<\/div>\n\t\t\t\t\t<\/div>\n\t\t\t\t<\/div>\n\t\t<div class=\"elementor-element elementor-element-8ee7982 e-flex e-con-boxed e-con e-parent\" data-id=\"8ee7982\" data-element_type=\"container\" data-e-type=\"container\">\n\t\t\t\t\t<div class=\"e-con-inner\">\n\t\t\t\t<div class=\"elementor-element elementor-element-1d6966b elementor-cta--layout-image-left elementor-cta--skin-classic elementor-animated-content elementor-bg-transform elementor-bg-transform-zoom-in elementor-widget elementor-widget-call-to-action\" data-id=\"1d6966b\" data-element_type=\"widget\" data-e-type=\"widget\" data-widget_type=\"call-to-action.default\">\n\t\t\t\t<div class=\"elementor-widget-container\">\n\t\t\t\t\t\t\t<div class=\"elementor-cta\">\n\t\t\t\t\t<div class=\"elementor-cta__bg-wrapper\">\n\t\t\t\t<div class=\"elementor-cta__bg elementor-bg\" style=\"background-image: url(https:\/\/schoenstatt.com\/wp-content\/uploads\/2024\/06\/school-escola-kempten-5.jpg);\" role=\"img\" aria-label=\"\"><\/div>\n\t\t\t\t<div class=\"elementor-cta__bg-overlay\"><\/div>\n\t\t\t<\/div>\n\t\t\t\t\t\t\t<div class=\"elementor-cta__content\">\n\t\t\t\t\n\t\t\t\t\t\t\t\t\t<h2 class=\"elementor-cta__title elementor-cta__content-item elementor-content-item\">\n\t\t\t\t\t\tM\u00e1s informaci\u00f3n\t\t\t\t\t<\/h2>\n\t\t\t\t\n\t\t\t\t\t\t\t\t\t<div class=\"elementor-cta__description elementor-cta__content-item elementor-content-item\">\n\t\t\t\t\t\tJoseph Kentenich School | Feldweg 1 | 87437 Kempten, Germany\n\nTel: +49 831 512 565 30\nwww.kentenich-schule.de\t\t\t\t\t<\/div>\n\t\t\t\t\n\t\t\t\t\t\t\t\t\t<div class=\"elementor-cta__button-wrapper elementor-cta__content-item elementor-content-item \">\n\t\t\t\t\t<a class=\"elementor-cta__button elementor-button elementor-size-\" href=\"mailto:info@kentenich-schule.de\" target=\"_blank\">\n\t\t\t\t\t\tContacto\t\t\t\t\t<\/a>\n\t\t\t\t\t<\/div>\n\t\t\t\t\t\t\t<\/div>\n\t\t\t\t\t\t<\/div>\n\t\t\t\t\t\t<\/div>\n\t\t\t\t<\/div>\n\t\t\t\t\t<\/div>\n\t\t\t\t<\/div>\n\t\t\t\t<\/div>\n\t\t","protected":false},"excerpt":{"rendered":"<p>Escuela Joseph Kentenich en Kempten, Alemania La escuela primaria consta de cuatro clases con unos 70 alumnos (el m\u00e1ximo son 80 alumnos, 20 por clase) y est\u00e1 reconocida por el Estado. La escuela Josef-Kentenich es una escuela cat\u00f3lica privada que aplica la pedagog\u00eda del Padre Kentenich. El trabajo educativo se beneficia de aulas hermosas y [&hellip;]<\/p>\n","protected":false},"author":3,"featured_media":39229,"parent":44192,"menu_order":0,"comment_status":"closed","ping_status":"closed","template":"","meta":{"footnotes":""},"class_list":["post-44193","page","type-page","status-publish","has-post-thumbnail","hentry"],"yoast_head":"<!-- This site is optimized with the Yoast SEO Premium plugin v27.1 (Yoast SEO v27.3) - https:\/\/yoast.com\/product\/yoast-seo-premium-wordpress\/ -->\n<title>Escuela Joseph Kentenich en Kempten - Schoenstatt<\/title>\n<meta name=\"description\" content=\"Aqu\u00ed se aplica la pedagog\u00eda Kentenich, los ni\u00f1os experimentan aprecio, desarrollan sus talentos y maduran hasta convertirse en personalidades seguras de s\u00ed mismas.\" \/>\n<meta name=\"robots\" content=\"index, follow, max-snippet:-1, max-image-preview:large, max-video-preview:-1\" \/>\n<link rel=\"canonical\" href=\"https:\/\/schoenstatt.com\/es\/en-mision\/educacion\/escuela-joseph-kentenich-en-kempten\/\" \/>\n<meta property=\"og:locale\" content=\"es_ES\" \/>\n<meta property=\"og:type\" content=\"article\" \/>\n<meta property=\"og:title\" content=\"Escuela Joseph Kentenich en Kempten\" \/>\n<meta property=\"og:description\" content=\"Aqu\u00ed se aplica la pedagog\u00eda Kentenich, los ni\u00f1os experimentan aprecio, desarrollan sus talentos y maduran hasta convertirse en personalidades seguras de s\u00ed mismas.\" \/>\n<meta property=\"og:url\" content=\"https:\/\/schoenstatt.com\/es\/en-mision\/educacion\/escuela-joseph-kentenich-en-kempten\/\" \/>\n<meta property=\"og:site_name\" content=\"Schoenstatt\" \/>\n<meta property=\"article:modified_time\" content=\"2025-05-27T23:58:32+00:00\" \/>\n<meta property=\"og:image\" content=\"https:\/\/schoenstatt.com\/wp-content\/uploads\/2024\/06\/school-escola-kempten-1.jpg\" \/>\n\t<meta property=\"og:image:width\" content=\"2048\" \/>\n\t<meta property=\"og:image:height\" content=\"624\" \/>\n\t<meta property=\"og:image:type\" content=\"image\/jpeg\" \/>\n<meta name=\"twitter:card\" content=\"summary_large_image\" \/>\n<meta name=\"twitter:label1\" content=\"Tiempo de lectura\" \/>\n\t<meta name=\"twitter:data1\" content=\"2 minutos\" \/>\n<script type=\"application\/ld+json\" class=\"yoast-schema-graph\">{\"@context\":\"https:\\\/\\\/schema.org\",\"@graph\":[{\"@type\":\"WebPage\",\"@id\":\"https:\\\/\\\/schoenstatt.com\\\/es\\\/en-mision\\\/educacion\\\/escuela-joseph-kentenich-en-kempten\\\/\",\"url\":\"https:\\\/\\\/schoenstatt.com\\\/es\\\/en-mision\\\/educacion\\\/escuela-joseph-kentenich-en-kempten\\\/\",\"name\":\"Escuela Joseph Kentenich en Kempten - Schoenstatt\",\"isPartOf\":{\"@id\":\"https:\\\/\\\/schoenstatt.com\\\/es\\\/#website\"},\"primaryImageOfPage\":{\"@id\":\"https:\\\/\\\/schoenstatt.com\\\/es\\\/en-mision\\\/educacion\\\/escuela-joseph-kentenich-en-kempten\\\/#primaryimage\"},\"image\":{\"@id\":\"https:\\\/\\\/schoenstatt.com\\\/es\\\/en-mision\\\/educacion\\\/escuela-joseph-kentenich-en-kempten\\\/#primaryimage\"},\"thumbnailUrl\":\"https:\\\/\\\/schoenstatt.com\\\/wp-content\\\/uploads\\\/2024\\\/06\\\/school-escola-kempten-1.jpg\",\"datePublished\":\"2024-06-29T20:17:22+00:00\",\"dateModified\":\"2025-05-27T23:58:32+00:00\",\"description\":\"Aqu\u00ed se aplica la pedagog\u00eda Kentenich, los ni\u00f1os experimentan aprecio, desarrollan sus talentos y maduran hasta convertirse en personalidades seguras de s\u00ed mismas.\",\"breadcrumb\":{\"@id\":\"https:\\\/\\\/schoenstatt.com\\\/es\\\/en-mision\\\/educacion\\\/escuela-joseph-kentenich-en-kempten\\\/#breadcrumb\"},\"inLanguage\":\"es\",\"potentialAction\":[{\"@type\":\"ReadAction\",\"target\":[\"https:\\\/\\\/schoenstatt.com\\\/es\\\/en-mision\\\/educacion\\\/escuela-joseph-kentenich-en-kempten\\\/\"]}]},{\"@type\":\"ImageObject\",\"inLanguage\":\"es\",\"@id\":\"https:\\\/\\\/schoenstatt.com\\\/es\\\/en-mision\\\/educacion\\\/escuela-joseph-kentenich-en-kempten\\\/#primaryimage\",\"url\":\"https:\\\/\\\/schoenstatt.com\\\/wp-content\\\/uploads\\\/2024\\\/06\\\/school-escola-kempten-1.jpg\",\"contentUrl\":\"https:\\\/\\\/schoenstatt.com\\\/wp-content\\\/uploads\\\/2024\\\/06\\\/school-escola-kempten-1.jpg\",\"width\":2048,\"height\":624},{\"@type\":\"BreadcrumbList\",\"@id\":\"https:\\\/\\\/schoenstatt.com\\\/es\\\/en-mision\\\/educacion\\\/escuela-joseph-kentenich-en-kempten\\\/#breadcrumb\",\"itemListElement\":[{\"@type\":\"ListItem\",\"position\":1,\"name\":\"Portada\",\"item\":\"https:\\\/\\\/schoenstatt.com\\\/es\\\/home\\\/\"},{\"@type\":\"ListItem\",\"position\":2,\"name\":\"En Misi\u00f3n\",\"item\":\"https:\\\/\\\/schoenstatt.com\\\/es\\\/in-mission\\\/\"},{\"@type\":\"ListItem\",\"position\":3,\"name\":\"Educaci\u00f3n\",\"item\":\"https:\\\/\\\/schoenstatt.com\\\/es\\\/en-mision\\\/educacion\\\/\"},{\"@type\":\"ListItem\",\"position\":4,\"name\":\"Escuela Joseph Kentenich en Kempten\"}]},{\"@type\":\"WebSite\",\"@id\":\"https:\\\/\\\/schoenstatt.com\\\/es\\\/#website\",\"url\":\"https:\\\/\\\/schoenstatt.com\\\/es\\\/\",\"name\":\"Schoenstatt\",\"description\":\"Apostolic Movement\",\"publisher\":{\"@id\":\"https:\\\/\\\/schoenstatt.com\\\/es\\\/#organization\"},\"potentialAction\":[{\"@type\":\"SearchAction\",\"target\":{\"@type\":\"EntryPoint\",\"urlTemplate\":\"https:\\\/\\\/schoenstatt.com\\\/es\\\/?s={search_term_string}\"},\"query-input\":{\"@type\":\"PropertyValueSpecification\",\"valueRequired\":true,\"valueName\":\"search_term_string\"}}],\"inLanguage\":\"es\"},{\"@type\":\"Organization\",\"@id\":\"https:\\\/\\\/schoenstatt.com\\\/es\\\/#organization\",\"name\":\"Schoenstatt\",\"url\":\"https:\\\/\\\/schoenstatt.com\\\/es\\\/\",\"logo\":{\"@type\":\"ImageObject\",\"inLanguage\":\"es\",\"@id\":\"https:\\\/\\\/schoenstatt.com\\\/es\\\/#\\\/schema\\\/logo\\\/image\\\/\",\"url\":\"https:\\\/\\\/schoenstatt.com\\\/wp-content\\\/uploads\\\/2025\\\/04\\\/logo-schoenstatt-white-696x696-1.png\",\"contentUrl\":\"https:\\\/\\\/schoenstatt.com\\\/wp-content\\\/uploads\\\/2025\\\/04\\\/logo-schoenstatt-white-696x696-1.png\",\"width\":696,\"height\":694,\"caption\":\"Schoenstatt\"},\"image\":{\"@id\":\"https:\\\/\\\/schoenstatt.com\\\/es\\\/#\\\/schema\\\/logo\\\/image\\\/\"}}]}<\/script>\n<!-- \/ Yoast SEO Premium plugin. -->","yoast_head_json":{"title":"Escuela Joseph Kentenich en Kempten - Schoenstatt","description":"Aqu\u00ed se aplica la pedagog\u00eda Kentenich, los ni\u00f1os experimentan aprecio, desarrollan sus talentos y maduran hasta convertirse en personalidades seguras de s\u00ed mismas.","robots":{"index":"index","follow":"follow","max-snippet":"max-snippet:-1","max-image-preview":"max-image-preview:large","max-video-preview":"max-video-preview:-1"},"canonical":"https:\/\/schoenstatt.com\/es\/en-mision\/educacion\/escuela-joseph-kentenich-en-kempten\/","og_locale":"es_ES","og_type":"article","og_title":"Escuela Joseph Kentenich en Kempten","og_description":"Aqu\u00ed se aplica la pedagog\u00eda Kentenich, los ni\u00f1os experimentan aprecio, desarrollan sus talentos y maduran hasta convertirse en personalidades seguras de s\u00ed mismas.","og_url":"https:\/\/schoenstatt.com\/es\/en-mision\/educacion\/escuela-joseph-kentenich-en-kempten\/","og_site_name":"Schoenstatt","article_modified_time":"2025-05-27T23:58:32+00:00","og_image":[{"width":2048,"height":624,"url":"https:\/\/schoenstatt.com\/wp-content\/uploads\/2024\/06\/school-escola-kempten-1.jpg","type":"image\/jpeg"}],"twitter_card":"summary_large_image","twitter_misc":{"Tiempo de lectura":"2 minutos"},"schema":{"@context":"https:\/\/schema.org","@graph":[{"@type":"WebPage","@id":"https:\/\/schoenstatt.com\/es\/en-mision\/educacion\/escuela-joseph-kentenich-en-kempten\/","url":"https:\/\/schoenstatt.com\/es\/en-mision\/educacion\/escuela-joseph-kentenich-en-kempten\/","name":"Escuela Joseph Kentenich en Kempten - Schoenstatt","isPartOf":{"@id":"https:\/\/schoenstatt.com\/es\/#website"},"primaryImageOfPage":{"@id":"https:\/\/schoenstatt.com\/es\/en-mision\/educacion\/escuela-joseph-kentenich-en-kempten\/#primaryimage"},"image":{"@id":"https:\/\/schoenstatt.com\/es\/en-mision\/educacion\/escuela-joseph-kentenich-en-kempten\/#primaryimage"},"thumbnailUrl":"https:\/\/schoenstatt.com\/wp-content\/uploads\/2024\/06\/school-escola-kempten-1.jpg","datePublished":"2024-06-29T20:17:22+00:00","dateModified":"2025-05-27T23:58:32+00:00","description":"Aqu\u00ed se aplica la pedagog\u00eda Kentenich, los ni\u00f1os experimentan aprecio, desarrollan sus talentos y maduran hasta convertirse en personalidades seguras de s\u00ed mismas.","breadcrumb":{"@id":"https:\/\/schoenstatt.com\/es\/en-mision\/educacion\/escuela-joseph-kentenich-en-kempten\/#breadcrumb"},"inLanguage":"es","potentialAction":[{"@type":"ReadAction","target":["https:\/\/schoenstatt.com\/es\/en-mision\/educacion\/escuela-joseph-kentenich-en-kempten\/"]}]},{"@type":"ImageObject","inLanguage":"es","@id":"https:\/\/schoenstatt.com\/es\/en-mision\/educacion\/escuela-joseph-kentenich-en-kempten\/#primaryimage","url":"https:\/\/schoenstatt.com\/wp-content\/uploads\/2024\/06\/school-escola-kempten-1.jpg","contentUrl":"https:\/\/schoenstatt.com\/wp-content\/uploads\/2024\/06\/school-escola-kempten-1.jpg","width":2048,"height":624},{"@type":"BreadcrumbList","@id":"https:\/\/schoenstatt.com\/es\/en-mision\/educacion\/escuela-joseph-kentenich-en-kempten\/#breadcrumb","itemListElement":[{"@type":"ListItem","position":1,"name":"Portada","item":"https:\/\/schoenstatt.com\/es\/home\/"},{"@type":"ListItem","position":2,"name":"En Misi\u00f3n","item":"https:\/\/schoenstatt.com\/es\/in-mission\/"},{"@type":"ListItem","position":3,"name":"Educaci\u00f3n","item":"https:\/\/schoenstatt.com\/es\/en-mision\/educacion\/"},{"@type":"ListItem","position":4,"name":"Escuela Joseph Kentenich en Kempten"}]},{"@type":"WebSite","@id":"https:\/\/schoenstatt.com\/es\/#website","url":"https:\/\/schoenstatt.com\/es\/","name":"Schoenstatt","description":"Apostolic Movement","publisher":{"@id":"https:\/\/schoenstatt.com\/es\/#organization"},"potentialAction":[{"@type":"SearchAction","target":{"@type":"EntryPoint","urlTemplate":"https:\/\/schoenstatt.com\/es\/?s={search_term_string}"},"query-input":{"@type":"PropertyValueSpecification","valueRequired":true,"valueName":"search_term_string"}}],"inLanguage":"es"},{"@type":"Organization","@id":"https:\/\/schoenstatt.com\/es\/#organization","name":"Schoenstatt","url":"https:\/\/schoenstatt.com\/es\/","logo":{"@type":"ImageObject","inLanguage":"es","@id":"https:\/\/schoenstatt.com\/es\/#\/schema\/logo\/image\/","url":"https:\/\/schoenstatt.com\/wp-content\/uploads\/2025\/04\/logo-schoenstatt-white-696x696-1.png","contentUrl":"https:\/\/schoenstatt.com\/wp-content\/uploads\/2025\/04\/logo-schoenstatt-white-696x696-1.png","width":696,"height":694,"caption":"Schoenstatt"},"image":{"@id":"https:\/\/schoenstatt.com\/es\/#\/schema\/logo\/image\/"}}]}},"_links":{"self":[{"href":"https:\/\/schoenstatt.com\/es\/wp-json\/wp\/v2\/pages\/44193","targetHints":{"allow":["GET"]}}],"collection":[{"href":"https:\/\/schoenstatt.com\/es\/wp-json\/wp\/v2\/pages"}],"about":[{"href":"https:\/\/schoenstatt.com\/es\/wp-json\/wp\/v2\/types\/page"}],"author":[{"embeddable":true,"href":"https:\/\/schoenstatt.com\/es\/wp-json\/wp\/v2\/users\/3"}],"replies":[{"embeddable":true,"href":"https:\/\/schoenstatt.com\/es\/wp-json\/wp\/v2\/comments?post=44193"}],"version-history":[{"count":3,"href":"https:\/\/schoenstatt.com\/es\/wp-json\/wp\/v2\/pages\/44193\/revisions"}],"predecessor-version":[{"id":58329,"href":"https:\/\/schoenstatt.com\/es\/wp-json\/wp\/v2\/pages\/44193\/revisions\/58329"}],"up":[{"embeddable":true,"href":"https:\/\/schoenstatt.com\/es\/wp-json\/wp\/v2\/pages\/44192"}],"wp:featuredmedia":[{"embeddable":true,"href":"https:\/\/schoenstatt.com\/es\/wp-json\/wp\/v2\/media\/39229"}],"wp:attachment":[{"href":"https:\/\/schoenstatt.com\/es\/wp-json\/wp\/v2\/media?parent=44193"}],"curies":[{"name":"wp","href":"https:\/\/api.w.org\/{rel}","templated":true}]}}