{"id":42720,"date":"2024-08-22T22:58:51","date_gmt":"2024-08-22T20:58:51","guid":{"rendered":"https:\/\/schoenstatt.com\/schoenstatt-en-salida\/"},"modified":"2025-05-29T18:15:57","modified_gmt":"2025-05-29T16:15:57","slug":"schoenstatt-en-salida","status":"publish","type":"page","link":"https:\/\/schoenstatt.com\/es\/en-mision\/juventud\/schoenstatt-en-salida\/","title":{"rendered":"Schoenstatt en salida"},"content":{"rendered":"\t\t<div data-elementor-type=\"wp-page\" data-elementor-id=\"42720\" class=\"elementor elementor-42720 elementor-40703\" data-elementor-post-type=\"page\">\n\t\t\t\t<div class=\"elementor-element elementor-element-3828dbe e-flex e-con-boxed e-con e-parent\" data-id=\"3828dbe\" data-element_type=\"container\" data-e-type=\"container\" data-settings=\"{&quot;background_background&quot;:&quot;classic&quot;}\">\n\t\t\t\t\t<div class=\"e-con-inner\">\n\t\t<div class=\"elementor-element elementor-element-2f97c65 e-flex e-con-boxed e-con e-child\" data-id=\"2f97c65\" data-element_type=\"container\" data-e-type=\"container\">\n\t\t\t\t\t<div class=\"e-con-inner\">\n\t\t\t\t<div class=\"elementor-element elementor-element-1a50261 elementor-widget elementor-widget-heading\" data-id=\"1a50261\" data-element_type=\"widget\" data-e-type=\"widget\" data-widget_type=\"heading.default\">\n\t\t\t\t<div class=\"elementor-widget-container\">\n\t\t\t\t\t<h1 class=\"elementor-heading-title elementor-size-default\">Schoenstatt en salida<\/h1>\t\t\t\t<\/div>\n\t\t\t\t<\/div>\n\t\t\t\t\t<\/div>\n\t\t\t\t<\/div>\n\t\t\t\t\t<\/div>\n\t\t\t\t<\/div>\n\t\t<div class=\"elementor-element elementor-element-383e157 e-flex e-con-boxed e-con e-parent\" data-id=\"383e157\" data-element_type=\"container\" data-e-type=\"container\">\n\t\t\t\t\t<div class=\"e-con-inner\">\n\t\t<div class=\"elementor-element elementor-element-2cb54ca e-con-full e-flex e-con e-child\" data-id=\"2cb54ca\" data-element_type=\"container\" data-e-type=\"container\">\n\t\t<div class=\"elementor-element elementor-element-37254ca e-con-full e-flex e-con e-child\" data-id=\"37254ca\" data-element_type=\"container\" data-e-type=\"container\">\n\t\t\t\t<div class=\"elementor-element elementor-element-228e427 elementor-widget elementor-widget-image\" data-id=\"228e427\" data-element_type=\"widget\" data-e-type=\"widget\" data-widget_type=\"image.default\">\n\t\t\t\t<div class=\"elementor-widget-container\">\n\t\t\t\t\t\t\t\t\t\t\t\t\t\t\t<img fetchpriority=\"high\" decoding=\"async\" width=\"1600\" height=\"1200\" src=\"https:\/\/schoenstatt.com\/wp-content\/uploads\/2024\/08\/projecto-schoenstatt-en-salida-ecuador-3-1.jpg\" class=\"attachment-large size-large wp-image-58753\" alt=\"\" srcset=\"https:\/\/schoenstatt.com\/wp-content\/uploads\/2024\/08\/projecto-schoenstatt-en-salida-ecuador-3-1.jpg 1600w, https:\/\/schoenstatt.com\/wp-content\/uploads\/2024\/08\/projecto-schoenstatt-en-salida-ecuador-3-1-768x576.jpg 768w, https:\/\/schoenstatt.com\/wp-content\/uploads\/2024\/08\/projecto-schoenstatt-en-salida-ecuador-3-1-1536x1152.jpg 1536w\" sizes=\"(max-width: 1600px) 100vw, 1600px\" \/>\t\t\t\t\t\t\t\t\t\t\t\t\t\t\t<\/div>\n\t\t\t\t<\/div>\n\t\t\t\t<\/div>\n\t\t<div class=\"elementor-element elementor-element-21d2ca6 e-con-full e-flex e-con e-child\" data-id=\"21d2ca6\" data-element_type=\"container\" data-e-type=\"container\">\n\t\t\t\t<div class=\"elementor-element elementor-element-0a8c3e1 elementor-widget elementor-widget-heading\" data-id=\"0a8c3e1\" data-element_type=\"widget\" data-e-type=\"widget\" data-widget_type=\"heading.default\">\n\t\t\t\t<div class=\"elementor-widget-container\">\n\t\t\t\t\t<h2 class=\"elementor-heading-title elementor-size-default\">Schoenstatt en salida<\/h2>\t\t\t\t<\/div>\n\t\t\t\t<\/div>\n\t\t\t\t<div class=\"elementor-element elementor-element-1405459 elementor-widget elementor-widget-text-editor\" data-id=\"1405459\" data-element_type=\"widget\" data-e-type=\"widget\" data-widget_type=\"text-editor.default\">\n\t\t\t\t<div class=\"elementor-widget-container\">\n\t\t\t\t\t\t\t\t\t<p>El Apostolado de la Alianza de Amor<\/p>\t\t\t\t\t\t\t\t<\/div>\n\t\t\t\t<\/div>\n\t\t\t\t<div class=\"elementor-element elementor-element-10636a7 elementor-widget elementor-widget-text-editor\" data-id=\"10636a7\" data-element_type=\"widget\" data-e-type=\"widget\" data-widget_type=\"text-editor.default\">\n\t\t\t\t<div class=\"elementor-widget-container\">\n\t\t\t\t\t\t\t\t\t<p>Este apostolado naci\u00f3 en la rama de mujeres de Guayaquil, Ecuador, con la ayuda de las gracias recibidas en el jubileo de los 100 a\u00f1os de Schoenstatt. Uno de nuestros grupos, miembro de la Rama de Mujeres, es tambi\u00e9n miembro de una Sociedad Beneficiaria de Mujeres, que tiene siete escuelas bajo su administraci\u00f3n. <\/p><p>Nuestro grupo, dentro de la Rama de Mujeres, se llama \u201cCon Mar\u00eda, fieles peregrinos hacia el cielo\u201d. En la Rama de Familias, el nombre de nuestro grupo es: \u201cCon Mar\u00eda, fieles peregrinos como familia hacia el cielo\u201d. <\/p><p>Actualmente somos 22 personas participando en este apostolado, nuestro taller de la Alianza de Amor es sustentado por las se\u00f1oritas responsables de las siete escuelas en la Sociedad Beneficiaria de Guayaquil.<\/p><p>Todos trabajamos como voluntarios y nos financiamos con donaciones de cada uno de los miembros del grupo. <\/p>\t\t\t\t\t\t\t\t<\/div>\n\t\t\t\t<\/div>\n\t\t\t\t<\/div>\n\t\t\t\t<\/div>\n\t\t\t\t\t<\/div>\n\t\t\t\t<\/div>\n\t\t<div class=\"elementor-element elementor-element-50ec533 e-flex e-con-boxed e-con e-parent\" data-id=\"50ec533\" data-element_type=\"container\" data-e-type=\"container\">\n\t\t\t\t\t<div class=\"e-con-inner\">\n\t\t<div class=\"elementor-element elementor-element-77bdd07 e-con-full e-flex e-con e-child\" data-id=\"77bdd07\" data-element_type=\"container\" data-e-type=\"container\">\n\t\t<div class=\"elementor-element elementor-element-15872fa e-con-full e-flex e-con e-child\" data-id=\"15872fa\" data-element_type=\"container\" data-e-type=\"container\">\n\t\t\t\t<div class=\"elementor-element elementor-element-3fd9699 elementor-widget elementor-widget-text-editor\" data-id=\"3fd9699\" data-element_type=\"widget\" data-e-type=\"widget\" data-widget_type=\"text-editor.default\">\n\t\t\t\t<div class=\"elementor-widget-container\">\n\t\t\t\t\t\t\t\t\t<p>Todo comenz\u00f3 cuando una miembro del grupo de la Rama de Mujeres, nos dijo que ella quer\u00eda unir muchos corazones para algo que era especial en su coraz\u00f3n. As\u00ed, ella nos dio la idea de dar estos talleres sobre la Alianza de Amor a los j\u00f3venes en las escuelas, todas con mucho gusto aceptamos la idea. <\/p><p>Como una experiencia previa, preparamos a algunos de nuestros propios empleados de servicio junto con estos talleres, tambi\u00e9n a personas que trabajan en casa con nuestras familias y amigos. Una vez que las puertas se abrieron a esta oportunidad, en el a\u00f1o 2014, fuimos capaces para preparar a 600 estudiantes en d\u00e9cimo grado para la Alianza de Amor.<\/p><p>Seis a\u00f1os han pasado en los cuales hemos logrado traer la Alianza de Amor a estas j\u00f3venes personas, y su respuesta \u00a1ha sido incre\u00edble! Vemos esto como una bendici\u00f3n de Dios y como el deseo de nuestra Bendita Madre. Cada a\u00f1o hemos podido preparar alrededor de 500 a 600 estudiantes para que sellen la Alianza de Amor.   <\/p>\t\t\t\t\t\t\t\t<\/div>\n\t\t\t\t<\/div>\n\t\t\t\t<\/div>\n\t\t<div class=\"elementor-element elementor-element-3939443 e-con-full e-flex e-con e-child\" data-id=\"3939443\" data-element_type=\"container\" data-e-type=\"container\">\n\t\t\t\t<div class=\"elementor-element elementor-element-ff1d9f6 elementor-widget elementor-widget-image\" data-id=\"ff1d9f6\" data-element_type=\"widget\" data-e-type=\"widget\" data-widget_type=\"image.default\">\n\t\t\t\t<div class=\"elementor-widget-container\">\n\t\t\t\t\t\t\t\t\t\t\t\t\t\t\t<img decoding=\"async\" width=\"1190\" height=\"697\" src=\"https:\/\/schoenstatt.com\/wp-content\/uploads\/2024\/08\/projecto-schoenstatt-en-salida-ecuador-4-1.jpg\" class=\"attachment-large size-large wp-image-58754\" alt=\"\" srcset=\"https:\/\/schoenstatt.com\/wp-content\/uploads\/2024\/08\/projecto-schoenstatt-en-salida-ecuador-4-1.jpg 1190w, https:\/\/schoenstatt.com\/wp-content\/uploads\/2024\/08\/projecto-schoenstatt-en-salida-ecuador-4-1-768x450.jpg 768w\" sizes=\"(max-width: 1190px) 100vw, 1190px\" \/>\t\t\t\t\t\t\t\t\t\t\t\t\t\t\t<\/div>\n\t\t\t\t<\/div>\n\t\t\t\t<\/div>\n\t\t\t\t<\/div>\n\t\t\t\t\t<\/div>\n\t\t\t\t<\/div>\n\t\t<div class=\"elementor-element elementor-element-abe58a2 e-flex e-con-boxed e-con e-parent\" data-id=\"abe58a2\" data-element_type=\"container\" data-e-type=\"container\">\n\t\t\t\t\t<div class=\"e-con-inner\">\n\t\t<div class=\"elementor-element elementor-element-d741fcd e-con-full e-flex e-con e-child\" data-id=\"d741fcd\" data-element_type=\"container\" data-e-type=\"container\">\n\t\t<div class=\"elementor-element elementor-element-b4de01c e-con-full e-flex e-con e-child\" data-id=\"b4de01c\" data-element_type=\"container\" data-e-type=\"container\">\n\t\t\t\t<div class=\"elementor-element elementor-element-6e6f2ec elementor-widget elementor-widget-image\" data-id=\"6e6f2ec\" data-element_type=\"widget\" data-e-type=\"widget\" data-widget_type=\"image.default\">\n\t\t\t\t<div class=\"elementor-widget-container\">\n\t\t\t\t\t\t\t\t\t\t\t\t\t\t\t<img decoding=\"async\" width=\"768\" height=\"858\" src=\"https:\/\/schoenstatt.com\/wp-content\/uploads\/2024\/08\/projecto-schoenstatt-en-salida-ecuador-5-1-768x858.jpg\" class=\"attachment-medium_large size-medium_large wp-image-58755\" alt=\"\" srcset=\"https:\/\/schoenstatt.com\/wp-content\/uploads\/2024\/08\/projecto-schoenstatt-en-salida-ecuador-5-1-768x858.jpg 768w, https:\/\/schoenstatt.com\/wp-content\/uploads\/2024\/08\/projecto-schoenstatt-en-salida-ecuador-5-1.jpg 1200w\" sizes=\"(max-width: 768px) 100vw, 768px\" \/>\t\t\t\t\t\t\t\t\t\t\t\t\t\t\t<\/div>\n\t\t\t\t<\/div>\n\t\t\t\t<\/div>\n\t\t<div class=\"elementor-element elementor-element-ee09612 e-con-full e-flex e-con e-child\" data-id=\"ee09612\" data-element_type=\"container\" data-e-type=\"container\">\n\t\t\t\t<div class=\"elementor-element elementor-element-bffcfd0 elementor-widget elementor-widget-text-editor\" data-id=\"bffcfd0\" data-element_type=\"widget\" data-e-type=\"widget\" data-widget_type=\"text-editor.default\">\n\t\t\t\t<div class=\"elementor-widget-container\">\n\t\t\t\t\t\t\t\t\t<p>Durante estos talleres, trabajamos duro para crear una atm\u00f3sfera hermosa, trayendo con nosotros: im\u00e1genes de nuestra MTA, de nuestro Padre Kentenich, del Santuario, la Cruz de la Unidad, una vela, flores, presentaciones en Power Point, un aperitivo, etc.<\/p><p>Desde que vamos a la escuela y dimos nuestra primera pl\u00e1tica, hasta el d\u00eda de sus Alianzas de Amor, estos estudiantes son motivados con lo que aprenden. Se puede sentir el amor de Mar\u00eda, vivo en sus corazones. Muchos se sienten identificados con el Padre Kentenich y muchas veces se emocionan hasta las l\u00e1grimas cuando obtienen la oportunidad de escribir su carta a la Sant\u00edsima Virgen Mar\u00eda.   <\/p><p>El d\u00eda de su Alianza de Amor est\u00e1 lleno de alegr\u00eda y la Santa Misa en la cual la Alianza toma lugar, es un momento donde muchos se emocionan especialmente. <br>Muchos Padres de Schoenstatt y Hermanas de Mar\u00eda est\u00e1n muy contentos con el resultado, y concuerdan que esto es la voluntad de Dios.<\/p><p>Unidos en el coraz\u00f3n de nuestra Madre y de la misi\u00f3n que se nos has sido confiada por nuestro Padre y fundador. <\/p><p><strong>\u201cMar\u00eda signo de Luz, signo de Lucha, signo de Victoria\u201d<\/strong> J.K.<\/p>\t\t\t\t\t\t\t\t<\/div>\n\t\t\t\t<\/div>\n\t\t\t\t<\/div>\n\t\t\t\t<\/div>\n\t\t\t\t\t<\/div>\n\t\t\t\t<\/div>\n\t\t\t\t<\/div>\n\t\t","protected":false},"excerpt":{"rendered":"<p>Schoenstatt en salida Schoenstatt en salida El Apostolado de la Alianza de Amor Este apostolado naci\u00f3 en la rama de mujeres de Guayaquil, Ecuador, con la ayuda de las gracias recibidas en el jubileo de los 100 a\u00f1os de Schoenstatt. Uno de nuestros grupos, miembro de la Rama de Mujeres, es tambi\u00e9n miembro de una [&hellip;]<\/p>\n","protected":false},"author":3,"featured_media":0,"parent":42724,"menu_order":0,"comment_status":"closed","ping_status":"closed","template":"","meta":{"footnotes":""},"class_list":["post-42720","page","type-page","status-publish","hentry"],"yoast_head":"<!-- This site is optimized with the Yoast SEO Premium plugin v27.1 (Yoast SEO v27.4) - https:\/\/yoast.com\/product\/yoast-seo-premium-wordpress\/ -->\n<title>Schoenstatt en salida - Schoenstatt<\/title>\n<meta name=\"robots\" content=\"index, follow, max-snippet:-1, max-image-preview:large, max-video-preview:-1\" \/>\n<link rel=\"canonical\" href=\"https:\/\/schoenstatt.com\/es\/en-mision\/juventud\/schoenstatt-en-salida\/\" \/>\n<meta property=\"og:locale\" content=\"es_ES\" \/>\n<meta property=\"og:type\" content=\"article\" \/>\n<meta property=\"og:title\" content=\"Schoenstatt en salida\" \/>\n<meta property=\"og:description\" content=\"Schoenstatt en salida Schoenstatt en salida El Apostolado de la Alianza de Amor Este apostolado naci\u00f3 en la rama de mujeres de Guayaquil, Ecuador, con la ayuda de las gracias recibidas en el jubileo de los 100 a\u00f1os de Schoenstatt. Uno de nuestros grupos, miembro de la Rama de Mujeres, es tambi\u00e9n miembro de una [&hellip;]\" \/>\n<meta property=\"og:url\" content=\"https:\/\/schoenstatt.com\/es\/en-mision\/juventud\/schoenstatt-en-salida\/\" \/>\n<meta property=\"og:site_name\" content=\"Schoenstatt\" \/>\n<meta property=\"article:modified_time\" content=\"2025-05-29T16:15:57+00:00\" \/>\n<meta property=\"og:image\" content=\"https:\/\/schoenstatt.com\/wp-content\/uploads\/2024\/08\/projecto-schoenstatt-en-salida-ecuador-3-1.jpg\" \/>\n\t<meta property=\"og:image:width\" content=\"1600\" \/>\n\t<meta property=\"og:image:height\" content=\"1200\" \/>\n\t<meta property=\"og:image:type\" content=\"image\/jpeg\" \/>\n<meta name=\"twitter:card\" content=\"summary_large_image\" \/>\n<meta name=\"twitter:label1\" content=\"Tiempo de lectura\" \/>\n\t<meta name=\"twitter:data1\" content=\"3 minutos\" \/>\n<script type=\"application\/ld+json\" class=\"yoast-schema-graph\">{\"@context\":\"https:\\\/\\\/schema.org\",\"@graph\":[{\"@type\":\"WebPage\",\"@id\":\"https:\\\/\\\/schoenstatt.com\\\/es\\\/en-mision\\\/juventud\\\/schoenstatt-en-salida\\\/\",\"url\":\"https:\\\/\\\/schoenstatt.com\\\/es\\\/en-mision\\\/juventud\\\/schoenstatt-en-salida\\\/\",\"name\":\"Schoenstatt en salida - Schoenstatt\",\"isPartOf\":{\"@id\":\"https:\\\/\\\/schoenstatt.com\\\/es\\\/#website\"},\"primaryImageOfPage\":{\"@id\":\"https:\\\/\\\/schoenstatt.com\\\/es\\\/en-mision\\\/juventud\\\/schoenstatt-en-salida\\\/#primaryimage\"},\"image\":{\"@id\":\"https:\\\/\\\/schoenstatt.com\\\/es\\\/en-mision\\\/juventud\\\/schoenstatt-en-salida\\\/#primaryimage\"},\"thumbnailUrl\":\"https:\\\/\\\/schoenstatt.com\\\/wp-content\\\/uploads\\\/2024\\\/08\\\/projecto-schoenstatt-en-salida-ecuador-3-1.jpg\",\"datePublished\":\"2024-08-22T20:58:51+00:00\",\"dateModified\":\"2025-05-29T16:15:57+00:00\",\"breadcrumb\":{\"@id\":\"https:\\\/\\\/schoenstatt.com\\\/es\\\/en-mision\\\/juventud\\\/schoenstatt-en-salida\\\/#breadcrumb\"},\"inLanguage\":\"es\",\"potentialAction\":[{\"@type\":\"ReadAction\",\"target\":[\"https:\\\/\\\/schoenstatt.com\\\/es\\\/en-mision\\\/juventud\\\/schoenstatt-en-salida\\\/\"]}]},{\"@type\":\"ImageObject\",\"inLanguage\":\"es\",\"@id\":\"https:\\\/\\\/schoenstatt.com\\\/es\\\/en-mision\\\/juventud\\\/schoenstatt-en-salida\\\/#primaryimage\",\"url\":\"https:\\\/\\\/schoenstatt.com\\\/wp-content\\\/uploads\\\/2024\\\/08\\\/projecto-schoenstatt-en-salida-ecuador-3-1.jpg\",\"contentUrl\":\"https:\\\/\\\/schoenstatt.com\\\/wp-content\\\/uploads\\\/2024\\\/08\\\/projecto-schoenstatt-en-salida-ecuador-3-1.jpg\"},{\"@type\":\"BreadcrumbList\",\"@id\":\"https:\\\/\\\/schoenstatt.com\\\/es\\\/en-mision\\\/juventud\\\/schoenstatt-en-salida\\\/#breadcrumb\",\"itemListElement\":[{\"@type\":\"ListItem\",\"position\":1,\"name\":\"Portada\",\"item\":\"https:\\\/\\\/schoenstatt.com\\\/es\\\/home\\\/\"},{\"@type\":\"ListItem\",\"position\":2,\"name\":\"En Misi\u00f3n\",\"item\":\"https:\\\/\\\/schoenstatt.com\\\/es\\\/in-mission\\\/\"},{\"@type\":\"ListItem\",\"position\":3,\"name\":\"Juventud\",\"item\":\"https:\\\/\\\/schoenstatt.com\\\/es\\\/en-mision\\\/juventud\\\/\"},{\"@type\":\"ListItem\",\"position\":4,\"name\":\"Schoenstatt en salida\"}]},{\"@type\":\"WebSite\",\"@id\":\"https:\\\/\\\/schoenstatt.com\\\/es\\\/#website\",\"url\":\"https:\\\/\\\/schoenstatt.com\\\/es\\\/\",\"name\":\"Schoenstatt\",\"description\":\"Apostolic Movement\",\"publisher\":{\"@id\":\"https:\\\/\\\/schoenstatt.com\\\/es\\\/#organization\"},\"potentialAction\":[{\"@type\":\"SearchAction\",\"target\":{\"@type\":\"EntryPoint\",\"urlTemplate\":\"https:\\\/\\\/schoenstatt.com\\\/es\\\/?s={search_term_string}\"},\"query-input\":{\"@type\":\"PropertyValueSpecification\",\"valueRequired\":true,\"valueName\":\"search_term_string\"}}],\"inLanguage\":\"es\"},{\"@type\":\"Organization\",\"@id\":\"https:\\\/\\\/schoenstatt.com\\\/es\\\/#organization\",\"name\":\"Schoenstatt\",\"url\":\"https:\\\/\\\/schoenstatt.com\\\/es\\\/\",\"logo\":{\"@type\":\"ImageObject\",\"inLanguage\":\"es\",\"@id\":\"https:\\\/\\\/schoenstatt.com\\\/es\\\/#\\\/schema\\\/logo\\\/image\\\/\",\"url\":\"https:\\\/\\\/schoenstatt.com\\\/wp-content\\\/uploads\\\/2025\\\/04\\\/logo-schoenstatt-white-696x696-1.png\",\"contentUrl\":\"https:\\\/\\\/schoenstatt.com\\\/wp-content\\\/uploads\\\/2025\\\/04\\\/logo-schoenstatt-white-696x696-1.png\",\"width\":696,\"height\":694,\"caption\":\"Schoenstatt\"},\"image\":{\"@id\":\"https:\\\/\\\/schoenstatt.com\\\/es\\\/#\\\/schema\\\/logo\\\/image\\\/\"}}]}<\/script>\n<!-- \/ Yoast SEO Premium plugin. -->","yoast_head_json":{"title":"Schoenstatt en salida - Schoenstatt","robots":{"index":"index","follow":"follow","max-snippet":"max-snippet:-1","max-image-preview":"max-image-preview:large","max-video-preview":"max-video-preview:-1"},"canonical":"https:\/\/schoenstatt.com\/es\/en-mision\/juventud\/schoenstatt-en-salida\/","og_locale":"es_ES","og_type":"article","og_title":"Schoenstatt en salida","og_description":"Schoenstatt en salida Schoenstatt en salida El Apostolado de la Alianza de Amor Este apostolado naci\u00f3 en la rama de mujeres de Guayaquil, Ecuador, con la ayuda de las gracias recibidas en el jubileo de los 100 a\u00f1os de Schoenstatt. Uno de nuestros grupos, miembro de la Rama de Mujeres, es tambi\u00e9n miembro de una [&hellip;]","og_url":"https:\/\/schoenstatt.com\/es\/en-mision\/juventud\/schoenstatt-en-salida\/","og_site_name":"Schoenstatt","article_modified_time":"2025-05-29T16:15:57+00:00","og_image":[{"width":1600,"height":1200,"url":"https:\/\/schoenstatt.com\/wp-content\/uploads\/2024\/08\/projecto-schoenstatt-en-salida-ecuador-3-1.jpg","type":"image\/jpeg"}],"twitter_card":"summary_large_image","twitter_misc":{"Tiempo de lectura":"3 minutos"},"schema":{"@context":"https:\/\/schema.org","@graph":[{"@type":"WebPage","@id":"https:\/\/schoenstatt.com\/es\/en-mision\/juventud\/schoenstatt-en-salida\/","url":"https:\/\/schoenstatt.com\/es\/en-mision\/juventud\/schoenstatt-en-salida\/","name":"Schoenstatt en salida - Schoenstatt","isPartOf":{"@id":"https:\/\/schoenstatt.com\/es\/#website"},"primaryImageOfPage":{"@id":"https:\/\/schoenstatt.com\/es\/en-mision\/juventud\/schoenstatt-en-salida\/#primaryimage"},"image":{"@id":"https:\/\/schoenstatt.com\/es\/en-mision\/juventud\/schoenstatt-en-salida\/#primaryimage"},"thumbnailUrl":"https:\/\/schoenstatt.com\/wp-content\/uploads\/2024\/08\/projecto-schoenstatt-en-salida-ecuador-3-1.jpg","datePublished":"2024-08-22T20:58:51+00:00","dateModified":"2025-05-29T16:15:57+00:00","breadcrumb":{"@id":"https:\/\/schoenstatt.com\/es\/en-mision\/juventud\/schoenstatt-en-salida\/#breadcrumb"},"inLanguage":"es","potentialAction":[{"@type":"ReadAction","target":["https:\/\/schoenstatt.com\/es\/en-mision\/juventud\/schoenstatt-en-salida\/"]}]},{"@type":"ImageObject","inLanguage":"es","@id":"https:\/\/schoenstatt.com\/es\/en-mision\/juventud\/schoenstatt-en-salida\/#primaryimage","url":"https:\/\/schoenstatt.com\/wp-content\/uploads\/2024\/08\/projecto-schoenstatt-en-salida-ecuador-3-1.jpg","contentUrl":"https:\/\/schoenstatt.com\/wp-content\/uploads\/2024\/08\/projecto-schoenstatt-en-salida-ecuador-3-1.jpg"},{"@type":"BreadcrumbList","@id":"https:\/\/schoenstatt.com\/es\/en-mision\/juventud\/schoenstatt-en-salida\/#breadcrumb","itemListElement":[{"@type":"ListItem","position":1,"name":"Portada","item":"https:\/\/schoenstatt.com\/es\/home\/"},{"@type":"ListItem","position":2,"name":"En Misi\u00f3n","item":"https:\/\/schoenstatt.com\/es\/in-mission\/"},{"@type":"ListItem","position":3,"name":"Juventud","item":"https:\/\/schoenstatt.com\/es\/en-mision\/juventud\/"},{"@type":"ListItem","position":4,"name":"Schoenstatt en salida"}]},{"@type":"WebSite","@id":"https:\/\/schoenstatt.com\/es\/#website","url":"https:\/\/schoenstatt.com\/es\/","name":"Schoenstatt","description":"Apostolic Movement","publisher":{"@id":"https:\/\/schoenstatt.com\/es\/#organization"},"potentialAction":[{"@type":"SearchAction","target":{"@type":"EntryPoint","urlTemplate":"https:\/\/schoenstatt.com\/es\/?s={search_term_string}"},"query-input":{"@type":"PropertyValueSpecification","valueRequired":true,"valueName":"search_term_string"}}],"inLanguage":"es"},{"@type":"Organization","@id":"https:\/\/schoenstatt.com\/es\/#organization","name":"Schoenstatt","url":"https:\/\/schoenstatt.com\/es\/","logo":{"@type":"ImageObject","inLanguage":"es","@id":"https:\/\/schoenstatt.com\/es\/#\/schema\/logo\/image\/","url":"https:\/\/schoenstatt.com\/wp-content\/uploads\/2025\/04\/logo-schoenstatt-white-696x696-1.png","contentUrl":"https:\/\/schoenstatt.com\/wp-content\/uploads\/2025\/04\/logo-schoenstatt-white-696x696-1.png","width":696,"height":694,"caption":"Schoenstatt"},"image":{"@id":"https:\/\/schoenstatt.com\/es\/#\/schema\/logo\/image\/"}}]}},"_links":{"self":[{"href":"https:\/\/schoenstatt.com\/es\/wp-json\/wp\/v2\/pages\/42720","targetHints":{"allow":["GET"]}}],"collection":[{"href":"https:\/\/schoenstatt.com\/es\/wp-json\/wp\/v2\/pages"}],"about":[{"href":"https:\/\/schoenstatt.com\/es\/wp-json\/wp\/v2\/types\/page"}],"author":[{"embeddable":true,"href":"https:\/\/schoenstatt.com\/es\/wp-json\/wp\/v2\/users\/3"}],"replies":[{"embeddable":true,"href":"https:\/\/schoenstatt.com\/es\/wp-json\/wp\/v2\/comments?post=42720"}],"version-history":[{"count":2,"href":"https:\/\/schoenstatt.com\/es\/wp-json\/wp\/v2\/pages\/42720\/revisions"}],"predecessor-version":[{"id":58756,"href":"https:\/\/schoenstatt.com\/es\/wp-json\/wp\/v2\/pages\/42720\/revisions\/58756"}],"up":[{"embeddable":true,"href":"https:\/\/schoenstatt.com\/es\/wp-json\/wp\/v2\/pages\/42724"}],"wp:attachment":[{"href":"https:\/\/schoenstatt.com\/es\/wp-json\/wp\/v2\/media?parent=42720"}],"curies":[{"name":"wp","href":"https:\/\/api.w.org\/{rel}","templated":true}]}}