{"id":42719,"date":"2024-06-29T22:21:30","date_gmt":"2024-06-29T20:21:30","guid":{"rendered":"https:\/\/schoenstatt.com\/universidad-de-st-augustine\/"},"modified":"2025-05-28T02:09:24","modified_gmt":"2025-05-28T00:09:24","slug":"universidad-de-st-augustine","status":"publish","type":"page","link":"https:\/\/schoenstatt.com\/es\/en-mision\/educacion\/universidad-de-st-augustine\/","title":{"rendered":"Universidad de St Augustine"},"content":{"rendered":"\t\t<div data-elementor-type=\"wp-page\" data-elementor-id=\"42719\" class=\"elementor elementor-42719 elementor-39247\" data-elementor-post-type=\"page\">\n\t\t\t\t<div class=\"elementor-element elementor-element-47d81a22 e-flex e-con-boxed e-con e-parent\" data-id=\"47d81a22\" data-element_type=\"container\" data-e-type=\"container\" data-settings=\"{&quot;background_background&quot;:&quot;classic&quot;}\">\n\t\t\t\t\t<div class=\"e-con-inner\">\n\t\t<div class=\"elementor-element elementor-element-2d47b2b e-flex e-con-boxed e-con e-child\" data-id=\"2d47b2b\" data-element_type=\"container\" data-e-type=\"container\">\n\t\t\t\t\t<div class=\"e-con-inner\">\n\t\t\t\t\t<\/div>\n\t\t\t\t<\/div>\n\t\t\t\t\t<\/div>\n\t\t\t\t<\/div>\n\t\t<div class=\"elementor-element elementor-element-4d54c9c e-flex e-con-boxed e-con e-parent\" data-id=\"4d54c9c\" data-element_type=\"container\" data-e-type=\"container\">\n\t\t\t\t\t<div class=\"e-con-inner\">\n\t\t<div class=\"elementor-element elementor-element-fea68d2 e-con-full e-flex e-con e-child\" data-id=\"fea68d2\" data-element_type=\"container\" data-e-type=\"container\">\n\t\t\t\t<div class=\"elementor-element elementor-element-18dce02 elementor-widget elementor-widget-image\" data-id=\"18dce02\" data-element_type=\"widget\" data-e-type=\"widget\" data-widget_type=\"image.default\">\n\t\t\t\t<div class=\"elementor-widget-container\">\n\t\t\t\t\t\t\t\t\t\t\t\t\t\t\t<img decoding=\"async\" src=\"https:\/\/schoenstatt.com\/wp-content\/uploads\/2024\/06\/University-of-St-Augustine.jpg\" title=\"\" alt=\"\" loading=\"lazy\" \/>\t\t\t\t\t\t\t\t\t\t\t\t\t\t\t<\/div>\n\t\t\t\t<\/div>\n\t\t\t\t<\/div>\n\t\t<div class=\"elementor-element elementor-element-80e8806 e-con-full e-flex e-con e-child\" data-id=\"80e8806\" data-element_type=\"container\" data-e-type=\"container\">\n\t\t\t\t<div class=\"elementor-element elementor-element-fa97fe6 elementor-widget elementor-widget-text-editor\" data-id=\"fa97fe6\" data-element_type=\"widget\" data-e-type=\"widget\" data-widget_type=\"text-editor.default\">\n\t\t\t\t<div class=\"elementor-widget-container\">\n\t\t\t\t\t\t\t\t\t<p>En la sociedad actual, los valores son cada vez m\u00e1s dif\u00edciles de afirmar en la vida cotidiana y en el trabajo. La ciudad sudafricana de Johannisburg reaccion\u00f3 a estas demandas: La Universidad de St Augustine responde a estas necesidades ofreciendo un curso de gesti\u00f3n empresarial cristiana durante dos fines de semana. El curso se basa en la ense\u00f1anza, filosof\u00eda y pedagog\u00eda de Kentenich y se aplica al mundo de los negocios como un estilo adecuado de liderazgo. Cientos de personas de negocios han participado en el curso hasta ahora. Est\u00e1 dise\u00f1ado para satisfacer las necesidades de los gerentes, directores generales y directores corporativos, gerentes de recursos humanos y formadores. Participan funcionarios p\u00fablicos de organizaciones de educaci\u00f3n, salud y bienestar social, as\u00ed como j\u00f3venes l\u00edderes potenciales.     <\/p>\t\t\t\t\t\t\t\t<\/div>\n\t\t\t\t<\/div>\n\t\t\t\t<\/div>\n\t\t\t\t\t<\/div>\n\t\t\t\t<\/div>\n\t\t<div class=\"elementor-element elementor-element-5c71089 e-flex e-con-boxed e-con e-parent\" data-id=\"5c71089\" data-element_type=\"container\" data-e-type=\"container\">\n\t\t\t\t\t<div class=\"e-con-inner\">\n\t\t\t\t<div class=\"elementor-element elementor-element-4f8a57a elementor-widget elementor-widget-text-editor\" data-id=\"4f8a57a\" data-element_type=\"widget\" data-e-type=\"widget\" data-widget_type=\"text-editor.default\">\n\t\t\t\t<div class=\"elementor-widget-container\">\n\t\t\t\t\t\t\t\t\t<p>Los contenidos incluyen la aplicaci\u00f3n de la ense\u00f1anza social cristiana a la situaci\u00f3n concreta de un pa\u00eds con sus problemas sociopol\u00edticos, multinacionales y multiculturales y la b\u00fasqueda de soluciones adecuadas. Desde 1982 el curso se ofrece en Sud\u00e1frica, y m\u00e1s tarde tambi\u00e9n en Argentina, Brasil, Chile, Alemania, Ecuador, Suiza y Espa\u00f1a. Por lo tanto, el curso no s\u00f3lo aborda los problemas y las circunstancias de Sud\u00e1frica, sino que tambi\u00e9n aborda la gesti\u00f3n, los valores y la sociedad de una manera espec\u00edfica para cada pa\u00eds.  <\/p><p>Otros contenidos son la ense\u00f1anza del Padre Kentenich sobre el liderazgo y c\u00f3mo las empresas contribuyen al bien com\u00fan. Tambi\u00e9n se tratan las normas \u00e9ticas para la vida econ\u00f3mica y la integraci\u00f3n de valores en la gesti\u00f3n diaria. <\/p><p>El curso fue dise\u00f1ado por la profesora Edith Raidt y est\u00e1 dirigido por Tony de Gouveia, psic\u00f3logo cl\u00ednico, y Francis Graham, di\u00e1cono cat\u00f3lico y hombre de negocios de recursos humanos.<\/p><p>Augustine fue fundada en 1999 y es una universidad en Johannesburgo, Sud\u00e1frica, que ofrece educaci\u00f3n de calidad y basada en valores. Todos los t\u00edtulos y certificados est\u00e1n reconocidos por el Consejo Sudafricano de Educaci\u00f3n Superior y la Autoridad Sudafricana de Cualificaciones. St Augustine tambi\u00e9n es reconocido can\u00f3nicamente como una \u00abUniversidad\u00bb cat\u00f3lica por la Conferencia Episcopal Cat\u00f3lica Sudafricana (SACBC) y por la Congregaci\u00f3n para la Educaci\u00f3n Cat\u00f3lica en el Vaticano, y es miembro de la IFCU (Federaci\u00f3n Internacional de Universidades Cat\u00f3licas). Inspirado en la tradici\u00f3n intelectual cat\u00f3lica, la misi\u00f3n de St Augustine es la de hacer surgir graduados que han aprendido a \u00abpensar consistentemente para hacer lo correcto y servir mejor a la humanidad\u00bb.   <\/p>\t\t\t\t\t\t\t\t<\/div>\n\t\t\t\t<\/div>\n\t\t\t\t\t<\/div>\n\t\t\t\t<\/div>\n\t\t\t\t<\/div>\n\t\t","protected":false},"excerpt":{"rendered":"<p>En la sociedad actual, los valores son cada vez m\u00e1s dif\u00edciles de afirmar en la vida cotidiana y en el trabajo. La ciudad sudafricana de Johannisburg reaccion\u00f3 a estas demandas: La Universidad de St Augustine responde a estas necesidades ofreciendo un curso de gesti\u00f3n empresarial cristiana durante dos fines de semana. El curso se basa [&hellip;]<\/p>\n","protected":false},"author":3,"featured_media":39250,"parent":44192,"menu_order":0,"comment_status":"closed","ping_status":"closed","template":"","meta":{"footnotes":""},"class_list":["post-42719","page","type-page","status-publish","has-post-thumbnail","hentry"],"yoast_head":"<!-- This site is optimized with the Yoast SEO Premium plugin v27.4 (Yoast SEO v27.4) - https:\/\/yoast.com\/product\/yoast-seo-premium-wordpress\/ -->\n<title>Universidad de St Augustine - Schoenstatt<\/title>\n<meta name=\"description\" content=\"Curso de gesti\u00f3n empresarial cristiana basado en la ense\u00f1anza, filosof\u00eda y pedagog\u00eda kentenijiana aplicada al mundo empresarial.\" \/>\n<meta name=\"robots\" content=\"index, follow, max-snippet:-1, max-image-preview:large, max-video-preview:-1\" \/>\n<link rel=\"canonical\" href=\"https:\/\/schoenstatt.com\/es\/en-mision\/educacion\/universidad-de-st-augustine\/\" \/>\n<meta property=\"og:locale\" content=\"es_ES\" \/>\n<meta property=\"og:type\" content=\"article\" \/>\n<meta property=\"og:title\" content=\"Universidad de St Augustine\" \/>\n<meta property=\"og:description\" content=\"Curso de gesti\u00f3n empresarial cristiana basado en la ense\u00f1anza, filosof\u00eda y pedagog\u00eda kentenijiana aplicada al mundo empresarial.\" \/>\n<meta property=\"og:url\" content=\"https:\/\/schoenstatt.com\/es\/en-mision\/educacion\/universidad-de-st-augustine\/\" \/>\n<meta property=\"og:site_name\" content=\"Schoenstatt\" \/>\n<meta property=\"article:modified_time\" content=\"2025-05-28T00:09:24+00:00\" \/>\n<meta property=\"og:image\" content=\"https:\/\/schoenstatt.com\/wp-content\/uploads\/2024\/06\/University-1.jpg\" \/>\n\t<meta property=\"og:image:width\" content=\"2048\" \/>\n\t<meta property=\"og:image:height\" content=\"624\" \/>\n\t<meta property=\"og:image:type\" content=\"image\/jpeg\" \/>\n<meta name=\"twitter:card\" content=\"summary_large_image\" \/>\n<meta name=\"twitter:label1\" content=\"Tiempo de lectura\" \/>\n\t<meta name=\"twitter:data1\" content=\"2 minutos\" \/>\n<script type=\"application\/ld+json\" class=\"yoast-schema-graph\">{\"@context\":\"https:\\\/\\\/schema.org\",\"@graph\":[{\"@type\":\"WebPage\",\"@id\":\"https:\\\/\\\/schoenstatt.com\\\/es\\\/en-mision\\\/educacion\\\/universidad-de-st-augustine\\\/\",\"url\":\"https:\\\/\\\/schoenstatt.com\\\/es\\\/en-mision\\\/educacion\\\/universidad-de-st-augustine\\\/\",\"name\":\"Universidad de St Augustine - Schoenstatt\",\"isPartOf\":{\"@id\":\"https:\\\/\\\/schoenstatt.com\\\/es\\\/#website\"},\"primaryImageOfPage\":{\"@id\":\"https:\\\/\\\/schoenstatt.com\\\/es\\\/en-mision\\\/educacion\\\/universidad-de-st-augustine\\\/#primaryimage\"},\"image\":{\"@id\":\"https:\\\/\\\/schoenstatt.com\\\/es\\\/en-mision\\\/educacion\\\/universidad-de-st-augustine\\\/#primaryimage\"},\"thumbnailUrl\":\"https:\\\/\\\/schoenstatt.com\\\/wp-content\\\/uploads\\\/2024\\\/06\\\/University-1.jpg\",\"datePublished\":\"2024-06-29T20:21:30+00:00\",\"dateModified\":\"2025-05-28T00:09:24+00:00\",\"description\":\"Curso de gesti\u00f3n empresarial cristiana basado en la ense\u00f1anza, filosof\u00eda y pedagog\u00eda kentenijiana aplicada al mundo empresarial.\",\"breadcrumb\":{\"@id\":\"https:\\\/\\\/schoenstatt.com\\\/es\\\/en-mision\\\/educacion\\\/universidad-de-st-augustine\\\/#breadcrumb\"},\"inLanguage\":\"es\",\"potentialAction\":[{\"@type\":\"ReadAction\",\"target\":[\"https:\\\/\\\/schoenstatt.com\\\/es\\\/en-mision\\\/educacion\\\/universidad-de-st-augustine\\\/\"]}]},{\"@type\":\"ImageObject\",\"inLanguage\":\"es\",\"@id\":\"https:\\\/\\\/schoenstatt.com\\\/es\\\/en-mision\\\/educacion\\\/universidad-de-st-augustine\\\/#primaryimage\",\"url\":\"https:\\\/\\\/schoenstatt.com\\\/wp-content\\\/uploads\\\/2024\\\/06\\\/University-1.jpg\",\"contentUrl\":\"https:\\\/\\\/schoenstatt.com\\\/wp-content\\\/uploads\\\/2024\\\/06\\\/University-1.jpg\",\"width\":2048,\"height\":624,\"caption\":\"university of st. augustine\"},{\"@type\":\"BreadcrumbList\",\"@id\":\"https:\\\/\\\/schoenstatt.com\\\/es\\\/en-mision\\\/educacion\\\/universidad-de-st-augustine\\\/#breadcrumb\",\"itemListElement\":[{\"@type\":\"ListItem\",\"position\":1,\"name\":\"Portada\",\"item\":\"https:\\\/\\\/schoenstatt.com\\\/es\\\/home\\\/\"},{\"@type\":\"ListItem\",\"position\":2,\"name\":\"En Misi\u00f3n\",\"item\":\"https:\\\/\\\/schoenstatt.com\\\/es\\\/in-mission\\\/\"},{\"@type\":\"ListItem\",\"position\":3,\"name\":\"Educaci\u00f3n\",\"item\":\"https:\\\/\\\/schoenstatt.com\\\/es\\\/en-mision\\\/educacion\\\/\"},{\"@type\":\"ListItem\",\"position\":4,\"name\":\"Universidad de St Augustine\"}]},{\"@type\":\"WebSite\",\"@id\":\"https:\\\/\\\/schoenstatt.com\\\/es\\\/#website\",\"url\":\"https:\\\/\\\/schoenstatt.com\\\/es\\\/\",\"name\":\"Schoenstatt\",\"description\":\"Apostolic Movement\",\"publisher\":{\"@id\":\"https:\\\/\\\/schoenstatt.com\\\/es\\\/#organization\"},\"potentialAction\":[{\"@type\":\"SearchAction\",\"target\":{\"@type\":\"EntryPoint\",\"urlTemplate\":\"https:\\\/\\\/schoenstatt.com\\\/es\\\/?s={search_term_string}\"},\"query-input\":{\"@type\":\"PropertyValueSpecification\",\"valueRequired\":true,\"valueName\":\"search_term_string\"}}],\"inLanguage\":\"es\"},{\"@type\":\"Organization\",\"@id\":\"https:\\\/\\\/schoenstatt.com\\\/es\\\/#organization\",\"name\":\"Schoenstatt\",\"url\":\"https:\\\/\\\/schoenstatt.com\\\/es\\\/\",\"logo\":{\"@type\":\"ImageObject\",\"inLanguage\":\"es\",\"@id\":\"https:\\\/\\\/schoenstatt.com\\\/es\\\/#\\\/schema\\\/logo\\\/image\\\/\",\"url\":\"https:\\\/\\\/schoenstatt.com\\\/wp-content\\\/uploads\\\/2025\\\/04\\\/logo-schoenstatt-white-696x696-1.png\",\"contentUrl\":\"https:\\\/\\\/schoenstatt.com\\\/wp-content\\\/uploads\\\/2025\\\/04\\\/logo-schoenstatt-white-696x696-1.png\",\"width\":696,\"height\":694,\"caption\":\"Schoenstatt\"},\"image\":{\"@id\":\"https:\\\/\\\/schoenstatt.com\\\/es\\\/#\\\/schema\\\/logo\\\/image\\\/\"}}]}<\/script>\n<!-- \/ Yoast SEO Premium plugin. -->","yoast_head_json":{"title":"Universidad de St Augustine - Schoenstatt","description":"Curso de gesti\u00f3n empresarial cristiana basado en la ense\u00f1anza, filosof\u00eda y pedagog\u00eda kentenijiana aplicada al mundo empresarial.","robots":{"index":"index","follow":"follow","max-snippet":"max-snippet:-1","max-image-preview":"max-image-preview:large","max-video-preview":"max-video-preview:-1"},"canonical":"https:\/\/schoenstatt.com\/es\/en-mision\/educacion\/universidad-de-st-augustine\/","og_locale":"es_ES","og_type":"article","og_title":"Universidad de St Augustine","og_description":"Curso de gesti\u00f3n empresarial cristiana basado en la ense\u00f1anza, filosof\u00eda y pedagog\u00eda kentenijiana aplicada al mundo empresarial.","og_url":"https:\/\/schoenstatt.com\/es\/en-mision\/educacion\/universidad-de-st-augustine\/","og_site_name":"Schoenstatt","article_modified_time":"2025-05-28T00:09:24+00:00","og_image":[{"width":2048,"height":624,"url":"https:\/\/schoenstatt.com\/wp-content\/uploads\/2024\/06\/University-1.jpg","type":"image\/jpeg"}],"twitter_card":"summary_large_image","twitter_misc":{"Tiempo de lectura":"2 minutos"},"schema":{"@context":"https:\/\/schema.org","@graph":[{"@type":"WebPage","@id":"https:\/\/schoenstatt.com\/es\/en-mision\/educacion\/universidad-de-st-augustine\/","url":"https:\/\/schoenstatt.com\/es\/en-mision\/educacion\/universidad-de-st-augustine\/","name":"Universidad de St Augustine - Schoenstatt","isPartOf":{"@id":"https:\/\/schoenstatt.com\/es\/#website"},"primaryImageOfPage":{"@id":"https:\/\/schoenstatt.com\/es\/en-mision\/educacion\/universidad-de-st-augustine\/#primaryimage"},"image":{"@id":"https:\/\/schoenstatt.com\/es\/en-mision\/educacion\/universidad-de-st-augustine\/#primaryimage"},"thumbnailUrl":"https:\/\/schoenstatt.com\/wp-content\/uploads\/2024\/06\/University-1.jpg","datePublished":"2024-06-29T20:21:30+00:00","dateModified":"2025-05-28T00:09:24+00:00","description":"Curso de gesti\u00f3n empresarial cristiana basado en la ense\u00f1anza, filosof\u00eda y pedagog\u00eda kentenijiana aplicada al mundo empresarial.","breadcrumb":{"@id":"https:\/\/schoenstatt.com\/es\/en-mision\/educacion\/universidad-de-st-augustine\/#breadcrumb"},"inLanguage":"es","potentialAction":[{"@type":"ReadAction","target":["https:\/\/schoenstatt.com\/es\/en-mision\/educacion\/universidad-de-st-augustine\/"]}]},{"@type":"ImageObject","inLanguage":"es","@id":"https:\/\/schoenstatt.com\/es\/en-mision\/educacion\/universidad-de-st-augustine\/#primaryimage","url":"https:\/\/schoenstatt.com\/wp-content\/uploads\/2024\/06\/University-1.jpg","contentUrl":"https:\/\/schoenstatt.com\/wp-content\/uploads\/2024\/06\/University-1.jpg","width":2048,"height":624,"caption":"university of st. augustine"},{"@type":"BreadcrumbList","@id":"https:\/\/schoenstatt.com\/es\/en-mision\/educacion\/universidad-de-st-augustine\/#breadcrumb","itemListElement":[{"@type":"ListItem","position":1,"name":"Portada","item":"https:\/\/schoenstatt.com\/es\/home\/"},{"@type":"ListItem","position":2,"name":"En Misi\u00f3n","item":"https:\/\/schoenstatt.com\/es\/in-mission\/"},{"@type":"ListItem","position":3,"name":"Educaci\u00f3n","item":"https:\/\/schoenstatt.com\/es\/en-mision\/educacion\/"},{"@type":"ListItem","position":4,"name":"Universidad de St Augustine"}]},{"@type":"WebSite","@id":"https:\/\/schoenstatt.com\/es\/#website","url":"https:\/\/schoenstatt.com\/es\/","name":"Schoenstatt","description":"Apostolic Movement","publisher":{"@id":"https:\/\/schoenstatt.com\/es\/#organization"},"potentialAction":[{"@type":"SearchAction","target":{"@type":"EntryPoint","urlTemplate":"https:\/\/schoenstatt.com\/es\/?s={search_term_string}"},"query-input":{"@type":"PropertyValueSpecification","valueRequired":true,"valueName":"search_term_string"}}],"inLanguage":"es"},{"@type":"Organization","@id":"https:\/\/schoenstatt.com\/es\/#organization","name":"Schoenstatt","url":"https:\/\/schoenstatt.com\/es\/","logo":{"@type":"ImageObject","inLanguage":"es","@id":"https:\/\/schoenstatt.com\/es\/#\/schema\/logo\/image\/","url":"https:\/\/schoenstatt.com\/wp-content\/uploads\/2025\/04\/logo-schoenstatt-white-696x696-1.png","contentUrl":"https:\/\/schoenstatt.com\/wp-content\/uploads\/2025\/04\/logo-schoenstatt-white-696x696-1.png","width":696,"height":694,"caption":"Schoenstatt"},"image":{"@id":"https:\/\/schoenstatt.com\/es\/#\/schema\/logo\/image\/"}}]}},"_links":{"self":[{"href":"https:\/\/schoenstatt.com\/es\/wp-json\/wp\/v2\/pages\/42719","targetHints":{"allow":["GET"]}}],"collection":[{"href":"https:\/\/schoenstatt.com\/es\/wp-json\/wp\/v2\/pages"}],"about":[{"href":"https:\/\/schoenstatt.com\/es\/wp-json\/wp\/v2\/types\/page"}],"author":[{"embeddable":true,"href":"https:\/\/schoenstatt.com\/es\/wp-json\/wp\/v2\/users\/3"}],"replies":[{"embeddable":true,"href":"https:\/\/schoenstatt.com\/es\/wp-json\/wp\/v2\/comments?post=42719"}],"version-history":[{"count":3,"href":"https:\/\/schoenstatt.com\/es\/wp-json\/wp\/v2\/pages\/42719\/revisions"}],"predecessor-version":[{"id":58339,"href":"https:\/\/schoenstatt.com\/es\/wp-json\/wp\/v2\/pages\/42719\/revisions\/58339"}],"up":[{"embeddable":true,"href":"https:\/\/schoenstatt.com\/es\/wp-json\/wp\/v2\/pages\/44192"}],"wp:featuredmedia":[{"embeddable":true,"href":"https:\/\/schoenstatt.com\/es\/wp-json\/wp\/v2\/media\/39250"}],"wp:attachment":[{"href":"https:\/\/schoenstatt.com\/es\/wp-json\/wp\/v2\/media?parent=42719"}],"curies":[{"name":"wp","href":"https:\/\/api.w.org\/{rel}","templated":true}]}}