{"id":42674,"date":"2024-06-27T01:30:16","date_gmt":"2024-06-26T23:30:16","guid":{"rendered":"https:\/\/schoenstatt.com\/rosario-de-hombres\/"},"modified":"2025-05-27T04:32:45","modified_gmt":"2025-05-27T02:32:45","slug":"rosario-de-hombres","status":"publish","type":"page","link":"https:\/\/schoenstatt.com\/es\/en-mision\/iglesia\/rosario-de-hombres\/","title":{"rendered":"Rosario de Hombres"},"content":{"rendered":"\t\t<div data-elementor-type=\"wp-page\" data-elementor-id=\"42674\" class=\"elementor elementor-42674 elementor-39137\" data-elementor-post-type=\"page\">\n\t\t\t\t<div class=\"elementor-element elementor-element-1bdd3cee e-flex e-con-boxed e-con e-parent\" data-id=\"1bdd3cee\" data-element_type=\"container\" data-e-type=\"container\" data-settings=\"{&quot;background_background&quot;:&quot;classic&quot;}\">\n\t\t\t\t\t<div class=\"e-con-inner\">\n\t\t<div class=\"elementor-element elementor-element-24cd956e e-flex e-con-boxed e-con e-child\" data-id=\"24cd956e\" data-element_type=\"container\" data-e-type=\"container\">\n\t\t\t\t\t<div class=\"e-con-inner\">\n\t\t\t\t\t<\/div>\n\t\t\t\t<\/div>\n\t\t\t\t\t<\/div>\n\t\t\t\t<\/div>\n\t\t<div class=\"elementor-element elementor-element-49f0b6d e-flex e-con-boxed e-con e-parent\" data-id=\"49f0b6d\" data-element_type=\"container\" data-e-type=\"container\">\n\t\t\t\t\t<div class=\"e-con-inner\">\n\t\t<div class=\"elementor-element elementor-element-b882a06 e-con-full e-flex e-con e-child\" data-id=\"b882a06\" data-element_type=\"container\" data-e-type=\"container\">\n\t\t\t\t<div class=\"elementor-element elementor-element-d05b4dc elementor-widget elementor-widget-image\" data-id=\"d05b4dc\" data-element_type=\"widget\" data-e-type=\"widget\" data-widget_type=\"image.default\">\n\t\t\t\t<div class=\"elementor-widget-container\">\n\t\t\t\t\t\t\t\t\t\t\t\t\t\t\t<img fetchpriority=\"high\" decoding=\"async\" width=\"2048\" height=\"1365\" src=\"https:\/\/schoenstatt.com\/wp-content\/uploads\/2024\/06\/mens-rosary-terco-dos-homens-rosario-de-hombres-4-1.jpg\" class=\"attachment-large size-large wp-image-58137\" alt=\"\" srcset=\"https:\/\/schoenstatt.com\/wp-content\/uploads\/2024\/06\/mens-rosary-terco-dos-homens-rosario-de-hombres-4-1.jpg 2048w, https:\/\/schoenstatt.com\/wp-content\/uploads\/2024\/06\/mens-rosary-terco-dos-homens-rosario-de-hombres-4-1-768x512.jpg 768w, https:\/\/schoenstatt.com\/wp-content\/uploads\/2024\/06\/mens-rosary-terco-dos-homens-rosario-de-hombres-4-1-1536x1024.jpg 1536w\" sizes=\"(max-width: 2048px) 100vw, 2048px\" \/>\t\t\t\t\t\t\t\t\t\t\t\t\t\t\t<\/div>\n\t\t\t\t<\/div>\n\t\t\t\t<\/div>\n\t\t<div class=\"elementor-element elementor-element-a8ff26b e-con-full e-flex e-con e-child\" data-id=\"a8ff26b\" data-element_type=\"container\" data-e-type=\"container\">\n\t\t\t\t<div class=\"elementor-element elementor-element-76e9971 elementor-widget elementor-widget-heading\" data-id=\"76e9971\" data-element_type=\"widget\" data-e-type=\"widget\" data-widget_type=\"heading.default\">\n\t\t\t\t<div class=\"elementor-widget-container\">\n\t\t\t\t\t<h2 class=\"elementor-heading-title elementor-size-default\">Rosario de Hombres<\/h2>\t\t\t\t<\/div>\n\t\t\t\t<\/div>\n\t\t\t\t<div class=\"elementor-element elementor-element-cc93646 elementor-widget elementor-widget-text-editor\" data-id=\"cc93646\" data-element_type=\"widget\" data-e-type=\"widget\" data-widget_type=\"text-editor.default\">\n\t\t\t\t<div class=\"elementor-widget-container\">\n\t\t\t\t\t\t\t\t\t<p>El rosario de hombres \u00abMadre y Reina\u00bb es un apostolado que comenz\u00f3 en Brasil en 1997 y que cada semana re\u00fane a un gran n\u00famero de hombres para rezar el rosario. Se re\u00fanen en grupos peque\u00f1os y grandes que est\u00e1n representados en numerosas congregaciones en todo el pa\u00eds. Los datos de la Secretar\u00eda Nacional muestran que m\u00e1s de 1 mill\u00f3n de miembros son parte del Rosario de Hombres de la Madre y la Reina en Brasil.  <\/p><p>El objetivo de este apostolado es reunir a las personas para rezar el Rosario por la santificaci\u00f3n de la familia; ser tambi\u00e9n un instrumento de evangelizaci\u00f3n personal, es decir, de persona a persona; y para servir a la Iglesia local junto con los otros ministerios y actividades pastorales de las parroquias.<\/p>\t\t\t\t\t\t\t\t<\/div>\n\t\t\t\t<\/div>\n\t\t\t\t<\/div>\n\t\t\t\t\t<\/div>\n\t\t\t\t<\/div>\n\t\t<div class=\"elementor-element elementor-element-a16a7df e-flex e-con-boxed e-con e-parent\" data-id=\"a16a7df\" data-element_type=\"container\" data-e-type=\"container\">\n\t\t\t\t\t<div class=\"e-con-inner\">\n\t\t\t\t<div class=\"elementor-element elementor-element-f62f7d7 elementor-widget-divider--view-line elementor-widget elementor-widget-divider\" data-id=\"f62f7d7\" data-element_type=\"widget\" data-e-type=\"widget\" data-widget_type=\"divider.default\">\n\t\t\t\t<div class=\"elementor-widget-container\">\n\t\t\t\t\t\t\t<div class=\"elementor-divider\">\n\t\t\t<span class=\"elementor-divider-separator\">\n\t\t\t\t\t\t<\/span>\n\t\t<\/div>\n\t\t\t\t\t\t<\/div>\n\t\t\t\t<\/div>\n\t\t\t\t\t<\/div>\n\t\t\t\t<\/div>\n\t\t<div class=\"elementor-element elementor-element-29f7917 e-flex e-con-boxed e-con e-parent\" data-id=\"29f7917\" data-element_type=\"container\" data-e-type=\"container\">\n\t\t\t\t\t<div class=\"e-con-inner\">\n\t\t<div class=\"elementor-element elementor-element-5fc6ea8 e-con-full e-flex e-con e-child\" data-id=\"5fc6ea8\" data-element_type=\"container\" data-e-type=\"container\">\n\t\t\t\t<div class=\"elementor-element elementor-element-512cadc elementor-widget elementor-widget-text-editor\" data-id=\"512cadc\" data-element_type=\"widget\" data-e-type=\"widget\" data-widget_type=\"text-editor.default\">\n\t\t\t\t<div class=\"elementor-widget-container\">\n\t\t\t\t\t\t\t\t\t<p>Las estad\u00edsticas y los testimonios muestran que muchas familias han cambiado porque hay una renovaci\u00f3n en sus hogares. Muchas personas han regresado a la vida de la Iglesia y han aceptado nuevamente ser cristianos comprometidos. Muchos se han distanciado de las adicciones como el alcohol y las drogas y se han convertido en protagonistas de la vida de la Iglesia.  <\/p>\t\t\t\t\t\t\t\t<\/div>\n\t\t\t\t<\/div>\n\t\t\t\t<\/div>\n\t\t<div class=\"elementor-element elementor-element-a2ac17d e-con-full e-flex e-con e-child\" data-id=\"a2ac17d\" data-element_type=\"container\" data-e-type=\"container\">\n\t\t\t\t<div class=\"elementor-element elementor-element-f734b20 elementor-widget elementor-widget-image\" data-id=\"f734b20\" data-element_type=\"widget\" data-e-type=\"widget\" data-widget_type=\"image.default\">\n\t\t\t\t<div class=\"elementor-widget-container\">\n\t\t\t\t\t\t\t\t\t\t\t\t\t\t\t<img decoding=\"async\" width=\"2048\" height=\"1152\" src=\"https:\/\/schoenstatt.com\/wp-content\/uploads\/2024\/06\/mens-rosary-terco-dos-homens-rosario-de-hombres-7-scaled-1.jpg\" class=\"attachment-large size-large wp-image-58140\" alt=\"\" srcset=\"https:\/\/schoenstatt.com\/wp-content\/uploads\/2024\/06\/mens-rosary-terco-dos-homens-rosario-de-hombres-7-scaled-1.jpg 2048w, https:\/\/schoenstatt.com\/wp-content\/uploads\/2024\/06\/mens-rosary-terco-dos-homens-rosario-de-hombres-7-scaled-1-768x432.jpg 768w, https:\/\/schoenstatt.com\/wp-content\/uploads\/2024\/06\/mens-rosary-terco-dos-homens-rosario-de-hombres-7-scaled-1-1536x864.jpg 1536w\" sizes=\"(max-width: 2048px) 100vw, 2048px\" \/>\t\t\t\t\t\t\t\t\t\t\t\t\t\t\t<\/div>\n\t\t\t\t<\/div>\n\t\t\t\t<\/div>\n\t\t\t\t\t<\/div>\n\t\t\t\t<\/div>\n\t\t<div class=\"elementor-element elementor-element-8234976 e-flex e-con-boxed e-con e-parent\" data-id=\"8234976\" data-element_type=\"container\" data-e-type=\"container\">\n\t\t\t\t\t<div class=\"e-con-inner\">\n\t\t<div class=\"elementor-element elementor-element-59a3bff e-con-full e-flex e-con e-child\" data-id=\"59a3bff\" data-element_type=\"container\" data-e-type=\"container\">\n\t\t\t\t<div class=\"elementor-element elementor-element-b562479 elementor-widget elementor-widget-image\" data-id=\"b562479\" data-element_type=\"widget\" data-e-type=\"widget\" data-widget_type=\"image.default\">\n\t\t\t\t<div class=\"elementor-widget-container\">\n\t\t\t\t\t\t\t\t\t\t\t\t\t\t\t<img decoding=\"async\" width=\"2048\" height=\"1152\" src=\"https:\/\/schoenstatt.com\/wp-content\/uploads\/2024\/06\/mens-rosary-terco-dos-homens-rosario-de-hombres-6-scaled-1.jpg\" class=\"attachment-large size-large wp-image-58139\" alt=\"\" srcset=\"https:\/\/schoenstatt.com\/wp-content\/uploads\/2024\/06\/mens-rosary-terco-dos-homens-rosario-de-hombres-6-scaled-1.jpg 2048w, https:\/\/schoenstatt.com\/wp-content\/uploads\/2024\/06\/mens-rosary-terco-dos-homens-rosario-de-hombres-6-scaled-1-768x432.jpg 768w, https:\/\/schoenstatt.com\/wp-content\/uploads\/2024\/06\/mens-rosary-terco-dos-homens-rosario-de-hombres-6-scaled-1-1536x864.jpg 1536w\" sizes=\"(max-width: 2048px) 100vw, 2048px\" \/>\t\t\t\t\t\t\t\t\t\t\t\t\t\t\t<\/div>\n\t\t\t\t<\/div>\n\t\t\t\t<div class=\"elementor-element elementor-element-f8c48cb elementor-widget elementor-widget-image\" data-id=\"f8c48cb\" data-element_type=\"widget\" data-e-type=\"widget\" data-widget_type=\"image.default\">\n\t\t\t\t<div class=\"elementor-widget-container\">\n\t\t\t\t\t\t\t\t\t\t\t\t\t\t\t<img loading=\"lazy\" decoding=\"async\" width=\"960\" height=\"640\" src=\"https:\/\/schoenstatt.com\/wp-content\/uploads\/2024\/06\/mens-rosary-terco-dos-homens-rosario-de-hombres-5-1.jpg\" class=\"attachment-large size-large wp-image-58138\" alt=\"\" srcset=\"https:\/\/schoenstatt.com\/wp-content\/uploads\/2024\/06\/mens-rosary-terco-dos-homens-rosario-de-hombres-5-1.jpg 960w, https:\/\/schoenstatt.com\/wp-content\/uploads\/2024\/06\/mens-rosary-terco-dos-homens-rosario-de-hombres-5-1-768x512.jpg 768w\" sizes=\"(max-width: 960px) 100vw, 960px\" \/>\t\t\t\t\t\t\t\t\t\t\t\t\t\t\t<\/div>\n\t\t\t\t<\/div>\n\t\t\t\t<\/div>\n\t\t<div class=\"elementor-element elementor-element-1bc5e3a e-con-full e-flex e-con e-child\" data-id=\"1bc5e3a\" data-element_type=\"container\" data-e-type=\"container\">\n\t\t\t\t<div class=\"elementor-element elementor-element-835b3a5 elementor-widget elementor-widget-heading\" data-id=\"835b3a5\" data-element_type=\"widget\" data-e-type=\"widget\" data-widget_type=\"heading.default\">\n\t\t\t\t<div class=\"elementor-widget-container\">\n\t\t\t\t\t<h2 class=\"elementor-heading-title elementor-size-default\">\u00bfC\u00f3mo comenz\u00f3 este proyecto?<\/h2>\t\t\t\t<\/div>\n\t\t\t\t<\/div>\n\t\t\t\t<div class=\"elementor-element elementor-element-e44b74f elementor-widget elementor-widget-text-editor\" data-id=\"e44b74f\" data-element_type=\"widget\" data-e-type=\"widget\" data-widget_type=\"text-editor.default\">\n\t\t\t\t<div class=\"elementor-widget-container\">\n\t\t\t\t\t\t\t\t\t<p>Un peque\u00f1o grupo de hombres rez\u00f3 el rosario en la calle mientras sus esposas participaban en las reuniones de la Campa\u00f1a del Rosario: Esta fue la se\u00f1al de la Divina Providencia para el comienzo de todo. Este grupo no tuvo continuidad, pero inspir\u00f3 el comienzo del Rosario de los Hombres en Brasil. <\/p><p>Fue la primera semilla del Rosario de la Madre y la Reina a nivel parroquial, en la parroquia de \u201cJaboat\u00e3o de Guarapes\u201d en el estado de Pernambuco. El padre Jos\u00e9 Pontes, del Instituto Secular de los Padres de Schoenstatt, que se enter\u00f3 de esta iniciativa, decidi\u00f3 probarlo en el Santuario de la Nueva Evangelizaci\u00f3n en la di\u00f3cesis de Olinda-Recife y el Rosario comenz\u00f3 su gran desarrollo al integrarse en las actividades del Santuario y aumentando as\u00ed su fecundidad y la fuerza del carisma de Schoenstatt. <\/p><p>Esta iniciativa conquist\u00f3 a masas de personas, irradi\u00f3 sus gracias de una manera sin precedentes, llen\u00f3 las iglesias y capillas con hombres, y lleg\u00f3 a un gran n\u00famero de miembros que se re\u00fanen semanalmente para rezar el Rosario y aprender a vivir los misterios del Rosario en la vida cotidiana.<\/p><p>Lo m\u00e1s importante es que la persona en el Rosario de Hombres de nuestra Madre y Reina aprende a desarrollar una forma masculina de relacionarse con Dios.<br><br>Fotos: Propiedad: Rosario de hombres \u00abMadre y Reina\u00bb \u2013 Brasil<\/p>\t\t\t\t\t\t\t\t<\/div>\n\t\t\t\t<\/div>\n\t\t\t\t<\/div>\n\t\t\t\t\t<\/div>\n\t\t\t\t<\/div>\n\t\t\t\t<\/div>\n\t\t","protected":false},"excerpt":{"rendered":"<p>Rosario de Hombres El rosario de hombres \u00abMadre y Reina\u00bb es un apostolado que comenz\u00f3 en Brasil en 1997 y que cada semana re\u00fane a un gran n\u00famero de hombres para rezar el rosario. Se re\u00fanen en grupos peque\u00f1os y grandes que est\u00e1n representados en numerosas congregaciones en todo el pa\u00eds. Los datos de la [&hellip;]<\/p>\n","protected":false},"author":3,"featured_media":39146,"parent":42680,"menu_order":0,"comment_status":"closed","ping_status":"closed","template":"","meta":{"footnotes":""},"class_list":["post-42674","page","type-page","status-publish","has-post-thumbnail","hentry"],"yoast_head":"<!-- This site is optimized with the Yoast SEO Premium plugin v27.4 (Yoast SEO v27.4) - https:\/\/yoast.com\/product\/yoast-seo-premium-wordpress\/ -->\n<title>Rosario de Hombres - Schoenstatt<\/title>\n<meta name=\"description\" content=\"Un apostolado que comenz\u00f3 en Brasil en 1997 y que cada semana re\u00fane a un gran n\u00famero de hombres para rezar el rosario.\" \/>\n<meta name=\"robots\" content=\"index, follow, max-snippet:-1, max-image-preview:large, max-video-preview:-1\" \/>\n<link rel=\"canonical\" href=\"https:\/\/schoenstatt.com\/es\/en-mision\/iglesia\/rosario-de-hombres\/\" \/>\n<meta property=\"og:locale\" content=\"es_ES\" \/>\n<meta property=\"og:type\" content=\"article\" \/>\n<meta property=\"og:title\" content=\"Rosario de Hombres\" \/>\n<meta property=\"og:description\" content=\"Un apostolado que comenz\u00f3 en Brasil en 1997 y que cada semana re\u00fane a un gran n\u00famero de hombres para rezar el rosario.\" \/>\n<meta property=\"og:url\" content=\"https:\/\/schoenstatt.com\/es\/en-mision\/iglesia\/rosario-de-hombres\/\" \/>\n<meta property=\"og:site_name\" content=\"Schoenstatt\" \/>\n<meta property=\"article:modified_time\" content=\"2025-05-27T02:32:45+00:00\" \/>\n<meta property=\"og:image\" content=\"https:\/\/schoenstatt.com\/wp-content\/uploads\/2024\/06\/mens-rosary-terco-dos-homens-rosario-de-hombres-3-1.jpg\" \/>\n\t<meta property=\"og:image:width\" content=\"2048\" \/>\n\t<meta property=\"og:image:height\" content=\"774\" \/>\n\t<meta property=\"og:image:type\" content=\"image\/jpeg\" \/>\n<meta name=\"twitter:card\" content=\"summary_large_image\" \/>\n<meta name=\"twitter:label1\" content=\"Tiempo de lectura\" \/>\n\t<meta name=\"twitter:data1\" content=\"2 minutos\" \/>\n<script type=\"application\/ld+json\" class=\"yoast-schema-graph\">{\"@context\":\"https:\\\/\\\/schema.org\",\"@graph\":[{\"@type\":\"WebPage\",\"@id\":\"https:\\\/\\\/schoenstatt.com\\\/es\\\/en-mision\\\/iglesia\\\/rosario-de-hombres\\\/\",\"url\":\"https:\\\/\\\/schoenstatt.com\\\/es\\\/en-mision\\\/iglesia\\\/rosario-de-hombres\\\/\",\"name\":\"Rosario de Hombres - Schoenstatt\",\"isPartOf\":{\"@id\":\"https:\\\/\\\/schoenstatt.com\\\/es\\\/#website\"},\"primaryImageOfPage\":{\"@id\":\"https:\\\/\\\/schoenstatt.com\\\/es\\\/en-mision\\\/iglesia\\\/rosario-de-hombres\\\/#primaryimage\"},\"image\":{\"@id\":\"https:\\\/\\\/schoenstatt.com\\\/es\\\/en-mision\\\/iglesia\\\/rosario-de-hombres\\\/#primaryimage\"},\"thumbnailUrl\":\"https:\\\/\\\/schoenstatt.com\\\/wp-content\\\/uploads\\\/2024\\\/06\\\/mens-rosary-terco-dos-homens-rosario-de-hombres-3-1.jpg\",\"datePublished\":\"2024-06-26T23:30:16+00:00\",\"dateModified\":\"2025-05-27T02:32:45+00:00\",\"description\":\"Un apostolado que comenz\u00f3 en Brasil en 1997 y que cada semana re\u00fane a un gran n\u00famero de hombres para rezar el rosario.\",\"breadcrumb\":{\"@id\":\"https:\\\/\\\/schoenstatt.com\\\/es\\\/en-mision\\\/iglesia\\\/rosario-de-hombres\\\/#breadcrumb\"},\"inLanguage\":\"es\",\"potentialAction\":[{\"@type\":\"ReadAction\",\"target\":[\"https:\\\/\\\/schoenstatt.com\\\/es\\\/en-mision\\\/iglesia\\\/rosario-de-hombres\\\/\"]}]},{\"@type\":\"ImageObject\",\"inLanguage\":\"es\",\"@id\":\"https:\\\/\\\/schoenstatt.com\\\/es\\\/en-mision\\\/iglesia\\\/rosario-de-hombres\\\/#primaryimage\",\"url\":\"https:\\\/\\\/schoenstatt.com\\\/wp-content\\\/uploads\\\/2024\\\/06\\\/mens-rosary-terco-dos-homens-rosario-de-hombres-3-1.jpg\",\"contentUrl\":\"https:\\\/\\\/schoenstatt.com\\\/wp-content\\\/uploads\\\/2024\\\/06\\\/mens-rosary-terco-dos-homens-rosario-de-hombres-3-1.jpg\",\"width\":2048,\"height\":774,\"caption\":\"AC Bscale(2.0) Dscale(2.0) enhenced_level(-6) isOutdoor(0) result(0) FM0 FC100110011:zzzzzz012 82 00 0 05f02fe45031e1040 92410a21a 14 0256105242 0 0 0 0 0 0 0 0242c181c164 06b 0231c17fc186 06b 0220c17dc171 0 c 020fc17cc146 06e 01fec17bc12c 06b 01edc170c11a 06b 01dcc150c0f0 06b 01edc130c0cc 06b 01fec15cc0e1 06b 020fc178c0f4 06b 0230c182c101 06b 0236c17bc105 06b 023cc17dc10a 06b 0242c180c113 06b 0248c184c115 06b 024ec18ac115 06b 0248c18ac113 06b 0248c18bc10e 06b 0\"},{\"@type\":\"BreadcrumbList\",\"@id\":\"https:\\\/\\\/schoenstatt.com\\\/es\\\/en-mision\\\/iglesia\\\/rosario-de-hombres\\\/#breadcrumb\",\"itemListElement\":[{\"@type\":\"ListItem\",\"position\":1,\"name\":\"Portada\",\"item\":\"https:\\\/\\\/schoenstatt.com\\\/es\\\/home\\\/\"},{\"@type\":\"ListItem\",\"position\":2,\"name\":\"En Misi\u00f3n\",\"item\":\"https:\\\/\\\/schoenstatt.com\\\/es\\\/in-mission\\\/\"},{\"@type\":\"ListItem\",\"position\":3,\"name\":\"Iglesia\",\"item\":\"https:\\\/\\\/schoenstatt.com\\\/es\\\/en-mision\\\/iglesia\\\/\"},{\"@type\":\"ListItem\",\"position\":4,\"name\":\"Rosario de Hombres\"}]},{\"@type\":\"WebSite\",\"@id\":\"https:\\\/\\\/schoenstatt.com\\\/es\\\/#website\",\"url\":\"https:\\\/\\\/schoenstatt.com\\\/es\\\/\",\"name\":\"Schoenstatt\",\"description\":\"Apostolic Movement\",\"publisher\":{\"@id\":\"https:\\\/\\\/schoenstatt.com\\\/es\\\/#organization\"},\"potentialAction\":[{\"@type\":\"SearchAction\",\"target\":{\"@type\":\"EntryPoint\",\"urlTemplate\":\"https:\\\/\\\/schoenstatt.com\\\/es\\\/?s={search_term_string}\"},\"query-input\":{\"@type\":\"PropertyValueSpecification\",\"valueRequired\":true,\"valueName\":\"search_term_string\"}}],\"inLanguage\":\"es\"},{\"@type\":\"Organization\",\"@id\":\"https:\\\/\\\/schoenstatt.com\\\/es\\\/#organization\",\"name\":\"Schoenstatt\",\"url\":\"https:\\\/\\\/schoenstatt.com\\\/es\\\/\",\"logo\":{\"@type\":\"ImageObject\",\"inLanguage\":\"es\",\"@id\":\"https:\\\/\\\/schoenstatt.com\\\/es\\\/#\\\/schema\\\/logo\\\/image\\\/\",\"url\":\"https:\\\/\\\/schoenstatt.com\\\/wp-content\\\/uploads\\\/2025\\\/04\\\/logo-schoenstatt-white-696x696-1.png\",\"contentUrl\":\"https:\\\/\\\/schoenstatt.com\\\/wp-content\\\/uploads\\\/2025\\\/04\\\/logo-schoenstatt-white-696x696-1.png\",\"width\":696,\"height\":694,\"caption\":\"Schoenstatt\"},\"image\":{\"@id\":\"https:\\\/\\\/schoenstatt.com\\\/es\\\/#\\\/schema\\\/logo\\\/image\\\/\"}}]}<\/script>\n<!-- \/ Yoast SEO Premium plugin. -->","yoast_head_json":{"title":"Rosario de Hombres - Schoenstatt","description":"Un apostolado que comenz\u00f3 en Brasil en 1997 y que cada semana re\u00fane a un gran n\u00famero de hombres para rezar el rosario.","robots":{"index":"index","follow":"follow","max-snippet":"max-snippet:-1","max-image-preview":"max-image-preview:large","max-video-preview":"max-video-preview:-1"},"canonical":"https:\/\/schoenstatt.com\/es\/en-mision\/iglesia\/rosario-de-hombres\/","og_locale":"es_ES","og_type":"article","og_title":"Rosario de Hombres","og_description":"Un apostolado que comenz\u00f3 en Brasil en 1997 y que cada semana re\u00fane a un gran n\u00famero de hombres para rezar el rosario.","og_url":"https:\/\/schoenstatt.com\/es\/en-mision\/iglesia\/rosario-de-hombres\/","og_site_name":"Schoenstatt","article_modified_time":"2025-05-27T02:32:45+00:00","og_image":[{"width":2048,"height":774,"url":"https:\/\/schoenstatt.com\/wp-content\/uploads\/2024\/06\/mens-rosary-terco-dos-homens-rosario-de-hombres-3-1.jpg","type":"image\/jpeg"}],"twitter_card":"summary_large_image","twitter_misc":{"Tiempo de lectura":"2 minutos"},"schema":{"@context":"https:\/\/schema.org","@graph":[{"@type":"WebPage","@id":"https:\/\/schoenstatt.com\/es\/en-mision\/iglesia\/rosario-de-hombres\/","url":"https:\/\/schoenstatt.com\/es\/en-mision\/iglesia\/rosario-de-hombres\/","name":"Rosario de Hombres - Schoenstatt","isPartOf":{"@id":"https:\/\/schoenstatt.com\/es\/#website"},"primaryImageOfPage":{"@id":"https:\/\/schoenstatt.com\/es\/en-mision\/iglesia\/rosario-de-hombres\/#primaryimage"},"image":{"@id":"https:\/\/schoenstatt.com\/es\/en-mision\/iglesia\/rosario-de-hombres\/#primaryimage"},"thumbnailUrl":"https:\/\/schoenstatt.com\/wp-content\/uploads\/2024\/06\/mens-rosary-terco-dos-homens-rosario-de-hombres-3-1.jpg","datePublished":"2024-06-26T23:30:16+00:00","dateModified":"2025-05-27T02:32:45+00:00","description":"Un apostolado que comenz\u00f3 en Brasil en 1997 y que cada semana re\u00fane a un gran n\u00famero de hombres para rezar el rosario.","breadcrumb":{"@id":"https:\/\/schoenstatt.com\/es\/en-mision\/iglesia\/rosario-de-hombres\/#breadcrumb"},"inLanguage":"es","potentialAction":[{"@type":"ReadAction","target":["https:\/\/schoenstatt.com\/es\/en-mision\/iglesia\/rosario-de-hombres\/"]}]},{"@type":"ImageObject","inLanguage":"es","@id":"https:\/\/schoenstatt.com\/es\/en-mision\/iglesia\/rosario-de-hombres\/#primaryimage","url":"https:\/\/schoenstatt.com\/wp-content\/uploads\/2024\/06\/mens-rosary-terco-dos-homens-rosario-de-hombres-3-1.jpg","contentUrl":"https:\/\/schoenstatt.com\/wp-content\/uploads\/2024\/06\/mens-rosary-terco-dos-homens-rosario-de-hombres-3-1.jpg","width":2048,"height":774,"caption":"AC Bscale(2.0) Dscale(2.0) enhenced_level(-6) isOutdoor(0) result(0) FM0 FC100110011:zzzzzz012 82 00 0 05f02fe45031e1040 92410a21a 14 0256105242 0 0 0 0 0 0 0 0242c181c164 06b 0231c17fc186 06b 0220c17dc171 0 c 020fc17cc146 06e 01fec17bc12c 06b 01edc170c11a 06b 01dcc150c0f0 06b 01edc130c0cc 06b 01fec15cc0e1 06b 020fc178c0f4 06b 0230c182c101 06b 0236c17bc105 06b 023cc17dc10a 06b 0242c180c113 06b 0248c184c115 06b 024ec18ac115 06b 0248c18ac113 06b 0248c18bc10e 06b 0"},{"@type":"BreadcrumbList","@id":"https:\/\/schoenstatt.com\/es\/en-mision\/iglesia\/rosario-de-hombres\/#breadcrumb","itemListElement":[{"@type":"ListItem","position":1,"name":"Portada","item":"https:\/\/schoenstatt.com\/es\/home\/"},{"@type":"ListItem","position":2,"name":"En Misi\u00f3n","item":"https:\/\/schoenstatt.com\/es\/in-mission\/"},{"@type":"ListItem","position":3,"name":"Iglesia","item":"https:\/\/schoenstatt.com\/es\/en-mision\/iglesia\/"},{"@type":"ListItem","position":4,"name":"Rosario de Hombres"}]},{"@type":"WebSite","@id":"https:\/\/schoenstatt.com\/es\/#website","url":"https:\/\/schoenstatt.com\/es\/","name":"Schoenstatt","description":"Apostolic Movement","publisher":{"@id":"https:\/\/schoenstatt.com\/es\/#organization"},"potentialAction":[{"@type":"SearchAction","target":{"@type":"EntryPoint","urlTemplate":"https:\/\/schoenstatt.com\/es\/?s={search_term_string}"},"query-input":{"@type":"PropertyValueSpecification","valueRequired":true,"valueName":"search_term_string"}}],"inLanguage":"es"},{"@type":"Organization","@id":"https:\/\/schoenstatt.com\/es\/#organization","name":"Schoenstatt","url":"https:\/\/schoenstatt.com\/es\/","logo":{"@type":"ImageObject","inLanguage":"es","@id":"https:\/\/schoenstatt.com\/es\/#\/schema\/logo\/image\/","url":"https:\/\/schoenstatt.com\/wp-content\/uploads\/2025\/04\/logo-schoenstatt-white-696x696-1.png","contentUrl":"https:\/\/schoenstatt.com\/wp-content\/uploads\/2025\/04\/logo-schoenstatt-white-696x696-1.png","width":696,"height":694,"caption":"Schoenstatt"},"image":{"@id":"https:\/\/schoenstatt.com\/es\/#\/schema\/logo\/image\/"}}]}},"_links":{"self":[{"href":"https:\/\/schoenstatt.com\/es\/wp-json\/wp\/v2\/pages\/42674","targetHints":{"allow":["GET"]}}],"collection":[{"href":"https:\/\/schoenstatt.com\/es\/wp-json\/wp\/v2\/pages"}],"about":[{"href":"https:\/\/schoenstatt.com\/es\/wp-json\/wp\/v2\/types\/page"}],"author":[{"embeddable":true,"href":"https:\/\/schoenstatt.com\/es\/wp-json\/wp\/v2\/users\/3"}],"replies":[{"embeddable":true,"href":"https:\/\/schoenstatt.com\/es\/wp-json\/wp\/v2\/comments?post=42674"}],"version-history":[{"count":5,"href":"https:\/\/schoenstatt.com\/es\/wp-json\/wp\/v2\/pages\/42674\/revisions"}],"predecessor-version":[{"id":58154,"href":"https:\/\/schoenstatt.com\/es\/wp-json\/wp\/v2\/pages\/42674\/revisions\/58154"}],"up":[{"embeddable":true,"href":"https:\/\/schoenstatt.com\/es\/wp-json\/wp\/v2\/pages\/42680"}],"wp:featuredmedia":[{"embeddable":true,"href":"https:\/\/schoenstatt.com\/es\/wp-json\/wp\/v2\/media\/39146"}],"wp:attachment":[{"href":"https:\/\/schoenstatt.com\/es\/wp-json\/wp\/v2\/media?parent=42674"}],"curies":[{"name":"wp","href":"https:\/\/api.w.org\/{rel}","templated":true}]}}