{"id":34332,"date":"2023-12-13T14:10:12","date_gmt":"2023-12-13T13:10:12","guid":{"rendered":"https:\/\/schoenstatt.com\/jubileu-75-anos-do-31-de-maio\/"},"modified":"2025-04-20T20:28:25","modified_gmt":"2025-04-20T18:28:25","slug":"jubileo-75-anos-del-31-de-mayo","status":"publish","type":"page","link":"https:\/\/schoenstatt.com\/es\/jubileo-75-anos-del-31-de-mayo\/","title":{"rendered":"Jubileo: 75 a\u00f1os del 31 de Mayo"},"content":{"rendered":"<p>[vc_row][vc_column width=\u00bb1\/1&#8243;][vc_single_image media=\u00bb33755&#8243; media_width_percent=\u00bb100&#8243;][\/vc_column][\/vc_row][vc_row][vc_column width=\u00bb1\/1&#8243;][vc_column_text]<em>En esta p\u00e1gina encontrar\u00e1 informaci\u00f3n sobre la celebraci\u00f3n del <strong>75 aniversario del Tercer Hito Hist\u00f3rico de la Obra de Schoenstatt<\/strong>, el acta del \u00ab31 de mayo de 1949\u00bb.<\/em><br \/>\nEn 2024 se cumplir\u00e1n 75 a\u00f1os del Tercer Hito en la historia de nuestro Movimiento. Aquel 31 de mayo de 1949, implorando las gracias de Pentecost\u00e9s, el Padre Kentenich confi\u00f3 a la Mater <strong>\u00abla misi\u00f3n de Schoenstatt\u00bb<\/strong>, el anhelo de que nuestro carisma se abriera a la Iglesia en toda su riqueza, regalando a todos la Alianza de Amor con Mar\u00eda, que nos ayuda a unir vitalmente lo natural con lo sobrenatural en la vida cotidiana.<\/p>\n<p>En gratitud por toda la vida y corriente misionera que ha surgido desde este momento en la historia de Schoenstatt, la Familia Chilena invita a una gran <strong>celebraci\u00f3n internacional<\/strong> los d\u00edas 31 de mayo, 1 y 2 de junio de 2024, abierta a todos los peregrinos de Chile y el mundo, para que puedan ser parte de esta celebraci\u00f3n jubilar.[\/vc_column_text][\/vc_column][\/vc_row][vc_row][vc_column width=\u00bb1\/1&#8243;][vc_column_text]<\/p>\n<h2>Materiales importantes:<\/h2>\n<p>[\/vc_column_text][\/vc_column][\/vc_row][vc_row][vc_column width=\u00bb1\/2&#8243;][vc_column_text]<\/p>\n<ul>\n<li><a href=\"https:\/\/jubileo31demayo.schoenstatt.cl\/\" target=\"_blank\" rel=\"noopener\"><strong>Sitio web oficial<\/strong><\/a><\/li>\n<li><strong>Inscripci\u00f3n (cerrada)<\/strong><\/li>\n<li><a href=\"https:\/\/schoenstatt.com\/wp-content\/uploads\/2024\/01\/Logo-31-de-mayo.png\" target=\"_blank\" rel=\"noopener\"><strong>Logo del Jubileo para descargar<\/strong><\/a><\/li>\n<li><a href=\"https:\/\/ch8ds.r.sp1-brevo.net\/mk\/mr\/sh\/1f8JAEjGcfF860xntMLpTMF66Z\/RDpkri7GAAk1\" target=\"_blank\" rel=\"noopener\"><strong>Oraci\u00f3n del Jubileo<\/strong><\/a><\/li>\n<li><a href=\"https:\/\/schoenstatt.com\/wp-content\/uploads\/2023\/11\/Convocatoria-Jubileo-75-anos-31-de-mayo.pdf\" target=\"_blank\" rel=\"noopener\"><strong>Carta del Director Nacional de Chile<\/strong><\/a><\/li>\n<li><a href=\"http:\/\/www.schoenstatt.cl\/prontus_schoenstatt\/site\/artic\/20231124\/asocfile\/20231124202459\/20231016_respuesta_a_chile____celebracio__n_31_de_mayo_2024__1_.pdf\" target=\"_blank\" rel=\"noopener\"><strong>Carta de la Presidencia Internacional de Schoenstatt<\/strong><\/a><\/li>\n<li><a href=\"https:\/\/maps.app.goo.gl\/MG9Dp7GDotGGMrqt7\" target=\"_blank\" rel=\"noopener\"><strong>Ubicaci\u00f3n del Santuario de Bellavista<\/strong><\/a><\/li>\n<\/ul>\n<p>[\/vc_column_text][\/vc_column][vc_column width=\u00bb1\/2&#8243;][vc_single_image media=\u00bb34045&#8243; media_width_percent=\u00bb65&#8243;][\/vc_column][\/vc_row][vc_row][vc_column width=\u00bb1\/1&#8243;][vc_column_text]<\/p>\n<h2>Noticias:<\/h2>\n<p>[\/vc_column_text][vc_column_text]<\/p>\n<ul>\n<li><a href=\"https:\/\/schoenstatt.com\/es\/eventos\/una-invitacion-a-toda-la-familia-de-schoenstatt-75-anos-del-31-de-mayo\/\"><strong>Invitaci\u00f3n al jubileo<\/strong><\/a><\/li>\n<li><a href=\"https:\/\/ch8ds.r.sp1-brevo.net\/mk\/mr\/sh\/1f8JAEjGcfF860xntMLpTMF66Z\/RDpkri7GAAk1\" target=\"_blank\" rel=\"noopener\"><strong>Nota comunicacio\u0301n 1<\/strong><\/a><\/li>\n<\/ul>\n<p>[\/vc_column_text][\/vc_column][\/vc_row][vc_row][vc_column width=\u00bb1\/1&#8243;][\/vc_column][\/vc_row][vc_row][vc_column width=\u00bb1\/1&#8243;][vc_column_text]<\/p>\n<p style=\"text-align: center;\"><a class=\"fasc-button fasc-size-medium fasc-type-flat fasc-rounded-medium fasc-style-bold\" style=\"background-color: #10217d; color: #ffffff;\" href=\"https:\/\/schoenstatt.com\/es\/tag\/31-de-mayo\/\">M\u00e1s noticias<\/a><\/p>\n<p>[\/vc_column_text][vc_empty_space empty_h=\u00bb2&#8243;][\/vc_column][\/vc_row]<\/p>\n","protected":false},"excerpt":{"rendered":"<p>[vc_row][vc_column width=\u00bb1\/1&#8243;][vc_single_image media=\u00bb33755&#8243; media_width_percent=\u00bb100&#8243;][\/vc_column][\/vc_row][vc_row][vc_column width=\u00bb1\/1&#8243;][vc_column_text]En esta p\u00e1gina encontrar\u00e1 informaci\u00f3n sobre la celebraci\u00f3n del 75 aniversario del Tercer Hito Hist\u00f3rico de la Obra de Schoenstatt, el acta del \u00ab31 de mayo de 1949\u00bb. En 2024 se cumplir\u00e1n 75 a\u00f1os del Tercer Hito en la historia de nuestro Movimiento. Aquel 31 de mayo de 1949, implorando las [&hellip;]<\/p>\n","protected":false},"author":3,"featured_media":33752,"parent":0,"menu_order":0,"comment_status":"closed","ping_status":"closed","template":"","meta":{"footnotes":""},"class_list":["post-34332","page","type-page","status-publish","has-post-thumbnail","hentry"],"yoast_head":"<!-- This site is optimized with the Yoast SEO Premium plugin v27.1 (Yoast SEO v27.3) - https:\/\/yoast.com\/product\/yoast-seo-premium-wordpress\/ -->\n<title>Jubileo: 75 a\u00f1os del 31 de Mayo - Schoenstatt<\/title>\n<meta name=\"description\" content=\"En esta p\u00e1gina encontrar\u00e1 informaci\u00f3n sobre la celebraci\u00f3n del 75 aniversario del Tercer Hito de Schoenstatt, el acta del &quot;31 de mayo&quot;\" \/>\n<meta name=\"robots\" content=\"index, follow, max-snippet:-1, max-image-preview:large, max-video-preview:-1\" \/>\n<link rel=\"canonical\" href=\"https:\/\/schoenstatt.com\/es\/jubileo-75-anos-del-31-de-mayo\/\" \/>\n<meta property=\"og:locale\" content=\"es_ES\" \/>\n<meta property=\"og:type\" content=\"article\" \/>\n<meta property=\"og:title\" content=\"Jubileo: 75 a\u00f1os del 31 de Mayo\" \/>\n<meta property=\"og:description\" content=\"En esta p\u00e1gina encontrar\u00e1 informaci\u00f3n sobre la celebraci\u00f3n del 75 aniversario del Tercer Hito de Schoenstatt, el acta del &quot;31 de mayo&quot;\" \/>\n<meta property=\"og:url\" content=\"https:\/\/schoenstatt.com\/es\/jubileo-75-anos-del-31-de-mayo\/\" \/>\n<meta property=\"og:site_name\" content=\"Schoenstatt\" \/>\n<meta property=\"article:modified_time\" content=\"2025-04-20T18:28:25+00:00\" \/>\n<meta property=\"og:image\" content=\"https:\/\/schoenstatt.com\/wp-content\/uploads\/2023\/11\/jubileu-31-de-mayo-2024-logo-1.jpg\" \/>\n\t<meta property=\"og:image:width\" content=\"2048\" \/>\n\t<meta property=\"og:image:height\" content=\"1065\" \/>\n\t<meta property=\"og:image:type\" content=\"image\/jpeg\" \/>\n<meta name=\"twitter:card\" content=\"summary_large_image\" \/>\n<meta name=\"twitter:label1\" content=\"Tiempo de lectura\" \/>\n\t<meta name=\"twitter:data1\" content=\"1 minuto\" \/>\n<script type=\"application\/ld+json\" class=\"yoast-schema-graph\">{\"@context\":\"https:\\\/\\\/schema.org\",\"@graph\":[{\"@type\":\"WebPage\",\"@id\":\"https:\\\/\\\/schoenstatt.com\\\/es\\\/jubileo-75-anos-del-31-de-mayo\\\/\",\"url\":\"https:\\\/\\\/schoenstatt.com\\\/es\\\/jubileo-75-anos-del-31-de-mayo\\\/\",\"name\":\"Jubileo: 75 a\u00f1os del 31 de Mayo - Schoenstatt\",\"isPartOf\":{\"@id\":\"https:\\\/\\\/schoenstatt.com\\\/es\\\/#website\"},\"primaryImageOfPage\":{\"@id\":\"https:\\\/\\\/schoenstatt.com\\\/es\\\/jubileo-75-anos-del-31-de-mayo\\\/#primaryimage\"},\"image\":{\"@id\":\"https:\\\/\\\/schoenstatt.com\\\/es\\\/jubileo-75-anos-del-31-de-mayo\\\/#primaryimage\"},\"thumbnailUrl\":\"https:\\\/\\\/schoenstatt.com\\\/wp-content\\\/uploads\\\/2023\\\/11\\\/jubileu-31-de-mayo-2024-logo-1.jpg\",\"datePublished\":\"2023-12-13T13:10:12+00:00\",\"dateModified\":\"2025-04-20T18:28:25+00:00\",\"description\":\"En esta p\u00e1gina encontrar\u00e1 informaci\u00f3n sobre la celebraci\u00f3n del 75 aniversario del Tercer Hito de Schoenstatt, el acta del \\\"31 de mayo\\\"\",\"breadcrumb\":{\"@id\":\"https:\\\/\\\/schoenstatt.com\\\/es\\\/jubileo-75-anos-del-31-de-mayo\\\/#breadcrumb\"},\"inLanguage\":\"es\",\"potentialAction\":[{\"@type\":\"ReadAction\",\"target\":[\"https:\\\/\\\/schoenstatt.com\\\/es\\\/jubileo-75-anos-del-31-de-mayo\\\/\"]}]},{\"@type\":\"ImageObject\",\"inLanguage\":\"es\",\"@id\":\"https:\\\/\\\/schoenstatt.com\\\/es\\\/jubileo-75-anos-del-31-de-mayo\\\/#primaryimage\",\"url\":\"https:\\\/\\\/schoenstatt.com\\\/wp-content\\\/uploads\\\/2023\\\/11\\\/jubileu-31-de-mayo-2024-logo-1.jpg\",\"contentUrl\":\"https:\\\/\\\/schoenstatt.com\\\/wp-content\\\/uploads\\\/2023\\\/11\\\/jubileu-31-de-mayo-2024-logo-1.jpg\",\"width\":2048,\"height\":1065},{\"@type\":\"BreadcrumbList\",\"@id\":\"https:\\\/\\\/schoenstatt.com\\\/es\\\/jubileo-75-anos-del-31-de-mayo\\\/#breadcrumb\",\"itemListElement\":[{\"@type\":\"ListItem\",\"position\":1,\"name\":\"Portada\",\"item\":\"https:\\\/\\\/schoenstatt.com\\\/es\\\/home\\\/\"},{\"@type\":\"ListItem\",\"position\":2,\"name\":\"Jubileo: 75 a\u00f1os del 31 de Mayo\"}]},{\"@type\":\"WebSite\",\"@id\":\"https:\\\/\\\/schoenstatt.com\\\/es\\\/#website\",\"url\":\"https:\\\/\\\/schoenstatt.com\\\/es\\\/\",\"name\":\"Schoenstatt\",\"description\":\"Apostolic Movement\",\"publisher\":{\"@id\":\"https:\\\/\\\/schoenstatt.com\\\/es\\\/#organization\"},\"potentialAction\":[{\"@type\":\"SearchAction\",\"target\":{\"@type\":\"EntryPoint\",\"urlTemplate\":\"https:\\\/\\\/schoenstatt.com\\\/es\\\/?s={search_term_string}\"},\"query-input\":{\"@type\":\"PropertyValueSpecification\",\"valueRequired\":true,\"valueName\":\"search_term_string\"}}],\"inLanguage\":\"es\"},{\"@type\":\"Organization\",\"@id\":\"https:\\\/\\\/schoenstatt.com\\\/es\\\/#organization\",\"name\":\"Schoenstatt\",\"url\":\"https:\\\/\\\/schoenstatt.com\\\/es\\\/\",\"logo\":{\"@type\":\"ImageObject\",\"inLanguage\":\"es\",\"@id\":\"https:\\\/\\\/schoenstatt.com\\\/es\\\/#\\\/schema\\\/logo\\\/image\\\/\",\"url\":\"https:\\\/\\\/schoenstatt.com\\\/wp-content\\\/uploads\\\/2025\\\/04\\\/logo-schoenstatt-white-696x696-1.png\",\"contentUrl\":\"https:\\\/\\\/schoenstatt.com\\\/wp-content\\\/uploads\\\/2025\\\/04\\\/logo-schoenstatt-white-696x696-1.png\",\"width\":696,\"height\":694,\"caption\":\"Schoenstatt\"},\"image\":{\"@id\":\"https:\\\/\\\/schoenstatt.com\\\/es\\\/#\\\/schema\\\/logo\\\/image\\\/\"}}]}<\/script>\n<!-- \/ Yoast SEO Premium plugin. -->","yoast_head_json":{"title":"Jubileo: 75 a\u00f1os del 31 de Mayo - Schoenstatt","description":"En esta p\u00e1gina encontrar\u00e1 informaci\u00f3n sobre la celebraci\u00f3n del 75 aniversario del Tercer Hito de Schoenstatt, el acta del \"31 de mayo\"","robots":{"index":"index","follow":"follow","max-snippet":"max-snippet:-1","max-image-preview":"max-image-preview:large","max-video-preview":"max-video-preview:-1"},"canonical":"https:\/\/schoenstatt.com\/es\/jubileo-75-anos-del-31-de-mayo\/","og_locale":"es_ES","og_type":"article","og_title":"Jubileo: 75 a\u00f1os del 31 de Mayo","og_description":"En esta p\u00e1gina encontrar\u00e1 informaci\u00f3n sobre la celebraci\u00f3n del 75 aniversario del Tercer Hito de Schoenstatt, el acta del \"31 de mayo\"","og_url":"https:\/\/schoenstatt.com\/es\/jubileo-75-anos-del-31-de-mayo\/","og_site_name":"Schoenstatt","article_modified_time":"2025-04-20T18:28:25+00:00","og_image":[{"width":2048,"height":1065,"url":"https:\/\/schoenstatt.com\/wp-content\/uploads\/2023\/11\/jubileu-31-de-mayo-2024-logo-1.jpg","type":"image\/jpeg"}],"twitter_card":"summary_large_image","twitter_misc":{"Tiempo de lectura":"1 minuto"},"schema":{"@context":"https:\/\/schema.org","@graph":[{"@type":"WebPage","@id":"https:\/\/schoenstatt.com\/es\/jubileo-75-anos-del-31-de-mayo\/","url":"https:\/\/schoenstatt.com\/es\/jubileo-75-anos-del-31-de-mayo\/","name":"Jubileo: 75 a\u00f1os del 31 de Mayo - Schoenstatt","isPartOf":{"@id":"https:\/\/schoenstatt.com\/es\/#website"},"primaryImageOfPage":{"@id":"https:\/\/schoenstatt.com\/es\/jubileo-75-anos-del-31-de-mayo\/#primaryimage"},"image":{"@id":"https:\/\/schoenstatt.com\/es\/jubileo-75-anos-del-31-de-mayo\/#primaryimage"},"thumbnailUrl":"https:\/\/schoenstatt.com\/wp-content\/uploads\/2023\/11\/jubileu-31-de-mayo-2024-logo-1.jpg","datePublished":"2023-12-13T13:10:12+00:00","dateModified":"2025-04-20T18:28:25+00:00","description":"En esta p\u00e1gina encontrar\u00e1 informaci\u00f3n sobre la celebraci\u00f3n del 75 aniversario del Tercer Hito de Schoenstatt, el acta del \"31 de mayo\"","breadcrumb":{"@id":"https:\/\/schoenstatt.com\/es\/jubileo-75-anos-del-31-de-mayo\/#breadcrumb"},"inLanguage":"es","potentialAction":[{"@type":"ReadAction","target":["https:\/\/schoenstatt.com\/es\/jubileo-75-anos-del-31-de-mayo\/"]}]},{"@type":"ImageObject","inLanguage":"es","@id":"https:\/\/schoenstatt.com\/es\/jubileo-75-anos-del-31-de-mayo\/#primaryimage","url":"https:\/\/schoenstatt.com\/wp-content\/uploads\/2023\/11\/jubileu-31-de-mayo-2024-logo-1.jpg","contentUrl":"https:\/\/schoenstatt.com\/wp-content\/uploads\/2023\/11\/jubileu-31-de-mayo-2024-logo-1.jpg","width":2048,"height":1065},{"@type":"BreadcrumbList","@id":"https:\/\/schoenstatt.com\/es\/jubileo-75-anos-del-31-de-mayo\/#breadcrumb","itemListElement":[{"@type":"ListItem","position":1,"name":"Portada","item":"https:\/\/schoenstatt.com\/es\/home\/"},{"@type":"ListItem","position":2,"name":"Jubileo: 75 a\u00f1os del 31 de Mayo"}]},{"@type":"WebSite","@id":"https:\/\/schoenstatt.com\/es\/#website","url":"https:\/\/schoenstatt.com\/es\/","name":"Schoenstatt","description":"Apostolic Movement","publisher":{"@id":"https:\/\/schoenstatt.com\/es\/#organization"},"potentialAction":[{"@type":"SearchAction","target":{"@type":"EntryPoint","urlTemplate":"https:\/\/schoenstatt.com\/es\/?s={search_term_string}"},"query-input":{"@type":"PropertyValueSpecification","valueRequired":true,"valueName":"search_term_string"}}],"inLanguage":"es"},{"@type":"Organization","@id":"https:\/\/schoenstatt.com\/es\/#organization","name":"Schoenstatt","url":"https:\/\/schoenstatt.com\/es\/","logo":{"@type":"ImageObject","inLanguage":"es","@id":"https:\/\/schoenstatt.com\/es\/#\/schema\/logo\/image\/","url":"https:\/\/schoenstatt.com\/wp-content\/uploads\/2025\/04\/logo-schoenstatt-white-696x696-1.png","contentUrl":"https:\/\/schoenstatt.com\/wp-content\/uploads\/2025\/04\/logo-schoenstatt-white-696x696-1.png","width":696,"height":694,"caption":"Schoenstatt"},"image":{"@id":"https:\/\/schoenstatt.com\/es\/#\/schema\/logo\/image\/"}}]}},"_links":{"self":[{"href":"https:\/\/schoenstatt.com\/es\/wp-json\/wp\/v2\/pages\/34332","targetHints":{"allow":["GET"]}}],"collection":[{"href":"https:\/\/schoenstatt.com\/es\/wp-json\/wp\/v2\/pages"}],"about":[{"href":"https:\/\/schoenstatt.com\/es\/wp-json\/wp\/v2\/types\/page"}],"author":[{"embeddable":true,"href":"https:\/\/schoenstatt.com\/es\/wp-json\/wp\/v2\/users\/3"}],"replies":[{"embeddable":true,"href":"https:\/\/schoenstatt.com\/es\/wp-json\/wp\/v2\/comments?post=34332"}],"version-history":[{"count":1,"href":"https:\/\/schoenstatt.com\/es\/wp-json\/wp\/v2\/pages\/34332\/revisions"}],"predecessor-version":[{"id":48128,"href":"https:\/\/schoenstatt.com\/es\/wp-json\/wp\/v2\/pages\/34332\/revisions\/48128"}],"wp:featuredmedia":[{"embeddable":true,"href":"https:\/\/schoenstatt.com\/es\/wp-json\/wp\/v2\/media\/33752"}],"wp:attachment":[{"href":"https:\/\/schoenstatt.com\/es\/wp-json\/wp\/v2\/media?parent=34332"}],"curies":[{"name":"wp","href":"https:\/\/api.w.org\/{rel}","templated":true}]}}