{"id":19819,"date":"2021-08-30T18:31:45","date_gmt":"2021-08-30T16:31:45","guid":{"rendered":"https:\/\/schoenstatt.com\/mision\/visit-the-original-schoenstatt\/"},"modified":"2025-04-20T20:28:11","modified_gmt":"2025-04-20T18:28:11","slug":"visita-schoenstatt-original","status":"publish","type":"page","link":"https:\/\/schoenstatt.com\/es\/visita-schoenstatt-original\/","title":{"rendered":"Visita Schoenstatt Original"},"content":{"rendered":"<p>[vc_row row_height_percent=\u00bb0&#8243; override_padding=\u00bbyes\u00bb h_padding=\u00bb2&#8243; top_padding=\u00bb4&#8243; bottom_padding=\u00bb4&#8243; back_color=\u00bbcolor-lxmt\u00bb overlay_alpha=\u00bb50&#8243; gutter_size=\u00bb3&#8243; column_width_percent=\u00bb100&#8243; shift_y=\u00bb0&#8243; z_index=\u00bb0&#8243;][vc_column column_width_use_pixel=\u00bbyes\u00bb position_vertical=\u00bbmiddle\u00bb align_horizontal=\u00bbalign_center\u00bb gutter_size=\u00bb3&#8243; overlay_alpha=\u00bb50&#8243; shift_x=\u00bb0&#8243; shift_y=\u00bb0&#8243; shift_y_down=\u00bb0&#8243; z_index=\u00bb0&#8243; medium_width=\u00bb0&#8243; mobile_width=\u00bb0&#8243; width=\u00bb1\/1&#8243; column_width_pixel=\u00bb900&#8243;][vc_custom_heading heading_semantic=\u00bbh3&#8243; text_color=\u00bbcolor-vyce\u00bb sub_lead=\u00bbyes\u00bb subheading=\u00bbDeja los desiertos del mundo y ven a este pozo de vida: Schoenstatt. Aqu\u00ed, tu energ\u00eda renacer\u00e1. Descansar\u00e1s de una manera diferente, y podr\u00e1s llevar contigo este pedacito de cielo a todas partes. Har\u00e1s de esta tierra un lugar m\u00e1s hermoso con el mensaje de Jes\u00fas y el abrazo de Mar\u00eda. Al\u00e9grate de este viaje del esp\u00edritu&#8230; \u00a1Aqu\u00ed est\u00e1 la maravillosa tierra que te espera en Schoenstatt!\u00bb]Visita el lugar original de fundaci\u00f3n[\/vc_custom_heading][vc_empty_space empty_h=\u00bb2&#8243;][vc_button button_color=\u00bbcolor-vyce\u00bb radius=\u00bbbtn-round\u00bb border_animation=\u00bbbtn-ripple-out\u00bb border_width=\u00bb0&#8243; display=\u00bbinline\u00bb icon=\u00bbfa fa-unlock\u00bb link=\u00bburl:https%3A%2F%2Fschoenstatt.com%2Fes%2Fmision%2Fvisita-schoenstatt-original%2Fregistrarse-para-una-visita%2F|title:Header%20%E2%80%93%20Mission%20%E2%80%93%20Visiting%20Original%20Schoenstatt%20%E2%80%93%20Register%20for%20a%20Visit\u00bb]Haz tu reserva[\/vc_button][vc_button button_color=\u00bbcolor-vyce\u00bb radius=\u00bbbtn-round\u00bb border_animation=\u00bbbtn-ripple-out\u00bb outline=\u00bbyes\u00bb border_width=\u00bb0&#8243; display=\u00bbinline\u00bb icon=\u00bbfa fa-list-ul\u00bb link=\u00bburl:%2Fwp-content%2Fuploads%2F2021%2F08%2FPrice-List.pdf|target:_blank\u00bb]Lista de precios[\/vc_button][\/vc_column][\/vc_row][vc_row row_height_percent=\u00bb0&#8243; override_padding=\u00bbyes\u00bb h_padding=\u00bb2&#8243; top_padding=\u00bb4&#8243; bottom_padding=\u00bb4&#8243; overlay_alpha=\u00bb50&#8243; gutter_size=\u00bb3&#8243; column_width_percent=\u00bb100&#8243; shift_y=\u00bb0&#8243; z_index=\u00bb0&#8243;][vc_column column_width_use_pixel=\u00bbyes\u00bb align_horizontal=\u00bbalign_center\u00bb gutter_size=\u00bb3&#8243; overlay_alpha=\u00bb50&#8243; shift_x=\u00bb0&#8243; shift_y=\u00bb0&#8243; shift_y_down=\u00bb0&#8243; z_index=\u00bb0&#8243; medium_width=\u00bb0&#8243; mobile_width=\u00bb0&#8243; width=\u00bb1\/1&#8243; column_width_pixel=\u00bb900&#8243;][vc_custom_heading text_color=\u00bbcolor-vyce\u00bb subheading=\u00bbUse our Shrine Finder to locate the Schoenstatt sanctuary closest to you.\u00bb]Schoenstatt Sanctuaries Around The World[\/vc_custom_heading][vc_empty_space empty_h=\u00bb1&#8243;][vc_button button_color=\u00bbcolor-vyce\u00bb size=\u00bbbtn-xl\u00bb radius=\u00bbbtn-round\u00bb border_animation=\u00bbbtn-ripple-out\u00bb border_width=\u00bb0&#8243; link=\u00bburl:https%3A%2F%2Fschoenstatt.com%2Fes%2Fbuscador-de-santuarios%2F|title:Shrine%20finder\u00bb icon=\u00bbfa fa-location-2&#8243;]Encuentra una casa en Schoenstatt[\/vc_button][\/vc_column][\/vc_row]<\/p>\n","protected":false},"excerpt":{"rendered":"<p>[vc_row row_height_percent=\u00bb0&#8243; override_padding=\u00bbyes\u00bb h_padding=\u00bb2&#8243; top_padding=\u00bb4&#8243; bottom_padding=\u00bb4&#8243; back_color=\u00bbcolor-lxmt\u00bb overlay_alpha=\u00bb50&#8243; gutter_size=\u00bb3&#8243; column_width_percent=\u00bb100&#8243; shift_y=\u00bb0&#8243; z_index=\u00bb0&#8243;][vc_column column_width_use_pixel=\u00bbyes\u00bb position_vertical=\u00bbmiddle\u00bb align_horizontal=\u00bbalign_center\u00bb gutter_size=\u00bb3&#8243; overlay_alpha=\u00bb50&#8243; shift_x=\u00bb0&#8243; shift_y=\u00bb0&#8243; shift_y_down=\u00bb0&#8243; z_index=\u00bb0&#8243; medium_width=\u00bb0&#8243; mobile_width=\u00bb0&#8243; width=\u00bb1\/1&#8243; column_width_pixel=\u00bb900&#8243;][vc_custom_heading heading_semantic=\u00bbh3&#8243; text_color=\u00bbcolor-vyce\u00bb sub_lead=\u00bbyes\u00bb subheading=\u00bbDeja los desiertos del mundo y ven a este pozo de vida: Schoenstatt. Aqu\u00ed, tu energ\u00eda renacer\u00e1. Descansar\u00e1s de una manera diferente, y podr\u00e1s llevar contigo este [&hellip;]<\/p>\n","protected":false},"author":1,"featured_media":0,"parent":0,"menu_order":0,"comment_status":"closed","ping_status":"closed","template":"","meta":{"footnotes":""},"class_list":["post-19819","page","type-page","status-publish","hentry"],"yoast_head":"<!-- This site is optimized with the Yoast SEO Premium plugin v27.1 (Yoast SEO v27.3) - https:\/\/yoast.com\/product\/yoast-seo-premium-wordpress\/ -->\n<title>Visita Schoenstatt Original - Schoenstatt<\/title>\n<meta name=\"robots\" content=\"index, follow, max-snippet:-1, max-image-preview:large, max-video-preview:-1\" \/>\n<link rel=\"canonical\" href=\"https:\/\/schoenstatt.com\/es\/visita-schoenstatt-original\/\" \/>\n<meta property=\"og:locale\" content=\"es_ES\" \/>\n<meta property=\"og:type\" content=\"article\" \/>\n<meta property=\"og:title\" content=\"Visita Schoenstatt Original\" \/>\n<meta property=\"og:description\" content=\"[vc_row row_height_percent=\u00bb0&#8243; override_padding=\u00bbyes\u00bb h_padding=\u00bb2&#8243; top_padding=\u00bb4&#8243; bottom_padding=\u00bb4&#8243; back_color=\u00bbcolor-lxmt\u00bb overlay_alpha=\u00bb50&#8243; gutter_size=\u00bb3&#8243; column_width_percent=\u00bb100&#8243; shift_y=\u00bb0&#8243; z_index=\u00bb0&#8243;][vc_column column_width_use_pixel=\u00bbyes\u00bb position_vertical=\u00bbmiddle\u00bb align_horizontal=\u00bbalign_center\u00bb gutter_size=\u00bb3&#8243; overlay_alpha=\u00bb50&#8243; shift_x=\u00bb0&#8243; shift_y=\u00bb0&#8243; shift_y_down=\u00bb0&#8243; z_index=\u00bb0&#8243; medium_width=\u00bb0&#8243; mobile_width=\u00bb0&#8243; width=\u00bb1\/1&#8243; column_width_pixel=\u00bb900&#8243;][vc_custom_heading heading_semantic=\u00bbh3&#8243; text_color=\u00bbcolor-vyce\u00bb sub_lead=\u00bbyes\u00bb subheading=\u00bbDeja los desiertos del mundo y ven a este pozo de vida: Schoenstatt. Aqu\u00ed, tu energ\u00eda renacer\u00e1. Descansar\u00e1s de una manera diferente, y podr\u00e1s llevar contigo este [&hellip;]\" \/>\n<meta property=\"og:url\" content=\"https:\/\/schoenstatt.com\/es\/visita-schoenstatt-original\/\" \/>\n<meta property=\"og:site_name\" content=\"Schoenstatt\" \/>\n<meta property=\"article:modified_time\" content=\"2025-04-20T18:28:11+00:00\" \/>\n<meta property=\"og:image\" content=\"https:\/\/schoenstatt.com\/wp-content\/uploads\/2025\/04\/logo-schoenstatt-white-1200x1200-1.webp\" \/>\n\t<meta property=\"og:image:width\" content=\"1200\" \/>\n\t<meta property=\"og:image:height\" content=\"1195\" \/>\n\t<meta property=\"og:image:type\" content=\"image\/webp\" \/>\n<meta name=\"twitter:card\" content=\"summary_large_image\" \/>\n<meta name=\"twitter:label1\" content=\"Tiempo de lectura\" \/>\n\t<meta name=\"twitter:data1\" content=\"1 minuto\" \/>\n<script type=\"application\/ld+json\" class=\"yoast-schema-graph\">{\"@context\":\"https:\\\/\\\/schema.org\",\"@graph\":[{\"@type\":\"WebPage\",\"@id\":\"https:\\\/\\\/schoenstatt.com\\\/es\\\/visita-schoenstatt-original\\\/\",\"url\":\"https:\\\/\\\/schoenstatt.com\\\/es\\\/visita-schoenstatt-original\\\/\",\"name\":\"Visita Schoenstatt Original - Schoenstatt\",\"isPartOf\":{\"@id\":\"https:\\\/\\\/schoenstatt.com\\\/es\\\/#website\"},\"datePublished\":\"2021-08-30T16:31:45+00:00\",\"dateModified\":\"2025-04-20T18:28:11+00:00\",\"breadcrumb\":{\"@id\":\"https:\\\/\\\/schoenstatt.com\\\/es\\\/visita-schoenstatt-original\\\/#breadcrumb\"},\"inLanguage\":\"es\",\"potentialAction\":[{\"@type\":\"ReadAction\",\"target\":[\"https:\\\/\\\/schoenstatt.com\\\/es\\\/visita-schoenstatt-original\\\/\"]}]},{\"@type\":\"BreadcrumbList\",\"@id\":\"https:\\\/\\\/schoenstatt.com\\\/es\\\/visita-schoenstatt-original\\\/#breadcrumb\",\"itemListElement\":[{\"@type\":\"ListItem\",\"position\":1,\"name\":\"Portada\",\"item\":\"https:\\\/\\\/schoenstatt.com\\\/es\\\/home\\\/\"},{\"@type\":\"ListItem\",\"position\":2,\"name\":\"Visita Schoenstatt Original\"}]},{\"@type\":\"WebSite\",\"@id\":\"https:\\\/\\\/schoenstatt.com\\\/es\\\/#website\",\"url\":\"https:\\\/\\\/schoenstatt.com\\\/es\\\/\",\"name\":\"Schoenstatt\",\"description\":\"Apostolic Movement\",\"publisher\":{\"@id\":\"https:\\\/\\\/schoenstatt.com\\\/es\\\/#organization\"},\"potentialAction\":[{\"@type\":\"SearchAction\",\"target\":{\"@type\":\"EntryPoint\",\"urlTemplate\":\"https:\\\/\\\/schoenstatt.com\\\/es\\\/?s={search_term_string}\"},\"query-input\":{\"@type\":\"PropertyValueSpecification\",\"valueRequired\":true,\"valueName\":\"search_term_string\"}}],\"inLanguage\":\"es\"},{\"@type\":\"Organization\",\"@id\":\"https:\\\/\\\/schoenstatt.com\\\/es\\\/#organization\",\"name\":\"Schoenstatt\",\"url\":\"https:\\\/\\\/schoenstatt.com\\\/es\\\/\",\"logo\":{\"@type\":\"ImageObject\",\"inLanguage\":\"es\",\"@id\":\"https:\\\/\\\/schoenstatt.com\\\/es\\\/#\\\/schema\\\/logo\\\/image\\\/\",\"url\":\"https:\\\/\\\/schoenstatt.com\\\/wp-content\\\/uploads\\\/2025\\\/04\\\/logo-schoenstatt-white-696x696-1.png\",\"contentUrl\":\"https:\\\/\\\/schoenstatt.com\\\/wp-content\\\/uploads\\\/2025\\\/04\\\/logo-schoenstatt-white-696x696-1.png\",\"width\":696,\"height\":694,\"caption\":\"Schoenstatt\"},\"image\":{\"@id\":\"https:\\\/\\\/schoenstatt.com\\\/es\\\/#\\\/schema\\\/logo\\\/image\\\/\"}}]}<\/script>\n<!-- \/ Yoast SEO Premium plugin. -->","yoast_head_json":{"title":"Visita Schoenstatt Original - Schoenstatt","robots":{"index":"index","follow":"follow","max-snippet":"max-snippet:-1","max-image-preview":"max-image-preview:large","max-video-preview":"max-video-preview:-1"},"canonical":"https:\/\/schoenstatt.com\/es\/visita-schoenstatt-original\/","og_locale":"es_ES","og_type":"article","og_title":"Visita Schoenstatt Original","og_description":"[vc_row row_height_percent=\u00bb0&#8243; override_padding=\u00bbyes\u00bb h_padding=\u00bb2&#8243; top_padding=\u00bb4&#8243; bottom_padding=\u00bb4&#8243; back_color=\u00bbcolor-lxmt\u00bb overlay_alpha=\u00bb50&#8243; gutter_size=\u00bb3&#8243; column_width_percent=\u00bb100&#8243; shift_y=\u00bb0&#8243; z_index=\u00bb0&#8243;][vc_column column_width_use_pixel=\u00bbyes\u00bb position_vertical=\u00bbmiddle\u00bb align_horizontal=\u00bbalign_center\u00bb gutter_size=\u00bb3&#8243; overlay_alpha=\u00bb50&#8243; shift_x=\u00bb0&#8243; shift_y=\u00bb0&#8243; shift_y_down=\u00bb0&#8243; z_index=\u00bb0&#8243; medium_width=\u00bb0&#8243; mobile_width=\u00bb0&#8243; width=\u00bb1\/1&#8243; column_width_pixel=\u00bb900&#8243;][vc_custom_heading heading_semantic=\u00bbh3&#8243; text_color=\u00bbcolor-vyce\u00bb sub_lead=\u00bbyes\u00bb subheading=\u00bbDeja los desiertos del mundo y ven a este pozo de vida: Schoenstatt. Aqu\u00ed, tu energ\u00eda renacer\u00e1. Descansar\u00e1s de una manera diferente, y podr\u00e1s llevar contigo este [&hellip;]","og_url":"https:\/\/schoenstatt.com\/es\/visita-schoenstatt-original\/","og_site_name":"Schoenstatt","article_modified_time":"2025-04-20T18:28:11+00:00","og_image":[{"width":1200,"height":1195,"url":"https:\/\/schoenstatt.com\/wp-content\/uploads\/2025\/04\/logo-schoenstatt-white-1200x1200-1.webp","type":"image\/webp"}],"twitter_card":"summary_large_image","twitter_misc":{"Tiempo de lectura":"1 minuto"},"schema":{"@context":"https:\/\/schema.org","@graph":[{"@type":"WebPage","@id":"https:\/\/schoenstatt.com\/es\/visita-schoenstatt-original\/","url":"https:\/\/schoenstatt.com\/es\/visita-schoenstatt-original\/","name":"Visita Schoenstatt Original - Schoenstatt","isPartOf":{"@id":"https:\/\/schoenstatt.com\/es\/#website"},"datePublished":"2021-08-30T16:31:45+00:00","dateModified":"2025-04-20T18:28:11+00:00","breadcrumb":{"@id":"https:\/\/schoenstatt.com\/es\/visita-schoenstatt-original\/#breadcrumb"},"inLanguage":"es","potentialAction":[{"@type":"ReadAction","target":["https:\/\/schoenstatt.com\/es\/visita-schoenstatt-original\/"]}]},{"@type":"BreadcrumbList","@id":"https:\/\/schoenstatt.com\/es\/visita-schoenstatt-original\/#breadcrumb","itemListElement":[{"@type":"ListItem","position":1,"name":"Portada","item":"https:\/\/schoenstatt.com\/es\/home\/"},{"@type":"ListItem","position":2,"name":"Visita Schoenstatt Original"}]},{"@type":"WebSite","@id":"https:\/\/schoenstatt.com\/es\/#website","url":"https:\/\/schoenstatt.com\/es\/","name":"Schoenstatt","description":"Apostolic Movement","publisher":{"@id":"https:\/\/schoenstatt.com\/es\/#organization"},"potentialAction":[{"@type":"SearchAction","target":{"@type":"EntryPoint","urlTemplate":"https:\/\/schoenstatt.com\/es\/?s={search_term_string}"},"query-input":{"@type":"PropertyValueSpecification","valueRequired":true,"valueName":"search_term_string"}}],"inLanguage":"es"},{"@type":"Organization","@id":"https:\/\/schoenstatt.com\/es\/#organization","name":"Schoenstatt","url":"https:\/\/schoenstatt.com\/es\/","logo":{"@type":"ImageObject","inLanguage":"es","@id":"https:\/\/schoenstatt.com\/es\/#\/schema\/logo\/image\/","url":"https:\/\/schoenstatt.com\/wp-content\/uploads\/2025\/04\/logo-schoenstatt-white-696x696-1.png","contentUrl":"https:\/\/schoenstatt.com\/wp-content\/uploads\/2025\/04\/logo-schoenstatt-white-696x696-1.png","width":696,"height":694,"caption":"Schoenstatt"},"image":{"@id":"https:\/\/schoenstatt.com\/es\/#\/schema\/logo\/image\/"}}]}},"_links":{"self":[{"href":"https:\/\/schoenstatt.com\/es\/wp-json\/wp\/v2\/pages\/19819","targetHints":{"allow":["GET"]}}],"collection":[{"href":"https:\/\/schoenstatt.com\/es\/wp-json\/wp\/v2\/pages"}],"about":[{"href":"https:\/\/schoenstatt.com\/es\/wp-json\/wp\/v2\/types\/page"}],"author":[{"embeddable":true,"href":"https:\/\/schoenstatt.com\/es\/wp-json\/wp\/v2\/users\/1"}],"replies":[{"embeddable":true,"href":"https:\/\/schoenstatt.com\/es\/wp-json\/wp\/v2\/comments?post=19819"}],"version-history":[{"count":1,"href":"https:\/\/schoenstatt.com\/es\/wp-json\/wp\/v2\/pages\/19819\/revisions"}],"predecessor-version":[{"id":48096,"href":"https:\/\/schoenstatt.com\/es\/wp-json\/wp\/v2\/pages\/19819\/revisions\/48096"}],"wp:attachment":[{"href":"https:\/\/schoenstatt.com\/es\/wp-json\/wp\/v2\/media?parent=19819"}],"curies":[{"name":"wp","href":"https:\/\/api.w.org\/{rel}","templated":true}]}}