{"id":18052,"date":"2021-07-09T16:20:26","date_gmt":"2021-07-09T14:20:26","guid":{"rendered":"https:\/\/schoenstatt.com\/acerca-de\/what-is-schoenstatt\/"},"modified":"2025-04-20T20:27:01","modified_gmt":"2025-04-20T18:27:01","slug":"que-es-schoenstatt","status":"publish","type":"page","link":"https:\/\/schoenstatt.com\/es\/que-es-schoenstatt\/","title":{"rendered":"\u00bfQu\u00e9 es Schoenstatt?"},"content":{"rendered":"\n<p>   <\/p>\n","protected":false},"excerpt":{"rendered":"","protected":false},"author":1,"featured_media":363,"parent":0,"menu_order":0,"comment_status":"closed","ping_status":"closed","template":"","meta":{"footnotes":""},"class_list":["post-18052","page","type-page","status-publish","has-post-thumbnail","hentry"],"yoast_head":"<!-- This site is optimized with the Yoast SEO Premium plugin v27.1 (Yoast SEO v27.3) - https:\/\/yoast.com\/product\/yoast-seo-premium-wordpress\/ -->\n<title>\u00bfQu\u00e9 es Schoenstatt? - Schoenstatt<\/title>\n<meta name=\"description\" content=\"Schoenstatt es un movimiento cat\u00f3lico que se esfuerza por vivir el Evangelio de Jesucristo a ejemplo de la Virgen Mar\u00eda.\" \/>\n<meta name=\"robots\" content=\"index, follow, max-snippet:-1, max-image-preview:large, max-video-preview:-1\" \/>\n<link rel=\"canonical\" href=\"https:\/\/schoenstatt.com\/es\/que-es-schoenstatt\/\" \/>\n<meta property=\"og:locale\" content=\"es_ES\" \/>\n<meta property=\"og:type\" content=\"article\" \/>\n<meta property=\"og:title\" content=\"\u00bfQu\u00e9 es Schoenstatt?\" \/>\n<meta property=\"og:description\" content=\"Schoenstatt es un movimiento cat\u00f3lico que se esfuerza por vivir el Evangelio de Jesucristo a ejemplo de la Virgen Mar\u00eda.\" \/>\n<meta property=\"og:url\" content=\"https:\/\/schoenstatt.com\/es\/que-es-schoenstatt\/\" \/>\n<meta property=\"og:site_name\" content=\"Schoenstatt\" \/>\n<meta property=\"article:modified_time\" content=\"2025-04-20T18:27:01+00:00\" \/>\n<meta property=\"og:image\" content=\"https:\/\/schoenstatt.com\/wp-content\/uploads\/2021\/07\/SAM-Spirituality-Concrete-1.jpeg\" \/>\n\t<meta property=\"og:image:width\" content=\"1200\" \/>\n\t<meta property=\"og:image:height\" content=\"800\" \/>\n\t<meta property=\"og:image:type\" content=\"image\/jpeg\" \/>\n<meta name=\"twitter:card\" content=\"summary_large_image\" \/>\n<meta name=\"twitter:label1\" content=\"Tiempo de lectura\" \/>\n\t<meta name=\"twitter:data1\" content=\"2 minutos\" \/>\n<script type=\"application\/ld+json\" class=\"yoast-schema-graph\">{\"@context\":\"https:\\\/\\\/schema.org\",\"@graph\":[{\"@type\":\"WebPage\",\"@id\":\"https:\\\/\\\/schoenstatt.com\\\/es\\\/que-es-schoenstatt\\\/\",\"url\":\"https:\\\/\\\/schoenstatt.com\\\/es\\\/que-es-schoenstatt\\\/\",\"name\":\"\u00bfQu\u00e9 es Schoenstatt? - Schoenstatt\",\"isPartOf\":{\"@id\":\"https:\\\/\\\/schoenstatt.com\\\/es\\\/#website\"},\"primaryImageOfPage\":{\"@id\":\"https:\\\/\\\/schoenstatt.com\\\/es\\\/que-es-schoenstatt\\\/#primaryimage\"},\"image\":{\"@id\":\"https:\\\/\\\/schoenstatt.com\\\/es\\\/que-es-schoenstatt\\\/#primaryimage\"},\"thumbnailUrl\":\"https:\\\/\\\/schoenstatt.com\\\/wp-content\\\/uploads\\\/2021\\\/07\\\/SAM-Spirituality-Concrete-1.jpeg\",\"datePublished\":\"2021-07-09T14:20:26+00:00\",\"dateModified\":\"2025-04-20T18:27:01+00:00\",\"description\":\"Schoenstatt es un movimiento cat\u00f3lico que se esfuerza por vivir el Evangelio de Jesucristo a ejemplo de la Virgen Mar\u00eda.\",\"breadcrumb\":{\"@id\":\"https:\\\/\\\/schoenstatt.com\\\/es\\\/que-es-schoenstatt\\\/#breadcrumb\"},\"inLanguage\":\"es\",\"potentialAction\":[{\"@type\":\"ReadAction\",\"target\":[\"https:\\\/\\\/schoenstatt.com\\\/es\\\/que-es-schoenstatt\\\/\"]}]},{\"@type\":\"ImageObject\",\"inLanguage\":\"es\",\"@id\":\"https:\\\/\\\/schoenstatt.com\\\/es\\\/que-es-schoenstatt\\\/#primaryimage\",\"url\":\"https:\\\/\\\/schoenstatt.com\\\/wp-content\\\/uploads\\\/2021\\\/07\\\/SAM-Spirituality-Concrete-1.jpeg\",\"contentUrl\":\"https:\\\/\\\/schoenstatt.com\\\/wp-content\\\/uploads\\\/2021\\\/07\\\/SAM-Spirituality-Concrete-1.jpeg\",\"width\":1200,\"height\":800,\"caption\":\"Schoenstatt\"},{\"@type\":\"BreadcrumbList\",\"@id\":\"https:\\\/\\\/schoenstatt.com\\\/es\\\/que-es-schoenstatt\\\/#breadcrumb\",\"itemListElement\":[{\"@type\":\"ListItem\",\"position\":1,\"name\":\"Portada\",\"item\":\"https:\\\/\\\/schoenstatt.com\\\/es\\\/home\\\/\"},{\"@type\":\"ListItem\",\"position\":2,\"name\":\"Sobre nosotros\",\"item\":\"https:\\\/\\\/schoenstatt.com\\\/es\\\/acerca-de\\\/\"},{\"@type\":\"ListItem\",\"position\":3,\"name\":\"\u00bfQu\u00e9 es Schoenstatt?\"}]},{\"@type\":\"WebSite\",\"@id\":\"https:\\\/\\\/schoenstatt.com\\\/es\\\/#website\",\"url\":\"https:\\\/\\\/schoenstatt.com\\\/es\\\/\",\"name\":\"Schoenstatt\",\"description\":\"Apostolic Movement\",\"publisher\":{\"@id\":\"https:\\\/\\\/schoenstatt.com\\\/es\\\/#organization\"},\"potentialAction\":[{\"@type\":\"SearchAction\",\"target\":{\"@type\":\"EntryPoint\",\"urlTemplate\":\"https:\\\/\\\/schoenstatt.com\\\/es\\\/?s={search_term_string}\"},\"query-input\":{\"@type\":\"PropertyValueSpecification\",\"valueRequired\":true,\"valueName\":\"search_term_string\"}}],\"inLanguage\":\"es\"},{\"@type\":\"Organization\",\"@id\":\"https:\\\/\\\/schoenstatt.com\\\/es\\\/#organization\",\"name\":\"Schoenstatt\",\"url\":\"https:\\\/\\\/schoenstatt.com\\\/es\\\/\",\"logo\":{\"@type\":\"ImageObject\",\"inLanguage\":\"es\",\"@id\":\"https:\\\/\\\/schoenstatt.com\\\/es\\\/#\\\/schema\\\/logo\\\/image\\\/\",\"url\":\"https:\\\/\\\/schoenstatt.com\\\/wp-content\\\/uploads\\\/2025\\\/04\\\/logo-schoenstatt-white-696x696-1.png\",\"contentUrl\":\"https:\\\/\\\/schoenstatt.com\\\/wp-content\\\/uploads\\\/2025\\\/04\\\/logo-schoenstatt-white-696x696-1.png\",\"width\":696,\"height\":694,\"caption\":\"Schoenstatt\"},\"image\":{\"@id\":\"https:\\\/\\\/schoenstatt.com\\\/es\\\/#\\\/schema\\\/logo\\\/image\\\/\"}}]}<\/script>\n<!-- \/ Yoast SEO Premium plugin. -->","yoast_head_json":{"title":"\u00bfQu\u00e9 es Schoenstatt? - Schoenstatt","description":"Schoenstatt es un movimiento cat\u00f3lico que se esfuerza por vivir el Evangelio de Jesucristo a ejemplo de la Virgen Mar\u00eda.","robots":{"index":"index","follow":"follow","max-snippet":"max-snippet:-1","max-image-preview":"max-image-preview:large","max-video-preview":"max-video-preview:-1"},"canonical":"https:\/\/schoenstatt.com\/es\/que-es-schoenstatt\/","og_locale":"es_ES","og_type":"article","og_title":"\u00bfQu\u00e9 es Schoenstatt?","og_description":"Schoenstatt es un movimiento cat\u00f3lico que se esfuerza por vivir el Evangelio de Jesucristo a ejemplo de la Virgen Mar\u00eda.","og_url":"https:\/\/schoenstatt.com\/es\/que-es-schoenstatt\/","og_site_name":"Schoenstatt","article_modified_time":"2025-04-20T18:27:01+00:00","og_image":[{"width":1200,"height":800,"url":"https:\/\/schoenstatt.com\/wp-content\/uploads\/2021\/07\/SAM-Spirituality-Concrete-1.jpeg","type":"image\/jpeg"}],"twitter_card":"summary_large_image","twitter_misc":{"Tiempo de lectura":"2 minutos"},"schema":{"@context":"https:\/\/schema.org","@graph":[{"@type":"WebPage","@id":"https:\/\/schoenstatt.com\/es\/que-es-schoenstatt\/","url":"https:\/\/schoenstatt.com\/es\/que-es-schoenstatt\/","name":"\u00bfQu\u00e9 es Schoenstatt? - Schoenstatt","isPartOf":{"@id":"https:\/\/schoenstatt.com\/es\/#website"},"primaryImageOfPage":{"@id":"https:\/\/schoenstatt.com\/es\/que-es-schoenstatt\/#primaryimage"},"image":{"@id":"https:\/\/schoenstatt.com\/es\/que-es-schoenstatt\/#primaryimage"},"thumbnailUrl":"https:\/\/schoenstatt.com\/wp-content\/uploads\/2021\/07\/SAM-Spirituality-Concrete-1.jpeg","datePublished":"2021-07-09T14:20:26+00:00","dateModified":"2025-04-20T18:27:01+00:00","description":"Schoenstatt es un movimiento cat\u00f3lico que se esfuerza por vivir el Evangelio de Jesucristo a ejemplo de la Virgen Mar\u00eda.","breadcrumb":{"@id":"https:\/\/schoenstatt.com\/es\/que-es-schoenstatt\/#breadcrumb"},"inLanguage":"es","potentialAction":[{"@type":"ReadAction","target":["https:\/\/schoenstatt.com\/es\/que-es-schoenstatt\/"]}]},{"@type":"ImageObject","inLanguage":"es","@id":"https:\/\/schoenstatt.com\/es\/que-es-schoenstatt\/#primaryimage","url":"https:\/\/schoenstatt.com\/wp-content\/uploads\/2021\/07\/SAM-Spirituality-Concrete-1.jpeg","contentUrl":"https:\/\/schoenstatt.com\/wp-content\/uploads\/2021\/07\/SAM-Spirituality-Concrete-1.jpeg","width":1200,"height":800,"caption":"Schoenstatt"},{"@type":"BreadcrumbList","@id":"https:\/\/schoenstatt.com\/es\/que-es-schoenstatt\/#breadcrumb","itemListElement":[{"@type":"ListItem","position":1,"name":"Portada","item":"https:\/\/schoenstatt.com\/es\/home\/"},{"@type":"ListItem","position":2,"name":"Sobre nosotros","item":"https:\/\/schoenstatt.com\/es\/acerca-de\/"},{"@type":"ListItem","position":3,"name":"\u00bfQu\u00e9 es Schoenstatt?"}]},{"@type":"WebSite","@id":"https:\/\/schoenstatt.com\/es\/#website","url":"https:\/\/schoenstatt.com\/es\/","name":"Schoenstatt","description":"Apostolic Movement","publisher":{"@id":"https:\/\/schoenstatt.com\/es\/#organization"},"potentialAction":[{"@type":"SearchAction","target":{"@type":"EntryPoint","urlTemplate":"https:\/\/schoenstatt.com\/es\/?s={search_term_string}"},"query-input":{"@type":"PropertyValueSpecification","valueRequired":true,"valueName":"search_term_string"}}],"inLanguage":"es"},{"@type":"Organization","@id":"https:\/\/schoenstatt.com\/es\/#organization","name":"Schoenstatt","url":"https:\/\/schoenstatt.com\/es\/","logo":{"@type":"ImageObject","inLanguage":"es","@id":"https:\/\/schoenstatt.com\/es\/#\/schema\/logo\/image\/","url":"https:\/\/schoenstatt.com\/wp-content\/uploads\/2025\/04\/logo-schoenstatt-white-696x696-1.png","contentUrl":"https:\/\/schoenstatt.com\/wp-content\/uploads\/2025\/04\/logo-schoenstatt-white-696x696-1.png","width":696,"height":694,"caption":"Schoenstatt"},"image":{"@id":"https:\/\/schoenstatt.com\/es\/#\/schema\/logo\/image\/"}}]}},"_links":{"self":[{"href":"https:\/\/schoenstatt.com\/es\/wp-json\/wp\/v2\/pages\/18052","targetHints":{"allow":["GET"]}}],"collection":[{"href":"https:\/\/schoenstatt.com\/es\/wp-json\/wp\/v2\/pages"}],"about":[{"href":"https:\/\/schoenstatt.com\/es\/wp-json\/wp\/v2\/types\/page"}],"author":[{"embeddable":true,"href":"https:\/\/schoenstatt.com\/es\/wp-json\/wp\/v2\/users\/1"}],"replies":[{"embeddable":true,"href":"https:\/\/schoenstatt.com\/es\/wp-json\/wp\/v2\/comments?post=18052"}],"version-history":[{"count":1,"href":"https:\/\/schoenstatt.com\/es\/wp-json\/wp\/v2\/pages\/18052\/revisions"}],"predecessor-version":[{"id":47993,"href":"https:\/\/schoenstatt.com\/es\/wp-json\/wp\/v2\/pages\/18052\/revisions\/47993"}],"wp:featuredmedia":[{"embeddable":true,"href":"https:\/\/schoenstatt.com\/es\/wp-json\/wp\/v2\/media\/363"}],"wp:attachment":[{"href":"https:\/\/schoenstatt.com\/es\/wp-json\/wp\/v2\/media?parent=18052"}],"curies":[{"name":"wp","href":"https:\/\/api.w.org\/{rel}","templated":true}]}}