{"id":43908,"date":"2024-08-22T22:58:51","date_gmt":"2024-08-22T20:58:51","guid":{"rendered":"https:\/\/schoenstatt.com\/in-mission\/jugend\/schoenstatt-unterwegs\/"},"modified":"2025-05-29T18:09:53","modified_gmt":"2025-05-29T16:09:53","slug":"schoenstatt-unterwegs","status":"publish","type":"page","link":"https:\/\/schoenstatt.com\/de\/in-mission\/jugend\/schoenstatt-unterwegs\/","title":{"rendered":"Sch\u00f6nstatt unterwegs"},"content":{"rendered":"\t\t<div data-elementor-type=\"wp-page\" data-elementor-id=\"43908\" class=\"elementor elementor-43908 elementor-40703\" data-elementor-post-type=\"page\">\n\t\t\t\t<div class=\"elementor-element elementor-element-3828dbe e-flex e-con-boxed e-con e-parent\" data-id=\"3828dbe\" data-element_type=\"container\" data-e-type=\"container\" data-settings=\"{&quot;background_background&quot;:&quot;classic&quot;}\">\n\t\t\t\t\t<div class=\"e-con-inner\">\n\t\t<div class=\"elementor-element elementor-element-2f97c65 e-flex e-con-boxed e-con e-child\" data-id=\"2f97c65\" data-element_type=\"container\" data-e-type=\"container\">\n\t\t\t\t\t<div class=\"e-con-inner\">\n\t\t\t\t<div class=\"elementor-element elementor-element-1a50261 elementor-widget elementor-widget-heading\" data-id=\"1a50261\" data-element_type=\"widget\" data-e-type=\"widget\" data-widget_type=\"heading.default\">\n\t\t\t\t<div class=\"elementor-widget-container\">\n\t\t\t\t\t<h1 class=\"elementor-heading-title elementor-size-default\">Sch\u00f6nstatt unterwegs<\/h1>\t\t\t\t<\/div>\n\t\t\t\t<\/div>\n\t\t\t\t\t<\/div>\n\t\t\t\t<\/div>\n\t\t\t\t\t<\/div>\n\t\t\t\t<\/div>\n\t\t<div class=\"elementor-element elementor-element-383e157 e-flex e-con-boxed e-con e-parent\" data-id=\"383e157\" data-element_type=\"container\" data-e-type=\"container\">\n\t\t\t\t\t<div class=\"e-con-inner\">\n\t\t<div class=\"elementor-element elementor-element-2cb54ca e-con-full e-flex e-con e-child\" data-id=\"2cb54ca\" data-element_type=\"container\" data-e-type=\"container\">\n\t\t<div class=\"elementor-element elementor-element-37254ca e-con-full e-flex e-con e-child\" data-id=\"37254ca\" data-element_type=\"container\" data-e-type=\"container\">\n\t\t\t\t<div class=\"elementor-element elementor-element-228e427 elementor-widget elementor-widget-image\" data-id=\"228e427\" data-element_type=\"widget\" data-e-type=\"widget\" data-widget_type=\"image.default\">\n\t\t\t\t<div class=\"elementor-widget-container\">\n\t\t\t\t\t\t\t\t\t\t\t\t\t\t\t<img fetchpriority=\"high\" decoding=\"async\" width=\"1600\" height=\"1200\" src=\"https:\/\/schoenstatt.com\/wp-content\/uploads\/2024\/08\/projecto-schoenstatt-en-salida-ecuador-3-1.jpg\" class=\"attachment-large size-large wp-image-58743\" alt=\"\" srcset=\"https:\/\/schoenstatt.com\/wp-content\/uploads\/2024\/08\/projecto-schoenstatt-en-salida-ecuador-3-1.jpg 1600w, https:\/\/schoenstatt.com\/wp-content\/uploads\/2024\/08\/projecto-schoenstatt-en-salida-ecuador-3-1-768x576.jpg 768w, https:\/\/schoenstatt.com\/wp-content\/uploads\/2024\/08\/projecto-schoenstatt-en-salida-ecuador-3-1-1536x1152.jpg 1536w\" sizes=\"(max-width: 1600px) 100vw, 1600px\" \/>\t\t\t\t\t\t\t\t\t\t\t\t\t\t\t<\/div>\n\t\t\t\t<\/div>\n\t\t\t\t<\/div>\n\t\t<div class=\"elementor-element elementor-element-21d2ca6 e-con-full e-flex e-con e-child\" data-id=\"21d2ca6\" data-element_type=\"container\" data-e-type=\"container\">\n\t\t\t\t<div class=\"elementor-element elementor-element-0a8c3e1 elementor-widget elementor-widget-heading\" data-id=\"0a8c3e1\" data-element_type=\"widget\" data-e-type=\"widget\" data-widget_type=\"heading.default\">\n\t\t\t\t<div class=\"elementor-widget-container\">\n\t\t\t\t\t<h2 class=\"elementor-heading-title elementor-size-default\">Sch\u00f6nstatt unterwegs<\/h2>\t\t\t\t<\/div>\n\t\t\t\t<\/div>\n\t\t\t\t<div class=\"elementor-element elementor-element-1405459 elementor-widget elementor-widget-text-editor\" data-id=\"1405459\" data-element_type=\"widget\" data-e-type=\"widget\" data-widget_type=\"text-editor.default\">\n\t\t\t\t<div class=\"elementor-widget-container\">\n\t\t\t\t\t\t\t\t\t<p>das Apostolat des Liebesb\u00fcndnisses<\/p>\t\t\t\t\t\t\t\t<\/div>\n\t\t\t\t<\/div>\n\t\t\t\t<div class=\"elementor-element elementor-element-10636a7 elementor-widget elementor-widget-text-editor\" data-id=\"10636a7\" data-element_type=\"widget\" data-e-type=\"widget\" data-widget_type=\"text-editor.default\">\n\t\t\t\t<div class=\"elementor-widget-container\">\n\t\t\t\t\t\t\t\t\t<p>Dieses Apostolat ist in der Frauenbewegung von Guayaquil, Ecuador, entstanden, mit Hilfe der Gnaden, die wir zum 100-j\u00e4hrigen Jubil\u00e4um Sch\u00f6nstatts empfangen haben. Eine unserer Gruppen, die zur Sch\u00f6nstatt Frauenbewegung geh\u00f6rt, ist auch Mitglied der Women\u2019s Beneficial Society, die sieben Schulen unter ihrer Leitung hat. <\/p><p>Unsere Gruppe in der Frauenbewegung hei\u00dft \u201eMit Maria, treue Pilger zum Himmel\u201c. In der Familienbewegung hei\u00dft unsere Gruppe \u201eMit Maria, als Familie treue Pilger zum Himmel\u201c. <\/p><p>Zur Zeit sind 22 Personen in diesem Apostolat t\u00e4tig, und unsere Liebesb\u00fcndniswerkstatt wird unterst\u00fctzt von den Frauen, die f\u00fcr die sieben Schulen des Hilfsvereins in Guayaquil verantwortlich sind.<\/p><p>Wir arbeiten alle ehrenamtlich und finanzieren uns aus den Spenden der einzelnen Mitglieder. <\/p>\t\t\t\t\t\t\t\t<\/div>\n\t\t\t\t<\/div>\n\t\t\t\t<\/div>\n\t\t\t\t<\/div>\n\t\t\t\t\t<\/div>\n\t\t\t\t<\/div>\n\t\t<div class=\"elementor-element elementor-element-50ec533 e-flex e-con-boxed e-con e-parent\" data-id=\"50ec533\" data-element_type=\"container\" data-e-type=\"container\">\n\t\t\t\t\t<div class=\"e-con-inner\">\n\t\t<div class=\"elementor-element elementor-element-77bdd07 e-con-full e-flex e-con e-child\" data-id=\"77bdd07\" data-element_type=\"container\" data-e-type=\"container\">\n\t\t<div class=\"elementor-element elementor-element-15872fa e-con-full e-flex e-con e-child\" data-id=\"15872fa\" data-element_type=\"container\" data-e-type=\"container\">\n\t\t\t\t<div class=\"elementor-element elementor-element-3fd9699 elementor-widget elementor-widget-text-editor\" data-id=\"3fd9699\" data-element_type=\"widget\" data-e-type=\"widget\" data-widget_type=\"text-editor.default\">\n\t\t\t\t<div class=\"elementor-widget-container\">\n\t\t\t\t\t\t\t\t\t<p>Angefangen hat alles damit, dass ein Mitglied der Frauengruppe uns erz\u00e4hlt hat, dass sie viele Menschen f\u00fcr etwas Besonderes in ihrem Herzen zusammenbringen m\u00f6chte. So brachte sie uns auf die Idee, diese Liebesb\u00fcndnis-Workshops f\u00fcr die Jugend in den Schulen zu machen, und wir alle nahmen die Idee gerne an. <\/p><p>In einer fr\u00fcheren Erfahrung bereiteten wir einige unserer eigenen Mitarbeiter auf diese Workshops vor, auch Leute, die zu Hause mit unseren Familien und Freunden arbeiten. Als sich 2014 die T\u00fcren f\u00fcr diese Gelegenheit \u00f6ffneten, konnten wir 600 Zehntkl\u00e4ssler auf das Liebesb\u00fcndnis vorbereiten.<\/p><p>Sechs Jahre sind vergangen, in denen es uns gelungen ist, diesen Jugendlichen das Liebesb\u00fcndnis zu bringen, und die Resonanz war unglaublich! Wir sehen das als Segen Gottes und als Wunsch der Gottesmutter. Jedes Jahr konnten wir zwischen 500 und 600 Sch\u00fclerinnen und Sch\u00fcler auf das Liebesb\u00fcndnis vorbereiten.   <\/p>\t\t\t\t\t\t\t\t<\/div>\n\t\t\t\t<\/div>\n\t\t\t\t<\/div>\n\t\t<div class=\"elementor-element elementor-element-3939443 e-con-full e-flex e-con e-child\" data-id=\"3939443\" data-element_type=\"container\" data-e-type=\"container\">\n\t\t\t\t<div class=\"elementor-element elementor-element-ff1d9f6 elementor-widget elementor-widget-image\" data-id=\"ff1d9f6\" data-element_type=\"widget\" data-e-type=\"widget\" data-widget_type=\"image.default\">\n\t\t\t\t<div class=\"elementor-widget-container\">\n\t\t\t\t\t\t\t\t\t\t\t\t\t\t\t<img decoding=\"async\" width=\"1190\" height=\"697\" src=\"https:\/\/schoenstatt.com\/wp-content\/uploads\/2024\/08\/projecto-schoenstatt-en-salida-ecuador-4-1.jpg\" class=\"attachment-large size-large wp-image-58744\" alt=\"\" srcset=\"https:\/\/schoenstatt.com\/wp-content\/uploads\/2024\/08\/projecto-schoenstatt-en-salida-ecuador-4-1.jpg 1190w, https:\/\/schoenstatt.com\/wp-content\/uploads\/2024\/08\/projecto-schoenstatt-en-salida-ecuador-4-1-768x450.jpg 768w\" sizes=\"(max-width: 1190px) 100vw, 1190px\" \/>\t\t\t\t\t\t\t\t\t\t\t\t\t\t\t<\/div>\n\t\t\t\t<\/div>\n\t\t\t\t<\/div>\n\t\t\t\t<\/div>\n\t\t\t\t\t<\/div>\n\t\t\t\t<\/div>\n\t\t<div class=\"elementor-element elementor-element-abe58a2 e-flex e-con-boxed e-con e-parent\" data-id=\"abe58a2\" data-element_type=\"container\" data-e-type=\"container\">\n\t\t\t\t\t<div class=\"e-con-inner\">\n\t\t<div class=\"elementor-element elementor-element-d741fcd e-con-full e-flex e-con e-child\" data-id=\"d741fcd\" data-element_type=\"container\" data-e-type=\"container\">\n\t\t<div class=\"elementor-element elementor-element-b4de01c e-con-full e-flex e-con e-child\" data-id=\"b4de01c\" data-element_type=\"container\" data-e-type=\"container\">\n\t\t\t\t<div class=\"elementor-element elementor-element-6e6f2ec elementor-widget elementor-widget-image\" data-id=\"6e6f2ec\" data-element_type=\"widget\" data-e-type=\"widget\" data-widget_type=\"image.default\">\n\t\t\t\t<div class=\"elementor-widget-container\">\n\t\t\t\t\t\t\t\t\t\t\t\t\t\t\t<img decoding=\"async\" width=\"768\" height=\"858\" src=\"https:\/\/schoenstatt.com\/wp-content\/uploads\/2024\/08\/projecto-schoenstatt-en-salida-ecuador-5-1-768x858.jpg\" class=\"attachment-medium_large size-medium_large wp-image-58745\" alt=\"\" srcset=\"https:\/\/schoenstatt.com\/wp-content\/uploads\/2024\/08\/projecto-schoenstatt-en-salida-ecuador-5-1-768x858.jpg 768w, https:\/\/schoenstatt.com\/wp-content\/uploads\/2024\/08\/projecto-schoenstatt-en-salida-ecuador-5-1.jpg 1200w\" sizes=\"(max-width: 768px) 100vw, 768px\" \/>\t\t\t\t\t\t\t\t\t\t\t\t\t\t\t<\/div>\n\t\t\t\t<\/div>\n\t\t\t\t<\/div>\n\t\t<div class=\"elementor-element elementor-element-ee09612 e-con-full e-flex e-con e-child\" data-id=\"ee09612\" data-element_type=\"container\" data-e-type=\"container\">\n\t\t\t\t<div class=\"elementor-element elementor-element-bffcfd0 elementor-widget elementor-widget-text-editor\" data-id=\"bffcfd0\" data-element_type=\"widget\" data-e-type=\"widget\" data-widget_type=\"text-editor.default\">\n\t\t\t\t<div class=\"elementor-widget-container\">\n\t\t\t\t\t\t\t\t\t<p>Wir haben uns bem\u00fcht, eine sch\u00f6ne Atmosph\u00e4re zu schaffen mit Bildern der Gottesmutter von Sch\u00f6nstatt, Pater Kentenich, dem Heiligtum, dem Kreuz der Einheit, einer Kerze, Blumen, Power-Point-Pr\u00e4sentationen, ein Imbiss\u2026 Die Sch\u00fclerinnen und Sch\u00fcler waren begeistert.<\/p><p>Von dem Moment an, in dem wir in die Schule gehen und unser erstes Referat halten, bis zum Tag des Liebesb\u00fcndnisses, sind diese Sch\u00fclerinnen und Sch\u00fcler von dem, was sie lernen, beseelt. Man sp\u00fcrt die Liebe Mariens, die in ihren Herzen lebt. Viele f\u00fchlen sich mit Pater Kentenich verbunden und sind oft zu Tr\u00e4nen ger\u00fchrt, wenn sie einen Brief an die Gottesmutter schreiben d\u00fcrfen.   <\/p><p>Der Tag ihres Liebesb\u00fcndnisses ist voller Freude, und die heilige Messe, in der das Liebesb\u00fcndnis geschlossen wird, ist ein Moment, in dem viele besonders ber\u00fchrt sind. <br>Viele Sch\u00f6nstatt-Patres und Marienschwestern sind sehr gl\u00fccklich \u00fcber das Ergebnis und sind sich einig, dass es Gottes Wille ist.<\/p><p>Verbunden im Herzen unserer Mutter und in der Sendung, die uns unser Vater und Gr\u00fcnder anvertraut hat. <\/p><p><strong>\u201eMaria, Zeichen des Lichts, Zeichen des Kampfes, Zeichen des Sieges\u201c<\/strong> J.K.<\/p>\t\t\t\t\t\t\t\t<\/div>\n\t\t\t\t<\/div>\n\t\t\t\t<\/div>\n\t\t\t\t<\/div>\n\t\t\t\t\t<\/div>\n\t\t\t\t<\/div>\n\t\t\t\t<\/div>\n\t\t","protected":false},"excerpt":{"rendered":"<p>Sch\u00f6nstatt unterwegs Sch\u00f6nstatt unterwegs das Apostolat des Liebesb\u00fcndnisses Dieses Apostolat ist in der Frauenbewegung von Guayaquil, Ecuador, entstanden, mit Hilfe der Gnaden, die wir zum 100-j\u00e4hrigen Jubil\u00e4um Sch\u00f6nstatts empfangen haben. Eine unserer Gruppen, die zur Sch\u00f6nstatt Frauenbewegung geh\u00f6rt, ist auch Mitglied der Women\u2019s Beneficial Society, die sieben Schulen unter ihrer Leitung hat. Unsere Gruppe in [&hellip;]<\/p>\n","protected":false},"author":3,"featured_media":0,"parent":43905,"menu_order":0,"comment_status":"closed","ping_status":"closed","template":"","meta":{"footnotes":""},"class_list":["post-43908","page","type-page","status-publish","hentry"],"yoast_head":"<!-- This site is optimized with the Yoast SEO Premium plugin v27.4 (Yoast SEO v27.4) - https:\/\/yoast.com\/product\/yoast-seo-premium-wordpress\/ -->\n<title>Sch\u00f6nstatt unterwegs - Schoenstatt<\/title>\n<meta name=\"robots\" content=\"index, follow, max-snippet:-1, max-image-preview:large, max-video-preview:-1\" \/>\n<link rel=\"canonical\" href=\"https:\/\/schoenstatt.com\/de\/in-mission\/jugend\/schoenstatt-unterwegs\/\" \/>\n<meta property=\"og:locale\" content=\"de_DE\" \/>\n<meta property=\"og:type\" content=\"article\" \/>\n<meta property=\"og:title\" content=\"Sch\u00f6nstatt unterwegs\" \/>\n<meta property=\"og:description\" content=\"Sch\u00f6nstatt unterwegs Sch\u00f6nstatt unterwegs das Apostolat des Liebesb\u00fcndnisses Dieses Apostolat ist in der Frauenbewegung von Guayaquil, Ecuador, entstanden, mit Hilfe der Gnaden, die wir zum 100-j\u00e4hrigen Jubil\u00e4um Sch\u00f6nstatts empfangen haben. Eine unserer Gruppen, die zur Sch\u00f6nstatt Frauenbewegung geh\u00f6rt, ist auch Mitglied der Women\u2019s Beneficial Society, die sieben Schulen unter ihrer Leitung hat. Unsere Gruppe in [&hellip;]\" \/>\n<meta property=\"og:url\" content=\"https:\/\/schoenstatt.com\/de\/in-mission\/jugend\/schoenstatt-unterwegs\/\" \/>\n<meta property=\"og:site_name\" content=\"Schoenstatt\" \/>\n<meta property=\"article:modified_time\" content=\"2025-05-29T16:09:53+00:00\" \/>\n<meta property=\"og:image\" content=\"https:\/\/schoenstatt.com\/wp-content\/uploads\/2024\/08\/projecto-schoenstatt-en-salida-ecuador-3-1.jpg\" \/>\n\t<meta property=\"og:image:width\" content=\"1600\" \/>\n\t<meta property=\"og:image:height\" content=\"1200\" \/>\n\t<meta property=\"og:image:type\" content=\"image\/jpeg\" \/>\n<meta name=\"twitter:card\" content=\"summary_large_image\" \/>\n<meta name=\"twitter:label1\" content=\"Gesch\u00e4tzte Lesezeit\" \/>\n\t<meta name=\"twitter:data1\" content=\"2\u00a0Minuten\" \/>\n<script type=\"application\/ld+json\" class=\"yoast-schema-graph\">{\"@context\":\"https:\\\/\\\/schema.org\",\"@graph\":[{\"@type\":\"WebPage\",\"@id\":\"https:\\\/\\\/schoenstatt.com\\\/de\\\/in-mission\\\/jugend\\\/schoenstatt-unterwegs\\\/\",\"url\":\"https:\\\/\\\/schoenstatt.com\\\/de\\\/in-mission\\\/jugend\\\/schoenstatt-unterwegs\\\/\",\"name\":\"Sch\u00f6nstatt unterwegs - Schoenstatt\",\"isPartOf\":{\"@id\":\"https:\\\/\\\/schoenstatt.com\\\/de\\\/#website\"},\"primaryImageOfPage\":{\"@id\":\"https:\\\/\\\/schoenstatt.com\\\/de\\\/in-mission\\\/jugend\\\/schoenstatt-unterwegs\\\/#primaryimage\"},\"image\":{\"@id\":\"https:\\\/\\\/schoenstatt.com\\\/de\\\/in-mission\\\/jugend\\\/schoenstatt-unterwegs\\\/#primaryimage\"},\"thumbnailUrl\":\"https:\\\/\\\/schoenstatt.com\\\/wp-content\\\/uploads\\\/2024\\\/08\\\/projecto-schoenstatt-en-salida-ecuador-3-1.jpg\",\"datePublished\":\"2024-08-22T20:58:51+00:00\",\"dateModified\":\"2025-05-29T16:09:53+00:00\",\"breadcrumb\":{\"@id\":\"https:\\\/\\\/schoenstatt.com\\\/de\\\/in-mission\\\/jugend\\\/schoenstatt-unterwegs\\\/#breadcrumb\"},\"inLanguage\":\"de\",\"potentialAction\":[{\"@type\":\"ReadAction\",\"target\":[\"https:\\\/\\\/schoenstatt.com\\\/de\\\/in-mission\\\/jugend\\\/schoenstatt-unterwegs\\\/\"]}]},{\"@type\":\"ImageObject\",\"inLanguage\":\"de\",\"@id\":\"https:\\\/\\\/schoenstatt.com\\\/de\\\/in-mission\\\/jugend\\\/schoenstatt-unterwegs\\\/#primaryimage\",\"url\":\"https:\\\/\\\/schoenstatt.com\\\/wp-content\\\/uploads\\\/2024\\\/08\\\/projecto-schoenstatt-en-salida-ecuador-3-1.jpg\",\"contentUrl\":\"https:\\\/\\\/schoenstatt.com\\\/wp-content\\\/uploads\\\/2024\\\/08\\\/projecto-schoenstatt-en-salida-ecuador-3-1.jpg\"},{\"@type\":\"BreadcrumbList\",\"@id\":\"https:\\\/\\\/schoenstatt.com\\\/de\\\/in-mission\\\/jugend\\\/schoenstatt-unterwegs\\\/#breadcrumb\",\"itemListElement\":[{\"@type\":\"ListItem\",\"position\":1,\"name\":\"Portada\",\"item\":\"https:\\\/\\\/schoenstatt.com\\\/de\\\/home\\\/\"},{\"@type\":\"ListItem\",\"position\":2,\"name\":\"In Mission\",\"item\":\"https:\\\/\\\/schoenstatt.com\\\/de\\\/in-mission\\\/\"},{\"@type\":\"ListItem\",\"position\":3,\"name\":\"Jugend\",\"item\":\"https:\\\/\\\/schoenstatt.com\\\/de\\\/in-mission\\\/jugend\\\/\"},{\"@type\":\"ListItem\",\"position\":4,\"name\":\"Sch\u00f6nstatt unterwegs\"}]},{\"@type\":\"WebSite\",\"@id\":\"https:\\\/\\\/schoenstatt.com\\\/de\\\/#website\",\"url\":\"https:\\\/\\\/schoenstatt.com\\\/de\\\/\",\"name\":\"Schoenstatt\",\"description\":\"Apostolic Movement\",\"publisher\":{\"@id\":\"https:\\\/\\\/schoenstatt.com\\\/de\\\/#organization\"},\"potentialAction\":[{\"@type\":\"SearchAction\",\"target\":{\"@type\":\"EntryPoint\",\"urlTemplate\":\"https:\\\/\\\/schoenstatt.com\\\/de\\\/?s={search_term_string}\"},\"query-input\":{\"@type\":\"PropertyValueSpecification\",\"valueRequired\":true,\"valueName\":\"search_term_string\"}}],\"inLanguage\":\"de\"},{\"@type\":\"Organization\",\"@id\":\"https:\\\/\\\/schoenstatt.com\\\/de\\\/#organization\",\"name\":\"Schoenstatt\",\"url\":\"https:\\\/\\\/schoenstatt.com\\\/de\\\/\",\"logo\":{\"@type\":\"ImageObject\",\"inLanguage\":\"de\",\"@id\":\"https:\\\/\\\/schoenstatt.com\\\/de\\\/#\\\/schema\\\/logo\\\/image\\\/\",\"url\":\"https:\\\/\\\/schoenstatt.com\\\/wp-content\\\/uploads\\\/2025\\\/04\\\/logo-schoenstatt-white-696x696-1.png\",\"contentUrl\":\"https:\\\/\\\/schoenstatt.com\\\/wp-content\\\/uploads\\\/2025\\\/04\\\/logo-schoenstatt-white-696x696-1.png\",\"width\":696,\"height\":694,\"caption\":\"Schoenstatt\"},\"image\":{\"@id\":\"https:\\\/\\\/schoenstatt.com\\\/de\\\/#\\\/schema\\\/logo\\\/image\\\/\"}}]}<\/script>\n<!-- \/ Yoast SEO Premium plugin. -->","yoast_head_json":{"title":"Sch\u00f6nstatt unterwegs - Schoenstatt","robots":{"index":"index","follow":"follow","max-snippet":"max-snippet:-1","max-image-preview":"max-image-preview:large","max-video-preview":"max-video-preview:-1"},"canonical":"https:\/\/schoenstatt.com\/de\/in-mission\/jugend\/schoenstatt-unterwegs\/","og_locale":"de_DE","og_type":"article","og_title":"Sch\u00f6nstatt unterwegs","og_description":"Sch\u00f6nstatt unterwegs Sch\u00f6nstatt unterwegs das Apostolat des Liebesb\u00fcndnisses Dieses Apostolat ist in der Frauenbewegung von Guayaquil, Ecuador, entstanden, mit Hilfe der Gnaden, die wir zum 100-j\u00e4hrigen Jubil\u00e4um Sch\u00f6nstatts empfangen haben. Eine unserer Gruppen, die zur Sch\u00f6nstatt Frauenbewegung geh\u00f6rt, ist auch Mitglied der Women\u2019s Beneficial Society, die sieben Schulen unter ihrer Leitung hat. Unsere Gruppe in [&hellip;]","og_url":"https:\/\/schoenstatt.com\/de\/in-mission\/jugend\/schoenstatt-unterwegs\/","og_site_name":"Schoenstatt","article_modified_time":"2025-05-29T16:09:53+00:00","og_image":[{"width":1600,"height":1200,"url":"https:\/\/schoenstatt.com\/wp-content\/uploads\/2024\/08\/projecto-schoenstatt-en-salida-ecuador-3-1.jpg","type":"image\/jpeg"}],"twitter_card":"summary_large_image","twitter_misc":{"Gesch\u00e4tzte Lesezeit":"2\u00a0Minuten"},"schema":{"@context":"https:\/\/schema.org","@graph":[{"@type":"WebPage","@id":"https:\/\/schoenstatt.com\/de\/in-mission\/jugend\/schoenstatt-unterwegs\/","url":"https:\/\/schoenstatt.com\/de\/in-mission\/jugend\/schoenstatt-unterwegs\/","name":"Sch\u00f6nstatt unterwegs - Schoenstatt","isPartOf":{"@id":"https:\/\/schoenstatt.com\/de\/#website"},"primaryImageOfPage":{"@id":"https:\/\/schoenstatt.com\/de\/in-mission\/jugend\/schoenstatt-unterwegs\/#primaryimage"},"image":{"@id":"https:\/\/schoenstatt.com\/de\/in-mission\/jugend\/schoenstatt-unterwegs\/#primaryimage"},"thumbnailUrl":"https:\/\/schoenstatt.com\/wp-content\/uploads\/2024\/08\/projecto-schoenstatt-en-salida-ecuador-3-1.jpg","datePublished":"2024-08-22T20:58:51+00:00","dateModified":"2025-05-29T16:09:53+00:00","breadcrumb":{"@id":"https:\/\/schoenstatt.com\/de\/in-mission\/jugend\/schoenstatt-unterwegs\/#breadcrumb"},"inLanguage":"de","potentialAction":[{"@type":"ReadAction","target":["https:\/\/schoenstatt.com\/de\/in-mission\/jugend\/schoenstatt-unterwegs\/"]}]},{"@type":"ImageObject","inLanguage":"de","@id":"https:\/\/schoenstatt.com\/de\/in-mission\/jugend\/schoenstatt-unterwegs\/#primaryimage","url":"https:\/\/schoenstatt.com\/wp-content\/uploads\/2024\/08\/projecto-schoenstatt-en-salida-ecuador-3-1.jpg","contentUrl":"https:\/\/schoenstatt.com\/wp-content\/uploads\/2024\/08\/projecto-schoenstatt-en-salida-ecuador-3-1.jpg"},{"@type":"BreadcrumbList","@id":"https:\/\/schoenstatt.com\/de\/in-mission\/jugend\/schoenstatt-unterwegs\/#breadcrumb","itemListElement":[{"@type":"ListItem","position":1,"name":"Portada","item":"https:\/\/schoenstatt.com\/de\/home\/"},{"@type":"ListItem","position":2,"name":"In Mission","item":"https:\/\/schoenstatt.com\/de\/in-mission\/"},{"@type":"ListItem","position":3,"name":"Jugend","item":"https:\/\/schoenstatt.com\/de\/in-mission\/jugend\/"},{"@type":"ListItem","position":4,"name":"Sch\u00f6nstatt unterwegs"}]},{"@type":"WebSite","@id":"https:\/\/schoenstatt.com\/de\/#website","url":"https:\/\/schoenstatt.com\/de\/","name":"Schoenstatt","description":"Apostolic Movement","publisher":{"@id":"https:\/\/schoenstatt.com\/de\/#organization"},"potentialAction":[{"@type":"SearchAction","target":{"@type":"EntryPoint","urlTemplate":"https:\/\/schoenstatt.com\/de\/?s={search_term_string}"},"query-input":{"@type":"PropertyValueSpecification","valueRequired":true,"valueName":"search_term_string"}}],"inLanguage":"de"},{"@type":"Organization","@id":"https:\/\/schoenstatt.com\/de\/#organization","name":"Schoenstatt","url":"https:\/\/schoenstatt.com\/de\/","logo":{"@type":"ImageObject","inLanguage":"de","@id":"https:\/\/schoenstatt.com\/de\/#\/schema\/logo\/image\/","url":"https:\/\/schoenstatt.com\/wp-content\/uploads\/2025\/04\/logo-schoenstatt-white-696x696-1.png","contentUrl":"https:\/\/schoenstatt.com\/wp-content\/uploads\/2025\/04\/logo-schoenstatt-white-696x696-1.png","width":696,"height":694,"caption":"Schoenstatt"},"image":{"@id":"https:\/\/schoenstatt.com\/de\/#\/schema\/logo\/image\/"}}]}},"_links":{"self":[{"href":"https:\/\/schoenstatt.com\/de\/wp-json\/wp\/v2\/pages\/43908","targetHints":{"allow":["GET"]}}],"collection":[{"href":"https:\/\/schoenstatt.com\/de\/wp-json\/wp\/v2\/pages"}],"about":[{"href":"https:\/\/schoenstatt.com\/de\/wp-json\/wp\/v2\/types\/page"}],"author":[{"embeddable":true,"href":"https:\/\/schoenstatt.com\/de\/wp-json\/wp\/v2\/users\/3"}],"replies":[{"embeddable":true,"href":"https:\/\/schoenstatt.com\/de\/wp-json\/wp\/v2\/comments?post=43908"}],"version-history":[{"count":2,"href":"https:\/\/schoenstatt.com\/de\/wp-json\/wp\/v2\/pages\/43908\/revisions"}],"predecessor-version":[{"id":58746,"href":"https:\/\/schoenstatt.com\/de\/wp-json\/wp\/v2\/pages\/43908\/revisions\/58746"}],"up":[{"embeddable":true,"href":"https:\/\/schoenstatt.com\/de\/wp-json\/wp\/v2\/pages\/43905"}],"wp:attachment":[{"href":"https:\/\/schoenstatt.com\/de\/wp-json\/wp\/v2\/media?parent=43908"}],"curies":[{"name":"wp","href":"https:\/\/api.w.org\/{rel}","templated":true}]}}