{"id":43729,"date":"2024-06-29T22:21:30","date_gmt":"2024-06-29T20:21:30","guid":{"rendered":"https:\/\/schoenstatt.com\/die-universitaet-st-augustine\/"},"modified":"2025-05-28T02:06:01","modified_gmt":"2025-05-28T00:06:01","slug":"die-universitaet-st-augustine","status":"publish","type":"page","link":"https:\/\/schoenstatt.com\/de\/in-mission\/paedagogik\/die-universitaet-st-augustine\/","title":{"rendered":"Die Universit\u00e4t St. Augustine"},"content":{"rendered":"\t\t<div data-elementor-type=\"wp-page\" data-elementor-id=\"43729\" class=\"elementor elementor-43729 elementor-39247\" data-elementor-post-type=\"page\">\n\t\t\t\t<div class=\"elementor-element elementor-element-47d81a22 e-flex e-con-boxed e-con e-parent\" data-id=\"47d81a22\" data-element_type=\"container\" data-e-type=\"container\" data-settings=\"{&quot;background_background&quot;:&quot;classic&quot;}\">\n\t\t\t\t\t<div class=\"e-con-inner\">\n\t\t<div class=\"elementor-element elementor-element-2d47b2b e-flex e-con-boxed e-con e-child\" data-id=\"2d47b2b\" data-element_type=\"container\" data-e-type=\"container\">\n\t\t\t\t\t<div class=\"e-con-inner\">\n\t\t\t\t\t<\/div>\n\t\t\t\t<\/div>\n\t\t\t\t\t<\/div>\n\t\t\t\t<\/div>\n\t\t<div class=\"elementor-element elementor-element-4d54c9c e-flex e-con-boxed e-con e-parent\" data-id=\"4d54c9c\" data-element_type=\"container\" data-e-type=\"container\">\n\t\t\t\t\t<div class=\"e-con-inner\">\n\t\t<div class=\"elementor-element elementor-element-fea68d2 e-con-full e-flex e-con e-child\" data-id=\"fea68d2\" data-element_type=\"container\" data-e-type=\"container\">\n\t\t\t\t<div class=\"elementor-element elementor-element-18dce02 elementor-widget elementor-widget-image\" data-id=\"18dce02\" data-element_type=\"widget\" data-e-type=\"widget\" data-widget_type=\"image.default\">\n\t\t\t\t<div class=\"elementor-widget-container\">\n\t\t\t\t\t\t\t\t\t\t\t\t\t\t\t<img decoding=\"async\" src=\"https:\/\/schoenstatt.com\/wp-content\/uploads\/2024\/06\/University-of-St-Augustine.jpg\" title=\"\" alt=\"\" loading=\"lazy\" \/>\t\t\t\t\t\t\t\t\t\t\t\t\t\t\t<\/div>\n\t\t\t\t<\/div>\n\t\t\t\t<\/div>\n\t\t<div class=\"elementor-element elementor-element-80e8806 e-con-full e-flex e-con e-child\" data-id=\"80e8806\" data-element_type=\"container\" data-e-type=\"container\">\n\t\t\t\t<div class=\"elementor-element elementor-element-fa97fe6 elementor-widget elementor-widget-text-editor\" data-id=\"fa97fe6\" data-element_type=\"widget\" data-e-type=\"widget\" data-widget_type=\"text-editor.default\">\n\t\t\t\t<div class=\"elementor-widget-container\">\n\t\t\t\t\t\t\t\t\t<p>In der heutigen Gesellschaft ist es immer schwieriger, Werte im Alltag und Beruf durchzusetzen. Im s\u00fcdafrikanischen Johannisburg hat man auf diese Bed\u00fcrfnisse reagiert: Die Universit\u00e4t St. Augustine bietet an zwei Wochenenden einen Kurs in christlicher Unternehmensf\u00fchrung an. Der Kurs basiert auf der Lehre, Philosophie und P\u00e4dagogik Pater Kentenichs und wird als angemessener F\u00fchrungsstil auf die Gesch\u00e4ftswelt \u00fcbertragen. Hunderte von F\u00fchrungskr\u00e4ften haben bisher an diesem Kurs teilgenommen. Der Kurs ist auf die Bed\u00fcrfnisse von Managern, CEOs, aber auch von Gesch\u00e4ftsf\u00fchrern, Personalleitern und Ausbildern zugeschnitten. Beamte in Bildungs-, Gesundheits- und Wohlfahrtsorganisationen nehmen ebenso teil wie junge potenzielle F\u00fchrungskr\u00e4fte.     <\/p>\t\t\t\t\t\t\t\t<\/div>\n\t\t\t\t<\/div>\n\t\t\t\t<\/div>\n\t\t\t\t\t<\/div>\n\t\t\t\t<\/div>\n\t\t<div class=\"elementor-element elementor-element-5c71089 e-flex e-con-boxed e-con e-parent\" data-id=\"5c71089\" data-element_type=\"container\" data-e-type=\"container\">\n\t\t\t\t\t<div class=\"e-con-inner\">\n\t\t\t\t<div class=\"elementor-element elementor-element-4f8a57a elementor-widget elementor-widget-text-editor\" data-id=\"4f8a57a\" data-element_type=\"widget\" data-e-type=\"widget\" data-widget_type=\"text-editor.default\">\n\t\t\t\t<div class=\"elementor-widget-container\">\n\t\t\t\t\t\t\t\t\t<p>Inhaltlich geht es unter anderem darum, die christliche Soziallehre auf die konkrete Situation eines Landes mit seinen gesellschaftspolitischen, multinationalen und multikulturellen Problemen anzuwenden und geeignete L\u00f6sungen zu finden. Seit 1982 wird der Kurs in S\u00fcdafrika angeboten, sp\u00e4ter auch in Argentinien, Brasilien, Chile, Deutschland, Ecuador, der Schweiz und Spanien. Dabei greift der Kurs nicht nur Probleme und Gegebenheiten in S\u00fcdafrika auf, sondern geht l\u00e4nderspezifisch auf Management, Werte und Gesellschaft ein.  <\/p><p>Weitere Inhalte sind die F\u00fchrungslehre Pater Kentenichs und wie Unternehmen zum Gemeinwohl beitragen k\u00f6nnen. Ethische Normen f\u00fcr das Wirtschaftsleben und die Integration von Werten in das t\u00e4gliche Management werden ebenfalls behandelt. <\/p><p>Der Kurs wurde von Professor Edith Raidt konzipiert und wird von Tony de Gouveia, einem klinischen Psychologen, und Francis Graham, einem katholischen Diakon und Gesch\u00e4ftsmann im Bereich Human Resources, durchgef\u00fchrt.<\/p><p>St. Augustine wurde 1999 gegr\u00fcndet und ist eine Universit\u00e4t in Johannisburg, S\u00fcdafrika, die eine qualitativ hochwertige und werteorientierte Ausbildung anbietet. Alle Abschl\u00fcsse und Zertifikate sind vom South African Council on Higher Education und der South African Qualifications Authority anerkannt. Dar\u00fcber hinaus ist St. Augustine kanonisch sowohl von der S\u00fcdafrikanischen katholischen Bischofskonferenz (SACBC) als auch von der Kongregation f\u00fcr das katholische Bildungswesen im Vatikan als katholische \u201eUniversit\u00e4t\u201c anerkannt und Mitglied der IFCU (International Federation of Catholic Universities). Inspiriert von der katholischen intellektuellen Tradition ist es die Mission von St. Augustine, Absolventen hervorzubringen, die gelernt haben, \u201ekoh\u00e4rent zu denken, um richtig zu handeln und der Menschheit besser zu dienen\u201c.   <\/p>\t\t\t\t\t\t\t\t<\/div>\n\t\t\t\t<\/div>\n\t\t\t\t\t<\/div>\n\t\t\t\t<\/div>\n\t\t\t\t<\/div>\n\t\t","protected":false},"excerpt":{"rendered":"<p>In der heutigen Gesellschaft ist es immer schwieriger, Werte im Alltag und Beruf durchzusetzen. Im s\u00fcdafrikanischen Johannisburg hat man auf diese Bed\u00fcrfnisse reagiert: Die Universit\u00e4t St. Augustine bietet an zwei Wochenenden einen Kurs in christlicher Unternehmensf\u00fchrung an. Der Kurs basiert auf der Lehre, Philosophie und P\u00e4dagogik Pater Kentenichs und wird als angemessener F\u00fchrungsstil auf die [&hellip;]<\/p>\n","protected":false},"author":3,"featured_media":39250,"parent":43730,"menu_order":0,"comment_status":"closed","ping_status":"closed","template":"","meta":{"footnotes":""},"class_list":["post-43729","page","type-page","status-publish","has-post-thumbnail","hentry"],"yoast_head":"<!-- This site is optimized with the Yoast SEO Premium plugin v27.4 (Yoast SEO v27.4) - https:\/\/yoast.com\/product\/yoast-seo-premium-wordpress\/ -->\n<title>Die Universit\u00e4t St. Augustine - Schoenstatt<\/title>\n<meta name=\"description\" content=\"Ein Kurs in christlicher Unternehmensf\u00fchrung auf der Grundlage der Lehre, Philosophie und P\u00e4dagogik Pater Kentenichs, angewandt auf die Gesch\u00e4ftswelt.\" \/>\n<meta name=\"robots\" content=\"index, follow, max-snippet:-1, max-image-preview:large, max-video-preview:-1\" \/>\n<link rel=\"canonical\" href=\"https:\/\/schoenstatt.com\/de\/in-mission\/paedagogik\/die-universitaet-st-augustine\/\" \/>\n<meta property=\"og:locale\" content=\"de_DE\" \/>\n<meta property=\"og:type\" content=\"article\" \/>\n<meta property=\"og:title\" content=\"Die Universit\u00e4t St. Augustine\" \/>\n<meta property=\"og:description\" content=\"Ein Kurs in christlicher Unternehmensf\u00fchrung auf der Grundlage der Lehre, Philosophie und P\u00e4dagogik Pater Kentenichs, angewandt auf die Gesch\u00e4ftswelt.\" \/>\n<meta property=\"og:url\" content=\"https:\/\/schoenstatt.com\/de\/in-mission\/paedagogik\/die-universitaet-st-augustine\/\" \/>\n<meta property=\"og:site_name\" content=\"Schoenstatt\" \/>\n<meta property=\"article:modified_time\" content=\"2025-05-28T00:06:01+00:00\" \/>\n<meta property=\"og:image\" content=\"https:\/\/schoenstatt.com\/wp-content\/uploads\/2024\/06\/University-1.jpg\" \/>\n\t<meta property=\"og:image:width\" content=\"2048\" \/>\n\t<meta property=\"og:image:height\" content=\"624\" \/>\n\t<meta property=\"og:image:type\" content=\"image\/jpeg\" \/>\n<meta name=\"twitter:card\" content=\"summary_large_image\" \/>\n<meta name=\"twitter:label1\" content=\"Gesch\u00e4tzte Lesezeit\" \/>\n\t<meta name=\"twitter:data1\" content=\"2\u00a0Minuten\" \/>\n<script type=\"application\/ld+json\" class=\"yoast-schema-graph\">{\"@context\":\"https:\\\/\\\/schema.org\",\"@graph\":[{\"@type\":\"WebPage\",\"@id\":\"https:\\\/\\\/schoenstatt.com\\\/de\\\/in-mission\\\/paedagogik\\\/die-universitaet-st-augustine\\\/\",\"url\":\"https:\\\/\\\/schoenstatt.com\\\/de\\\/in-mission\\\/paedagogik\\\/die-universitaet-st-augustine\\\/\",\"name\":\"Die Universit\u00e4t St. Augustine - Schoenstatt\",\"isPartOf\":{\"@id\":\"https:\\\/\\\/schoenstatt.com\\\/de\\\/#website\"},\"primaryImageOfPage\":{\"@id\":\"https:\\\/\\\/schoenstatt.com\\\/de\\\/in-mission\\\/paedagogik\\\/die-universitaet-st-augustine\\\/#primaryimage\"},\"image\":{\"@id\":\"https:\\\/\\\/schoenstatt.com\\\/de\\\/in-mission\\\/paedagogik\\\/die-universitaet-st-augustine\\\/#primaryimage\"},\"thumbnailUrl\":\"https:\\\/\\\/schoenstatt.com\\\/wp-content\\\/uploads\\\/2024\\\/06\\\/University-1.jpg\",\"datePublished\":\"2024-06-29T20:21:30+00:00\",\"dateModified\":\"2025-05-28T00:06:01+00:00\",\"description\":\"Ein Kurs in christlicher Unternehmensf\u00fchrung auf der Grundlage der Lehre, Philosophie und P\u00e4dagogik Pater Kentenichs, angewandt auf die Gesch\u00e4ftswelt.\",\"breadcrumb\":{\"@id\":\"https:\\\/\\\/schoenstatt.com\\\/de\\\/in-mission\\\/paedagogik\\\/die-universitaet-st-augustine\\\/#breadcrumb\"},\"inLanguage\":\"de\",\"potentialAction\":[{\"@type\":\"ReadAction\",\"target\":[\"https:\\\/\\\/schoenstatt.com\\\/de\\\/in-mission\\\/paedagogik\\\/die-universitaet-st-augustine\\\/\"]}]},{\"@type\":\"ImageObject\",\"inLanguage\":\"de\",\"@id\":\"https:\\\/\\\/schoenstatt.com\\\/de\\\/in-mission\\\/paedagogik\\\/die-universitaet-st-augustine\\\/#primaryimage\",\"url\":\"https:\\\/\\\/schoenstatt.com\\\/wp-content\\\/uploads\\\/2024\\\/06\\\/University-1.jpg\",\"contentUrl\":\"https:\\\/\\\/schoenstatt.com\\\/wp-content\\\/uploads\\\/2024\\\/06\\\/University-1.jpg\",\"width\":2048,\"height\":624,\"caption\":\"university of st. augustine\"},{\"@type\":\"BreadcrumbList\",\"@id\":\"https:\\\/\\\/schoenstatt.com\\\/de\\\/in-mission\\\/paedagogik\\\/die-universitaet-st-augustine\\\/#breadcrumb\",\"itemListElement\":[{\"@type\":\"ListItem\",\"position\":1,\"name\":\"Portada\",\"item\":\"https:\\\/\\\/schoenstatt.com\\\/de\\\/home\\\/\"},{\"@type\":\"ListItem\",\"position\":2,\"name\":\"In Mission\",\"item\":\"https:\\\/\\\/schoenstatt.com\\\/de\\\/in-mission\\\/\"},{\"@type\":\"ListItem\",\"position\":3,\"name\":\"P\u00e4dagogik\",\"item\":\"https:\\\/\\\/schoenstatt.com\\\/de\\\/in-mission\\\/paedagogik\\\/\"},{\"@type\":\"ListItem\",\"position\":4,\"name\":\"Die Universit\u00e4t St. Augustine\"}]},{\"@type\":\"WebSite\",\"@id\":\"https:\\\/\\\/schoenstatt.com\\\/de\\\/#website\",\"url\":\"https:\\\/\\\/schoenstatt.com\\\/de\\\/\",\"name\":\"Schoenstatt\",\"description\":\"Apostolic Movement\",\"publisher\":{\"@id\":\"https:\\\/\\\/schoenstatt.com\\\/de\\\/#organization\"},\"potentialAction\":[{\"@type\":\"SearchAction\",\"target\":{\"@type\":\"EntryPoint\",\"urlTemplate\":\"https:\\\/\\\/schoenstatt.com\\\/de\\\/?s={search_term_string}\"},\"query-input\":{\"@type\":\"PropertyValueSpecification\",\"valueRequired\":true,\"valueName\":\"search_term_string\"}}],\"inLanguage\":\"de\"},{\"@type\":\"Organization\",\"@id\":\"https:\\\/\\\/schoenstatt.com\\\/de\\\/#organization\",\"name\":\"Schoenstatt\",\"url\":\"https:\\\/\\\/schoenstatt.com\\\/de\\\/\",\"logo\":{\"@type\":\"ImageObject\",\"inLanguage\":\"de\",\"@id\":\"https:\\\/\\\/schoenstatt.com\\\/de\\\/#\\\/schema\\\/logo\\\/image\\\/\",\"url\":\"https:\\\/\\\/schoenstatt.com\\\/wp-content\\\/uploads\\\/2025\\\/04\\\/logo-schoenstatt-white-696x696-1.png\",\"contentUrl\":\"https:\\\/\\\/schoenstatt.com\\\/wp-content\\\/uploads\\\/2025\\\/04\\\/logo-schoenstatt-white-696x696-1.png\",\"width\":696,\"height\":694,\"caption\":\"Schoenstatt\"},\"image\":{\"@id\":\"https:\\\/\\\/schoenstatt.com\\\/de\\\/#\\\/schema\\\/logo\\\/image\\\/\"}}]}<\/script>\n<!-- \/ Yoast SEO Premium plugin. -->","yoast_head_json":{"title":"Die Universit\u00e4t St. Augustine - Schoenstatt","description":"Ein Kurs in christlicher Unternehmensf\u00fchrung auf der Grundlage der Lehre, Philosophie und P\u00e4dagogik Pater Kentenichs, angewandt auf die Gesch\u00e4ftswelt.","robots":{"index":"index","follow":"follow","max-snippet":"max-snippet:-1","max-image-preview":"max-image-preview:large","max-video-preview":"max-video-preview:-1"},"canonical":"https:\/\/schoenstatt.com\/de\/in-mission\/paedagogik\/die-universitaet-st-augustine\/","og_locale":"de_DE","og_type":"article","og_title":"Die Universit\u00e4t St. Augustine","og_description":"Ein Kurs in christlicher Unternehmensf\u00fchrung auf der Grundlage der Lehre, Philosophie und P\u00e4dagogik Pater Kentenichs, angewandt auf die Gesch\u00e4ftswelt.","og_url":"https:\/\/schoenstatt.com\/de\/in-mission\/paedagogik\/die-universitaet-st-augustine\/","og_site_name":"Schoenstatt","article_modified_time":"2025-05-28T00:06:01+00:00","og_image":[{"width":2048,"height":624,"url":"https:\/\/schoenstatt.com\/wp-content\/uploads\/2024\/06\/University-1.jpg","type":"image\/jpeg"}],"twitter_card":"summary_large_image","twitter_misc":{"Gesch\u00e4tzte Lesezeit":"2\u00a0Minuten"},"schema":{"@context":"https:\/\/schema.org","@graph":[{"@type":"WebPage","@id":"https:\/\/schoenstatt.com\/de\/in-mission\/paedagogik\/die-universitaet-st-augustine\/","url":"https:\/\/schoenstatt.com\/de\/in-mission\/paedagogik\/die-universitaet-st-augustine\/","name":"Die Universit\u00e4t St. Augustine - Schoenstatt","isPartOf":{"@id":"https:\/\/schoenstatt.com\/de\/#website"},"primaryImageOfPage":{"@id":"https:\/\/schoenstatt.com\/de\/in-mission\/paedagogik\/die-universitaet-st-augustine\/#primaryimage"},"image":{"@id":"https:\/\/schoenstatt.com\/de\/in-mission\/paedagogik\/die-universitaet-st-augustine\/#primaryimage"},"thumbnailUrl":"https:\/\/schoenstatt.com\/wp-content\/uploads\/2024\/06\/University-1.jpg","datePublished":"2024-06-29T20:21:30+00:00","dateModified":"2025-05-28T00:06:01+00:00","description":"Ein Kurs in christlicher Unternehmensf\u00fchrung auf der Grundlage der Lehre, Philosophie und P\u00e4dagogik Pater Kentenichs, angewandt auf die Gesch\u00e4ftswelt.","breadcrumb":{"@id":"https:\/\/schoenstatt.com\/de\/in-mission\/paedagogik\/die-universitaet-st-augustine\/#breadcrumb"},"inLanguage":"de","potentialAction":[{"@type":"ReadAction","target":["https:\/\/schoenstatt.com\/de\/in-mission\/paedagogik\/die-universitaet-st-augustine\/"]}]},{"@type":"ImageObject","inLanguage":"de","@id":"https:\/\/schoenstatt.com\/de\/in-mission\/paedagogik\/die-universitaet-st-augustine\/#primaryimage","url":"https:\/\/schoenstatt.com\/wp-content\/uploads\/2024\/06\/University-1.jpg","contentUrl":"https:\/\/schoenstatt.com\/wp-content\/uploads\/2024\/06\/University-1.jpg","width":2048,"height":624,"caption":"university of st. augustine"},{"@type":"BreadcrumbList","@id":"https:\/\/schoenstatt.com\/de\/in-mission\/paedagogik\/die-universitaet-st-augustine\/#breadcrumb","itemListElement":[{"@type":"ListItem","position":1,"name":"Portada","item":"https:\/\/schoenstatt.com\/de\/home\/"},{"@type":"ListItem","position":2,"name":"In Mission","item":"https:\/\/schoenstatt.com\/de\/in-mission\/"},{"@type":"ListItem","position":3,"name":"P\u00e4dagogik","item":"https:\/\/schoenstatt.com\/de\/in-mission\/paedagogik\/"},{"@type":"ListItem","position":4,"name":"Die Universit\u00e4t St. Augustine"}]},{"@type":"WebSite","@id":"https:\/\/schoenstatt.com\/de\/#website","url":"https:\/\/schoenstatt.com\/de\/","name":"Schoenstatt","description":"Apostolic Movement","publisher":{"@id":"https:\/\/schoenstatt.com\/de\/#organization"},"potentialAction":[{"@type":"SearchAction","target":{"@type":"EntryPoint","urlTemplate":"https:\/\/schoenstatt.com\/de\/?s={search_term_string}"},"query-input":{"@type":"PropertyValueSpecification","valueRequired":true,"valueName":"search_term_string"}}],"inLanguage":"de"},{"@type":"Organization","@id":"https:\/\/schoenstatt.com\/de\/#organization","name":"Schoenstatt","url":"https:\/\/schoenstatt.com\/de\/","logo":{"@type":"ImageObject","inLanguage":"de","@id":"https:\/\/schoenstatt.com\/de\/#\/schema\/logo\/image\/","url":"https:\/\/schoenstatt.com\/wp-content\/uploads\/2025\/04\/logo-schoenstatt-white-696x696-1.png","contentUrl":"https:\/\/schoenstatt.com\/wp-content\/uploads\/2025\/04\/logo-schoenstatt-white-696x696-1.png","width":696,"height":694,"caption":"Schoenstatt"},"image":{"@id":"https:\/\/schoenstatt.com\/de\/#\/schema\/logo\/image\/"}}]}},"_links":{"self":[{"href":"https:\/\/schoenstatt.com\/de\/wp-json\/wp\/v2\/pages\/43729","targetHints":{"allow":["GET"]}}],"collection":[{"href":"https:\/\/schoenstatt.com\/de\/wp-json\/wp\/v2\/pages"}],"about":[{"href":"https:\/\/schoenstatt.com\/de\/wp-json\/wp\/v2\/types\/page"}],"author":[{"embeddable":true,"href":"https:\/\/schoenstatt.com\/de\/wp-json\/wp\/v2\/users\/3"}],"replies":[{"embeddable":true,"href":"https:\/\/schoenstatt.com\/de\/wp-json\/wp\/v2\/comments?post=43729"}],"version-history":[{"count":3,"href":"https:\/\/schoenstatt.com\/de\/wp-json\/wp\/v2\/pages\/43729\/revisions"}],"predecessor-version":[{"id":58337,"href":"https:\/\/schoenstatt.com\/de\/wp-json\/wp\/v2\/pages\/43729\/revisions\/58337"}],"up":[{"embeddable":true,"href":"https:\/\/schoenstatt.com\/de\/wp-json\/wp\/v2\/pages\/43730"}],"wp:featuredmedia":[{"embeddable":true,"href":"https:\/\/schoenstatt.com\/de\/wp-json\/wp\/v2\/media\/39250"}],"wp:attachment":[{"href":"https:\/\/schoenstatt.com\/de\/wp-json\/wp\/v2\/media?parent=43729"}],"curies":[{"name":"wp","href":"https:\/\/api.w.org\/{rel}","templated":true}]}}