{"id":43728,"date":"2024-06-29T22:17:22","date_gmt":"2024-06-29T20:17:22","guid":{"rendered":"https:\/\/schoenstatt.com\/die-josef-kentenich-schule-in-kempten\/"},"modified":"2025-05-28T01:51:32","modified_gmt":"2025-05-27T23:51:32","slug":"die-josef-kentenich-schule-in-kempten","status":"publish","type":"page","link":"https:\/\/schoenstatt.com\/de\/in-mission\/paedagogik\/die-josef-kentenich-schule-in-kempten\/","title":{"rendered":"Die Josef-Kentenich-Schule in Kempten"},"content":{"rendered":"\t\t<div data-elementor-type=\"wp-page\" data-elementor-id=\"43728\" class=\"elementor elementor-43728 elementor-39226\" data-elementor-post-type=\"page\">\n\t\t\t\t<div class=\"elementor-element elementor-element-75a8bb7a e-flex e-con-boxed e-con e-parent\" data-id=\"75a8bb7a\" data-element_type=\"container\" data-e-type=\"container\" data-settings=\"{&quot;background_background&quot;:&quot;classic&quot;}\">\n\t\t\t\t\t<div class=\"e-con-inner\">\n\t\t<div class=\"elementor-element elementor-element-234cfdf5 e-flex e-con-boxed e-con e-child\" data-id=\"234cfdf5\" data-element_type=\"container\" data-e-type=\"container\">\n\t\t\t\t\t<div class=\"e-con-inner\">\n\t\t\t\t\t<\/div>\n\t\t\t\t<\/div>\n\t\t\t\t\t<\/div>\n\t\t\t\t<\/div>\n\t\t<div class=\"elementor-element elementor-element-c7bcb79 e-flex e-con-boxed e-con e-parent\" data-id=\"c7bcb79\" data-element_type=\"container\" data-e-type=\"container\">\n\t\t\t\t\t<div class=\"e-con-inner\">\n\t\t<div class=\"elementor-element elementor-element-07ad31b e-con-full e-flex e-con e-child\" data-id=\"07ad31b\" data-element_type=\"container\" data-e-type=\"container\">\n\t\t\t\t<div class=\"elementor-element elementor-element-8b19540 elementor-widget__width-initial elementor-widget elementor-widget-image\" data-id=\"8b19540\" data-element_type=\"widget\" data-e-type=\"widget\" data-widget_type=\"image.default\">\n\t\t\t\t<div class=\"elementor-widget-container\">\n\t\t\t\t\t\t\t\t\t\t\t\t\t\t\t<img decoding=\"async\" src=\"https:\/\/schoenstatt.com\/wp-content\/uploads\/2024\/06\/school-escola-kempten-2.jpg\" title=\"\" alt=\"\" loading=\"lazy\" \/>\t\t\t\t\t\t\t\t\t\t\t\t\t\t\t<\/div>\n\t\t\t\t<\/div>\n\t\t\t\t<\/div>\n\t\t<div class=\"elementor-element elementor-element-0289cb8 e-con-full e-flex e-con e-child\" data-id=\"0289cb8\" data-element_type=\"container\" data-e-type=\"container\">\n\t\t\t\t<div class=\"elementor-element elementor-element-fac3ebe elementor-widget elementor-widget-heading\" data-id=\"fac3ebe\" data-element_type=\"widget\" data-e-type=\"widget\" data-widget_type=\"heading.default\">\n\t\t\t\t<div class=\"elementor-widget-container\">\n\t\t\t\t\t<h2 class=\"elementor-heading-title elementor-size-default\">Die Josef-Kentenich-Schule in Kempten, Deutschland<\/h2>\t\t\t\t<\/div>\n\t\t\t\t<\/div>\n\t\t\t\t<div class=\"elementor-element elementor-element-a47bac8 elementor-widget elementor-widget-text-editor\" data-id=\"a47bac8\" data-element_type=\"widget\" data-e-type=\"widget\" data-widget_type=\"text-editor.default\">\n\t\t\t\t<div class=\"elementor-widget-container\">\n\t\t\t\t\t\t\t\t\t<p>Die Grundschule in Kempten mit ca. 70 Sch\u00fclern in vier Klassen ist staatlich anerkannt und erf\u00fcllt den staatlichen LehrplanPLUS. Die p\u00e4dagogische Arbeit der Lehrerinnen und Lehrer profitiert von sch\u00f6nen, gut ausgestatteten Schulr\u00e4umen und modernen Unterrichtsmethoden, wie z.B. der Freien Stillarbeit und einem lebensnahen, f\u00e4cher\u00fcbergreifenden Unterricht.   <\/p><p>Die Kinder sollen Wertsch\u00e4tzung erfahren, umfassendes Wissen erwerben, ihre Talente entfalten und zu selbstbewussten Pers\u00f6nlichkeiten heranwachsen. Dabei nehmen die Lehrerinnen und Lehrer jedes Kind und seine Pers\u00f6nlichkeit ernst, begleiten, leiten, f\u00f6rdern und fordern es zu seiner bestm\u00f6glichen Entwicklung. So wird eine wertvolle Basis f\u00fcr den weiteren Bildungsweg geschaffen.   <\/p>\t\t\t\t\t\t\t\t<\/div>\n\t\t\t\t<\/div>\n\t\t\t\t<\/div>\n\t\t\t\t\t<\/div>\n\t\t\t\t<\/div>\n\t\t<div class=\"elementor-element elementor-element-67ff9a3 e-flex e-con-boxed e-con e-parent\" data-id=\"67ff9a3\" data-element_type=\"container\" data-e-type=\"container\">\n\t\t\t\t\t<div class=\"e-con-inner\">\n\t\t\t\t<div class=\"elementor-element elementor-element-cada169 elementor-widget-divider--view-line elementor-widget elementor-widget-divider\" data-id=\"cada169\" data-element_type=\"widget\" data-e-type=\"widget\" data-widget_type=\"divider.default\">\n\t\t\t\t<div class=\"elementor-widget-container\">\n\t\t\t\t\t\t\t<div class=\"elementor-divider\">\n\t\t\t<span class=\"elementor-divider-separator\">\n\t\t\t\t\t\t<\/span>\n\t\t<\/div>\n\t\t\t\t\t\t<\/div>\n\t\t\t\t<\/div>\n\t\t\t\t\t<\/div>\n\t\t\t\t<\/div>\n\t\t<div class=\"elementor-element elementor-element-fb10d30 e-flex e-con-boxed e-con e-parent\" data-id=\"fb10d30\" data-element_type=\"container\" data-e-type=\"container\">\n\t\t\t\t\t<div class=\"e-con-inner\">\n\t\t<div class=\"elementor-element elementor-element-f2c4ebb e-con-full e-flex e-con e-child\" data-id=\"f2c4ebb\" data-element_type=\"container\" data-e-type=\"container\">\n\t\t\t\t<div class=\"elementor-element elementor-element-b5529cf elementor-widget elementor-widget-text-editor\" data-id=\"b5529cf\" data-element_type=\"widget\" data-e-type=\"widget\" data-widget_type=\"text-editor.default\">\n\t\t\t\t<div class=\"elementor-widget-container\">\n\t\t\t\t\t\t\t\t\t<p>Gegr\u00fcndet wurde die Schule von Harald M. Knes (Sch\u00f6nstatt-Institut Marienbr\u00fcder), Luitgard und Bernhard Hyneck sowie Renate und Christian Immler (Sch\u00f6nstatt-Familienbund) zusammen mit erfahrenen P\u00e4dagogen, Familien und engagierten Unternehmern, die ein gro\u00dfer Traum verband:<\/p><p>\u25aa das Schulsystem neu zu denken<\/p><p>\u25aa eine Schulform zu schaffen, die f\u00fcr das einzelne Kind da ist und seine optimale Entwicklung in den Mittelpunkt stellt<\/p><p>\u25aa einen Ort bieten, an dem f\u00fcr das Leben gelernt wird und Kinder stark und lebenst\u00fcchtig werden<\/p><p>\u25aa eine Schule zu gestalten, die in das bayerische Schulsystem integriert ist und dennoch neue Wege geht.<\/p>\t\t\t\t\t\t\t\t<\/div>\n\t\t\t\t<\/div>\n\t\t\t\t<\/div>\n\t\t<div class=\"elementor-element elementor-element-6820d68 e-con-full e-flex e-con e-child\" data-id=\"6820d68\" data-element_type=\"container\" data-e-type=\"container\">\n\t\t\t\t<div class=\"elementor-element elementor-element-436a7fa elementor-widget__width-initial elementor-widget elementor-widget-image\" data-id=\"436a7fa\" data-element_type=\"widget\" data-e-type=\"widget\" data-widget_type=\"image.default\">\n\t\t\t\t<div class=\"elementor-widget-container\">\n\t\t\t\t\t\t\t\t\t\t\t\t\t\t\t<img decoding=\"async\" src=\"https:\/\/schoenstatt.com\/wp-content\/uploads\/2024\/06\/school-escola-kempten-3.jpg\" title=\"\" alt=\"\" loading=\"lazy\" \/>\t\t\t\t\t\t\t\t\t\t\t\t\t\t\t<\/div>\n\t\t\t\t<\/div>\n\t\t\t\t<\/div>\n\t\t\t\t\t<\/div>\n\t\t\t\t<\/div>\n\t\t<div class=\"elementor-element elementor-element-26f9514 e-flex e-con-boxed e-con e-parent\" data-id=\"26f9514\" data-element_type=\"container\" data-e-type=\"container\">\n\t\t\t\t\t<div class=\"e-con-inner\">\n\t\t\t\t<div class=\"elementor-element elementor-element-c4c7a78 elementor-widget-divider--view-line elementor-widget elementor-widget-divider\" data-id=\"c4c7a78\" data-element_type=\"widget\" data-e-type=\"widget\" data-widget_type=\"divider.default\">\n\t\t\t\t<div class=\"elementor-widget-container\">\n\t\t\t\t\t\t\t<div class=\"elementor-divider\">\n\t\t\t<span class=\"elementor-divider-separator\">\n\t\t\t\t\t\t<\/span>\n\t\t<\/div>\n\t\t\t\t\t\t<\/div>\n\t\t\t\t<\/div>\n\t\t\t\t\t<\/div>\n\t\t\t\t<\/div>\n\t\t<div class=\"elementor-element elementor-element-6a163b5 e-flex e-con-boxed e-con e-parent\" data-id=\"6a163b5\" data-element_type=\"container\" data-e-type=\"container\">\n\t\t\t\t\t<div class=\"e-con-inner\">\n\t\t<div class=\"elementor-element elementor-element-535cf8a e-con-full e-flex e-con e-child\" data-id=\"535cf8a\" data-element_type=\"container\" data-e-type=\"container\">\n\t\t\t\t<div class=\"elementor-element elementor-element-c45ea5f elementor-widget__width-initial elementor-widget elementor-widget-image\" data-id=\"c45ea5f\" data-element_type=\"widget\" data-e-type=\"widget\" data-widget_type=\"image.default\">\n\t\t\t\t<div class=\"elementor-widget-container\">\n\t\t\t\t\t\t\t\t\t\t\t\t\t\t\t<img decoding=\"async\" src=\"https:\/\/schoenstatt.com\/wp-content\/uploads\/2024\/06\/school-escola-kempten-4.jpg\" title=\"\" alt=\"\" loading=\"lazy\" \/>\t\t\t\t\t\t\t\t\t\t\t\t\t\t\t<\/div>\n\t\t\t\t<\/div>\n\t\t\t\t<\/div>\n\t\t<div class=\"elementor-element elementor-element-3087bb4 e-con-full e-flex e-con e-child\" data-id=\"3087bb4\" data-element_type=\"container\" data-e-type=\"container\">\n\t\t\t\t<div class=\"elementor-element elementor-element-2ac68a1 elementor-widget elementor-widget-text-editor\" data-id=\"2ac68a1\" data-element_type=\"widget\" data-e-type=\"widget\" data-widget_type=\"text-editor.default\">\n\t\t\t\t<div class=\"elementor-widget-container\">\n\t\t\t\t\t\t\t\t\t<p>Viele H\u00fcrden mussten \u00fcberwunden werden, bis 2012 der Schulbetrieb aufgenommen<br>werden konnte.<br>Die neue Homepage der Schule steht unter dem Motto \u201eDenn Bildung ist mehr\u201c.<br>In Workshops arbeiten Eltern, Lehrer und Mitglieder des Schultr\u00e4gervereins gemeinsam an der Schulentwicklung.<br>Derzeit bem\u00fcht sich die Schule in Zusammenarbeit mit den Eltern um die Auszeichnung \u201eUmweltschule in Europa \u2013 Internationale Nachhaltigkeitsschule\u201c.   <\/p><p>Die T\u00fcren der Schule stehen Besuchern offen. Die Josef-Kentenich-Schule freut sich auf<br>Praktikanten und Lehrer aus der Sch\u00f6nstattbewegung, die f\u00fcr k\u00fcrzere oder l\u00e4ngere Zeit an der Schule mitarbeiten m\u00f6chten. <\/p>\t\t\t\t\t\t\t\t<\/div>\n\t\t\t\t<\/div>\n\t\t\t\t<\/div>\n\t\t\t\t\t<\/div>\n\t\t\t\t<\/div>\n\t\t<div class=\"elementor-element elementor-element-8ee7982 e-flex e-con-boxed e-con e-parent\" data-id=\"8ee7982\" data-element_type=\"container\" data-e-type=\"container\">\n\t\t\t\t\t<div class=\"e-con-inner\">\n\t\t\t\t<div class=\"elementor-element elementor-element-1d6966b elementor-cta--layout-image-left elementor-cta--skin-classic elementor-animated-content elementor-bg-transform elementor-bg-transform-zoom-in elementor-widget elementor-widget-call-to-action\" data-id=\"1d6966b\" data-element_type=\"widget\" data-e-type=\"widget\" data-widget_type=\"call-to-action.default\">\n\t\t\t\t<div class=\"elementor-widget-container\">\n\t\t\t\t\t\t\t<div class=\"elementor-cta\">\n\t\t\t\t\t<div class=\"elementor-cta__bg-wrapper\">\n\t\t\t\t<div class=\"elementor-cta__bg elementor-bg\" style=\"background-image: url(https:\/\/schoenstatt.com\/wp-content\/uploads\/2024\/06\/school-escola-kempten-5.jpg);\" role=\"img\" aria-label=\"\"><\/div>\n\t\t\t\t<div class=\"elementor-cta__bg-overlay\"><\/div>\n\t\t\t<\/div>\n\t\t\t\t\t\t\t<div class=\"elementor-cta__content\">\n\t\t\t\t\n\t\t\t\t\t\t\t\t\t<h2 class=\"elementor-cta__title elementor-cta__content-item elementor-content-item\">\n\t\t\t\t\t\tWeitere Informationen finden Sie unter:\t\t\t\t\t<\/h2>\n\t\t\t\t\n\t\t\t\t\t\t\t\t\t<div class=\"elementor-cta__description elementor-cta__content-item elementor-content-item\">\n\t\t\t\t\t\tJosef-Kentenich-Schule Feldweg 1 | 87437 Kempten, Germany\nTel: +49 831 512 565 30\nwww.kentenich-schule.de\t\t\t\t\t<\/div>\n\t\t\t\t\n\t\t\t\t\t\t\t\t\t<div class=\"elementor-cta__button-wrapper elementor-cta__content-item elementor-content-item \">\n\t\t\t\t\t<a class=\"elementor-cta__button elementor-button elementor-size-\" href=\"mailto:info@kentenich-schule.de\" target=\"_blank\">\n\t\t\t\t\t\tKontakt\t\t\t\t\t<\/a>\n\t\t\t\t\t<\/div>\n\t\t\t\t\t\t\t<\/div>\n\t\t\t\t\t\t<\/div>\n\t\t\t\t\t\t<\/div>\n\t\t\t\t<\/div>\n\t\t\t\t\t<\/div>\n\t\t\t\t<\/div>\n\t\t\t\t<\/div>\n\t\t","protected":false},"excerpt":{"rendered":"<p>Die Josef-Kentenich-Schule in Kempten, Deutschland Die Grundschule in Kempten mit ca. 70 Sch\u00fclern in vier Klassen ist staatlich anerkannt und erf\u00fcllt den staatlichen LehrplanPLUS. Die p\u00e4dagogische Arbeit der Lehrerinnen und Lehrer profitiert von sch\u00f6nen, gut ausgestatteten Schulr\u00e4umen und modernen Unterrichtsmethoden, wie z.B. der Freien Stillarbeit und einem lebensnahen, f\u00e4cher\u00fcbergreifenden Unterricht. Die Kinder sollen Wertsch\u00e4tzung erfahren, [&hellip;]<\/p>\n","protected":false},"author":3,"featured_media":39229,"parent":43730,"menu_order":0,"comment_status":"closed","ping_status":"closed","template":"","meta":{"footnotes":""},"class_list":["post-43728","page","type-page","status-publish","has-post-thumbnail","hentry"],"yoast_head":"<!-- This site is optimized with the Yoast SEO Premium plugin v27.1 (Yoast SEO v27.3) - https:\/\/yoast.com\/product\/yoast-seo-premium-wordpress\/ -->\n<title>Die Josef-Kentenich-Schule in Kempten - Schoenstatt<\/title>\n<meta name=\"description\" content=\"Hier wird die Kentenich-P\u00e4dagogik angewandt, Kinder erfahren Wertsch\u00e4tzung, entwickeln ihre Talente und reifen zu selbstbewussten Pers\u00f6nlichkeiten.\" \/>\n<meta name=\"robots\" content=\"index, follow, max-snippet:-1, max-image-preview:large, max-video-preview:-1\" \/>\n<link rel=\"canonical\" href=\"https:\/\/schoenstatt.com\/de\/in-mission\/paedagogik\/die-josef-kentenich-schule-in-kempten\/\" \/>\n<meta property=\"og:locale\" content=\"de_DE\" \/>\n<meta property=\"og:type\" content=\"article\" \/>\n<meta property=\"og:title\" content=\"Die Josef-Kentenich-Schule in Kempten\" \/>\n<meta property=\"og:description\" content=\"Hier wird die Kentenich-P\u00e4dagogik angewandt, Kinder erfahren Wertsch\u00e4tzung, entwickeln ihre Talente und reifen zu selbstbewussten Pers\u00f6nlichkeiten.\" \/>\n<meta property=\"og:url\" content=\"https:\/\/schoenstatt.com\/de\/in-mission\/paedagogik\/die-josef-kentenich-schule-in-kempten\/\" \/>\n<meta property=\"og:site_name\" content=\"Schoenstatt\" \/>\n<meta property=\"article:modified_time\" content=\"2025-05-27T23:51:32+00:00\" \/>\n<meta property=\"og:image\" content=\"https:\/\/schoenstatt.com\/wp-content\/uploads\/2024\/06\/school-escola-kempten-1.jpg\" \/>\n\t<meta property=\"og:image:width\" content=\"2048\" \/>\n\t<meta property=\"og:image:height\" content=\"624\" \/>\n\t<meta property=\"og:image:type\" content=\"image\/jpeg\" \/>\n<meta name=\"twitter:card\" content=\"summary_large_image\" \/>\n<meta name=\"twitter:label1\" content=\"Gesch\u00e4tzte Lesezeit\" \/>\n\t<meta name=\"twitter:data1\" content=\"2\u00a0Minuten\" \/>\n<script type=\"application\/ld+json\" class=\"yoast-schema-graph\">{\"@context\":\"https:\\\/\\\/schema.org\",\"@graph\":[{\"@type\":\"WebPage\",\"@id\":\"https:\\\/\\\/schoenstatt.com\\\/de\\\/in-mission\\\/paedagogik\\\/die-josef-kentenich-schule-in-kempten\\\/\",\"url\":\"https:\\\/\\\/schoenstatt.com\\\/de\\\/in-mission\\\/paedagogik\\\/die-josef-kentenich-schule-in-kempten\\\/\",\"name\":\"Die Josef-Kentenich-Schule in Kempten - Schoenstatt\",\"isPartOf\":{\"@id\":\"https:\\\/\\\/schoenstatt.com\\\/de\\\/#website\"},\"primaryImageOfPage\":{\"@id\":\"https:\\\/\\\/schoenstatt.com\\\/de\\\/in-mission\\\/paedagogik\\\/die-josef-kentenich-schule-in-kempten\\\/#primaryimage\"},\"image\":{\"@id\":\"https:\\\/\\\/schoenstatt.com\\\/de\\\/in-mission\\\/paedagogik\\\/die-josef-kentenich-schule-in-kempten\\\/#primaryimage\"},\"thumbnailUrl\":\"https:\\\/\\\/schoenstatt.com\\\/wp-content\\\/uploads\\\/2024\\\/06\\\/school-escola-kempten-1.jpg\",\"datePublished\":\"2024-06-29T20:17:22+00:00\",\"dateModified\":\"2025-05-27T23:51:32+00:00\",\"description\":\"Hier wird die Kentenich-P\u00e4dagogik angewandt, Kinder erfahren Wertsch\u00e4tzung, entwickeln ihre Talente und reifen zu selbstbewussten Pers\u00f6nlichkeiten.\",\"breadcrumb\":{\"@id\":\"https:\\\/\\\/schoenstatt.com\\\/de\\\/in-mission\\\/paedagogik\\\/die-josef-kentenich-schule-in-kempten\\\/#breadcrumb\"},\"inLanguage\":\"de\",\"potentialAction\":[{\"@type\":\"ReadAction\",\"target\":[\"https:\\\/\\\/schoenstatt.com\\\/de\\\/in-mission\\\/paedagogik\\\/die-josef-kentenich-schule-in-kempten\\\/\"]}]},{\"@type\":\"ImageObject\",\"inLanguage\":\"de\",\"@id\":\"https:\\\/\\\/schoenstatt.com\\\/de\\\/in-mission\\\/paedagogik\\\/die-josef-kentenich-schule-in-kempten\\\/#primaryimage\",\"url\":\"https:\\\/\\\/schoenstatt.com\\\/wp-content\\\/uploads\\\/2024\\\/06\\\/school-escola-kempten-1.jpg\",\"contentUrl\":\"https:\\\/\\\/schoenstatt.com\\\/wp-content\\\/uploads\\\/2024\\\/06\\\/school-escola-kempten-1.jpg\",\"width\":2048,\"height\":624},{\"@type\":\"BreadcrumbList\",\"@id\":\"https:\\\/\\\/schoenstatt.com\\\/de\\\/in-mission\\\/paedagogik\\\/die-josef-kentenich-schule-in-kempten\\\/#breadcrumb\",\"itemListElement\":[{\"@type\":\"ListItem\",\"position\":1,\"name\":\"Portada\",\"item\":\"https:\\\/\\\/schoenstatt.com\\\/de\\\/home\\\/\"},{\"@type\":\"ListItem\",\"position\":2,\"name\":\"In Mission\",\"item\":\"https:\\\/\\\/schoenstatt.com\\\/de\\\/in-mission\\\/\"},{\"@type\":\"ListItem\",\"position\":3,\"name\":\"P\u00e4dagogik\",\"item\":\"https:\\\/\\\/schoenstatt.com\\\/de\\\/in-mission\\\/paedagogik\\\/\"},{\"@type\":\"ListItem\",\"position\":4,\"name\":\"Die Josef-Kentenich-Schule in Kempten\"}]},{\"@type\":\"WebSite\",\"@id\":\"https:\\\/\\\/schoenstatt.com\\\/de\\\/#website\",\"url\":\"https:\\\/\\\/schoenstatt.com\\\/de\\\/\",\"name\":\"Schoenstatt\",\"description\":\"Apostolic Movement\",\"publisher\":{\"@id\":\"https:\\\/\\\/schoenstatt.com\\\/de\\\/#organization\"},\"potentialAction\":[{\"@type\":\"SearchAction\",\"target\":{\"@type\":\"EntryPoint\",\"urlTemplate\":\"https:\\\/\\\/schoenstatt.com\\\/de\\\/?s={search_term_string}\"},\"query-input\":{\"@type\":\"PropertyValueSpecification\",\"valueRequired\":true,\"valueName\":\"search_term_string\"}}],\"inLanguage\":\"de\"},{\"@type\":\"Organization\",\"@id\":\"https:\\\/\\\/schoenstatt.com\\\/de\\\/#organization\",\"name\":\"Schoenstatt\",\"url\":\"https:\\\/\\\/schoenstatt.com\\\/de\\\/\",\"logo\":{\"@type\":\"ImageObject\",\"inLanguage\":\"de\",\"@id\":\"https:\\\/\\\/schoenstatt.com\\\/de\\\/#\\\/schema\\\/logo\\\/image\\\/\",\"url\":\"https:\\\/\\\/schoenstatt.com\\\/wp-content\\\/uploads\\\/2025\\\/04\\\/logo-schoenstatt-white-696x696-1.png\",\"contentUrl\":\"https:\\\/\\\/schoenstatt.com\\\/wp-content\\\/uploads\\\/2025\\\/04\\\/logo-schoenstatt-white-696x696-1.png\",\"width\":696,\"height\":694,\"caption\":\"Schoenstatt\"},\"image\":{\"@id\":\"https:\\\/\\\/schoenstatt.com\\\/de\\\/#\\\/schema\\\/logo\\\/image\\\/\"}}]}<\/script>\n<!-- \/ Yoast SEO Premium plugin. -->","yoast_head_json":{"title":"Die Josef-Kentenich-Schule in Kempten - Schoenstatt","description":"Hier wird die Kentenich-P\u00e4dagogik angewandt, Kinder erfahren Wertsch\u00e4tzung, entwickeln ihre Talente und reifen zu selbstbewussten Pers\u00f6nlichkeiten.","robots":{"index":"index","follow":"follow","max-snippet":"max-snippet:-1","max-image-preview":"max-image-preview:large","max-video-preview":"max-video-preview:-1"},"canonical":"https:\/\/schoenstatt.com\/de\/in-mission\/paedagogik\/die-josef-kentenich-schule-in-kempten\/","og_locale":"de_DE","og_type":"article","og_title":"Die Josef-Kentenich-Schule in Kempten","og_description":"Hier wird die Kentenich-P\u00e4dagogik angewandt, Kinder erfahren Wertsch\u00e4tzung, entwickeln ihre Talente und reifen zu selbstbewussten Pers\u00f6nlichkeiten.","og_url":"https:\/\/schoenstatt.com\/de\/in-mission\/paedagogik\/die-josef-kentenich-schule-in-kempten\/","og_site_name":"Schoenstatt","article_modified_time":"2025-05-27T23:51:32+00:00","og_image":[{"width":2048,"height":624,"url":"https:\/\/schoenstatt.com\/wp-content\/uploads\/2024\/06\/school-escola-kempten-1.jpg","type":"image\/jpeg"}],"twitter_card":"summary_large_image","twitter_misc":{"Gesch\u00e4tzte Lesezeit":"2\u00a0Minuten"},"schema":{"@context":"https:\/\/schema.org","@graph":[{"@type":"WebPage","@id":"https:\/\/schoenstatt.com\/de\/in-mission\/paedagogik\/die-josef-kentenich-schule-in-kempten\/","url":"https:\/\/schoenstatt.com\/de\/in-mission\/paedagogik\/die-josef-kentenich-schule-in-kempten\/","name":"Die Josef-Kentenich-Schule in Kempten - Schoenstatt","isPartOf":{"@id":"https:\/\/schoenstatt.com\/de\/#website"},"primaryImageOfPage":{"@id":"https:\/\/schoenstatt.com\/de\/in-mission\/paedagogik\/die-josef-kentenich-schule-in-kempten\/#primaryimage"},"image":{"@id":"https:\/\/schoenstatt.com\/de\/in-mission\/paedagogik\/die-josef-kentenich-schule-in-kempten\/#primaryimage"},"thumbnailUrl":"https:\/\/schoenstatt.com\/wp-content\/uploads\/2024\/06\/school-escola-kempten-1.jpg","datePublished":"2024-06-29T20:17:22+00:00","dateModified":"2025-05-27T23:51:32+00:00","description":"Hier wird die Kentenich-P\u00e4dagogik angewandt, Kinder erfahren Wertsch\u00e4tzung, entwickeln ihre Talente und reifen zu selbstbewussten Pers\u00f6nlichkeiten.","breadcrumb":{"@id":"https:\/\/schoenstatt.com\/de\/in-mission\/paedagogik\/die-josef-kentenich-schule-in-kempten\/#breadcrumb"},"inLanguage":"de","potentialAction":[{"@type":"ReadAction","target":["https:\/\/schoenstatt.com\/de\/in-mission\/paedagogik\/die-josef-kentenich-schule-in-kempten\/"]}]},{"@type":"ImageObject","inLanguage":"de","@id":"https:\/\/schoenstatt.com\/de\/in-mission\/paedagogik\/die-josef-kentenich-schule-in-kempten\/#primaryimage","url":"https:\/\/schoenstatt.com\/wp-content\/uploads\/2024\/06\/school-escola-kempten-1.jpg","contentUrl":"https:\/\/schoenstatt.com\/wp-content\/uploads\/2024\/06\/school-escola-kempten-1.jpg","width":2048,"height":624},{"@type":"BreadcrumbList","@id":"https:\/\/schoenstatt.com\/de\/in-mission\/paedagogik\/die-josef-kentenich-schule-in-kempten\/#breadcrumb","itemListElement":[{"@type":"ListItem","position":1,"name":"Portada","item":"https:\/\/schoenstatt.com\/de\/home\/"},{"@type":"ListItem","position":2,"name":"In Mission","item":"https:\/\/schoenstatt.com\/de\/in-mission\/"},{"@type":"ListItem","position":3,"name":"P\u00e4dagogik","item":"https:\/\/schoenstatt.com\/de\/in-mission\/paedagogik\/"},{"@type":"ListItem","position":4,"name":"Die Josef-Kentenich-Schule in Kempten"}]},{"@type":"WebSite","@id":"https:\/\/schoenstatt.com\/de\/#website","url":"https:\/\/schoenstatt.com\/de\/","name":"Schoenstatt","description":"Apostolic Movement","publisher":{"@id":"https:\/\/schoenstatt.com\/de\/#organization"},"potentialAction":[{"@type":"SearchAction","target":{"@type":"EntryPoint","urlTemplate":"https:\/\/schoenstatt.com\/de\/?s={search_term_string}"},"query-input":{"@type":"PropertyValueSpecification","valueRequired":true,"valueName":"search_term_string"}}],"inLanguage":"de"},{"@type":"Organization","@id":"https:\/\/schoenstatt.com\/de\/#organization","name":"Schoenstatt","url":"https:\/\/schoenstatt.com\/de\/","logo":{"@type":"ImageObject","inLanguage":"de","@id":"https:\/\/schoenstatt.com\/de\/#\/schema\/logo\/image\/","url":"https:\/\/schoenstatt.com\/wp-content\/uploads\/2025\/04\/logo-schoenstatt-white-696x696-1.png","contentUrl":"https:\/\/schoenstatt.com\/wp-content\/uploads\/2025\/04\/logo-schoenstatt-white-696x696-1.png","width":696,"height":694,"caption":"Schoenstatt"},"image":{"@id":"https:\/\/schoenstatt.com\/de\/#\/schema\/logo\/image\/"}}]}},"_links":{"self":[{"href":"https:\/\/schoenstatt.com\/de\/wp-json\/wp\/v2\/pages\/43728","targetHints":{"allow":["GET"]}}],"collection":[{"href":"https:\/\/schoenstatt.com\/de\/wp-json\/wp\/v2\/pages"}],"about":[{"href":"https:\/\/schoenstatt.com\/de\/wp-json\/wp\/v2\/types\/page"}],"author":[{"embeddable":true,"href":"https:\/\/schoenstatt.com\/de\/wp-json\/wp\/v2\/users\/3"}],"replies":[{"embeddable":true,"href":"https:\/\/schoenstatt.com\/de\/wp-json\/wp\/v2\/comments?post=43728"}],"version-history":[{"count":3,"href":"https:\/\/schoenstatt.com\/de\/wp-json\/wp\/v2\/pages\/43728\/revisions"}],"predecessor-version":[{"id":58327,"href":"https:\/\/schoenstatt.com\/de\/wp-json\/wp\/v2\/pages\/43728\/revisions\/58327"}],"up":[{"embeddable":true,"href":"https:\/\/schoenstatt.com\/de\/wp-json\/wp\/v2\/pages\/43730"}],"wp:featuredmedia":[{"embeddable":true,"href":"https:\/\/schoenstatt.com\/de\/wp-json\/wp\/v2\/media\/39229"}],"wp:attachment":[{"href":"https:\/\/schoenstatt.com\/de\/wp-json\/wp\/v2\/media?parent=43728"}],"curies":[{"name":"wp","href":"https:\/\/api.w.org\/{rel}","templated":true}]}}