{"id":43677,"date":"2024-06-27T01:30:16","date_gmt":"2024-06-26T23:30:16","guid":{"rendered":"https:\/\/schoenstatt.com\/in-mission\/kirche\/maenner-rosenkranz-mutter-und-koenigin-in-brasilien\/"},"modified":"2025-05-27T04:25:11","modified_gmt":"2025-05-27T02:25:11","slug":"maenner-rosenkranz-mutter-und-koenigin-in-brasilien","status":"publish","type":"page","link":"https:\/\/schoenstatt.com\/de\/in-mission\/kirche\/maenner-rosenkranz-mutter-und-koenigin-in-brasilien\/","title":{"rendered":"M\u00e4nner-Rosenkranz \u201eMutter und K\u00f6nigin\u201c in Brasilien"},"content":{"rendered":"\t\t<div data-elementor-type=\"wp-page\" data-elementor-id=\"43677\" class=\"elementor elementor-43677 elementor-39137\" data-elementor-post-type=\"page\">\n\t\t\t\t<div class=\"elementor-element elementor-element-1bdd3cee e-flex e-con-boxed e-con e-parent\" data-id=\"1bdd3cee\" data-element_type=\"container\" data-e-type=\"container\" data-settings=\"{&quot;background_background&quot;:&quot;classic&quot;}\">\n\t\t\t\t\t<div class=\"e-con-inner\">\n\t\t<div class=\"elementor-element elementor-element-24cd956e e-flex e-con-boxed e-con e-child\" data-id=\"24cd956e\" data-element_type=\"container\" data-e-type=\"container\">\n\t\t\t\t\t<div class=\"e-con-inner\">\n\t\t\t\t\t<\/div>\n\t\t\t\t<\/div>\n\t\t\t\t\t<\/div>\n\t\t\t\t<\/div>\n\t\t<div class=\"elementor-element elementor-element-49f0b6d e-flex e-con-boxed e-con e-parent\" data-id=\"49f0b6d\" data-element_type=\"container\" data-e-type=\"container\">\n\t\t\t\t\t<div class=\"e-con-inner\">\n\t\t<div class=\"elementor-element elementor-element-b882a06 e-con-full e-flex e-con e-child\" data-id=\"b882a06\" data-element_type=\"container\" data-e-type=\"container\">\n\t\t\t\t<div class=\"elementor-element elementor-element-d05b4dc elementor-widget elementor-widget-image\" data-id=\"d05b4dc\" data-element_type=\"widget\" data-e-type=\"widget\" data-widget_type=\"image.default\">\n\t\t\t\t<div class=\"elementor-widget-container\">\n\t\t\t\t\t\t\t\t\t\t\t\t\t\t\t<img fetchpriority=\"high\" decoding=\"async\" width=\"2048\" height=\"1365\" src=\"https:\/\/schoenstatt.com\/wp-content\/uploads\/2024\/06\/mens-rosary-terco-dos-homens-rosario-de-hombres-4-1.jpg\" class=\"attachment-large size-large wp-image-58145\" alt=\"\" srcset=\"https:\/\/schoenstatt.com\/wp-content\/uploads\/2024\/06\/mens-rosary-terco-dos-homens-rosario-de-hombres-4-1.jpg 2048w, https:\/\/schoenstatt.com\/wp-content\/uploads\/2024\/06\/mens-rosary-terco-dos-homens-rosario-de-hombres-4-1-768x512.jpg 768w, https:\/\/schoenstatt.com\/wp-content\/uploads\/2024\/06\/mens-rosary-terco-dos-homens-rosario-de-hombres-4-1-1536x1024.jpg 1536w\" sizes=\"(max-width: 2048px) 100vw, 2048px\" \/>\t\t\t\t\t\t\t\t\t\t\t\t\t\t\t<\/div>\n\t\t\t\t<\/div>\n\t\t\t\t<\/div>\n\t\t<div class=\"elementor-element elementor-element-a8ff26b e-con-full e-flex e-con e-child\" data-id=\"a8ff26b\" data-element_type=\"container\" data-e-type=\"container\">\n\t\t\t\t<div class=\"elementor-element elementor-element-76e9971 elementor-widget elementor-widget-heading\" data-id=\"76e9971\" data-element_type=\"widget\" data-e-type=\"widget\" data-widget_type=\"heading.default\">\n\t\t\t\t<div class=\"elementor-widget-container\">\n\t\t\t\t\t<h2 class=\"elementor-heading-title elementor-size-default\">M\u00e4nner-Rosenkranz \u201eMutter und K\u00f6nigin\u201c in Brasilien<\/h2>\t\t\t\t<\/div>\n\t\t\t\t<\/div>\n\t\t\t\t<div class=\"elementor-element elementor-element-cc93646 elementor-widget elementor-widget-text-editor\" data-id=\"cc93646\" data-element_type=\"widget\" data-e-type=\"widget\" data-widget_type=\"text-editor.default\">\n\t\t\t\t<div class=\"elementor-widget-container\">\n\t\t\t\t\t\t\t\t\t<p>Der Rosenkranz der M\u00e4nner \u201eMutter und K\u00f6nigin\u201c ist ein Apostolat, das 1997 in Brasilien begann und jede Woche eine gro\u00dfe Zahl von M\u00e4nnern zusammenbringt, um den Rosenkranz zu beten. Sie treffen sich in kleinen und gro\u00dfen Gruppen, die in vielen Pfarreien des Landes vertreten sind. Nach Angaben des Nationalsekretariats gibt es in Brasilien mehr als eine Million Mitglieder des Rosenkranzes der Mutter und K\u00f6nigin. Daten des Nationalen Sekretariats zeigen, dass mehr als 1 Million Mitglieder dem M\u00e4nnerrosenkranz \u201eMutter und K\u00f6nigin\u201c in Brasilien angeh\u00f6ren.  <\/p><p>Das Ziel dieses Apostolates ist es, Menschen zu versammeln, um den Rosenkranz f\u00fcr die Heiligung der Familie zu beten, aber auch ein Werkzeug der pers\u00f6nlichen Evangelisierung zu sein, d.h. von Mensch zu Mensch, und zusammen mit der Ortskirche den anderen Diensten der Pfarrei zu dienen.<\/p>\t\t\t\t\t\t\t\t<\/div>\n\t\t\t\t<\/div>\n\t\t\t\t<\/div>\n\t\t\t\t\t<\/div>\n\t\t\t\t<\/div>\n\t\t<div class=\"elementor-element elementor-element-a16a7df e-flex e-con-boxed e-con e-parent\" data-id=\"a16a7df\" data-element_type=\"container\" data-e-type=\"container\">\n\t\t\t\t\t<div class=\"e-con-inner\">\n\t\t\t\t<div class=\"elementor-element elementor-element-f62f7d7 elementor-widget-divider--view-line elementor-widget elementor-widget-divider\" data-id=\"f62f7d7\" data-element_type=\"widget\" data-e-type=\"widget\" data-widget_type=\"divider.default\">\n\t\t\t\t<div class=\"elementor-widget-container\">\n\t\t\t\t\t\t\t<div class=\"elementor-divider\">\n\t\t\t<span class=\"elementor-divider-separator\">\n\t\t\t\t\t\t<\/span>\n\t\t<\/div>\n\t\t\t\t\t\t<\/div>\n\t\t\t\t<\/div>\n\t\t\t\t\t<\/div>\n\t\t\t\t<\/div>\n\t\t<div class=\"elementor-element elementor-element-29f7917 e-flex e-con-boxed e-con e-parent\" data-id=\"29f7917\" data-element_type=\"container\" data-e-type=\"container\">\n\t\t\t\t\t<div class=\"e-con-inner\">\n\t\t<div class=\"elementor-element elementor-element-5fc6ea8 e-con-full e-flex e-con e-child\" data-id=\"5fc6ea8\" data-element_type=\"container\" data-e-type=\"container\">\n\t\t\t\t<div class=\"elementor-element elementor-element-512cadc elementor-widget elementor-widget-text-editor\" data-id=\"512cadc\" data-element_type=\"widget\" data-e-type=\"widget\" data-widget_type=\"text-editor.default\">\n\t\t\t\t<div class=\"elementor-widget-container\">\n\t\t\t\t\t\t\t\t\t<p>Die Statistiken und die Zeugnisse zeigen, dass sich viele Familien ver\u00e4ndert haben, weil in ihren H\u00e4usern eine Erneuerung stattgefunden hat. Viele Menschen sind ins kirchliche Leben zur\u00fcckgekehrt und haben ihr Christsein mit Engagement neu angenommen. Viele haben sich von S\u00fcchten wie Alkohol und Drogen abgewandt und sind zu Protagonisten des kirchlichen Lebens geworden.  <\/p>\t\t\t\t\t\t\t\t<\/div>\n\t\t\t\t<\/div>\n\t\t\t\t<\/div>\n\t\t<div class=\"elementor-element elementor-element-a2ac17d e-con-full e-flex e-con e-child\" data-id=\"a2ac17d\" data-element_type=\"container\" data-e-type=\"container\">\n\t\t\t\t<div class=\"elementor-element elementor-element-f734b20 elementor-widget elementor-widget-image\" data-id=\"f734b20\" data-element_type=\"widget\" data-e-type=\"widget\" data-widget_type=\"image.default\">\n\t\t\t\t<div class=\"elementor-widget-container\">\n\t\t\t\t\t\t\t\t\t\t\t\t\t\t\t<img decoding=\"async\" width=\"2048\" height=\"1152\" src=\"https:\/\/schoenstatt.com\/wp-content\/uploads\/2024\/06\/mens-rosary-terco-dos-homens-rosario-de-hombres-7-scaled-1.jpg\" class=\"attachment-large size-large wp-image-58148\" alt=\"\" srcset=\"https:\/\/schoenstatt.com\/wp-content\/uploads\/2024\/06\/mens-rosary-terco-dos-homens-rosario-de-hombres-7-scaled-1.jpg 2048w, https:\/\/schoenstatt.com\/wp-content\/uploads\/2024\/06\/mens-rosary-terco-dos-homens-rosario-de-hombres-7-scaled-1-768x432.jpg 768w, https:\/\/schoenstatt.com\/wp-content\/uploads\/2024\/06\/mens-rosary-terco-dos-homens-rosario-de-hombres-7-scaled-1-1536x864.jpg 1536w\" sizes=\"(max-width: 2048px) 100vw, 2048px\" \/>\t\t\t\t\t\t\t\t\t\t\t\t\t\t\t<\/div>\n\t\t\t\t<\/div>\n\t\t\t\t<\/div>\n\t\t\t\t\t<\/div>\n\t\t\t\t<\/div>\n\t\t<div class=\"elementor-element elementor-element-8234976 e-flex e-con-boxed e-con e-parent\" data-id=\"8234976\" data-element_type=\"container\" data-e-type=\"container\">\n\t\t\t\t\t<div class=\"e-con-inner\">\n\t\t<div class=\"elementor-element elementor-element-59a3bff e-con-full e-flex e-con e-child\" data-id=\"59a3bff\" data-element_type=\"container\" data-e-type=\"container\">\n\t\t\t\t<div class=\"elementor-element elementor-element-b562479 elementor-widget elementor-widget-image\" data-id=\"b562479\" data-element_type=\"widget\" data-e-type=\"widget\" data-widget_type=\"image.default\">\n\t\t\t\t<div class=\"elementor-widget-container\">\n\t\t\t\t\t\t\t\t\t\t\t\t\t\t\t<img decoding=\"async\" width=\"2048\" height=\"1152\" src=\"https:\/\/schoenstatt.com\/wp-content\/uploads\/2024\/06\/mens-rosary-terco-dos-homens-rosario-de-hombres-6-scaled-1.jpg\" class=\"attachment-large size-large wp-image-58147\" alt=\"\" srcset=\"https:\/\/schoenstatt.com\/wp-content\/uploads\/2024\/06\/mens-rosary-terco-dos-homens-rosario-de-hombres-6-scaled-1.jpg 2048w, https:\/\/schoenstatt.com\/wp-content\/uploads\/2024\/06\/mens-rosary-terco-dos-homens-rosario-de-hombres-6-scaled-1-768x432.jpg 768w, https:\/\/schoenstatt.com\/wp-content\/uploads\/2024\/06\/mens-rosary-terco-dos-homens-rosario-de-hombres-6-scaled-1-1536x864.jpg 1536w\" sizes=\"(max-width: 2048px) 100vw, 2048px\" \/>\t\t\t\t\t\t\t\t\t\t\t\t\t\t\t<\/div>\n\t\t\t\t<\/div>\n\t\t\t\t<div class=\"elementor-element elementor-element-f8c48cb elementor-widget elementor-widget-image\" data-id=\"f8c48cb\" data-element_type=\"widget\" data-e-type=\"widget\" data-widget_type=\"image.default\">\n\t\t\t\t<div class=\"elementor-widget-container\">\n\t\t\t\t\t\t\t\t\t\t\t\t\t\t\t<img loading=\"lazy\" decoding=\"async\" width=\"960\" height=\"640\" src=\"https:\/\/schoenstatt.com\/wp-content\/uploads\/2024\/06\/mens-rosary-terco-dos-homens-rosario-de-hombres-5-1.jpg\" class=\"attachment-large size-large wp-image-58146\" alt=\"\" srcset=\"https:\/\/schoenstatt.com\/wp-content\/uploads\/2024\/06\/mens-rosary-terco-dos-homens-rosario-de-hombres-5-1.jpg 960w, https:\/\/schoenstatt.com\/wp-content\/uploads\/2024\/06\/mens-rosary-terco-dos-homens-rosario-de-hombres-5-1-768x512.jpg 768w\" sizes=\"(max-width: 960px) 100vw, 960px\" \/>\t\t\t\t\t\t\t\t\t\t\t\t\t\t\t<\/div>\n\t\t\t\t<\/div>\n\t\t\t\t<\/div>\n\t\t<div class=\"elementor-element elementor-element-1bc5e3a e-con-full e-flex e-con e-child\" data-id=\"1bc5e3a\" data-element_type=\"container\" data-e-type=\"container\">\n\t\t\t\t<div class=\"elementor-element elementor-element-835b3a5 elementor-widget elementor-widget-heading\" data-id=\"835b3a5\" data-element_type=\"widget\" data-e-type=\"widget\" data-widget_type=\"heading.default\">\n\t\t\t\t<div class=\"elementor-widget-container\">\n\t\t\t\t\t<h2 class=\"elementor-heading-title elementor-size-default\">Wie ist es dazu gekommen?<\/h2>\t\t\t\t<\/div>\n\t\t\t\t<\/div>\n\t\t\t\t<div class=\"elementor-element elementor-element-e44b74f elementor-widget elementor-widget-text-editor\" data-id=\"e44b74f\" data-element_type=\"widget\" data-e-type=\"widget\" data-widget_type=\"text-editor.default\">\n\t\t\t\t<div class=\"elementor-widget-container\">\n\t\t\t\t\t\t\t\t\t<p>Eine kleine Gruppe von M\u00e4nnern betete auf der Stra\u00dfe den Rosenkranz, w\u00e4hrend ihre Frauen an den Treffen der Kampagne der Pilgernden Gottesmutter teilnahmen: Das war das Zeichen der g\u00f6ttlichen Vorsehung am Anfang von allem. Diese Gruppe hatte keine Kontinuit\u00e4t, aber sie inspirierte den Beginn des M\u00e4nner-Rosenkranzes in Brasilien. <\/p><p>Es war die erste Saat des M\u00e4nner-Rosenkranzes der Mutter und K\u00f6nigin auf Pfarrebene, in der Pfarrei Jaboat\u00e3o, Guarapes, im Bundesstaat Pernambuco. Pater Jos\u00e9 Pontes vom S\u00e4kularinstitut der Sch\u00f6nstatt-Patres, der von dieser Initiative geh\u00f6rt hatte, beschloss, sie im Heiligtum der Neuevangelisierung in der Di\u00f6zese Olinda-Recife\/PE auszuprobieren. Der Rosenkranz begann seine gro\u00dfe Entwicklung, indem er in die Aktivit\u00e4ten des Heiligtums integriert wurde und so seine Fruchtbarkeit und die Kraft des Sch\u00f6nstatt-Charismas steigerte. <\/p><p>Diese Initiative eroberte die Massen, strahlte Gnaden aus wie nie zuvor, f\u00fcllte die Kirchen und Kapellen mit Menschen und erreichte eine gro\u00dfe Zahl von Mitgliedern, die sich w\u00f6chentlich treffen, um den Rosenkranz zu beten und zu lernen, die Geheimnisse des Rosenkranzes im Alltag zu leben.<\/p><p>Das Wichtigste ist, dass der Mann beim Rosenkranz beten lernt, die m\u00e4nnliche Art der Beziehung zu Gott zu entwickeln.<\/p>\t\t\t\t\t\t\t\t<\/div>\n\t\t\t\t<\/div>\n\t\t\t\t<\/div>\n\t\t\t\t\t<\/div>\n\t\t\t\t<\/div>\n\t\t\t\t<\/div>\n\t\t","protected":false},"excerpt":{"rendered":"<p>M\u00e4nner-Rosenkranz \u201eMutter und K\u00f6nigin\u201c in Brasilien Der Rosenkranz der M\u00e4nner \u201eMutter und K\u00f6nigin\u201c ist ein Apostolat, das 1997 in Brasilien begann und jede Woche eine gro\u00dfe Zahl von M\u00e4nnern zusammenbringt, um den Rosenkranz zu beten. Sie treffen sich in kleinen und gro\u00dfen Gruppen, die in vielen Pfarreien des Landes vertreten sind. Nach Angaben des Nationalsekretariats [&hellip;]<\/p>\n","protected":false},"author":3,"featured_media":39146,"parent":39698,"menu_order":0,"comment_status":"closed","ping_status":"closed","template":"","meta":{"footnotes":""},"class_list":["post-43677","page","type-page","status-publish","has-post-thumbnail","hentry"],"yoast_head":"<!-- This site is optimized with the Yoast SEO Premium plugin v27.4 (Yoast SEO v27.4) - https:\/\/yoast.com\/product\/yoast-seo-premium-wordpress\/ -->\n<title>M\u00e4nner-Rosenkranz \u201eMutter und K\u00f6nigin\u201c in Brasilien - Schoenstatt<\/title>\n<meta name=\"description\" content=\"Ein Apostolat, das 1997 in Brasilien begann und jede Woche eine gro\u00dfe Anzahl von M\u00e4nnern zum Rosenkranzgebet zusammenbringt.\" \/>\n<meta name=\"robots\" content=\"index, follow, max-snippet:-1, max-image-preview:large, max-video-preview:-1\" \/>\n<link rel=\"canonical\" href=\"https:\/\/schoenstatt.com\/de\/in-mission\/kirche\/maenner-rosenkranz-mutter-und-koenigin-in-brasilien\/\" \/>\n<meta property=\"og:locale\" content=\"de_DE\" \/>\n<meta property=\"og:type\" content=\"article\" \/>\n<meta property=\"og:title\" content=\"M\u00e4nner-Rosenkranz \u201eMutter und K\u00f6nigin\u201c in Brasilien\" \/>\n<meta property=\"og:description\" content=\"Ein Apostolat, das 1997 in Brasilien begann und jede Woche eine gro\u00dfe Anzahl von M\u00e4nnern zum Rosenkranzgebet zusammenbringt.\" \/>\n<meta property=\"og:url\" content=\"https:\/\/schoenstatt.com\/de\/in-mission\/kirche\/maenner-rosenkranz-mutter-und-koenigin-in-brasilien\/\" \/>\n<meta property=\"og:site_name\" content=\"Schoenstatt\" \/>\n<meta property=\"article:modified_time\" content=\"2025-05-27T02:25:11+00:00\" \/>\n<meta property=\"og:image\" content=\"https:\/\/schoenstatt.com\/wp-content\/uploads\/2024\/06\/mens-rosary-terco-dos-homens-rosario-de-hombres-3-1.jpg\" \/>\n\t<meta property=\"og:image:width\" content=\"2048\" \/>\n\t<meta property=\"og:image:height\" content=\"774\" \/>\n\t<meta property=\"og:image:type\" content=\"image\/jpeg\" \/>\n<meta name=\"twitter:card\" content=\"summary_large_image\" \/>\n<meta name=\"twitter:label1\" content=\"Gesch\u00e4tzte Lesezeit\" \/>\n\t<meta name=\"twitter:data1\" content=\"2\u00a0Minuten\" \/>\n<script type=\"application\/ld+json\" class=\"yoast-schema-graph\">{\"@context\":\"https:\\\/\\\/schema.org\",\"@graph\":[{\"@type\":\"WebPage\",\"@id\":\"https:\\\/\\\/schoenstatt.com\\\/de\\\/in-mission\\\/kirche\\\/maenner-rosenkranz-mutter-und-koenigin-in-brasilien\\\/\",\"url\":\"https:\\\/\\\/schoenstatt.com\\\/de\\\/in-mission\\\/kirche\\\/maenner-rosenkranz-mutter-und-koenigin-in-brasilien\\\/\",\"name\":\"M\u00e4nner-Rosenkranz \u201eMutter und K\u00f6nigin\u201c in Brasilien - Schoenstatt\",\"isPartOf\":{\"@id\":\"https:\\\/\\\/schoenstatt.com\\\/de\\\/#website\"},\"primaryImageOfPage\":{\"@id\":\"https:\\\/\\\/schoenstatt.com\\\/de\\\/in-mission\\\/kirche\\\/maenner-rosenkranz-mutter-und-koenigin-in-brasilien\\\/#primaryimage\"},\"image\":{\"@id\":\"https:\\\/\\\/schoenstatt.com\\\/de\\\/in-mission\\\/kirche\\\/maenner-rosenkranz-mutter-und-koenigin-in-brasilien\\\/#primaryimage\"},\"thumbnailUrl\":\"https:\\\/\\\/schoenstatt.com\\\/wp-content\\\/uploads\\\/2024\\\/06\\\/mens-rosary-terco-dos-homens-rosario-de-hombres-3-1.jpg\",\"datePublished\":\"2024-06-26T23:30:16+00:00\",\"dateModified\":\"2025-05-27T02:25:11+00:00\",\"description\":\"Ein Apostolat, das 1997 in Brasilien begann und jede Woche eine gro\u00dfe Anzahl von M\u00e4nnern zum Rosenkranzgebet zusammenbringt.\",\"breadcrumb\":{\"@id\":\"https:\\\/\\\/schoenstatt.com\\\/de\\\/in-mission\\\/kirche\\\/maenner-rosenkranz-mutter-und-koenigin-in-brasilien\\\/#breadcrumb\"},\"inLanguage\":\"de\",\"potentialAction\":[{\"@type\":\"ReadAction\",\"target\":[\"https:\\\/\\\/schoenstatt.com\\\/de\\\/in-mission\\\/kirche\\\/maenner-rosenkranz-mutter-und-koenigin-in-brasilien\\\/\"]}]},{\"@type\":\"ImageObject\",\"inLanguage\":\"de\",\"@id\":\"https:\\\/\\\/schoenstatt.com\\\/de\\\/in-mission\\\/kirche\\\/maenner-rosenkranz-mutter-und-koenigin-in-brasilien\\\/#primaryimage\",\"url\":\"https:\\\/\\\/schoenstatt.com\\\/wp-content\\\/uploads\\\/2024\\\/06\\\/mens-rosary-terco-dos-homens-rosario-de-hombres-3-1.jpg\",\"contentUrl\":\"https:\\\/\\\/schoenstatt.com\\\/wp-content\\\/uploads\\\/2024\\\/06\\\/mens-rosary-terco-dos-homens-rosario-de-hombres-3-1.jpg\",\"width\":2048,\"height\":774,\"caption\":\"AC Bscale(2.0) Dscale(2.0) enhenced_level(-6) isOutdoor(0) result(0) FM0 FC100110011:zzzzzz012 82 00 0 05f02fe45031e1040 92410a21a 14 0256105242 0 0 0 0 0 0 0 0242c181c164 06b 0231c17fc186 06b 0220c17dc171 0 c 020fc17cc146 06e 01fec17bc12c 06b 01edc170c11a 06b 01dcc150c0f0 06b 01edc130c0cc 06b 01fec15cc0e1 06b 020fc178c0f4 06b 0230c182c101 06b 0236c17bc105 06b 023cc17dc10a 06b 0242c180c113 06b 0248c184c115 06b 024ec18ac115 06b 0248c18ac113 06b 0248c18bc10e 06b 0\"},{\"@type\":\"BreadcrumbList\",\"@id\":\"https:\\\/\\\/schoenstatt.com\\\/de\\\/in-mission\\\/kirche\\\/maenner-rosenkranz-mutter-und-koenigin-in-brasilien\\\/#breadcrumb\",\"itemListElement\":[{\"@type\":\"ListItem\",\"position\":1,\"name\":\"Portada\",\"item\":\"https:\\\/\\\/schoenstatt.com\\\/de\\\/home\\\/\"},{\"@type\":\"ListItem\",\"position\":2,\"name\":\"In Mission\",\"item\":\"https:\\\/\\\/schoenstatt.com\\\/de\\\/in-mission\\\/\"},{\"@type\":\"ListItem\",\"position\":3,\"name\":\"Kirche\",\"item\":\"https:\\\/\\\/schoenstatt.com\\\/de\\\/in-mission\\\/kirche\\\/\"},{\"@type\":\"ListItem\",\"position\":4,\"name\":\"M\u00e4nner-Rosenkranz \u201eMutter und K\u00f6nigin\u201c in Brasilien\"}]},{\"@type\":\"WebSite\",\"@id\":\"https:\\\/\\\/schoenstatt.com\\\/de\\\/#website\",\"url\":\"https:\\\/\\\/schoenstatt.com\\\/de\\\/\",\"name\":\"Schoenstatt\",\"description\":\"Apostolic Movement\",\"publisher\":{\"@id\":\"https:\\\/\\\/schoenstatt.com\\\/de\\\/#organization\"},\"potentialAction\":[{\"@type\":\"SearchAction\",\"target\":{\"@type\":\"EntryPoint\",\"urlTemplate\":\"https:\\\/\\\/schoenstatt.com\\\/de\\\/?s={search_term_string}\"},\"query-input\":{\"@type\":\"PropertyValueSpecification\",\"valueRequired\":true,\"valueName\":\"search_term_string\"}}],\"inLanguage\":\"de\"},{\"@type\":\"Organization\",\"@id\":\"https:\\\/\\\/schoenstatt.com\\\/de\\\/#organization\",\"name\":\"Schoenstatt\",\"url\":\"https:\\\/\\\/schoenstatt.com\\\/de\\\/\",\"logo\":{\"@type\":\"ImageObject\",\"inLanguage\":\"de\",\"@id\":\"https:\\\/\\\/schoenstatt.com\\\/de\\\/#\\\/schema\\\/logo\\\/image\\\/\",\"url\":\"https:\\\/\\\/schoenstatt.com\\\/wp-content\\\/uploads\\\/2025\\\/04\\\/logo-schoenstatt-white-696x696-1.png\",\"contentUrl\":\"https:\\\/\\\/schoenstatt.com\\\/wp-content\\\/uploads\\\/2025\\\/04\\\/logo-schoenstatt-white-696x696-1.png\",\"width\":696,\"height\":694,\"caption\":\"Schoenstatt\"},\"image\":{\"@id\":\"https:\\\/\\\/schoenstatt.com\\\/de\\\/#\\\/schema\\\/logo\\\/image\\\/\"}}]}<\/script>\n<!-- \/ Yoast SEO Premium plugin. -->","yoast_head_json":{"title":"M\u00e4nner-Rosenkranz \u201eMutter und K\u00f6nigin\u201c in Brasilien - Schoenstatt","description":"Ein Apostolat, das 1997 in Brasilien begann und jede Woche eine gro\u00dfe Anzahl von M\u00e4nnern zum Rosenkranzgebet zusammenbringt.","robots":{"index":"index","follow":"follow","max-snippet":"max-snippet:-1","max-image-preview":"max-image-preview:large","max-video-preview":"max-video-preview:-1"},"canonical":"https:\/\/schoenstatt.com\/de\/in-mission\/kirche\/maenner-rosenkranz-mutter-und-koenigin-in-brasilien\/","og_locale":"de_DE","og_type":"article","og_title":"M\u00e4nner-Rosenkranz \u201eMutter und K\u00f6nigin\u201c in Brasilien","og_description":"Ein Apostolat, das 1997 in Brasilien begann und jede Woche eine gro\u00dfe Anzahl von M\u00e4nnern zum Rosenkranzgebet zusammenbringt.","og_url":"https:\/\/schoenstatt.com\/de\/in-mission\/kirche\/maenner-rosenkranz-mutter-und-koenigin-in-brasilien\/","og_site_name":"Schoenstatt","article_modified_time":"2025-05-27T02:25:11+00:00","og_image":[{"width":2048,"height":774,"url":"https:\/\/schoenstatt.com\/wp-content\/uploads\/2024\/06\/mens-rosary-terco-dos-homens-rosario-de-hombres-3-1.jpg","type":"image\/jpeg"}],"twitter_card":"summary_large_image","twitter_misc":{"Gesch\u00e4tzte Lesezeit":"2\u00a0Minuten"},"schema":{"@context":"https:\/\/schema.org","@graph":[{"@type":"WebPage","@id":"https:\/\/schoenstatt.com\/de\/in-mission\/kirche\/maenner-rosenkranz-mutter-und-koenigin-in-brasilien\/","url":"https:\/\/schoenstatt.com\/de\/in-mission\/kirche\/maenner-rosenkranz-mutter-und-koenigin-in-brasilien\/","name":"M\u00e4nner-Rosenkranz \u201eMutter und K\u00f6nigin\u201c in Brasilien - Schoenstatt","isPartOf":{"@id":"https:\/\/schoenstatt.com\/de\/#website"},"primaryImageOfPage":{"@id":"https:\/\/schoenstatt.com\/de\/in-mission\/kirche\/maenner-rosenkranz-mutter-und-koenigin-in-brasilien\/#primaryimage"},"image":{"@id":"https:\/\/schoenstatt.com\/de\/in-mission\/kirche\/maenner-rosenkranz-mutter-und-koenigin-in-brasilien\/#primaryimage"},"thumbnailUrl":"https:\/\/schoenstatt.com\/wp-content\/uploads\/2024\/06\/mens-rosary-terco-dos-homens-rosario-de-hombres-3-1.jpg","datePublished":"2024-06-26T23:30:16+00:00","dateModified":"2025-05-27T02:25:11+00:00","description":"Ein Apostolat, das 1997 in Brasilien begann und jede Woche eine gro\u00dfe Anzahl von M\u00e4nnern zum Rosenkranzgebet zusammenbringt.","breadcrumb":{"@id":"https:\/\/schoenstatt.com\/de\/in-mission\/kirche\/maenner-rosenkranz-mutter-und-koenigin-in-brasilien\/#breadcrumb"},"inLanguage":"de","potentialAction":[{"@type":"ReadAction","target":["https:\/\/schoenstatt.com\/de\/in-mission\/kirche\/maenner-rosenkranz-mutter-und-koenigin-in-brasilien\/"]}]},{"@type":"ImageObject","inLanguage":"de","@id":"https:\/\/schoenstatt.com\/de\/in-mission\/kirche\/maenner-rosenkranz-mutter-und-koenigin-in-brasilien\/#primaryimage","url":"https:\/\/schoenstatt.com\/wp-content\/uploads\/2024\/06\/mens-rosary-terco-dos-homens-rosario-de-hombres-3-1.jpg","contentUrl":"https:\/\/schoenstatt.com\/wp-content\/uploads\/2024\/06\/mens-rosary-terco-dos-homens-rosario-de-hombres-3-1.jpg","width":2048,"height":774,"caption":"AC Bscale(2.0) Dscale(2.0) enhenced_level(-6) isOutdoor(0) result(0) FM0 FC100110011:zzzzzz012 82 00 0 05f02fe45031e1040 92410a21a 14 0256105242 0 0 0 0 0 0 0 0242c181c164 06b 0231c17fc186 06b 0220c17dc171 0 c 020fc17cc146 06e 01fec17bc12c 06b 01edc170c11a 06b 01dcc150c0f0 06b 01edc130c0cc 06b 01fec15cc0e1 06b 020fc178c0f4 06b 0230c182c101 06b 0236c17bc105 06b 023cc17dc10a 06b 0242c180c113 06b 0248c184c115 06b 024ec18ac115 06b 0248c18ac113 06b 0248c18bc10e 06b 0"},{"@type":"BreadcrumbList","@id":"https:\/\/schoenstatt.com\/de\/in-mission\/kirche\/maenner-rosenkranz-mutter-und-koenigin-in-brasilien\/#breadcrumb","itemListElement":[{"@type":"ListItem","position":1,"name":"Portada","item":"https:\/\/schoenstatt.com\/de\/home\/"},{"@type":"ListItem","position":2,"name":"In Mission","item":"https:\/\/schoenstatt.com\/de\/in-mission\/"},{"@type":"ListItem","position":3,"name":"Kirche","item":"https:\/\/schoenstatt.com\/de\/in-mission\/kirche\/"},{"@type":"ListItem","position":4,"name":"M\u00e4nner-Rosenkranz \u201eMutter und K\u00f6nigin\u201c in Brasilien"}]},{"@type":"WebSite","@id":"https:\/\/schoenstatt.com\/de\/#website","url":"https:\/\/schoenstatt.com\/de\/","name":"Schoenstatt","description":"Apostolic Movement","publisher":{"@id":"https:\/\/schoenstatt.com\/de\/#organization"},"potentialAction":[{"@type":"SearchAction","target":{"@type":"EntryPoint","urlTemplate":"https:\/\/schoenstatt.com\/de\/?s={search_term_string}"},"query-input":{"@type":"PropertyValueSpecification","valueRequired":true,"valueName":"search_term_string"}}],"inLanguage":"de"},{"@type":"Organization","@id":"https:\/\/schoenstatt.com\/de\/#organization","name":"Schoenstatt","url":"https:\/\/schoenstatt.com\/de\/","logo":{"@type":"ImageObject","inLanguage":"de","@id":"https:\/\/schoenstatt.com\/de\/#\/schema\/logo\/image\/","url":"https:\/\/schoenstatt.com\/wp-content\/uploads\/2025\/04\/logo-schoenstatt-white-696x696-1.png","contentUrl":"https:\/\/schoenstatt.com\/wp-content\/uploads\/2025\/04\/logo-schoenstatt-white-696x696-1.png","width":696,"height":694,"caption":"Schoenstatt"},"image":{"@id":"https:\/\/schoenstatt.com\/de\/#\/schema\/logo\/image\/"}}]}},"_links":{"self":[{"href":"https:\/\/schoenstatt.com\/de\/wp-json\/wp\/v2\/pages\/43677","targetHints":{"allow":["GET"]}}],"collection":[{"href":"https:\/\/schoenstatt.com\/de\/wp-json\/wp\/v2\/pages"}],"about":[{"href":"https:\/\/schoenstatt.com\/de\/wp-json\/wp\/v2\/types\/page"}],"author":[{"embeddable":true,"href":"https:\/\/schoenstatt.com\/de\/wp-json\/wp\/v2\/users\/3"}],"replies":[{"embeddable":true,"href":"https:\/\/schoenstatt.com\/de\/wp-json\/wp\/v2\/comments?post=43677"}],"version-history":[{"count":3,"href":"https:\/\/schoenstatt.com\/de\/wp-json\/wp\/v2\/pages\/43677\/revisions"}],"predecessor-version":[{"id":58150,"href":"https:\/\/schoenstatt.com\/de\/wp-json\/wp\/v2\/pages\/43677\/revisions\/58150"}],"up":[{"embeddable":true,"href":"https:\/\/schoenstatt.com\/de\/wp-json\/wp\/v2\/pages\/39698"}],"wp:featuredmedia":[{"embeddable":true,"href":"https:\/\/schoenstatt.com\/de\/wp-json\/wp\/v2\/media\/39146"}],"wp:attachment":[{"href":"https:\/\/schoenstatt.com\/de\/wp-json\/wp\/v2\/media?parent=43677"}],"curies":[{"name":"wp","href":"https:\/\/api.w.org\/{rel}","templated":true}]}}